{"id":15451,"date":"2026-03-12T10:29:56","date_gmt":"2026-03-12T10:29:56","guid":{"rendered":"https:\/\/www.hotelpromenadeabruzzo.it\/?page_id=15451"},"modified":"2026-03-12T10:29:57","modified_gmt":"2026-03-12T10:29:57","slug":"animation","status":"publish","type":"page","link":"https:\/\/www.hotelpromenadeabruzzo.it\/fr\/animation\/","title":{"rendered":"Animation"},"content":{"rendered":"<div class=\"wpb-content-wrapper\"><p>[vc_row full_width=&#8221;stretch_row&#8221; content_placement=&#8221;middle&#8221; css=&#8221;.vc_custom_1744619940506{margin-bottom: 30px !important;background-color: #E6E6E6 !important;}&#8221;][vc_column width=&#8221;1\/2&#8243; el_class=&#8221;milenia-color&#8211;black&#8221;]<!--================ Section Heading ================-->\n<script>\n    (function($){\n        'use strict';\n\n        if(!$) return;\n\n        $(function(){\n            if(window.appear) {\n                appear({\n                    elements: function(){\n                        return document.querySelectorAll('#vc-milenia-section-heading-6f936f612a25795d1b265a15ec9f724c-1777709810761314361');\n                    },\n                    appear: function(element) {\n                        var $el = $(element);\n                        $el.addClass('milenia-visible').addClass($el.data('animation'));\n                    },\n                    reappear: false,\n                    bounds: -200\n                });\n            }\n        });\n    })(window.jQuery);\n<\/script>\n<div id=\"vc-milenia-section-heading-6f936f612a25795d1b265a15ec9f724c-1777709810761314361\" class=\"milenia-section-heading text-left vc_custom_1770966902346 milenia-visible\" data-animation=\"none\">\n    \n    <h2 class=\"milenia-section-title milenia-font--first-accented\" style=\"font-size: 50px;line-height: 43px;text-transform: none;font-style: normal;font-weight: 400;\">Divertissement non-stop \u00e0 l&#039;H\u00f4tel Promenade<\/h2>\n\n    \n<\/div>\n<!--================ End of Section Heading ================-->\n[vc_custom_heading text=&#8221;ACTIVIT\u00c9S ET SOURIRES, DANS UNE ATMOSPH\u00c8RE UNIQUE DE D\u00c9TENTE ET DE PLAISIR!&#8221; font_container=&#8221;tag:div|font_size:18px|text_align:left|color:%2333879F|line_height:30px&#8221; google_fonts=&#8221;font_family:Open%20Sans%3A300%2C300italic%2Cregular%2Citalic%2C600%2C600italic%2C700%2C700italic%2C800%2C800italic|font_style:700%20bold%20regular%3A700%3Anormal&#8221; css=&#8221;.vc_custom_1770966915873{margin-bottom: 20px !important;}&#8221;][vc_column_text css=&#8221;&#8221;]\u00c0 l\u2019<strong>H\u00f4tel Promenade<\/strong>, le divertissement est au c\u0153ur de vos vacances ! Chaque jour, notre \u00e9quipe dynamique d\u2019animateurs est pr\u00eate \u00e0 vous faire vivre des moments uniques, aussi bien \u00e0 l\u2019h\u00f4tel qu\u2019\u00e0 la plage. Avec leur sourire toujours pr\u00e9sent et une \u00e9nergie contagieuse, ils accompagneront petits et grands dans un tourbillon d\u2019\u00e9motions et de rires.<\/p>\n<p>Les activit\u00e9s ont \u00e9t\u00e9 pens\u00e9es pour satisfaire toutes vos envies : des s\u00e9ances r\u00e9ussies de <strong>soft gym<\/strong> et d\u2019<strong>aqua gym<\/strong>, aux animations du <strong>mini-club<\/strong> qui feront le bonheur des plus petits. Et pour les adultes ? <strong>Tournois sportifs<\/strong>, <strong>jeux ap\u00e9ritif<\/strong>, <strong>moments latinos<\/strong> pour se d\u00e9cha\u00eener sur la piste de danse, et la <strong>baby dance<\/strong> pour faire danser m\u00eame les plus jeunes !<\/p>\n<p>Chaque jour est une opportunit\u00e9 de vivre une nouvelle aventure, de cr\u00e9er des souvenirs inoubliables et, surtout, de <strong>s\u2019amuser ensemble<\/strong>.[\/vc_column_text][\/vc_column][vc_column width=&#8221;1\/2&#8243;][vc_single_image image=&#8221;14402&#8243; img_size=&#8221;900X1200&#8243; css=&#8221;&#8221;][\/vc_column][\/vc_row][vc_row css=&#8221;.vc_custom_1742470212259{padding-top: 0px !important;padding-bottom: 30px !important;}&#8221;][vc_column][vc_empty_space height=&#8221;70px&#8221;]<!--================ Section Heading ================-->\n<script>\n    (function($){\n        'use strict';\n\n        if(!$) return;\n\n        $(function(){\n            if(window.appear) {\n                appear({\n                    elements: function(){\n                        return document.querySelectorAll('#vc-milenia-section-heading-561baae2b5d93145411956d7fac4f1f2-17777098101985131848');\n                    },\n                    appear: function(element) {\n                        var $el = $(element);\n                        $el.addClass('milenia-visible').addClass($el.data('animation'));\n                    },\n                    reappear: false,\n                    bounds: -200\n                });\n            }\n        });\n    })(window.jQuery);\n<\/script>\n<div id=\"vc-milenia-section-heading-561baae2b5d93145411956d7fac4f1f2-17777098101985131848\" class=\"milenia-section-heading text-center vc_custom_1770966977162 milenia-visible\" data-animation=\"none\">\n    \n    <h2 class=\"milenia-section-title milenia-font--first-accented\" style=\"font-size: 50px;line-height: 43px;text-transform: none;font-style: normal;font-weight: 400;\">\u00c0 ne pas manquer<\/h2>\n\n    \n<\/div>\n<!--================ End of Section Heading ================-->\n[vc_empty_space height=&#8221;20px&#8221;]<!--================ Info Boxes ================-->\n<script>\n    (function($){\n        'use strict';\n\n        if(!$) return;\n\n        $(function(){\n            var $container = $('#vc-milenia-info-boxes-c674b3979cccf5ec094d8c8ee50777b2-1777709810116981226'),\n                $dynamicBgElements,\n                $carousels;\n\n            if(!$container.length) return;\n\n            if(window.appear) {\n                appear({\n                    elements: function(){\n                        return document.querySelectorAll('#vc-milenia-info-boxes-c674b3979cccf5ec094d8c8ee50777b2-1777709810116981226');\n                    },\n                    appear: function(element) {\n                        var $el = $(element);\n                        $el.addClass('milenia-visible').addClass($el.data('animation'));\n                    },\n                    reappear: false,\n                    bounds: -200\n                });\n            }\n\n            if(window.Milenia && window.Milenia.LinkUnderliner) {\n                window.Milenia.LinkUnderliner.init($container.find('a'));\n            }\n\n            if(window.Milenia && window.Milenia.helpers &&  window.Milenia.helpers.dynamicBgImage) {\n                $dynamicBgElements = $container.find('[data-bg-image-src]');\n                if($dynamicBgElements.length) window.Milenia.helpers.dynamicBgImage($dynamicBgElements);\n            }\n\n            if($.fn.owlCarousel) {\n                $carousels = $container.find('.milenia-simple-slideshow--shortcode');\n\n                if($carousels.length) {\n                    if(window.Milenia && window.Milenia.helpers && window.Milenia.helpers.owlSettings) {\n\n                        $carousels.jQueryImagesLoaded().then(function(){\n                                $carousels.each(function(i,e) {\n                                    $(e).owlCarousel(window.Milenia.helpers.owlSettings({\n                                        margin: 1,\n                                        loop: true,\n                                        autoplay: $(e).hasClass('milenia-simple-slideshow--autoplay')\n                                    }));\n                                });\n                        });\n\n                    }\n                    else {\n                        $carousels.owlCarousel({\n                            items: 1\n                        });\n                    }\n                }\n            }\n        });\n    })(window.jQuery);\n<\/script>\n\n<div id=\"vc-milenia-info-boxes-c674b3979cccf5ec094d8c8ee50777b2-1777709810116981226\" class=\"milenia-entities milenia-entities--style-2 milenia-entities--unreverse  milenia-entities--title-reduced milenia-visible\" data-animation=\"none\">\n    <div class=\"milenia-grid milenia-grid--cols-3 milenia-grid--gutters\">\n        <!--================ Info Boxes Item ================-->\n<div class=\"milenia-grid-item\">\n    <article class=\"milenia-entity milenia-entity--scheme-primary\">\n        <div data-bg-image-src=\"https:\/\/www.hotelpromenadeabruzzo.it\/wp-content\/uploads\/2018\/10\/baby-dance.png\" style=\"background-image: url(https:\/\/www.hotelpromenadeabruzzo.it\/wp-content\/uploads\/2018\/10\/baby-dance.png)\" class=\"milenia-entity-media\"><\/div>\n\n\n        <div class=\"milenia-entity-content milenia-aligner\">\n            <div class=\"milenia-aligner-outer\">\n                <div class=\"milenia-aligner-inner\">\n                    <header class=\"milenia-entity-header\">\n                        \n                        <h2 class=\"milenia-entity-title\">Baby Dance <\/h2>\n\n                    <\/header>\n                    <div class=\"milenia-entity-body\"><p>Envie de danser ? Au Promenade, il y a la Baby Dance ! \u00c0 l'H\u00f4tel Promenade de Montesilvano, le divertissement est roi, surtout pour les petits ! Chaque soir, notre fantastique \u00e9quipe d'animation attend tous les enfants pour la Baby Dance, un moment sp\u00e9cial qui leur est d\u00e9di\u00e9, entre musique, danses de groupe et enthousiasme.<\/p>\n<\/div>\n\n                    \n                <\/div>\n            <\/div>\n        <\/div>\n    <\/article>\n<\/div>\n<!--================ End of Info Boxes Item ================-->\n\r\n<!--================ Info Boxes Item ================-->\n<div class=\"milenia-grid-item\">\n    <article class=\"milenia-entity milenia-entity--scheme-primary\">\n        <div data-bg-image-src=\"https:\/\/www.hotelpromenadeabruzzo.it\/wp-content\/uploads\/2018\/10\/aquagym.png\" style=\"background-image: url(https:\/\/www.hotelpromenadeabruzzo.it\/wp-content\/uploads\/2018\/10\/aquagym.png)\" class=\"milenia-entity-media\"><\/div>\n\n\n        <div class=\"milenia-entity-content milenia-aligner\">\n            <div class=\"milenia-aligner-outer\">\n                <div class=\"milenia-aligner-inner\">\n                    <header class=\"milenia-entity-header\">\n                        \n                        <h2 class=\"milenia-entity-title\">Aquagym <\/h2>\n\n                    <\/header>\n                    <div class=\"milenia-entity-body\"><p>Chaque jour, notre \u00e9quipe d'animation vous attend dans la piscine pour des cours d'aquagym, l'activit\u00e9 id\u00e9ale pour rester en forme, s'amuser et \u00e9vacuer le stress... le tout au rythme de la musique !<\/p>\n<\/div>\n\n                    \n                <\/div>\n            <\/div>\n        <\/div>\n    <\/article>\n<\/div>\n<!--================ End of Info Boxes Item ================-->\n\r\n<!--================ Info Boxes Item ================-->\n<div class=\"milenia-grid-item\">\n    <article class=\"milenia-entity milenia-entity--scheme-primary\">\n        <div data-bg-image-src=\"https:\/\/www.hotelpromenadeabruzzo.it\/wp-content\/uploads\/2018\/10\/gioco-aperitivo.png\" style=\"background-image: url(https:\/\/www.hotelpromenadeabruzzo.it\/wp-content\/uploads\/2018\/10\/gioco-aperitivo.png)\" class=\"milenia-entity-media\"><\/div>\n\n\n        <div class=\"milenia-entity-content milenia-aligner\">\n            <div class=\"milenia-aligner-outer\">\n                <div class=\"milenia-aligner-inner\">\n                    <header class=\"milenia-entity-header\">\n                        \n                        <h2 class=\"milenia-entity-title\">Jeu Ap\u00e9ritif <\/h2>\n\n                    <\/header>\n                    <div class=\"milenia-entity-body\"><p>Divertissement garanti au Promenade ! Chaque jour, nos animateurs vous attendent pour le \"Jeu Ap\u00e9ritif\", un moment l\u00e9ger et convivial \u00e0 partager tous ensemble.<\/p>\n<\/div>\n\n                    \n                <\/div>\n            <\/div>\n        <\/div>\n    <\/article>\n<\/div>\n<!--================ End of Info Boxes Item ================-->\n\n    <\/div>\n<\/div>\n<!--================ End of Info Boxes ================-->\n[vc_empty_space height=&#8221;20px&#8221;][\/vc_column][\/vc_row]<\/p>\n<\/div>","protected":false},"excerpt":{"rendered":"<p>[vc_row full_width=&#8221;stretch_row&#8221; content_placement=&#8221;middle&#8221; css=&#8221;.vc_custom_1744619940506{margin-bottom: 30px !important;background-color: #E6E6E6 !important;}&#8221;][vc_column width=&#8221;1\/2&#8243; el_class=&#8221;milenia-color&#8211;black&#8221;][vc_custom_heading text=&#8221;ACTIVIT\u00c9S ET SOURIRES, DANS UNE ATMOSPH\u00c8RE UNIQUE DE&#8230;<\/p>\n","protected":false},"author":2,"featured_media":0,"parent":0,"menu_order":0,"comment_status":"closed","ping_status":"closed","template":"","meta":{"footnotes":""},"class_list":["post-15451","page","type-page","status-publish","hentry"],"yoast_head":"<!-- This site is optimized with the Yoast SEO plugin v27.5 - https:\/\/yoast.com\/product\/yoast-seo-wordpress\/ -->\n<title>animation 4 etoiles hotel divertissement montesilvano<\/title>\n<meta name=\"description\" content=\"Animation 4 Etoiles Hotel Divertissement Montesilvano: \u00e0 l&#039;H\u00f4tel Promenade le plaisir est \u00e0 la maison!animation fantastique \u00e0 l&#039;h\u00f4tel et \u00e0 la plage\" \/>\n<meta name=\"robots\" content=\"index, follow, max-snippet:-1, max-image-preview:large, max-video-preview:-1\" \/>\n<link rel=\"canonical\" href=\"https:\/\/www.hotelpromenadeabruzzo.it\/fr\/animation\/\" \/>\n<meta property=\"og:locale\" content=\"fr_FR\" \/>\n<meta property=\"og:type\" content=\"article\" \/>\n<meta property=\"og:title\" content=\"animation 4 etoiles hotel divertissement montesilvano\" \/>\n<meta property=\"og:description\" content=\"Animation 4 Etoiles Hotel Divertissement Montesilvano: \u00e0 l&#039;H\u00f4tel Promenade le plaisir est \u00e0 la maison!animation fantastique \u00e0 l&#039;h\u00f4tel et \u00e0 la plage\" \/>\n<meta property=\"og:url\" content=\"https:\/\/www.hotelpromenadeabruzzo.it\/fr\/animation\/\" \/>\n<meta property=\"og:site_name\" content=\"Hotel Promenade\" \/>\n<meta property=\"article:publisher\" content=\"https:\/\/www.facebook.com\/HotelPromenadeAbruzzo\" \/>\n<meta property=\"article:modified_time\" content=\"2026-03-12T10:29:57+00:00\" \/>\n<meta name=\"twitter:card\" content=\"summary_large_image\" \/>\n<meta name=\"twitter:label1\" content=\"Dur\u00e9e de lecture estim\u00e9e\" \/>\n\t<meta name=\"twitter:data1\" content=\"2 minutes\" \/>\n<script type=\"application\/ld+json\" class=\"yoast-schema-graph\">{\"@context\":\"https:\\\/\\\/schema.org\",\"@graph\":[{\"@type\":\"WebPage\",\"@id\":\"https:\\\/\\\/www.hotelpromenadeabruzzo.it\\\/fr\\\/animation\\\/\",\"url\":\"https:\\\/\\\/www.hotelpromenadeabruzzo.it\\\/fr\\\/animation\\\/\",\"name\":\"animation 4 etoiles hotel divertissement montesilvano\",\"isPartOf\":{\"@id\":\"https:\\\/\\\/www.hotelpromenadeabruzzo.it\\\/fr\\\/#website\"},\"datePublished\":\"2026-03-12T10:29:56+00:00\",\"dateModified\":\"2026-03-12T10:29:57+00:00\",\"description\":\"Animation 4 Etoiles Hotel Divertissement Montesilvano: \u00e0 l'H\u00f4tel Promenade le plaisir est \u00e0 la maison!animation fantastique \u00e0 l'h\u00f4tel et \u00e0 la plage\",\"breadcrumb\":{\"@id\":\"https:\\\/\\\/www.hotelpromenadeabruzzo.it\\\/fr\\\/animation\\\/#breadcrumb\"},\"inLanguage\":\"fr-FR\",\"potentialAction\":[{\"@type\":\"ReadAction\",\"target\":[\"https:\\\/\\\/www.hotelpromenadeabruzzo.it\\\/fr\\\/animation\\\/\"]}]},{\"@type\":\"BreadcrumbList\",\"@id\":\"https:\\\/\\\/www.hotelpromenadeabruzzo.it\\\/fr\\\/animation\\\/#breadcrumb\",\"itemListElement\":[{\"@type\":\"ListItem\",\"position\":1,\"name\":\"Home\",\"item\":\"https:\\\/\\\/www.hotelpromenadeabruzzo.it\\\/fr\\\/\"},{\"@type\":\"ListItem\",\"position\":2,\"name\":\"Animation\"}]},{\"@type\":\"WebSite\",\"@id\":\"https:\\\/\\\/www.hotelpromenadeabruzzo.it\\\/fr\\\/#website\",\"url\":\"https:\\\/\\\/www.hotelpromenadeabruzzo.it\\\/fr\\\/\",\"name\":\"Hotel Promenade\",\"description\":\"La Tua Vacanza in Abruzzo\",\"publisher\":{\"@id\":\"https:\\\/\\\/www.hotelpromenadeabruzzo.it\\\/fr\\\/#organization\"},\"potentialAction\":[{\"@type\":\"SearchAction\",\"target\":{\"@type\":\"EntryPoint\",\"urlTemplate\":\"https:\\\/\\\/www.hotelpromenadeabruzzo.it\\\/fr\\\/?s={search_term_string}\"},\"query-input\":{\"@type\":\"PropertyValueSpecification\",\"valueRequired\":true,\"valueName\":\"search_term_string\"}}],\"inLanguage\":\"fr-FR\"},{\"@type\":\"Organization\",\"@id\":\"https:\\\/\\\/www.hotelpromenadeabruzzo.it\\\/fr\\\/#organization\",\"name\":\"Hotel Promenade\",\"url\":\"https:\\\/\\\/www.hotelpromenadeabruzzo.it\\\/fr\\\/\",\"logo\":{\"@type\":\"ImageObject\",\"inLanguage\":\"fr-FR\",\"@id\":\"https:\\\/\\\/www.hotelpromenadeabruzzo.it\\\/fr\\\/#\\\/schema\\\/logo\\\/image\\\/\",\"url\":\"https:\\\/\\\/www.hotelpromenadeabruzzo.it\\\/wp-content\\\/uploads\\\/2018\\\/10\\\/hotelpromenade-logo-4.png\",\"contentUrl\":\"https:\\\/\\\/www.hotelpromenadeabruzzo.it\\\/wp-content\\\/uploads\\\/2018\\\/10\\\/hotelpromenade-logo-4.png\",\"width\":700,\"height\":664,\"caption\":\"Hotel Promenade\"},\"image\":{\"@id\":\"https:\\\/\\\/www.hotelpromenadeabruzzo.it\\\/fr\\\/#\\\/schema\\\/logo\\\/image\\\/\"},\"sameAs\":[\"https:\\\/\\\/www.facebook.com\\\/HotelPromenadeAbruzzo\",\"https:\\\/\\\/www.instagram.com\\\/hotelpromenademontesilvano\\\/\"]}]}<\/script>\n<!-- \/ Yoast SEO plugin. -->","yoast_head_json":{"title":"animation 4 etoiles hotel divertissement montesilvano","description":"Animation 4 Etoiles Hotel Divertissement Montesilvano: \u00e0 l'H\u00f4tel Promenade le plaisir est \u00e0 la maison!animation fantastique \u00e0 l'h\u00f4tel et \u00e0 la plage","robots":{"index":"index","follow":"follow","max-snippet":"max-snippet:-1","max-image-preview":"max-image-preview:large","max-video-preview":"max-video-preview:-1"},"canonical":"https:\/\/www.hotelpromenadeabruzzo.it\/fr\/animation\/","og_locale":"fr_FR","og_type":"article","og_title":"animation 4 etoiles hotel divertissement montesilvano","og_description":"Animation 4 Etoiles Hotel Divertissement Montesilvano: \u00e0 l'H\u00f4tel Promenade le plaisir est \u00e0 la maison!animation fantastique \u00e0 l'h\u00f4tel et \u00e0 la plage","og_url":"https:\/\/www.hotelpromenadeabruzzo.it\/fr\/animation\/","og_site_name":"Hotel Promenade","article_publisher":"https:\/\/www.facebook.com\/HotelPromenadeAbruzzo","article_modified_time":"2026-03-12T10:29:57+00:00","twitter_card":"summary_large_image","twitter_misc":{"Dur\u00e9e de lecture estim\u00e9e":"2 minutes"},"schema":{"@context":"https:\/\/schema.org","@graph":[{"@type":"WebPage","@id":"https:\/\/www.hotelpromenadeabruzzo.it\/fr\/animation\/","url":"https:\/\/www.hotelpromenadeabruzzo.it\/fr\/animation\/","name":"animation 4 etoiles hotel divertissement montesilvano","isPartOf":{"@id":"https:\/\/www.hotelpromenadeabruzzo.it\/fr\/#website"},"datePublished":"2026-03-12T10:29:56+00:00","dateModified":"2026-03-12T10:29:57+00:00","description":"Animation 4 Etoiles Hotel Divertissement Montesilvano: \u00e0 l'H\u00f4tel Promenade le plaisir est \u00e0 la maison!animation fantastique \u00e0 l'h\u00f4tel et \u00e0 la plage","breadcrumb":{"@id":"https:\/\/www.hotelpromenadeabruzzo.it\/fr\/animation\/#breadcrumb"},"inLanguage":"fr-FR","potentialAction":[{"@type":"ReadAction","target":["https:\/\/www.hotelpromenadeabruzzo.it\/fr\/animation\/"]}]},{"@type":"BreadcrumbList","@id":"https:\/\/www.hotelpromenadeabruzzo.it\/fr\/animation\/#breadcrumb","itemListElement":[{"@type":"ListItem","position":1,"name":"Home","item":"https:\/\/www.hotelpromenadeabruzzo.it\/fr\/"},{"@type":"ListItem","position":2,"name":"Animation"}]},{"@type":"WebSite","@id":"https:\/\/www.hotelpromenadeabruzzo.it\/fr\/#website","url":"https:\/\/www.hotelpromenadeabruzzo.it\/fr\/","name":"Hotel Promenade","description":"La Tua Vacanza in Abruzzo","publisher":{"@id":"https:\/\/www.hotelpromenadeabruzzo.it\/fr\/#organization"},"potentialAction":[{"@type":"SearchAction","target":{"@type":"EntryPoint","urlTemplate":"https:\/\/www.hotelpromenadeabruzzo.it\/fr\/?s={search_term_string}"},"query-input":{"@type":"PropertyValueSpecification","valueRequired":true,"valueName":"search_term_string"}}],"inLanguage":"fr-FR"},{"@type":"Organization","@id":"https:\/\/www.hotelpromenadeabruzzo.it\/fr\/#organization","name":"Hotel Promenade","url":"https:\/\/www.hotelpromenadeabruzzo.it\/fr\/","logo":{"@type":"ImageObject","inLanguage":"fr-FR","@id":"https:\/\/www.hotelpromenadeabruzzo.it\/fr\/#\/schema\/logo\/image\/","url":"https:\/\/www.hotelpromenadeabruzzo.it\/wp-content\/uploads\/2018\/10\/hotelpromenade-logo-4.png","contentUrl":"https:\/\/www.hotelpromenadeabruzzo.it\/wp-content\/uploads\/2018\/10\/hotelpromenade-logo-4.png","width":700,"height":664,"caption":"Hotel Promenade"},"image":{"@id":"https:\/\/www.hotelpromenadeabruzzo.it\/fr\/#\/schema\/logo\/image\/"},"sameAs":["https:\/\/www.facebook.com\/HotelPromenadeAbruzzo","https:\/\/www.instagram.com\/hotelpromenademontesilvano\/"]}]}},"_links":{"self":[{"href":"https:\/\/www.hotelpromenadeabruzzo.it\/fr\/wp-json\/wp\/v2\/pages\/15451","targetHints":{"allow":["GET"]}}],"collection":[{"href":"https:\/\/www.hotelpromenadeabruzzo.it\/fr\/wp-json\/wp\/v2\/pages"}],"about":[{"href":"https:\/\/www.hotelpromenadeabruzzo.it\/fr\/wp-json\/wp\/v2\/types\/page"}],"author":[{"embeddable":true,"href":"https:\/\/www.hotelpromenadeabruzzo.it\/fr\/wp-json\/wp\/v2\/users\/2"}],"replies":[{"embeddable":true,"href":"https:\/\/www.hotelpromenadeabruzzo.it\/fr\/wp-json\/wp\/v2\/comments?post=15451"}],"version-history":[{"count":1,"href":"https:\/\/www.hotelpromenadeabruzzo.it\/fr\/wp-json\/wp\/v2\/pages\/15451\/revisions"}],"predecessor-version":[{"id":15454,"href":"https:\/\/www.hotelpromenadeabruzzo.it\/fr\/wp-json\/wp\/v2\/pages\/15451\/revisions\/15454"}],"wp:attachment":[{"href":"https:\/\/www.hotelpromenadeabruzzo.it\/fr\/wp-json\/wp\/v2\/media?parent=15451"}],"curies":[{"name":"wp","href":"https:\/\/api.w.org\/{rel}","templated":true}]}}