{"id":14654,"date":"2025-04-07T11:52:29","date_gmt":"2025-04-07T11:52:29","guid":{"rendered":"https:\/\/www.hotelpromenadeabruzzo.it\/hotel-sul-mare-4-stelle-superiore-per-matrimoni\/"},"modified":"2026-02-16T16:23:34","modified_gmt":"2026-02-16T16:23:34","slug":"hotel-4-etoiles-superieur-sur-la-mer-pour-les-mariages","status":"publish","type":"page","link":"https:\/\/www.hotelpromenadeabruzzo.it\/fr\/hotel-4-etoiles-superieur-sur-la-mer-pour-les-mariages\/","title":{"rendered":"Wedding ed Eventi"},"content":{"rendered":"<div class=\"wpb-content-wrapper\"><p>[vc_row full_width=&#8221;stretch_row&#8221; content_placement=&#8221;middle&#8221; css=&#8221;.vc_custom_1744621327323{margin-bottom: 30px !important;background-color: #E6E6E6 !important;}&#8221;][vc_column width=&#8221;1\/2&#8243; el_class=&#8221;milenia-color&#8211;black&#8221;]<!--================ Section Heading ================-->\n<script>\n    (function($){\n        'use strict';\n\n        if(!$) return;\n\n        $(function(){\n            if(window.appear) {\n                appear({\n                    elements: function(){\n                        return document.querySelectorAll('#vc-milenia-section-heading-9cc46068c51f35859127ac2a663d51c0-1775557497677172144');\n                    },\n                    appear: function(element) {\n                        var $el = $(element);\n                        $el.addClass('milenia-visible').addClass($el.data('animation'));\n                    },\n                    reappear: false,\n                    bounds: -200\n                });\n            }\n        });\n    })(window.jQuery);\n<\/script>\n<div id=\"vc-milenia-section-heading-9cc46068c51f35859127ac2a663d51c0-1775557497677172144\" class=\"milenia-section-heading text-left vc_custom_1770911681381 milenia-visible\" data-animation=\"none\">\n    \n    <h2 class=\"milenia-section-title milenia-font--first-accented\" style=\"font-size: 50px;line-height: 43px;text-transform: none;font-style: normal;font-weight: 400;\">Lieu suggestif en bord de mer<\/h2>\n\n    \n<\/div>\n<!--================ End of Section Heading ================-->\n[vc_custom_heading text=&#8221;LES MARIAGES SONT NOTRE PASSION&#8221; font_container=&#8221;tag:div|font_size:18px|text_align:left|color:%2333879F|line_height:30px&#8221; google_fonts=&#8221;font_family:Open%20Sans%3A300%2C300italic%2Cregular%2Citalic%2C600%2C600italic%2C700%2C700italic%2C800%2C800italic|font_style:700%20bold%20regular%3A700%3Anormal&#8221; css=&#8221;.vc_custom_1770911690005{margin-bottom: 20px !important;}&#8221;][vc_column_text css=&#8221;&#8221;]Nous nous occupons de <strong>chaque d\u00e9tail<\/strong>, vous lib\u00e9rant de toute pr\u00e9occupation et nous engageant \u00e0 faire en sorte que tout soit <strong>parfait<\/strong>.<br \/>\nL\u2019\u00e9motion se prolonge avec un <strong>banquet d\u2019une exquise \u00e9l\u00e9gance<\/strong> et aux <strong>saveurs raffin\u00e9es<\/strong>, une <strong>excellence dans les am\u00e9nagements<\/strong> et un <strong>service orchestr\u00e9 par une \u00e9quipe de professionnels<\/strong>, qui peut, sur demande, inclure un <strong>wedding planner<\/strong>.<\/p>\n<p>Enfin, pour une <strong>nuit de noces inoubliable<\/strong>, l\u2019H\u00f4tel propose ses <strong>Suites<\/strong>, de v\u00e9ritables <strong>espaces de r\u00eave<\/strong>, pouvant \u00e9galement servir de <strong>loges fonctionnelles<\/strong> pour l\u2019\u00e9v\u00e9nement.[\/vc_column_text][\/vc_column][vc_column width=&#8221;1\/2&#8243;][vc_single_image image=&#8221;14428&#8243; img_size=&#8221;900X1200&#8243; css=&#8221;&#8221;][\/vc_column][\/vc_row][vc_row css=&#8221;.vc_custom_1742470212259{padding-top: 0px !important;padding-bottom: 30px !important;}&#8221;][vc_column][vc_empty_space height=&#8221;70px&#8221;]<!--================ Section Heading ================-->\n<script>\n    (function($){\n        'use strict';\n\n        if(!$) return;\n\n        $(function(){\n            if(window.appear) {\n                appear({\n                    elements: function(){\n                        return document.querySelectorAll('#vc-milenia-section-heading-323f7fe6c35f4c635e6210cdceed9c17-1775557497636756205');\n                    },\n                    appear: function(element) {\n                        var $el = $(element);\n                        $el.addClass('milenia-visible').addClass($el.data('animation'));\n                    },\n                    reappear: false,\n                    bounds: -200\n                });\n            }\n        });\n    })(window.jQuery);\n<\/script>\n<div id=\"vc-milenia-section-heading-323f7fe6c35f4c635e6210cdceed9c17-1775557497636756205\" class=\"milenia-section-heading text-center vc_custom_1770911703805 milenia-visible\" data-animation=\"none\">\n    \n    <h2 class=\"milenia-section-title milenia-font--first-accented\" style=\"font-size: 50px;line-height: 43px;text-transform: none;font-style: normal;font-weight: 400;\">Avantages Uniques<\/h2>\n\n    \n<\/div>\n<!--================ End of Section Heading ================-->\n[vc_empty_space height=&#8221;20px&#8221;]<!--================ Info Boxes ================-->\n<script>\n    (function($){\n        'use strict';\n\n        if(!$) return;\n\n        $(function(){\n            var $container = $('#vc-milenia-info-boxes-2a05b0f398f472b314359952f3ff3504-17755574972115510528'),\n                $dynamicBgElements,\n                $carousels;\n\n            if(!$container.length) return;\n\n            if(window.appear) {\n                appear({\n                    elements: function(){\n                        return document.querySelectorAll('#vc-milenia-info-boxes-2a05b0f398f472b314359952f3ff3504-17755574972115510528');\n                    },\n                    appear: function(element) {\n                        var $el = $(element);\n                        $el.addClass('milenia-visible').addClass($el.data('animation'));\n                    },\n                    reappear: false,\n                    bounds: -200\n                });\n            }\n\n            if(window.Milenia && window.Milenia.LinkUnderliner) {\n                window.Milenia.LinkUnderliner.init($container.find('a'));\n            }\n\n            if(window.Milenia && window.Milenia.helpers &&  window.Milenia.helpers.dynamicBgImage) {\n                $dynamicBgElements = $container.find('[data-bg-image-src]');\n                if($dynamicBgElements.length) window.Milenia.helpers.dynamicBgImage($dynamicBgElements);\n            }\n\n            if($.fn.owlCarousel) {\n                $carousels = $container.find('.milenia-simple-slideshow--shortcode');\n\n                if($carousels.length) {\n                    if(window.Milenia && window.Milenia.helpers && window.Milenia.helpers.owlSettings) {\n\n                        $carousels.jQueryImagesLoaded().then(function(){\n                                $carousels.each(function(i,e) {\n                                    $(e).owlCarousel(window.Milenia.helpers.owlSettings({\n                                        margin: 1,\n                                        loop: true,\n                                        autoplay: $(e).hasClass('milenia-simple-slideshow--autoplay')\n                                    }));\n                                });\n                        });\n\n                    }\n                    else {\n                        $carousels.owlCarousel({\n                            items: 1\n                        });\n                    }\n                }\n            }\n        });\n    })(window.jQuery);\n<\/script>\n\n<div id=\"vc-milenia-info-boxes-2a05b0f398f472b314359952f3ff3504-17755574972115510528\" class=\"milenia-entities milenia-entities--style-2 milenia-entities--unreverse  milenia-entities--title-reduced milenia-visible\" data-animation=\"none\">\n    <div class=\"milenia-grid milenia-grid--cols-3 milenia-grid--gutters\">\n        <!--================ Info Boxes Item ================-->\n<div class=\"milenia-grid-item\">\n    <article class=\"milenia-entity milenia-entity--scheme-primary\">\n        <div data-bg-image-src=\"https:\/\/www.hotelpromenadeabruzzo.it\/wp-content\/uploads\/2018\/10\/wedding-hotel-promenade.png\" style=\"background-image: url(https:\/\/www.hotelpromenadeabruzzo.it\/wp-content\/uploads\/2018\/10\/wedding-hotel-promenade.png)\" class=\"milenia-entity-media\"><\/div>\n\n\n        <div class=\"milenia-entity-content milenia-aligner\">\n            <div class=\"milenia-aligner-outer\">\n                <div class=\"milenia-aligner-inner\">\n                    <header class=\"milenia-entity-header\">\n                        \n                        <h2 class=\"milenia-entity-title\">Personnel sp\u00e9cialis\u00e9<\/h2>\n\n                    <\/header>\n                    <div class=\"milenia-entity-body\"><p>Notre H\u00f4tel est joyeusement \"Dog friendly\" ! Vos amis \u00e0 quatre pattes trouveront un environnement accueillant et festif. Contactez-nous pour plus d'informations.<\/p>\n<\/div>\n\n                    \n                <\/div>\n            <\/div>\n        <\/div>\n    <\/article>\n<\/div>\n<!--================ End of Info Boxes Item ================-->\n\r\n<!--================ Info Boxes Item ================-->\n<div class=\"milenia-grid-item\">\n    <article class=\"milenia-entity milenia-entity--scheme-primary\">\n        <div data-bg-image-src=\"https:\/\/www.hotelpromenadeabruzzo.it\/wp-content\/uploads\/2018\/10\/servizio-eccellente-hotel-promenade.png\" style=\"background-image: url(https:\/\/www.hotelpromenadeabruzzo.it\/wp-content\/uploads\/2018\/10\/servizio-eccellente-hotel-promenade.png)\" class=\"milenia-entity-media\"><\/div>\n\n\n        <div class=\"milenia-entity-content milenia-aligner\">\n            <div class=\"milenia-aligner-outer\">\n                <div class=\"milenia-aligner-inner\">\n                    <header class=\"milenia-entity-header\">\n                        \n                        <h2 class=\"milenia-entity-title\">Excellente Restauration<\/h2>\n\n                    <\/header>\n                    <div class=\"milenia-entity-body\"><p>Chaque repas est un voyage dans la tradition culinaire des Abruzzes. D\u00e9gustez des plats authentiques, pr\u00e9par\u00e9s avec des ingr\u00e9dients frais et locaux, tandis que la mer vous offre une vue imprenable.<\/p>\n<\/div>\n\n                    \n                <\/div>\n            <\/div>\n        <\/div>\n    <\/article>\n<\/div>\n<!--================ End of Info Boxes Item ================-->\n\r\n<!--================ Info Boxes Item ================-->\n<div class=\"milenia-grid-item\">\n    <article class=\"milenia-entity milenia-entity--scheme-primary\">\n        <div data-bg-image-src=\"https:\/\/www.hotelpromenadeabruzzo.it\/wp-content\/uploads\/2018\/10\/wedding-hotel-promenade-5.png\" style=\"background-image: url(https:\/\/www.hotelpromenadeabruzzo.it\/wp-content\/uploads\/2018\/10\/wedding-hotel-promenade-5.png)\" class=\"milenia-entity-media\"><\/div>\n\n\n        <div class=\"milenia-entity-content milenia-aligner\">\n            <div class=\"milenia-aligner-outer\">\n                <div class=\"milenia-aligner-inner\">\n                    <header class=\"milenia-entity-header\">\n                        \n                        <h2 class=\"milenia-entity-title\">Emplacement en bord de mer<\/h2>\n\n                    <\/header>\n                    <div class=\"milenia-entity-body\"><p>Les Abruzzes sont une terre de merveilles cach\u00e9es, o\u00f9 la nature sauvage se m\u00eale \u00e0 l'histoire et \u00e0 la culture. Des montagnes majestueuses du Gran Sasso aux plages enchanteresses de l'Adriatique, chaque recoin de cette r\u00e9gion raconte une histoire de beaut\u00e9 et de tradition.<\/p>\n<\/div>\n\n                    \n                <\/div>\n            <\/div>\n        <\/div>\n    <\/article>\n<\/div>\n<!--================ End of Info Boxes Item ================-->\n\n    <\/div>\n<\/div>\n<!--================ End of Info Boxes ================-->\n[vc_empty_space height=&#8221;20px&#8221;][\/vc_column][\/vc_row][vc_row full_width=&#8221;stretch_row&#8221; full_height=&#8221;yes&#8221; equal_height=&#8221;yes&#8221; content_placement=&#8221;middle&#8221; css=&#8221;.vc_custom_1744619453241{background-color: #E6E6E6 !important;}&#8221;][vc_column]<!--================ Section Heading ================-->\n<script>\n    (function($){\n        'use strict';\n\n        if(!$) return;\n\n        $(function(){\n            if(window.appear) {\n                appear({\n                    elements: function(){\n                        return document.querySelectorAll('#vc-milenia-section-heading-5b0d1a973d6aa98d90fe82e295aa3134-1775557497946891845');\n                    },\n                    appear: function(element) {\n                        var $el = $(element);\n                        $el.addClass('milenia-visible').addClass($el.data('animation'));\n                    },\n                    reappear: false,\n                    bounds: -200\n                });\n            }\n        });\n    })(window.jQuery);\n<\/script>\n<div id=\"vc-milenia-section-heading-5b0d1a973d6aa98d90fe82e295aa3134-1775557497946891845\" class=\"milenia-section-heading text-center vc_custom_1770911779141 milenia-visible\" data-animation=\"none\">\n    \n    <h2 class=\"milenia-section-title milenia-font--first-accented\" style=\"font-size: 50px;line-height: 43px;text-transform: none;font-style: normal;font-weight: 400;\">Moments Magiques<\/h2>\n\n    \n<\/div>\n<!--================ End of Section Heading ================-->\n[vc_empty_space height=&#8221;20px&#8221;][vc_masonry_media_grid css=&#8221;&#8221; grid_id=&#8221;vc_gid:1771259001983-dd913df9-9a72-2&#8243; include=&#8221;14435,14434,14423,14433,14432,14422,14421,14431,14430,14420,14419,14418,14428,14427,14426,14429,14425,14424&#8243;][vc_empty_space height=&#8221;20px&#8221;][\/vc_column][\/vc_row]<\/p>\n<\/div>","protected":false},"excerpt":{"rendered":"<p>[vc_row full_width=&#8221;stretch_row&#8221; content_placement=&#8221;middle&#8221; css=&#8221;.vc_custom_1744621327323{margin-bottom: 30px !important;background-color: #E6E6E6 !important;}&#8221;][vc_column width=&#8221;1\/2&#8243; el_class=&#8221;milenia-color&#8211;black&#8221;][vc_custom_heading text=&#8221;LES MARIAGES SONT NOTRE PASSION&#8221; font_container=&#8221;tag:div|font_size:18px|text_align:left|color:%2333879F|line_height:30px&#8221; google_fonts=&#8221;font_family:Open%20Sans%3A300%2C300italic%2Cregular%2Citalic%2C600%2C600italic%2C700%2C700italic%2C800%2C800italic|font_style:700%20bold%20regular%3A700%3Anormal&#8221; css=&#8221;.vc_custom_1770911690005{margin-bottom:&#8230;<\/p>\n","protected":false},"author":2,"featured_media":0,"parent":0,"menu_order":0,"comment_status":"closed","ping_status":"closed","template":"","meta":{"footnotes":""},"class_list":["post-14654","page","type-page","status-publish","hentry"],"yoast_head":"<!-- This site is optimized with the Yoast SEO plugin v27.2 - https:\/\/yoast.com\/product\/yoast-seo-wordpress\/ -->\n<title>H\u00f4tel 4 \u00e9toiles sup\u00e9rieur sur la mer pour les mariages<\/title>\n<meta name=\"description\" content=\"H\u00f4tel 4 \u00e9toiles sup\u00e9rieur sur la mer pour les mariages: Nous prenons soin de tous les d\u00e9tails, vous soulageant de tous les soucis et s\u2019assurant que tout est parfait\" \/>\n<meta name=\"robots\" content=\"index, follow, max-snippet:-1, max-image-preview:large, max-video-preview:-1\" \/>\n<link rel=\"canonical\" href=\"https:\/\/www.hotelpromenadeabruzzo.it\/fr\/hotel-4-etoiles-superieur-sur-la-mer-pour-les-mariages\/\" \/>\n<meta property=\"og:locale\" content=\"fr_FR\" \/>\n<meta property=\"og:type\" content=\"article\" \/>\n<meta property=\"og:title\" content=\"H\u00f4tel 4 \u00e9toiles sup\u00e9rieur sur la mer pour les mariages\" \/>\n<meta property=\"og:description\" content=\"H\u00f4tel 4 \u00e9toiles sup\u00e9rieur sur la mer pour les mariages: Nous prenons soin de tous les d\u00e9tails, vous soulageant de tous les soucis et s\u2019assurant que tout est parfait\" \/>\n<meta property=\"og:url\" content=\"https:\/\/www.hotelpromenadeabruzzo.it\/fr\/hotel-4-etoiles-superieur-sur-la-mer-pour-les-mariages\/\" \/>\n<meta property=\"og:site_name\" content=\"Hotel Promenade\" \/>\n<meta property=\"article:publisher\" content=\"https:\/\/www.facebook.com\/HotelPromenadeAbruzzo\" \/>\n<meta property=\"article:modified_time\" content=\"2026-02-16T16:23:34+00:00\" \/>\n<meta name=\"twitter:card\" content=\"summary_large_image\" \/>\n<meta name=\"twitter:label1\" content=\"Dur\u00e9e de lecture estim\u00e9e\" \/>\n\t<meta name=\"twitter:data1\" content=\"1 minute\" \/>\n<script type=\"application\/ld+json\" class=\"yoast-schema-graph\">{\"@context\":\"https:\/\/schema.org\",\"@graph\":[{\"@type\":\"WebPage\",\"@id\":\"https:\/\/www.hotelpromenadeabruzzo.it\/fr\/hotel-4-etoiles-superieur-sur-la-mer-pour-les-mariages\/\",\"url\":\"https:\/\/www.hotelpromenadeabruzzo.it\/fr\/hotel-4-etoiles-superieur-sur-la-mer-pour-les-mariages\/\",\"name\":\"H\u00f4tel 4 \u00e9toiles sup\u00e9rieur sur la mer pour les mariages\",\"isPartOf\":{\"@id\":\"https:\/\/www.hotelpromenadeabruzzo.it\/fr\/#website\"},\"datePublished\":\"2025-04-07T11:52:29+00:00\",\"dateModified\":\"2026-02-16T16:23:34+00:00\",\"description\":\"H\u00f4tel 4 \u00e9toiles sup\u00e9rieur sur la mer pour les mariages: Nous prenons soin de tous les d\u00e9tails, vous soulageant de tous les soucis et s\u2019assurant que tout est parfait\",\"breadcrumb\":{\"@id\":\"https:\/\/www.hotelpromenadeabruzzo.it\/fr\/hotel-4-etoiles-superieur-sur-la-mer-pour-les-mariages\/#breadcrumb\"},\"inLanguage\":\"fr-FR\",\"potentialAction\":[{\"@type\":\"ReadAction\",\"target\":[\"https:\/\/www.hotelpromenadeabruzzo.it\/fr\/hotel-4-etoiles-superieur-sur-la-mer-pour-les-mariages\/\"]}]},{\"@type\":\"BreadcrumbList\",\"@id\":\"https:\/\/www.hotelpromenadeabruzzo.it\/fr\/hotel-4-etoiles-superieur-sur-la-mer-pour-les-mariages\/#breadcrumb\",\"itemListElement\":[{\"@type\":\"ListItem\",\"position\":1,\"name\":\"Home\",\"item\":\"https:\/\/www.hotelpromenadeabruzzo.it\/fr\/\"},{\"@type\":\"ListItem\",\"position\":2,\"name\":\"Wedding ed Eventi\"}]},{\"@type\":\"WebSite\",\"@id\":\"https:\/\/www.hotelpromenadeabruzzo.it\/fr\/#website\",\"url\":\"https:\/\/www.hotelpromenadeabruzzo.it\/fr\/\",\"name\":\"Hotel Promenade\",\"description\":\"La Tua Vacanza in Abruzzo\",\"publisher\":{\"@id\":\"https:\/\/www.hotelpromenadeabruzzo.it\/fr\/#organization\"},\"potentialAction\":[{\"@type\":\"SearchAction\",\"target\":{\"@type\":\"EntryPoint\",\"urlTemplate\":\"https:\/\/www.hotelpromenadeabruzzo.it\/fr\/?s={search_term_string}\"},\"query-input\":{\"@type\":\"PropertyValueSpecification\",\"valueRequired\":true,\"valueName\":\"search_term_string\"}}],\"inLanguage\":\"fr-FR\"},{\"@type\":\"Organization\",\"@id\":\"https:\/\/www.hotelpromenadeabruzzo.it\/fr\/#organization\",\"name\":\"Hotel Promenade\",\"url\":\"https:\/\/www.hotelpromenadeabruzzo.it\/fr\/\",\"logo\":{\"@type\":\"ImageObject\",\"inLanguage\":\"fr-FR\",\"@id\":\"https:\/\/www.hotelpromenadeabruzzo.it\/fr\/#\/schema\/logo\/image\/\",\"url\":\"https:\/\/www.hotelpromenadeabruzzo.it\/wp-content\/uploads\/2018\/10\/hotelpromenade-logo-4.png\",\"contentUrl\":\"https:\/\/www.hotelpromenadeabruzzo.it\/wp-content\/uploads\/2018\/10\/hotelpromenade-logo-4.png\",\"width\":700,\"height\":664,\"caption\":\"Hotel Promenade\"},\"image\":{\"@id\":\"https:\/\/www.hotelpromenadeabruzzo.it\/fr\/#\/schema\/logo\/image\/\"},\"sameAs\":[\"https:\/\/www.facebook.com\/HotelPromenadeAbruzzo\",\"https:\/\/www.instagram.com\/hotelpromenademontesilvano\/\"]}]}<\/script>\n<!-- \/ Yoast SEO plugin. -->","yoast_head_json":{"title":"H\u00f4tel 4 \u00e9toiles sup\u00e9rieur sur la mer pour les mariages","description":"H\u00f4tel 4 \u00e9toiles sup\u00e9rieur sur la mer pour les mariages: Nous prenons soin de tous les d\u00e9tails, vous soulageant de tous les soucis et s\u2019assurant que tout est parfait","robots":{"index":"index","follow":"follow","max-snippet":"max-snippet:-1","max-image-preview":"max-image-preview:large","max-video-preview":"max-video-preview:-1"},"canonical":"https:\/\/www.hotelpromenadeabruzzo.it\/fr\/hotel-4-etoiles-superieur-sur-la-mer-pour-les-mariages\/","og_locale":"fr_FR","og_type":"article","og_title":"H\u00f4tel 4 \u00e9toiles sup\u00e9rieur sur la mer pour les mariages","og_description":"H\u00f4tel 4 \u00e9toiles sup\u00e9rieur sur la mer pour les mariages: Nous prenons soin de tous les d\u00e9tails, vous soulageant de tous les soucis et s\u2019assurant que tout est parfait","og_url":"https:\/\/www.hotelpromenadeabruzzo.it\/fr\/hotel-4-etoiles-superieur-sur-la-mer-pour-les-mariages\/","og_site_name":"Hotel Promenade","article_publisher":"https:\/\/www.facebook.com\/HotelPromenadeAbruzzo","article_modified_time":"2026-02-16T16:23:34+00:00","twitter_card":"summary_large_image","twitter_misc":{"Dur\u00e9e de lecture estim\u00e9e":"1 minute"},"schema":{"@context":"https:\/\/schema.org","@graph":[{"@type":"WebPage","@id":"https:\/\/www.hotelpromenadeabruzzo.it\/fr\/hotel-4-etoiles-superieur-sur-la-mer-pour-les-mariages\/","url":"https:\/\/www.hotelpromenadeabruzzo.it\/fr\/hotel-4-etoiles-superieur-sur-la-mer-pour-les-mariages\/","name":"H\u00f4tel 4 \u00e9toiles sup\u00e9rieur sur la mer pour les mariages","isPartOf":{"@id":"https:\/\/www.hotelpromenadeabruzzo.it\/fr\/#website"},"datePublished":"2025-04-07T11:52:29+00:00","dateModified":"2026-02-16T16:23:34+00:00","description":"H\u00f4tel 4 \u00e9toiles sup\u00e9rieur sur la mer pour les mariages: Nous prenons soin de tous les d\u00e9tails, vous soulageant de tous les soucis et s\u2019assurant que tout est parfait","breadcrumb":{"@id":"https:\/\/www.hotelpromenadeabruzzo.it\/fr\/hotel-4-etoiles-superieur-sur-la-mer-pour-les-mariages\/#breadcrumb"},"inLanguage":"fr-FR","potentialAction":[{"@type":"ReadAction","target":["https:\/\/www.hotelpromenadeabruzzo.it\/fr\/hotel-4-etoiles-superieur-sur-la-mer-pour-les-mariages\/"]}]},{"@type":"BreadcrumbList","@id":"https:\/\/www.hotelpromenadeabruzzo.it\/fr\/hotel-4-etoiles-superieur-sur-la-mer-pour-les-mariages\/#breadcrumb","itemListElement":[{"@type":"ListItem","position":1,"name":"Home","item":"https:\/\/www.hotelpromenadeabruzzo.it\/fr\/"},{"@type":"ListItem","position":2,"name":"Wedding ed Eventi"}]},{"@type":"WebSite","@id":"https:\/\/www.hotelpromenadeabruzzo.it\/fr\/#website","url":"https:\/\/www.hotelpromenadeabruzzo.it\/fr\/","name":"Hotel Promenade","description":"La Tua Vacanza in Abruzzo","publisher":{"@id":"https:\/\/www.hotelpromenadeabruzzo.it\/fr\/#organization"},"potentialAction":[{"@type":"SearchAction","target":{"@type":"EntryPoint","urlTemplate":"https:\/\/www.hotelpromenadeabruzzo.it\/fr\/?s={search_term_string}"},"query-input":{"@type":"PropertyValueSpecification","valueRequired":true,"valueName":"search_term_string"}}],"inLanguage":"fr-FR"},{"@type":"Organization","@id":"https:\/\/www.hotelpromenadeabruzzo.it\/fr\/#organization","name":"Hotel Promenade","url":"https:\/\/www.hotelpromenadeabruzzo.it\/fr\/","logo":{"@type":"ImageObject","inLanguage":"fr-FR","@id":"https:\/\/www.hotelpromenadeabruzzo.it\/fr\/#\/schema\/logo\/image\/","url":"https:\/\/www.hotelpromenadeabruzzo.it\/wp-content\/uploads\/2018\/10\/hotelpromenade-logo-4.png","contentUrl":"https:\/\/www.hotelpromenadeabruzzo.it\/wp-content\/uploads\/2018\/10\/hotelpromenade-logo-4.png","width":700,"height":664,"caption":"Hotel Promenade"},"image":{"@id":"https:\/\/www.hotelpromenadeabruzzo.it\/fr\/#\/schema\/logo\/image\/"},"sameAs":["https:\/\/www.facebook.com\/HotelPromenadeAbruzzo","https:\/\/www.instagram.com\/hotelpromenademontesilvano\/"]}]}},"_links":{"self":[{"href":"https:\/\/www.hotelpromenadeabruzzo.it\/fr\/wp-json\/wp\/v2\/pages\/14654","targetHints":{"allow":["GET"]}}],"collection":[{"href":"https:\/\/www.hotelpromenadeabruzzo.it\/fr\/wp-json\/wp\/v2\/pages"}],"about":[{"href":"https:\/\/www.hotelpromenadeabruzzo.it\/fr\/wp-json\/wp\/v2\/types\/page"}],"author":[{"embeddable":true,"href":"https:\/\/www.hotelpromenadeabruzzo.it\/fr\/wp-json\/wp\/v2\/users\/2"}],"replies":[{"embeddable":true,"href":"https:\/\/www.hotelpromenadeabruzzo.it\/fr\/wp-json\/wp\/v2\/comments?post=14654"}],"version-history":[{"count":5,"href":"https:\/\/www.hotelpromenadeabruzzo.it\/fr\/wp-json\/wp\/v2\/pages\/14654\/revisions"}],"predecessor-version":[{"id":15323,"href":"https:\/\/www.hotelpromenadeabruzzo.it\/fr\/wp-json\/wp\/v2\/pages\/14654\/revisions\/15323"}],"wp:attachment":[{"href":"https:\/\/www.hotelpromenadeabruzzo.it\/fr\/wp-json\/wp\/v2\/media?parent=14654"}],"curies":[{"name":"wp","href":"https:\/\/api.w.org\/{rel}","templated":true}]}}