{"id":14650,"date":"2025-04-07T11:46:14","date_gmt":"2025-04-07T11:46:14","guid":{"rendered":"https:\/\/www.hotelpromenadeabruzzo.it\/hotel-pescara-abruzzo-4-stelle-sulla-spiaggia\/"},"modified":"2026-02-12T15:48:57","modified_gmt":"2026-02-12T15:48:57","slug":"abruzzo-pescara-hotel-4-etoiles-sur-la-plage","status":"publish","type":"page","link":"https:\/\/www.hotelpromenadeabruzzo.it\/fr\/abruzzo-pescara-hotel-4-etoiles-sur-la-plage\/","title":{"rendered":"Plage"},"content":{"rendered":"<div class=\"wpb-content-wrapper\"><p>[vc_row full_width=&#8221;stretch_row&#8221; content_placement=&#8221;middle&#8221; css=&#8221;.vc_custom_1744619180694{margin-bottom: 30px !important;background-color: #E6E6E6 !important;}&#8221;][vc_column width=&#8221;1\/2&#8243; el_class=&#8221;milenia-color&#8211;black&#8221;]<!--================ Section Heading ================-->\n<script>\n    (function($){\n        'use strict';\n\n        if(!$) return;\n\n        $(function(){\n            if(window.appear) {\n                appear({\n                    elements: function(){\n                        return document.querySelectorAll('#vc-milenia-section-heading-6f56a4b3ce72cf8bdec1d6c3694c7e9e-17755574961658755439');\n                    },\n                    appear: function(element) {\n                        var $el = $(element);\n                        $el.addClass('milenia-visible').addClass($el.data('animation'));\n                    },\n                    reappear: false,\n                    bounds: -200\n                });\n            }\n        });\n    })(window.jQuery);\n<\/script>\n<div id=\"vc-milenia-section-heading-6f56a4b3ce72cf8bdec1d6c3694c7e9e-17755574961658755439\" class=\"milenia-section-heading text-left vc_custom_1770911014901 milenia-visible\" data-animation=\"none\">\n    \n    <h2 class=\"milenia-section-title milenia-font--first-accented\" style=\"font-size: 50px;line-height: 43px;text-transform: none;font-style: normal;font-weight: 400;\">Le summum pour des vacances directement en bord de mer<\/h2>\n\n    \n<\/div>\n<!--================ End of Section Heading ================-->\n[vc_custom_heading text=&#8221;ENTRE MER ET D\u00c9TENTE : VOTRE OASIS DE CONFORT \u00c0 L&#8217;H\u00d4TEL PROMENADE&#8221; font_container=&#8221;tag:div|font_size:18px|text_align:left|color:%2333879F|line_height:30px&#8221; google_fonts=&#8221;font_family:Open%20Sans%3A300%2C300italic%2Cregular%2Citalic%2C600%2C600italic%2C700%2C700italic%2C800%2C800italic|font_style:700%20bold%20regular%3A700%3Anormal&#8221; css=&#8221;.vc_custom_1770911023333{margin-bottom: 20px !important;}&#8221;][vc_column_text css=&#8221;&#8221;]L&#8217;<strong>H\u00f4tel Promenade<\/strong> de Montesilvano est la destination id\u00e9ale pour ceux qui recherchent une alliance entre mer, confort et services exclusifs. Notre <strong>plage priv\u00e9e<\/strong> est le c\u0153ur battant de l&#8217;\u00e9t\u00e9 : parasols, transats et chaises longues pour chaque client, dans un coin de paradis o\u00f9 la mer cristalline et le sable fin cr\u00e9ent une atmosph\u00e8re de s\u00e9r\u00e9nit\u00e9 unique. La plage de Montesilvano, labellis\u00e9e &#8220;Pavillon Vert&#8221;, est id\u00e9ale pour les familles avec enfants, gr\u00e2ce \u00e0 ses eaux peu profondes et \u00e0 toutes les commodit\u00e9s \u00e0 port\u00e9e de main, notamment les restaurants et les glaciers.<\/p>\n<p>De plus, notre<strong> programme d&#8217;animation<\/strong> con\u00e7u pour tous, petits et grands, enrichit vos vacances de moments de divertissement et de insouciance, avec le cadre enchanteur de la plage toujours en toile de fond.[\/vc_column_text][vc_column_text css=&#8221;&#8221;]L\u2019H\u00f4tel Promenade vous accueille avec <strong>deux \u00e2mes distinctes<\/strong> : en <strong>\u00e9t\u00e9<\/strong>, c\u2019est un <strong>paradis pour les familles<\/strong>, gr\u00e2ce \u00e0 la <strong>formule tout compris<\/strong> qui propose <strong>animations et divertissements pour petits et grands<\/strong> ; en <strong>hiver<\/strong>, il devient un <strong>refuge id\u00e9al<\/strong> pour les <strong>s\u00e9jours d\u2019affaires<\/strong>, les <strong>\u00e9v\u00e9nements sportifs<\/strong> ou <strong>salons professionnels<\/strong>, avec une <strong>restauration toujours excellente<\/strong>.[\/vc_column_text][\/vc_column][vc_column width=&#8221;1\/2&#8243;][vc_single_image image=&#8221;13660&#8243; img_size=&#8221;900X1200&#8243; css=&#8221;&#8221;][\/vc_column][\/vc_row][vc_row css=&#8221;.vc_custom_1742470212259{padding-top: 0px !important;padding-bottom: 30px !important;}&#8221;][vc_column][vc_empty_space height=&#8221;70px&#8221;]<!--================ Section Heading ================-->\n<script>\n    (function($){\n        'use strict';\n\n        if(!$) return;\n\n        $(function(){\n            if(window.appear) {\n                appear({\n                    elements: function(){\n                        return document.querySelectorAll('#vc-milenia-section-heading-51f30b4211c4d390b555d750dc284fb0-1775557496640183740');\n                    },\n                    appear: function(element) {\n                        var $el = $(element);\n                        $el.addClass('milenia-visible').addClass($el.data('animation'));\n                    },\n                    reappear: false,\n                    bounds: -200\n                });\n            }\n        });\n    })(window.jQuery);\n<\/script>\n<div id=\"vc-milenia-section-heading-51f30b4211c4d390b555d750dc284fb0-1775557496640183740\" class=\"milenia-section-heading text-center vc_custom_1770911084333 milenia-visible\" data-animation=\"none\">\n    \n    <h2 class=\"milenia-section-title milenia-font--first-accented\" style=\"font-size: 50px;line-height: 43px;text-transform: none;font-style: normal;font-weight: 400;\">Atouts Uniques<\/h2>\n\n    \n<\/div>\n<!--================ End of Section Heading ================-->\n[vc_empty_space height=&#8221;20px&#8221;]<!--================ Info Boxes ================-->\n<script>\n    (function($){\n        'use strict';\n\n        if(!$) return;\n\n        $(function(){\n            var $container = $('#vc-milenia-info-boxes-1526aa88d8e868528c2704f6da16e160-17755574961028973017'),\n                $dynamicBgElements,\n                $carousels;\n\n            if(!$container.length) return;\n\n            if(window.appear) {\n                appear({\n                    elements: function(){\n                        return document.querySelectorAll('#vc-milenia-info-boxes-1526aa88d8e868528c2704f6da16e160-17755574961028973017');\n                    },\n                    appear: function(element) {\n                        var $el = $(element);\n                        $el.addClass('milenia-visible').addClass($el.data('animation'));\n                    },\n                    reappear: false,\n                    bounds: -200\n                });\n            }\n\n            if(window.Milenia && window.Milenia.LinkUnderliner) {\n                window.Milenia.LinkUnderliner.init($container.find('a'));\n            }\n\n            if(window.Milenia && window.Milenia.helpers &&  window.Milenia.helpers.dynamicBgImage) {\n                $dynamicBgElements = $container.find('[data-bg-image-src]');\n                if($dynamicBgElements.length) window.Milenia.helpers.dynamicBgImage($dynamicBgElements);\n            }\n\n            if($.fn.owlCarousel) {\n                $carousels = $container.find('.milenia-simple-slideshow--shortcode');\n\n                if($carousels.length) {\n                    if(window.Milenia && window.Milenia.helpers && window.Milenia.helpers.owlSettings) {\n\n                        $carousels.jQueryImagesLoaded().then(function(){\n                                $carousels.each(function(i,e) {\n                                    $(e).owlCarousel(window.Milenia.helpers.owlSettings({\n                                        margin: 1,\n                                        loop: true,\n                                        autoplay: $(e).hasClass('milenia-simple-slideshow--autoplay')\n                                    }));\n                                });\n                        });\n\n                    }\n                    else {\n                        $carousels.owlCarousel({\n                            items: 1\n                        });\n                    }\n                }\n            }\n        });\n    })(window.jQuery);\n<\/script>\n\n<div id=\"vc-milenia-info-boxes-1526aa88d8e868528c2704f6da16e160-17755574961028973017\" class=\"milenia-entities milenia-entities--style-2 milenia-entities--unreverse  milenia-entities--title-reduced milenia-visible\" data-animation=\"none\">\n    <div class=\"milenia-grid milenia-grid--cols-3 milenia-grid--gutters\">\n        <!--================ Info Boxes Item ================-->\n<div class=\"milenia-grid-item\">\n    <article class=\"milenia-entity milenia-entity--scheme-primary\">\n        <div data-bg-image-src=\"https:\/\/www.hotelpromenadeabruzzo.it\/wp-content\/uploads\/2018\/10\/hotel-4-stelle-con-piscina-sul-mare.png\" style=\"background-image: url(https:\/\/www.hotelpromenadeabruzzo.it\/wp-content\/uploads\/2018\/10\/hotel-4-stelle-con-piscina-sul-mare.png)\" class=\"milenia-entity-media\"><\/div>\n\n\n        <div class=\"milenia-entity-content milenia-aligner\">\n            <div class=\"milenia-aligner-outer\">\n                <div class=\"milenia-aligner-inner\">\n                    <header class=\"milenia-entity-header\">\n                        \n                        <h2 class=\"milenia-entity-title\">Piscine<\/h2>\n\n                    <\/header>\n                    <div class=\"milenia-entity-body\"><p>Una piscine face \u00e0 la mer, o\u00f9 chaque plongeon est une exp\u00e9rience de pure d\u00e9tente. Entour\u00e9e de transats et de parasols, c'est le lieu id\u00e9al pour se rafra\u00eechir et profiter du calme, loin du chaos, avec une vue imprenable.<\/p>\n<\/div>\n\n                    \n                <\/div>\n            <\/div>\n        <\/div>\n    <\/article>\n<\/div>\n<!--================ End of Info Boxes Item ================-->\n\r\n<!--================ Info Boxes Item ================-->\n<div class=\"milenia-grid-item\">\n    <article class=\"milenia-entity milenia-entity--scheme-primary\">\n        <div data-bg-image-src=\"https:\/\/www.hotelpromenadeabruzzo.it\/wp-content\/uploads\/2018\/10\/hotel-con-piscina-montesilvano-7.png\" style=\"background-image: url(https:\/\/www.hotelpromenadeabruzzo.it\/wp-content\/uploads\/2018\/10\/hotel-con-piscina-montesilvano-7.png)\" class=\"milenia-entity-media\"><\/div>\n\n\n        <div class=\"milenia-entity-content milenia-aligner\">\n            <div class=\"milenia-aligner-outer\">\n                <div class=\"milenia-aligner-inner\">\n                    <header class=\"milenia-entity-header\">\n                        \n                        <h2 class=\"milenia-entity-title\">Plage Priv\u00e9e<\/h2>\n\n                    <\/header>\n                    <div class=\"milenia-entity-body\"><p>Notre plage priv\u00e9e est un coin de paradis directement accessible depuis l'h\u00f4tel, o\u00f9 le confort et la s\u00e9r\u00e9nit\u00e9 sont garantis. Parasols, transats et cabines \u00e0 disposition de chaque client, pour vivre la mer en toute intimit\u00e9 et tranquillit\u00e9.<\/p>\n<\/div>\n\n                    \n                <\/div>\n            <\/div>\n        <\/div>\n    <\/article>\n<\/div>\n<!--================ End of Info Boxes Item ================-->\n\r\n<!--================ Info Boxes Item ================-->\n<div class=\"milenia-grid-item\">\n    <article class=\"milenia-entity milenia-entity--scheme-primary\">\n        <div data-bg-image-src=\"https:\/\/www.hotelpromenadeabruzzo.it\/wp-content\/uploads\/2018\/10\/all-inclusive-hotel-montesilvanbo-pescara.png\" style=\"background-image: url(https:\/\/www.hotelpromenadeabruzzo.it\/wp-content\/uploads\/2018\/10\/all-inclusive-hotel-montesilvanbo-pescara.png)\" class=\"milenia-entity-media\"><\/div>\n\n\n        <div class=\"milenia-entity-content milenia-aligner\">\n            <div class=\"milenia-aligner-outer\">\n                <div class=\"milenia-aligner-inner\">\n                    <header class=\"milenia-entity-header\">\n                        \n                        <h2 class=\"milenia-entity-title\">Open Bar 24h\/24<\/h2>\n\n                    <\/header>\n                    <div class=\"milenia-entity-body\"><p>Savourer une boisson rafra\u00eechissante d\u00e8s que vous le souhaitez, gr\u00e2ce \u00e0 notre Open Bar 24h\/24. Un service exclusif qui vous accompagne tout au long de la journ\u00e9e, pour un moment de plaisir sans limites, du matin au soir.<\/p>\n<\/div>\n\n                    \n                <\/div>\n            <\/div>\n        <\/div>\n    <\/article>\n<\/div>\n<!--================ End of Info Boxes Item ================-->\n\n    <\/div>\n<\/div>\n<!--================ End of Info Boxes ================-->\n[vc_empty_space height=&#8221;20px&#8221;][\/vc_column][\/vc_row][vc_row full_width=&#8221;stretch_row&#8221; full_height=&#8221;yes&#8221; equal_height=&#8221;yes&#8221; content_placement=&#8221;middle&#8221; css=&#8221;.vc_custom_1744619213370{background-color: #E6E6E6 !important;}&#8221;][vc_column]<!--================ Section Heading ================-->\n<script>\n    (function($){\n        'use strict';\n\n        if(!$) return;\n\n        $(function(){\n            if(window.appear) {\n                appear({\n                    elements: function(){\n                        return document.querySelectorAll('#vc-milenia-section-heading-007f38995dd4ae2357ffc4e008fcef1b-177555749699423879');\n                    },\n                    appear: function(element) {\n                        var $el = $(element);\n                        $el.addClass('milenia-visible').addClass($el.data('animation'));\n                    },\n                    reappear: false,\n                    bounds: -200\n                });\n            }\n        });\n    })(window.jQuery);\n<\/script>\n<div id=\"vc-milenia-section-heading-007f38995dd4ae2357ffc4e008fcef1b-177555749699423879\" class=\"milenia-section-heading text-center vc_custom_1770911335685 milenia-visible\" data-animation=\"none\">\n    \n    <h2 class=\"milenia-section-title milenia-font--first-accented\" style=\"font-size: 50px;line-height: 43px;text-transform: none;font-style: normal;font-weight: 400;\">Exp\u00e9rience Visuelle<\/h2>\n\n    \n<\/div>\n<!--================ End of Section Heading ================-->\n[vc_empty_space height=&#8221;20px&#8221;][vc_masonry_media_grid css=&#8221;&#8221; grid_id=&#8221;vc_gid:1770911325656-a8b2fbd2-ef7a-7&#8243; include=&#8221;13253,4123,14096,14100,14004,13960,13964,13956,13692,13680,13608,13648,13600,13672,13668&#8243;][vc_empty_space height=&#8221;20px&#8221;][\/vc_column][\/vc_row]<\/p>\n<\/div>","protected":false},"excerpt":{"rendered":"<p>[vc_row full_width=&#8221;stretch_row&#8221; content_placement=&#8221;middle&#8221; css=&#8221;.vc_custom_1744619180694{margin-bottom: 30px !important;background-color: #E6E6E6 !important;}&#8221;][vc_column width=&#8221;1\/2&#8243; el_class=&#8221;milenia-color&#8211;black&#8221;][vc_custom_heading text=&#8221;ENTRE MER ET D\u00c9TENTE : VOTRE OASIS DE&#8230;<\/p>\n","protected":false},"author":2,"featured_media":0,"parent":0,"menu_order":0,"comment_status":"closed","ping_status":"closed","template":"","meta":{"footnotes":""},"class_list":["post-14650","page","type-page","status-publish","hentry"],"yoast_head":"<!-- This site is optimized with the Yoast SEO plugin v27.2 - https:\/\/yoast.com\/product\/yoast-seo-wordpress\/ -->\n<title>abruzzo-pescara-hotel-4-etoiles-sur-la-plage<\/title>\n<meta name=\"description\" content=\"Abruzzo Pescara Hotel 4 Etoiles Sur La Plage: Hotel Promenade est situ\u00e9 en bord de mer Monte Silvano Abruzzo et poss\u00e8de une plage priv\u00e9e pour les clients r\u00e9serv\u00e9s.\" \/>\n<meta name=\"robots\" content=\"index, follow, max-snippet:-1, max-image-preview:large, max-video-preview:-1\" \/>\n<link rel=\"canonical\" href=\"https:\/\/www.hotelpromenadeabruzzo.it\/fr\/abruzzo-pescara-hotel-4-etoiles-sur-la-plage\/\" \/>\n<meta property=\"og:locale\" content=\"fr_FR\" \/>\n<meta property=\"og:type\" content=\"article\" \/>\n<meta property=\"og:title\" content=\"abruzzo-pescara-hotel-4-etoiles-sur-la-plage\" \/>\n<meta property=\"og:description\" content=\"Abruzzo Pescara Hotel 4 Etoiles Sur La Plage: Hotel Promenade est situ\u00e9 en bord de mer Monte Silvano Abruzzo et poss\u00e8de une plage priv\u00e9e pour les clients r\u00e9serv\u00e9s.\" \/>\n<meta property=\"og:url\" content=\"https:\/\/www.hotelpromenadeabruzzo.it\/fr\/abruzzo-pescara-hotel-4-etoiles-sur-la-plage\/\" \/>\n<meta property=\"og:site_name\" content=\"Hotel Promenade\" \/>\n<meta property=\"article:publisher\" content=\"https:\/\/www.facebook.com\/HotelPromenadeAbruzzo\" \/>\n<meta property=\"article:modified_time\" content=\"2026-02-12T15:48:57+00:00\" \/>\n<meta name=\"twitter:card\" content=\"summary_large_image\" \/>\n<meta name=\"twitter:label1\" content=\"Dur\u00e9e de lecture estim\u00e9e\" \/>\n\t<meta name=\"twitter:data1\" content=\"2 minutes\" \/>\n<script type=\"application\/ld+json\" class=\"yoast-schema-graph\">{\"@context\":\"https:\/\/schema.org\",\"@graph\":[{\"@type\":\"WebPage\",\"@id\":\"https:\/\/www.hotelpromenadeabruzzo.it\/fr\/abruzzo-pescara-hotel-4-etoiles-sur-la-plage\/\",\"url\":\"https:\/\/www.hotelpromenadeabruzzo.it\/fr\/abruzzo-pescara-hotel-4-etoiles-sur-la-plage\/\",\"name\":\"abruzzo-pescara-hotel-4-etoiles-sur-la-plage\",\"isPartOf\":{\"@id\":\"https:\/\/www.hotelpromenadeabruzzo.it\/fr\/#website\"},\"datePublished\":\"2025-04-07T11:46:14+00:00\",\"dateModified\":\"2026-02-12T15:48:57+00:00\",\"description\":\"Abruzzo Pescara Hotel 4 Etoiles Sur La Plage: Hotel Promenade est situ\u00e9 en bord de mer Monte Silvano Abruzzo et poss\u00e8de une plage priv\u00e9e pour les clients r\u00e9serv\u00e9s.\",\"breadcrumb\":{\"@id\":\"https:\/\/www.hotelpromenadeabruzzo.it\/fr\/abruzzo-pescara-hotel-4-etoiles-sur-la-plage\/#breadcrumb\"},\"inLanguage\":\"fr-FR\",\"potentialAction\":[{\"@type\":\"ReadAction\",\"target\":[\"https:\/\/www.hotelpromenadeabruzzo.it\/fr\/abruzzo-pescara-hotel-4-etoiles-sur-la-plage\/\"]}]},{\"@type\":\"BreadcrumbList\",\"@id\":\"https:\/\/www.hotelpromenadeabruzzo.it\/fr\/abruzzo-pescara-hotel-4-etoiles-sur-la-plage\/#breadcrumb\",\"itemListElement\":[{\"@type\":\"ListItem\",\"position\":1,\"name\":\"Home\",\"item\":\"https:\/\/www.hotelpromenadeabruzzo.it\/fr\/\"},{\"@type\":\"ListItem\",\"position\":2,\"name\":\"Plage\"}]},{\"@type\":\"WebSite\",\"@id\":\"https:\/\/www.hotelpromenadeabruzzo.it\/fr\/#website\",\"url\":\"https:\/\/www.hotelpromenadeabruzzo.it\/fr\/\",\"name\":\"Hotel Promenade\",\"description\":\"La Tua Vacanza in Abruzzo\",\"publisher\":{\"@id\":\"https:\/\/www.hotelpromenadeabruzzo.it\/fr\/#organization\"},\"potentialAction\":[{\"@type\":\"SearchAction\",\"target\":{\"@type\":\"EntryPoint\",\"urlTemplate\":\"https:\/\/www.hotelpromenadeabruzzo.it\/fr\/?s={search_term_string}\"},\"query-input\":{\"@type\":\"PropertyValueSpecification\",\"valueRequired\":true,\"valueName\":\"search_term_string\"}}],\"inLanguage\":\"fr-FR\"},{\"@type\":\"Organization\",\"@id\":\"https:\/\/www.hotelpromenadeabruzzo.it\/fr\/#organization\",\"name\":\"Hotel Promenade\",\"url\":\"https:\/\/www.hotelpromenadeabruzzo.it\/fr\/\",\"logo\":{\"@type\":\"ImageObject\",\"inLanguage\":\"fr-FR\",\"@id\":\"https:\/\/www.hotelpromenadeabruzzo.it\/fr\/#\/schema\/logo\/image\/\",\"url\":\"https:\/\/www.hotelpromenadeabruzzo.it\/wp-content\/uploads\/2018\/10\/hotelpromenade-logo-4.png\",\"contentUrl\":\"https:\/\/www.hotelpromenadeabruzzo.it\/wp-content\/uploads\/2018\/10\/hotelpromenade-logo-4.png\",\"width\":700,\"height\":664,\"caption\":\"Hotel Promenade\"},\"image\":{\"@id\":\"https:\/\/www.hotelpromenadeabruzzo.it\/fr\/#\/schema\/logo\/image\/\"},\"sameAs\":[\"https:\/\/www.facebook.com\/HotelPromenadeAbruzzo\",\"https:\/\/www.instagram.com\/hotelpromenademontesilvano\/\"]}]}<\/script>\n<!-- \/ Yoast SEO plugin. -->","yoast_head_json":{"title":"abruzzo-pescara-hotel-4-etoiles-sur-la-plage","description":"Abruzzo Pescara Hotel 4 Etoiles Sur La Plage: Hotel Promenade est situ\u00e9 en bord de mer Monte Silvano Abruzzo et poss\u00e8de une plage priv\u00e9e pour les clients r\u00e9serv\u00e9s.","robots":{"index":"index","follow":"follow","max-snippet":"max-snippet:-1","max-image-preview":"max-image-preview:large","max-video-preview":"max-video-preview:-1"},"canonical":"https:\/\/www.hotelpromenadeabruzzo.it\/fr\/abruzzo-pescara-hotel-4-etoiles-sur-la-plage\/","og_locale":"fr_FR","og_type":"article","og_title":"abruzzo-pescara-hotel-4-etoiles-sur-la-plage","og_description":"Abruzzo Pescara Hotel 4 Etoiles Sur La Plage: Hotel Promenade est situ\u00e9 en bord de mer Monte Silvano Abruzzo et poss\u00e8de une plage priv\u00e9e pour les clients r\u00e9serv\u00e9s.","og_url":"https:\/\/www.hotelpromenadeabruzzo.it\/fr\/abruzzo-pescara-hotel-4-etoiles-sur-la-plage\/","og_site_name":"Hotel Promenade","article_publisher":"https:\/\/www.facebook.com\/HotelPromenadeAbruzzo","article_modified_time":"2026-02-12T15:48:57+00:00","twitter_card":"summary_large_image","twitter_misc":{"Dur\u00e9e de lecture estim\u00e9e":"2 minutes"},"schema":{"@context":"https:\/\/schema.org","@graph":[{"@type":"WebPage","@id":"https:\/\/www.hotelpromenadeabruzzo.it\/fr\/abruzzo-pescara-hotel-4-etoiles-sur-la-plage\/","url":"https:\/\/www.hotelpromenadeabruzzo.it\/fr\/abruzzo-pescara-hotel-4-etoiles-sur-la-plage\/","name":"abruzzo-pescara-hotel-4-etoiles-sur-la-plage","isPartOf":{"@id":"https:\/\/www.hotelpromenadeabruzzo.it\/fr\/#website"},"datePublished":"2025-04-07T11:46:14+00:00","dateModified":"2026-02-12T15:48:57+00:00","description":"Abruzzo Pescara Hotel 4 Etoiles Sur La Plage: Hotel Promenade est situ\u00e9 en bord de mer Monte Silvano Abruzzo et poss\u00e8de une plage priv\u00e9e pour les clients r\u00e9serv\u00e9s.","breadcrumb":{"@id":"https:\/\/www.hotelpromenadeabruzzo.it\/fr\/abruzzo-pescara-hotel-4-etoiles-sur-la-plage\/#breadcrumb"},"inLanguage":"fr-FR","potentialAction":[{"@type":"ReadAction","target":["https:\/\/www.hotelpromenadeabruzzo.it\/fr\/abruzzo-pescara-hotel-4-etoiles-sur-la-plage\/"]}]},{"@type":"BreadcrumbList","@id":"https:\/\/www.hotelpromenadeabruzzo.it\/fr\/abruzzo-pescara-hotel-4-etoiles-sur-la-plage\/#breadcrumb","itemListElement":[{"@type":"ListItem","position":1,"name":"Home","item":"https:\/\/www.hotelpromenadeabruzzo.it\/fr\/"},{"@type":"ListItem","position":2,"name":"Plage"}]},{"@type":"WebSite","@id":"https:\/\/www.hotelpromenadeabruzzo.it\/fr\/#website","url":"https:\/\/www.hotelpromenadeabruzzo.it\/fr\/","name":"Hotel Promenade","description":"La Tua Vacanza in Abruzzo","publisher":{"@id":"https:\/\/www.hotelpromenadeabruzzo.it\/fr\/#organization"},"potentialAction":[{"@type":"SearchAction","target":{"@type":"EntryPoint","urlTemplate":"https:\/\/www.hotelpromenadeabruzzo.it\/fr\/?s={search_term_string}"},"query-input":{"@type":"PropertyValueSpecification","valueRequired":true,"valueName":"search_term_string"}}],"inLanguage":"fr-FR"},{"@type":"Organization","@id":"https:\/\/www.hotelpromenadeabruzzo.it\/fr\/#organization","name":"Hotel Promenade","url":"https:\/\/www.hotelpromenadeabruzzo.it\/fr\/","logo":{"@type":"ImageObject","inLanguage":"fr-FR","@id":"https:\/\/www.hotelpromenadeabruzzo.it\/fr\/#\/schema\/logo\/image\/","url":"https:\/\/www.hotelpromenadeabruzzo.it\/wp-content\/uploads\/2018\/10\/hotelpromenade-logo-4.png","contentUrl":"https:\/\/www.hotelpromenadeabruzzo.it\/wp-content\/uploads\/2018\/10\/hotelpromenade-logo-4.png","width":700,"height":664,"caption":"Hotel Promenade"},"image":{"@id":"https:\/\/www.hotelpromenadeabruzzo.it\/fr\/#\/schema\/logo\/image\/"},"sameAs":["https:\/\/www.facebook.com\/HotelPromenadeAbruzzo","https:\/\/www.instagram.com\/hotelpromenademontesilvano\/"]}]}},"_links":{"self":[{"href":"https:\/\/www.hotelpromenadeabruzzo.it\/fr\/wp-json\/wp\/v2\/pages\/14650","targetHints":{"allow":["GET"]}}],"collection":[{"href":"https:\/\/www.hotelpromenadeabruzzo.it\/fr\/wp-json\/wp\/v2\/pages"}],"about":[{"href":"https:\/\/www.hotelpromenadeabruzzo.it\/fr\/wp-json\/wp\/v2\/types\/page"}],"author":[{"embeddable":true,"href":"https:\/\/www.hotelpromenadeabruzzo.it\/fr\/wp-json\/wp\/v2\/users\/2"}],"replies":[{"embeddable":true,"href":"https:\/\/www.hotelpromenadeabruzzo.it\/fr\/wp-json\/wp\/v2\/comments?post=14650"}],"version-history":[{"count":5,"href":"https:\/\/www.hotelpromenadeabruzzo.it\/fr\/wp-json\/wp\/v2\/pages\/14650\/revisions"}],"predecessor-version":[{"id":15117,"href":"https:\/\/www.hotelpromenadeabruzzo.it\/fr\/wp-json\/wp\/v2\/pages\/14650\/revisions\/15117"}],"wp:attachment":[{"href":"https:\/\/www.hotelpromenadeabruzzo.it\/fr\/wp-json\/wp\/v2\/media?parent=14650"}],"curies":[{"name":"wp","href":"https:\/\/api.w.org\/{rel}","templated":true}]}}