{"id":14646,"date":"2025-04-07T11:36:57","date_gmt":"2025-04-07T11:36:57","guid":{"rendered":"https:\/\/www.hotelpromenadeabruzzo.it\/hotel-cucina-tipica-ristorante-panoramico-pescara\/"},"modified":"2026-02-12T15:31:44","modified_gmt":"2026-02-12T15:31:44","slug":"hotel-cuisine-typique-restaurant-panoramique-pescara","status":"publish","type":"page","link":"https:\/\/www.hotelpromenadeabruzzo.it\/fr\/hotel-cuisine-typique-restaurant-panoramique-pescara\/","title":{"rendered":"Restaurant"},"content":{"rendered":"<div class=\"wpb-content-wrapper\"><p>[vc_row full_width=&#8221;stretch_row&#8221; content_placement=&#8221;middle&#8221; css=&#8221;.vc_custom_1744618221663{margin-bottom: 30px !important;background-color: #E6E6E6 !important;}&#8221;][vc_column width=&#8221;1\/2&#8243; el_class=&#8221;milenia-color&#8211;black&#8221;]<!--================ Section Heading ================-->\n<script>\n    (function($){\n        'use strict';\n\n        if(!$) return;\n\n        $(function(){\n            if(window.appear) {\n                appear({\n                    elements: function(){\n                        return document.querySelectorAll('#vc-milenia-section-heading-d0901da37746aea1cfb2b645d827fa8d-1775557496569228872');\n                    },\n                    appear: function(element) {\n                        var $el = $(element);\n                        $el.addClass('milenia-visible').addClass($el.data('animation'));\n                    },\n                    reappear: false,\n                    bounds: -200\n                });\n            }\n        });\n    })(window.jQuery);\n<\/script>\n<div id=\"vc-milenia-section-heading-d0901da37746aea1cfb2b645d827fa8d-1775557496569228872\" class=\"milenia-section-heading text-left vc_custom_1770910137461 milenia-visible\" data-animation=\"none\">\n    \n    <h2 class=\"milenia-section-title milenia-font--first-accented\" style=\"font-size: 50px;line-height: 43px;text-transform: none;font-style: normal;font-weight: 400;\">Restaurant Le Tamerici<\/h2>\n\n    \n<\/div>\n<!--================ End of Section Heading ================-->\n[vc_custom_heading text=&#8221;UNE EXP\u00c9RIENCE GUSTATIVE AVEC VUE SUR LA MER DES ABRUZZES&#8221; font_container=&#8221;tag:div|font_size:18px|text_align:left|color:%2333879F|line_height:30px&#8221; google_fonts=&#8221;font_family:Open%20Sans%3A300%2C300italic%2Cregular%2Citalic%2C600%2C600italic%2C700%2C700italic%2C800%2C800italic|font_style:700%20bold%20regular%3A700%3Anormal&#8221; css=&#8221;.vc_custom_1770910148147{margin-bottom: 20px !important;}&#8221;][vc_column_text css=&#8221;&#8221;]Chaque journ\u00e9e au <strong>Restaurant Le Tamerici<\/strong> commence avec une <strong>vue \u00e0 couper le souffle<\/strong> : le bleu de l\u2019Adriatique se confond avec le ciel, tandis que la lumi\u00e8re du matin caresse notre <strong>\u00e9l\u00e9gante salle panoramique<\/strong>. Situ\u00e9 \u00e0 l\u2019int\u00e9rieur de l\u2019h\u00f4tel, ce <strong>coin de saveurs et de beaut\u00e9<\/strong> est l\u2019endroit parfait pour se laisser choyer d\u00e8s le <strong>premier r\u00e9veil<\/strong>.<\/p>\n<p>Le <strong>petit-d\u00e9jeuner<\/strong> est un v\u00e9ritable hymne \u00e0 la gourmandise : <strong>p\u00e2tisseries artisanales<\/strong> pr\u00e9par\u00e9es chaque jour avec amour, <strong>brioches chaudes<\/strong>, <strong>confitures parfum\u00e9es<\/strong>, <strong>fruits frais<\/strong>, <strong>g\u00e2teaux et tartes<\/strong> au go\u00fbt authentique. Pour les amateurs de sal\u00e9, vous trouverez aussi <strong>\u0153ufs<\/strong>, <strong>bacon<\/strong> et <strong>pancakes pr\u00e9par\u00e9s \u00e0 la minute<\/strong>, pour rendre sp\u00e9cial le <strong>premier repas de la journ\u00e9e<\/strong>.<\/p>\n<p>Au <strong>d\u00e9jeuner et au d\u00eener<\/strong>, les <strong>mains expertes du Chef<\/strong> racontent l\u2019\u00e2me des Abruzzes \u00e0 travers des <strong>plats de poisson ultra-frais<\/strong> et des <strong>recettes locales<\/strong> qui s\u00e9duisent d\u00e8s la premi\u00e8re bouch\u00e9e.<\/p>\n<p>Notre <strong>cave \u00e0 vins<\/strong> est un petit havre pour les amateurs de bons crus : des <strong>\u00e9tiquettes soigneusement s\u00e9lectionn\u00e9es<\/strong> parmi les meilleures productions r\u00e9gionales et nationales, parfaites pour accompagner chaque plat avec <strong>\u00e9l\u00e9gance et caract\u00e8re<\/strong>.<\/p>\n<p>Le <strong>personnel<\/strong>, comp\u00e9tent et attentionn\u00e9, est toujours pr\u00eat \u00e0 vous accueillir avec le sourire et \u00e0 vous guider dans une <strong>exp\u00e9rience gastronomique sur mesure<\/strong>, o\u00f9 chaque d\u00e9tail est pens\u00e9 pour vous faire sentir <strong>sp\u00e9cial<\/strong>.<\/p>\n<p>M\u00eame ceux qui suivent un <strong>r\u00e9gime sans gluten<\/strong> trouveront des <strong>propositions savoureuses et vari\u00e9es<\/strong>. Il suffit de nous contacter : nous cr\u00e9erons ensemble un <strong>parcours culinaire personnalis\u00e9<\/strong>, attentif \u00e0 chaque exigence.[\/vc_column_text][\/vc_column][vc_column width=&#8221;1\/2&#8243;][vc_single_image image=&#8221;13245&#8243; img_size=&#8221;900X1200&#8243; css=&#8221;&#8221;][\/vc_column][\/vc_row][vc_row css=&#8221;.vc_custom_1742470212259{padding-top: 0px !important;padding-bottom: 30px !important;}&#8221;][vc_column][vc_empty_space height=&#8221;70px&#8221;]<!--================ Section Heading ================-->\n<script>\n    (function($){\n        'use strict';\n\n        if(!$) return;\n\n        $(function(){\n            if(window.appear) {\n                appear({\n                    elements: function(){\n                        return document.querySelectorAll('#vc-milenia-section-heading-1a74edf49e8f8910672e4eeaae173247-1775557496455645950');\n                    },\n                    appear: function(element) {\n                        var $el = $(element);\n                        $el.addClass('milenia-visible').addClass($el.data('animation'));\n                    },\n                    reappear: false,\n                    bounds: -200\n                });\n            }\n        });\n    })(window.jQuery);\n<\/script>\n<div id=\"vc-milenia-section-heading-1a74edf49e8f8910672e4eeaae173247-1775557496455645950\" class=\"milenia-section-heading text-center vc_custom_1770910160365 milenia-visible\" data-animation=\"none\">\n    \n    <h2 class=\"milenia-section-title milenia-font--first-accented\" style=\"font-size: 50px;line-height: 43px;text-transform: none;font-style: normal;font-weight: 400;\">Atouts Uniques<\/h2>\n\n    \n<\/div>\n<!--================ End of Section Heading ================-->\n[vc_empty_space height=&#8221;20px&#8221;]<!--================ Info Boxes ================-->\n<script>\n    (function($){\n        'use strict';\n\n        if(!$) return;\n\n        $(function(){\n            var $container = $('#vc-milenia-info-boxes-6a070c7c8ab7765475b35a01c6f8f4e3-17755574961006735293'),\n                $dynamicBgElements,\n                $carousels;\n\n            if(!$container.length) return;\n\n            if(window.appear) {\n                appear({\n                    elements: function(){\n                        return document.querySelectorAll('#vc-milenia-info-boxes-6a070c7c8ab7765475b35a01c6f8f4e3-17755574961006735293');\n                    },\n                    appear: function(element) {\n                        var $el = $(element);\n                        $el.addClass('milenia-visible').addClass($el.data('animation'));\n                    },\n                    reappear: false,\n                    bounds: -200\n                });\n            }\n\n            if(window.Milenia && window.Milenia.LinkUnderliner) {\n                window.Milenia.LinkUnderliner.init($container.find('a'));\n            }\n\n            if(window.Milenia && window.Milenia.helpers &&  window.Milenia.helpers.dynamicBgImage) {\n                $dynamicBgElements = $container.find('[data-bg-image-src]');\n                if($dynamicBgElements.length) window.Milenia.helpers.dynamicBgImage($dynamicBgElements);\n            }\n\n            if($.fn.owlCarousel) {\n                $carousels = $container.find('.milenia-simple-slideshow--shortcode');\n\n                if($carousels.length) {\n                    if(window.Milenia && window.Milenia.helpers && window.Milenia.helpers.owlSettings) {\n\n                        $carousels.jQueryImagesLoaded().then(function(){\n                                $carousels.each(function(i,e) {\n                                    $(e).owlCarousel(window.Milenia.helpers.owlSettings({\n                                        margin: 1,\n                                        loop: true,\n                                        autoplay: $(e).hasClass('milenia-simple-slideshow--autoplay')\n                                    }));\n                                });\n                        });\n\n                    }\n                    else {\n                        $carousels.owlCarousel({\n                            items: 1\n                        });\n                    }\n                }\n            }\n        });\n    })(window.jQuery);\n<\/script>\n\n<div id=\"vc-milenia-info-boxes-6a070c7c8ab7765475b35a01c6f8f4e3-17755574961006735293\" class=\"milenia-entities milenia-entities--style-2 milenia-entities--unreverse  milenia-entities--title-reduced milenia-visible\" data-animation=\"none\">\n    <div class=\"milenia-grid milenia-grid--cols-3 milenia-grid--gutters\">\n        <!--================ Info Boxes Item ================-->\n<div class=\"milenia-grid-item\">\n    <article class=\"milenia-entity milenia-entity--scheme-primary\">\n        <div data-bg-image-src=\"https:\/\/www.hotelpromenadeabruzzo.it\/wp-content\/uploads\/2018\/10\/cucina-hotel-promenade.png\" style=\"background-image: url(https:\/\/www.hotelpromenadeabruzzo.it\/wp-content\/uploads\/2018\/10\/cucina-hotel-promenade.png)\" class=\"milenia-entity-media\"><\/div>\n\n\n        <div class=\"milenia-entity-content milenia-aligner\">\n            <div class=\"milenia-aligner-outer\">\n                <div class=\"milenia-aligner-inner\">\n                    <header class=\"milenia-entity-header\">\n                        \n                        <h2 class=\"milenia-entity-title\">Tradition et Saveurs<\/h2>\n\n                    <\/header>\n                    <div class=\"milenia-entity-body\"><p>Une cuisine soign\u00e9e dans les moindres d\u00e9tails, proposant des plats authentiques de la tradition, pour offrir des saveurs v\u00e9ritables \u00e0 l\u2019H\u00f4tel Promenade.<\/p>\n<\/div>\n\n                    \n                <\/div>\n            <\/div>\n        <\/div>\n    <\/article>\n<\/div>\n<!--================ End of Info Boxes Item ================-->\n\r\n<!--================ Info Boxes Item ================-->\n<div class=\"milenia-grid-item\">\n    <article class=\"milenia-entity milenia-entity--scheme-primary\">\n        <div data-bg-image-src=\"https:\/\/www.hotelpromenadeabruzzo.it\/wp-content\/uploads\/2018\/10\/veduta-panoramica-hotel-sul-mare-montesilvano.png\" style=\"background-image: url(https:\/\/www.hotelpromenadeabruzzo.it\/wp-content\/uploads\/2018\/10\/veduta-panoramica-hotel-sul-mare-montesilvano.png)\" class=\"milenia-entity-media\"><\/div>\n\n\n        <div class=\"milenia-entity-content milenia-aligner\">\n            <div class=\"milenia-aligner-outer\">\n                <div class=\"milenia-aligner-inner\">\n                    <header class=\"milenia-entity-header\">\n                        \n                        <h2 class=\"milenia-entity-title\">Vue imprenable sur la mer<\/h2>\n\n                    <\/header>\n                    <div class=\"milenia-entity-body\"><p>Une salle panoramique lumineuse surplombant l'Adriatique, o\u00f9 chaque repas devient une exp\u00e9rience \u00e0 vivre avec le regard et avec le c\u0153ur.<\/p>\n<\/div>\n\n                    \n                <\/div>\n            <\/div>\n        <\/div>\n    <\/article>\n<\/div>\n<!--================ End of Info Boxes Item ================-->\n\r\n<!--================ Info Boxes Item ================-->\n<div class=\"milenia-grid-item\">\n    <article class=\"milenia-entity milenia-entity--scheme-primary\">\n        <div data-bg-image-src=\"https:\/\/www.hotelpromenadeabruzzo.it\/wp-content\/uploads\/2018\/10\/servizio-eccellente-hotel-promenade.png\" style=\"background-image: url(https:\/\/www.hotelpromenadeabruzzo.it\/wp-content\/uploads\/2018\/10\/servizio-eccellente-hotel-promenade.png)\" class=\"milenia-entity-media\"><\/div>\n\n\n        <div class=\"milenia-entity-content milenia-aligner\">\n            <div class=\"milenia-aligner-outer\">\n                <div class=\"milenia-aligner-inner\">\n                    <header class=\"milenia-entity-header\">\n                        \n                        <h2 class=\"milenia-entity-title\">Un accueil qui fait la diff\u00e9rence<\/h2>\n\n                    <\/header>\n                    <div class=\"milenia-entity-body\"><p>Un service toujours chaleureux et attentionn\u00e9, \u00e0 table ou au buffet, pour que vous vous sentiez privil\u00e9gi\u00e9 \u00e0 chaque instant.<\/p>\n<\/div>\n\n                    \n                <\/div>\n            <\/div>\n        <\/div>\n    <\/article>\n<\/div>\n<!--================ End of Info Boxes Item ================-->\n\n    <\/div>\n<\/div>\n<!--================ End of Info Boxes ================-->\n[vc_empty_space height=&#8221;20px&#8221;][\/vc_column][\/vc_row][vc_row full_width=&#8221;stretch_row&#8221; full_height=&#8221;yes&#8221; equal_height=&#8221;yes&#8221; content_placement=&#8221;middle&#8221; css=&#8221;.vc_custom_1744618885765{background-color: #E6E6E6 !important;}&#8221;][vc_column]<!--================ Section Heading ================-->\n<script>\n    (function($){\n        'use strict';\n\n        if(!$) return;\n\n        $(function(){\n            if(window.appear) {\n                appear({\n                    elements: function(){\n                        return document.querySelectorAll('#vc-milenia-section-heading-f50cc984ca778a062edf26e7ef6e0c06-177555749680369193');\n                    },\n                    appear: function(element) {\n                        var $el = $(element);\n                        $el.addClass('milenia-visible').addClass($el.data('animation'));\n                    },\n                    reappear: false,\n                    bounds: -200\n                });\n            }\n        });\n    })(window.jQuery);\n<\/script>\n<div id=\"vc-milenia-section-heading-f50cc984ca778a062edf26e7ef6e0c06-177555749680369193\" class=\"milenia-section-heading text-center vc_custom_1770910297853 milenia-visible\" data-animation=\"none\">\n    \n    <h2 class=\"milenia-section-title milenia-font--first-accented\" style=\"font-size: 50px;line-height: 43px;text-transform: none;font-style: normal;font-weight: 400;\">Un \u00e9merveillement pour les yeux<\/h2>\n\n    \n<\/div>\n<!--================ End of Section Heading ================-->\n[vc_empty_space height=&#8221;20px&#8221;][vc_masonry_media_grid css=&#8221;&#8221; grid_id=&#8221;vc_gid:1770910103725-505a472e-a24c-8&#8243; include=&#8221;14044,14048,14068,14040,13944,13952,13908,13892,13520,13776,13780,13784,13716,13712&#8243;][\/vc_column][\/vc_row]<\/p>\n<\/div>","protected":false},"excerpt":{"rendered":"<p>[vc_row full_width=&#8221;stretch_row&#8221; content_placement=&#8221;middle&#8221; css=&#8221;.vc_custom_1744618221663{margin-bottom: 30px !important;background-color: #E6E6E6 !important;}&#8221;][vc_column width=&#8221;1\/2&#8243; el_class=&#8221;milenia-color&#8211;black&#8221;][vc_custom_heading text=&#8221;UNE EXP\u00c9RIENCE GUSTATIVE AVEC VUE SUR LA MER&#8230;<\/p>\n","protected":false},"author":2,"featured_media":0,"parent":0,"menu_order":0,"comment_status":"closed","ping_status":"closed","template":"","meta":{"footnotes":""},"class_list":["post-14646","page","type-page","status-publish","hentry"],"yoast_head":"<!-- This site is optimized with the Yoast SEO plugin v27.2 - https:\/\/yoast.com\/product\/yoast-seo-wordpress\/ -->\n<title>H\u00f4tel cuisine typique restaurant panoramique Pescara<\/title>\n<meta name=\"description\" content=\"H\u00f4tel cuisine typique restaurant panoramique Pescara: Restaurant Le Tamerici, salle panoramique avec vue sur la mer. Cuisine des Abruzzes.\" \/>\n<meta name=\"robots\" content=\"index, follow, max-snippet:-1, max-image-preview:large, max-video-preview:-1\" \/>\n<link rel=\"canonical\" href=\"https:\/\/www.hotelpromenadeabruzzo.it\/fr\/hotel-cuisine-typique-restaurant-panoramique-pescara\/\" \/>\n<meta property=\"og:locale\" content=\"fr_FR\" \/>\n<meta property=\"og:type\" content=\"article\" \/>\n<meta property=\"og:title\" content=\"H\u00f4tel cuisine typique restaurant panoramique Pescara\" \/>\n<meta property=\"og:description\" content=\"H\u00f4tel cuisine typique restaurant panoramique Pescara: Restaurant Le Tamerici, salle panoramique avec vue sur la mer. Cuisine des Abruzzes.\" \/>\n<meta property=\"og:url\" content=\"https:\/\/www.hotelpromenadeabruzzo.it\/fr\/hotel-cuisine-typique-restaurant-panoramique-pescara\/\" \/>\n<meta property=\"og:site_name\" content=\"Hotel Promenade\" \/>\n<meta property=\"article:publisher\" content=\"https:\/\/www.facebook.com\/HotelPromenadeAbruzzo\" \/>\n<meta property=\"article:modified_time\" content=\"2026-02-12T15:31:44+00:00\" \/>\n<meta name=\"twitter:card\" content=\"summary_large_image\" \/>\n<meta name=\"twitter:label1\" content=\"Dur\u00e9e de lecture estim\u00e9e\" \/>\n\t<meta name=\"twitter:data1\" content=\"5 minutes\" \/>\n<script type=\"application\/ld+json\" class=\"yoast-schema-graph\">{\"@context\":\"https:\/\/schema.org\",\"@graph\":[{\"@type\":\"WebPage\",\"@id\":\"https:\/\/www.hotelpromenadeabruzzo.it\/fr\/hotel-cuisine-typique-restaurant-panoramique-pescara\/\",\"url\":\"https:\/\/www.hotelpromenadeabruzzo.it\/fr\/hotel-cuisine-typique-restaurant-panoramique-pescara\/\",\"name\":\"H\u00f4tel cuisine typique restaurant panoramique Pescara\",\"isPartOf\":{\"@id\":\"https:\/\/www.hotelpromenadeabruzzo.it\/fr\/#website\"},\"datePublished\":\"2025-04-07T11:36:57+00:00\",\"dateModified\":\"2026-02-12T15:31:44+00:00\",\"description\":\"H\u00f4tel cuisine typique restaurant panoramique Pescara: Restaurant Le Tamerici, salle panoramique avec vue sur la mer. Cuisine des Abruzzes.\",\"breadcrumb\":{\"@id\":\"https:\/\/www.hotelpromenadeabruzzo.it\/fr\/hotel-cuisine-typique-restaurant-panoramique-pescara\/#breadcrumb\"},\"inLanguage\":\"fr-FR\",\"potentialAction\":[{\"@type\":\"ReadAction\",\"target\":[\"https:\/\/www.hotelpromenadeabruzzo.it\/fr\/hotel-cuisine-typique-restaurant-panoramique-pescara\/\"]}]},{\"@type\":\"BreadcrumbList\",\"@id\":\"https:\/\/www.hotelpromenadeabruzzo.it\/fr\/hotel-cuisine-typique-restaurant-panoramique-pescara\/#breadcrumb\",\"itemListElement\":[{\"@type\":\"ListItem\",\"position\":1,\"name\":\"Home\",\"item\":\"https:\/\/www.hotelpromenadeabruzzo.it\/fr\/\"},{\"@type\":\"ListItem\",\"position\":2,\"name\":\"Restaurant\"}]},{\"@type\":\"WebSite\",\"@id\":\"https:\/\/www.hotelpromenadeabruzzo.it\/fr\/#website\",\"url\":\"https:\/\/www.hotelpromenadeabruzzo.it\/fr\/\",\"name\":\"Hotel Promenade\",\"description\":\"La Tua Vacanza in Abruzzo\",\"publisher\":{\"@id\":\"https:\/\/www.hotelpromenadeabruzzo.it\/fr\/#organization\"},\"potentialAction\":[{\"@type\":\"SearchAction\",\"target\":{\"@type\":\"EntryPoint\",\"urlTemplate\":\"https:\/\/www.hotelpromenadeabruzzo.it\/fr\/?s={search_term_string}\"},\"query-input\":{\"@type\":\"PropertyValueSpecification\",\"valueRequired\":true,\"valueName\":\"search_term_string\"}}],\"inLanguage\":\"fr-FR\"},{\"@type\":\"Organization\",\"@id\":\"https:\/\/www.hotelpromenadeabruzzo.it\/fr\/#organization\",\"name\":\"Hotel Promenade\",\"url\":\"https:\/\/www.hotelpromenadeabruzzo.it\/fr\/\",\"logo\":{\"@type\":\"ImageObject\",\"inLanguage\":\"fr-FR\",\"@id\":\"https:\/\/www.hotelpromenadeabruzzo.it\/fr\/#\/schema\/logo\/image\/\",\"url\":\"https:\/\/www.hotelpromenadeabruzzo.it\/wp-content\/uploads\/2018\/10\/hotelpromenade-logo-4.png\",\"contentUrl\":\"https:\/\/www.hotelpromenadeabruzzo.it\/wp-content\/uploads\/2018\/10\/hotelpromenade-logo-4.png\",\"width\":700,\"height\":664,\"caption\":\"Hotel Promenade\"},\"image\":{\"@id\":\"https:\/\/www.hotelpromenadeabruzzo.it\/fr\/#\/schema\/logo\/image\/\"},\"sameAs\":[\"https:\/\/www.facebook.com\/HotelPromenadeAbruzzo\",\"https:\/\/www.instagram.com\/hotelpromenademontesilvano\/\"]}]}<\/script>\n<!-- \/ Yoast SEO plugin. -->","yoast_head_json":{"title":"H\u00f4tel cuisine typique restaurant panoramique Pescara","description":"H\u00f4tel cuisine typique restaurant panoramique Pescara: Restaurant Le Tamerici, salle panoramique avec vue sur la mer. Cuisine des Abruzzes.","robots":{"index":"index","follow":"follow","max-snippet":"max-snippet:-1","max-image-preview":"max-image-preview:large","max-video-preview":"max-video-preview:-1"},"canonical":"https:\/\/www.hotelpromenadeabruzzo.it\/fr\/hotel-cuisine-typique-restaurant-panoramique-pescara\/","og_locale":"fr_FR","og_type":"article","og_title":"H\u00f4tel cuisine typique restaurant panoramique Pescara","og_description":"H\u00f4tel cuisine typique restaurant panoramique Pescara: Restaurant Le Tamerici, salle panoramique avec vue sur la mer. Cuisine des Abruzzes.","og_url":"https:\/\/www.hotelpromenadeabruzzo.it\/fr\/hotel-cuisine-typique-restaurant-panoramique-pescara\/","og_site_name":"Hotel Promenade","article_publisher":"https:\/\/www.facebook.com\/HotelPromenadeAbruzzo","article_modified_time":"2026-02-12T15:31:44+00:00","twitter_card":"summary_large_image","twitter_misc":{"Dur\u00e9e de lecture estim\u00e9e":"5 minutes"},"schema":{"@context":"https:\/\/schema.org","@graph":[{"@type":"WebPage","@id":"https:\/\/www.hotelpromenadeabruzzo.it\/fr\/hotel-cuisine-typique-restaurant-panoramique-pescara\/","url":"https:\/\/www.hotelpromenadeabruzzo.it\/fr\/hotel-cuisine-typique-restaurant-panoramique-pescara\/","name":"H\u00f4tel cuisine typique restaurant panoramique Pescara","isPartOf":{"@id":"https:\/\/www.hotelpromenadeabruzzo.it\/fr\/#website"},"datePublished":"2025-04-07T11:36:57+00:00","dateModified":"2026-02-12T15:31:44+00:00","description":"H\u00f4tel cuisine typique restaurant panoramique Pescara: Restaurant Le Tamerici, salle panoramique avec vue sur la mer. Cuisine des Abruzzes.","breadcrumb":{"@id":"https:\/\/www.hotelpromenadeabruzzo.it\/fr\/hotel-cuisine-typique-restaurant-panoramique-pescara\/#breadcrumb"},"inLanguage":"fr-FR","potentialAction":[{"@type":"ReadAction","target":["https:\/\/www.hotelpromenadeabruzzo.it\/fr\/hotel-cuisine-typique-restaurant-panoramique-pescara\/"]}]},{"@type":"BreadcrumbList","@id":"https:\/\/www.hotelpromenadeabruzzo.it\/fr\/hotel-cuisine-typique-restaurant-panoramique-pescara\/#breadcrumb","itemListElement":[{"@type":"ListItem","position":1,"name":"Home","item":"https:\/\/www.hotelpromenadeabruzzo.it\/fr\/"},{"@type":"ListItem","position":2,"name":"Restaurant"}]},{"@type":"WebSite","@id":"https:\/\/www.hotelpromenadeabruzzo.it\/fr\/#website","url":"https:\/\/www.hotelpromenadeabruzzo.it\/fr\/","name":"Hotel Promenade","description":"La Tua Vacanza in Abruzzo","publisher":{"@id":"https:\/\/www.hotelpromenadeabruzzo.it\/fr\/#organization"},"potentialAction":[{"@type":"SearchAction","target":{"@type":"EntryPoint","urlTemplate":"https:\/\/www.hotelpromenadeabruzzo.it\/fr\/?s={search_term_string}"},"query-input":{"@type":"PropertyValueSpecification","valueRequired":true,"valueName":"search_term_string"}}],"inLanguage":"fr-FR"},{"@type":"Organization","@id":"https:\/\/www.hotelpromenadeabruzzo.it\/fr\/#organization","name":"Hotel Promenade","url":"https:\/\/www.hotelpromenadeabruzzo.it\/fr\/","logo":{"@type":"ImageObject","inLanguage":"fr-FR","@id":"https:\/\/www.hotelpromenadeabruzzo.it\/fr\/#\/schema\/logo\/image\/","url":"https:\/\/www.hotelpromenadeabruzzo.it\/wp-content\/uploads\/2018\/10\/hotelpromenade-logo-4.png","contentUrl":"https:\/\/www.hotelpromenadeabruzzo.it\/wp-content\/uploads\/2018\/10\/hotelpromenade-logo-4.png","width":700,"height":664,"caption":"Hotel Promenade"},"image":{"@id":"https:\/\/www.hotelpromenadeabruzzo.it\/fr\/#\/schema\/logo\/image\/"},"sameAs":["https:\/\/www.facebook.com\/HotelPromenadeAbruzzo","https:\/\/www.instagram.com\/hotelpromenademontesilvano\/"]}]}},"_links":{"self":[{"href":"https:\/\/www.hotelpromenadeabruzzo.it\/fr\/wp-json\/wp\/v2\/pages\/14646","targetHints":{"allow":["GET"]}}],"collection":[{"href":"https:\/\/www.hotelpromenadeabruzzo.it\/fr\/wp-json\/wp\/v2\/pages"}],"about":[{"href":"https:\/\/www.hotelpromenadeabruzzo.it\/fr\/wp-json\/wp\/v2\/types\/page"}],"author":[{"embeddable":true,"href":"https:\/\/www.hotelpromenadeabruzzo.it\/fr\/wp-json\/wp\/v2\/users\/2"}],"replies":[{"embeddable":true,"href":"https:\/\/www.hotelpromenadeabruzzo.it\/fr\/wp-json\/wp\/v2\/comments?post=14646"}],"version-history":[{"count":5,"href":"https:\/\/www.hotelpromenadeabruzzo.it\/fr\/wp-json\/wp\/v2\/pages\/14646\/revisions"}],"predecessor-version":[{"id":15097,"href":"https:\/\/www.hotelpromenadeabruzzo.it\/fr\/wp-json\/wp\/v2\/pages\/14646\/revisions\/15097"}],"wp:attachment":[{"href":"https:\/\/www.hotelpromenadeabruzzo.it\/fr\/wp-json\/wp\/v2\/media?parent=14646"}],"curies":[{"name":"wp","href":"https:\/\/api.w.org\/{rel}","templated":true}]}}