{"id":14638,"date":"2018-09-28T12:53:53","date_gmt":"2018-09-28T12:53:53","guid":{"rendered":"https:\/\/www.hotelpromenadeabruzzo.it\/offerte-mare-hotel-4-stelle-motesilvano-abruzzo\/"},"modified":"2026-02-19T09:43:29","modified_gmt":"2026-02-19T09:43:29","slug":"mer-offres-abruzzo-hotel-4-etoiles","status":"publish","type":"page","link":"https:\/\/www.hotelpromenadeabruzzo.it\/fr\/mer-offres-abruzzo-hotel-4-etoiles\/","title":{"rendered":"Offres"},"content":{"rendered":"<div class=\"wpb-content-wrapper\"><p>[vc_row][vc_column][\/vc_column][\/vc_row][vc_row gap=&#8221;20&#8243;][vc_column][vc_raw_html css=&#8221;&#8221;]JTVCcG9zdGlmeSUyMGlkJTNEJTIyMTU0MTAlMjIlNUQ=[\/vc_raw_html][\/vc_column][\/vc_row][vc_row full_width=&#8221;stretch_row_content_no_spaces&#8221; css=&#8221;.vc_custom_1538140149133{padding-bottom: 0px !important;}&#8221;][vc_column]<!-- - - - - - - - - - - - - - Instafeed - - - - - - - - - - - - - - - - -->\n<script>\n    (function($){\n        'use strict';\n        if(!$) return;\n        var container, templates;\n\n        $(function(){\n            container = document.querySelectorAll('#vc-milenia-instafeed-b01e4340b66b60e441dc878f056fe971-1775557525407047508-grid');\n            if(!container || !window.InstafeedWrapper) return;\n\n            if(window.appear) {\n                appear({\n                    elements: function(){\n                        return document.querySelectorAll('#vc-milenia-instafeed-b01e4340b66b60e441dc878f056fe971-1775557525407047508');\n                    },\n                    appear: function(element) {\n                        var $el = $(element);\n                        $el.addClass('milenia-visible').addClass($el.data('animation'));\n                    },\n                    reappear: false,\n                    bounds: -200\n                });\n            }\n\n            templates = {\n                'gallery': '<div class=\"milenia-grid-item\">\\\n                                <figure class=\"milenia-gallery-item milenia-gallery-item--with-thumb\" style=\"background-image: url({{image}});\" data-bg-image-src=\"{{image}}\">\\\n                                    <a data-fancybox-gallery data-caption=\"{{caption}}\" href=\"{{image}}\" title=\"{{caption}}\" class=\"milenia-gallery-item-link milenia-ln--independent\">\\\n                                        <img decoding=\"async\" src=\"{{image}}\" alt=\"{{caption}}\" class=\"milenia-d-none\">\\\n                                    <\/a>\\\n                                    <figcaption class=\"milenia-gallery-item-caption\">{{caption}}<\/figure>\\\n                                <\/figure>\\\n                            <\/div>',\n                'simple-feed': '<div class=\"milenia-grid-item\">\\\n                                    <div class=\"milenia-square-image\" style=\"background-image: url({{image}});\" data-bg-image-src=\"{{image}}\">\\\n                                        <a class=\"milenia-ln--independent\" target=\"_blank\" rel=\"instagram\" href=\"{{link}}\" title=\"{{caption}}\"><\/a>\\\n                                    <\/div>\\\n                                <\/div>',\n                'snake': '<div class=\"milenia-grid-item\">\\\n                                    <div class=\"milenia-square-image\" style=\"background-image: url({{image}});\" data-bg-image-src=\"{{image}}\">\\\n                                        <a class=\"milenia-ln--independent\" rel=\"instagram\" target=\"_blank\" href=\"{{link}}\" title=\"{{caption}}\"><\/a>\\\n                                    <\/div>\\\n                                <\/div>'\n            };\n\n            InstafeedWrapper.setUsersSecureOptions({'user-vc-milenia-instafeed-b01e4340b66b60e441dc878f056fe971-1775557525407047508': {userId: 8253949243,accessToken: '8253949243.1677ed0.92a1c427f7274134a812ee9b13038e10',clientId: 'a17ccf850aae43a0805c00ac4792a3b9'}});\n\n            InstafeedWrapper.init(container, {\n                resolution: 'standard_resolution',\n                template: templates['simple-feed'],\n                after: function() {\n                    var $container = $('#' + this.options.target),\n                        $fancyboxItems = $container.find('[data-fancybox-gallery]');\n\n                    if($fancyboxItems.length && $.fn.fancybox) {\n                        $fancyboxItems.attr('data-fancybox', this.options.target).fancybox({\n                            animationEffect: \"fade\"\n                        });\n                    }\n\n                    if(window.Milenia && window.Milenia.helper && window.Milenia.helpers.updateGlobalNiceScroll) {\n                        window.Milenia.helpers.updateGlobalNiceScroll();\n                    }\n\n                    if(window.Milenia.LinkUnderliner) {\n                        window.Milenia.LinkUnderliner.init($container.find('a'));\n                    }\n                }\n            });\n\n        });\n    })(window.jQuery);\n<\/script>\n\n<div id=\"vc-milenia-instafeed-b01e4340b66b60e441dc878f056fe971-1775557525407047508\" class=\" milenia-visible milenia-instafeed\" data-animation=\"none\">\n    <div id=\"vc-milenia-instafeed-b01e4340b66b60e441dc878f056fe971-1775557525407047508-grid\" data-get=\"user\"\n         data-user=\"user-vc-milenia-instafeed-b01e4340b66b60e441dc878f056fe971-1775557525407047508\"\n         data-limit=\"6\"\n         data-load-more-control=\"load-more-vc-milenia-instafeed-b01e4340b66b60e441dc878f056fe971-1775557525407047508\"\n         class=\"milenia-grid milenia-instafeed-gallery milenia-grid--cols-6 milenia-grid--no-gutters\"><\/div>\n<\/div>\n\n<!-- - - - - - - - - - - - - - End of Instafeed - - - - - - - - - - - - - - - - -->\n[\/vc_column][\/vc_row]<\/p>\n<\/div>","protected":false},"excerpt":{"rendered":"<p>[vc_row][vc_column][\/vc_column][\/vc_row][vc_row gap=&#8221;20&#8243;][vc_column][vc_raw_html css=&#8221;&#8221;]JTVCcG9zdGlmeSUyMGlkJTNEJTIyMTU0MTAlMjIlNUQ=[\/vc_raw_html][\/vc_column][\/vc_row][vc_row full_width=&#8221;stretch_row_content_no_spaces&#8221; css=&#8221;.vc_custom_1538140149133{padding-bottom: 0px !important;}&#8221;][vc_column][\/vc_column][\/vc_row]<\/p>\n","protected":false},"author":1,"featured_media":0,"parent":0,"menu_order":0,"comment_status":"closed","ping_status":"closed","template":"","meta":{"footnotes":""},"class_list":["post-14638","page","type-page","status-publish","hentry"],"yoast_head":"<!-- This site is optimized with the Yoast SEO plugin v27.2 - https:\/\/yoast.com\/product\/yoast-seo-wordpress\/ -->\n<title>Mer Offres Abruzzo H\u00f4tel 4 \u00e9toiles Montesilvano Abruzzo<\/title>\n<meta name=\"description\" content=\"Mer Offres Abruzzo H\u00f4tel 4 \u00e9toiles:prix r\u00e9duits pour les adultes et les enfants, des services suppl\u00e9mentaires et des s\u00e9jours gratuits h\u00f4tel 4\u00e9toiles Abruzzo\" \/>\n<meta name=\"robots\" content=\"index, follow, max-snippet:-1, max-image-preview:large, max-video-preview:-1\" \/>\n<link rel=\"canonical\" href=\"https:\/\/www.hotelpromenadeabruzzo.it\/fr\/mer-offres-abruzzo-hotel-4-etoiles\/\" \/>\n<meta property=\"og:locale\" content=\"fr_FR\" \/>\n<meta property=\"og:type\" content=\"article\" \/>\n<meta property=\"og:title\" content=\"Mer Offres Abruzzo H\u00f4tel 4 \u00e9toiles Montesilvano Abruzzo\" \/>\n<meta property=\"og:description\" content=\"Mer Offres Abruzzo H\u00f4tel 4 \u00e9toiles:prix r\u00e9duits pour les adultes et les enfants, des services suppl\u00e9mentaires et des s\u00e9jours gratuits h\u00f4tel 4\u00e9toiles Abruzzo\" \/>\n<meta property=\"og:url\" content=\"https:\/\/www.hotelpromenadeabruzzo.it\/fr\/mer-offres-abruzzo-hotel-4-etoiles\/\" \/>\n<meta property=\"og:site_name\" content=\"Hotel Promenade\" \/>\n<meta property=\"article:publisher\" content=\"https:\/\/www.facebook.com\/HotelPromenadeAbruzzo\" \/>\n<meta property=\"article:modified_time\" content=\"2026-02-19T09:43:29+00:00\" \/>\n<meta name=\"twitter:card\" content=\"summary_large_image\" \/>\n<meta name=\"twitter:label1\" content=\"Dur\u00e9e de lecture estim\u00e9e\" \/>\n\t<meta name=\"twitter:data1\" content=\"1 minute\" \/>\n<script type=\"application\/ld+json\" class=\"yoast-schema-graph\">{\"@context\":\"https:\/\/schema.org\",\"@graph\":[{\"@type\":\"WebPage\",\"@id\":\"https:\/\/www.hotelpromenadeabruzzo.it\/fr\/mer-offres-abruzzo-hotel-4-etoiles\/\",\"url\":\"https:\/\/www.hotelpromenadeabruzzo.it\/fr\/mer-offres-abruzzo-hotel-4-etoiles\/\",\"name\":\"Mer Offres Abruzzo H\u00f4tel 4 \u00e9toiles Montesilvano Abruzzo\",\"isPartOf\":{\"@id\":\"https:\/\/www.hotelpromenadeabruzzo.it\/fr\/#website\"},\"datePublished\":\"2018-09-28T12:53:53+00:00\",\"dateModified\":\"2026-02-19T09:43:29+00:00\",\"description\":\"Mer Offres Abruzzo H\u00f4tel 4 \u00e9toiles:prix r\u00e9duits pour les adultes et les enfants, des services suppl\u00e9mentaires et des s\u00e9jours gratuits h\u00f4tel 4\u00e9toiles Abruzzo\",\"breadcrumb\":{\"@id\":\"https:\/\/www.hotelpromenadeabruzzo.it\/fr\/mer-offres-abruzzo-hotel-4-etoiles\/#breadcrumb\"},\"inLanguage\":\"fr-FR\",\"potentialAction\":[{\"@type\":\"ReadAction\",\"target\":[\"https:\/\/www.hotelpromenadeabruzzo.it\/fr\/mer-offres-abruzzo-hotel-4-etoiles\/\"]}]},{\"@type\":\"BreadcrumbList\",\"@id\":\"https:\/\/www.hotelpromenadeabruzzo.it\/fr\/mer-offres-abruzzo-hotel-4-etoiles\/#breadcrumb\",\"itemListElement\":[{\"@type\":\"ListItem\",\"position\":1,\"name\":\"Home\",\"item\":\"https:\/\/www.hotelpromenadeabruzzo.it\/fr\/\"},{\"@type\":\"ListItem\",\"position\":2,\"name\":\"Offres\"}]},{\"@type\":\"WebSite\",\"@id\":\"https:\/\/www.hotelpromenadeabruzzo.it\/fr\/#website\",\"url\":\"https:\/\/www.hotelpromenadeabruzzo.it\/fr\/\",\"name\":\"Hotel Promenade\",\"description\":\"La Tua Vacanza in Abruzzo\",\"publisher\":{\"@id\":\"https:\/\/www.hotelpromenadeabruzzo.it\/fr\/#organization\"},\"potentialAction\":[{\"@type\":\"SearchAction\",\"target\":{\"@type\":\"EntryPoint\",\"urlTemplate\":\"https:\/\/www.hotelpromenadeabruzzo.it\/fr\/?s={search_term_string}\"},\"query-input\":{\"@type\":\"PropertyValueSpecification\",\"valueRequired\":true,\"valueName\":\"search_term_string\"}}],\"inLanguage\":\"fr-FR\"},{\"@type\":\"Organization\",\"@id\":\"https:\/\/www.hotelpromenadeabruzzo.it\/fr\/#organization\",\"name\":\"Hotel Promenade\",\"url\":\"https:\/\/www.hotelpromenadeabruzzo.it\/fr\/\",\"logo\":{\"@type\":\"ImageObject\",\"inLanguage\":\"fr-FR\",\"@id\":\"https:\/\/www.hotelpromenadeabruzzo.it\/fr\/#\/schema\/logo\/image\/\",\"url\":\"https:\/\/www.hotelpromenadeabruzzo.it\/wp-content\/uploads\/2018\/10\/hotelpromenade-logo-4.png\",\"contentUrl\":\"https:\/\/www.hotelpromenadeabruzzo.it\/wp-content\/uploads\/2018\/10\/hotelpromenade-logo-4.png\",\"width\":700,\"height\":664,\"caption\":\"Hotel Promenade\"},\"image\":{\"@id\":\"https:\/\/www.hotelpromenadeabruzzo.it\/fr\/#\/schema\/logo\/image\/\"},\"sameAs\":[\"https:\/\/www.facebook.com\/HotelPromenadeAbruzzo\",\"https:\/\/www.instagram.com\/hotelpromenademontesilvano\/\"]}]}<\/script>\n<!-- \/ Yoast SEO plugin. -->","yoast_head_json":{"title":"Mer Offres Abruzzo H\u00f4tel 4 \u00e9toiles Montesilvano Abruzzo","description":"Mer Offres Abruzzo H\u00f4tel 4 \u00e9toiles:prix r\u00e9duits pour les adultes et les enfants, des services suppl\u00e9mentaires et des s\u00e9jours gratuits h\u00f4tel 4\u00e9toiles Abruzzo","robots":{"index":"index","follow":"follow","max-snippet":"max-snippet:-1","max-image-preview":"max-image-preview:large","max-video-preview":"max-video-preview:-1"},"canonical":"https:\/\/www.hotelpromenadeabruzzo.it\/fr\/mer-offres-abruzzo-hotel-4-etoiles\/","og_locale":"fr_FR","og_type":"article","og_title":"Mer Offres Abruzzo H\u00f4tel 4 \u00e9toiles Montesilvano Abruzzo","og_description":"Mer Offres Abruzzo H\u00f4tel 4 \u00e9toiles:prix r\u00e9duits pour les adultes et les enfants, des services suppl\u00e9mentaires et des s\u00e9jours gratuits h\u00f4tel 4\u00e9toiles Abruzzo","og_url":"https:\/\/www.hotelpromenadeabruzzo.it\/fr\/mer-offres-abruzzo-hotel-4-etoiles\/","og_site_name":"Hotel Promenade","article_publisher":"https:\/\/www.facebook.com\/HotelPromenadeAbruzzo","article_modified_time":"2026-02-19T09:43:29+00:00","twitter_card":"summary_large_image","twitter_misc":{"Dur\u00e9e de lecture estim\u00e9e":"1 minute"},"schema":{"@context":"https:\/\/schema.org","@graph":[{"@type":"WebPage","@id":"https:\/\/www.hotelpromenadeabruzzo.it\/fr\/mer-offres-abruzzo-hotel-4-etoiles\/","url":"https:\/\/www.hotelpromenadeabruzzo.it\/fr\/mer-offres-abruzzo-hotel-4-etoiles\/","name":"Mer Offres Abruzzo H\u00f4tel 4 \u00e9toiles Montesilvano Abruzzo","isPartOf":{"@id":"https:\/\/www.hotelpromenadeabruzzo.it\/fr\/#website"},"datePublished":"2018-09-28T12:53:53+00:00","dateModified":"2026-02-19T09:43:29+00:00","description":"Mer Offres Abruzzo H\u00f4tel 4 \u00e9toiles:prix r\u00e9duits pour les adultes et les enfants, des services suppl\u00e9mentaires et des s\u00e9jours gratuits h\u00f4tel 4\u00e9toiles Abruzzo","breadcrumb":{"@id":"https:\/\/www.hotelpromenadeabruzzo.it\/fr\/mer-offres-abruzzo-hotel-4-etoiles\/#breadcrumb"},"inLanguage":"fr-FR","potentialAction":[{"@type":"ReadAction","target":["https:\/\/www.hotelpromenadeabruzzo.it\/fr\/mer-offres-abruzzo-hotel-4-etoiles\/"]}]},{"@type":"BreadcrumbList","@id":"https:\/\/www.hotelpromenadeabruzzo.it\/fr\/mer-offres-abruzzo-hotel-4-etoiles\/#breadcrumb","itemListElement":[{"@type":"ListItem","position":1,"name":"Home","item":"https:\/\/www.hotelpromenadeabruzzo.it\/fr\/"},{"@type":"ListItem","position":2,"name":"Offres"}]},{"@type":"WebSite","@id":"https:\/\/www.hotelpromenadeabruzzo.it\/fr\/#website","url":"https:\/\/www.hotelpromenadeabruzzo.it\/fr\/","name":"Hotel Promenade","description":"La Tua Vacanza in Abruzzo","publisher":{"@id":"https:\/\/www.hotelpromenadeabruzzo.it\/fr\/#organization"},"potentialAction":[{"@type":"SearchAction","target":{"@type":"EntryPoint","urlTemplate":"https:\/\/www.hotelpromenadeabruzzo.it\/fr\/?s={search_term_string}"},"query-input":{"@type":"PropertyValueSpecification","valueRequired":true,"valueName":"search_term_string"}}],"inLanguage":"fr-FR"},{"@type":"Organization","@id":"https:\/\/www.hotelpromenadeabruzzo.it\/fr\/#organization","name":"Hotel Promenade","url":"https:\/\/www.hotelpromenadeabruzzo.it\/fr\/","logo":{"@type":"ImageObject","inLanguage":"fr-FR","@id":"https:\/\/www.hotelpromenadeabruzzo.it\/fr\/#\/schema\/logo\/image\/","url":"https:\/\/www.hotelpromenadeabruzzo.it\/wp-content\/uploads\/2018\/10\/hotelpromenade-logo-4.png","contentUrl":"https:\/\/www.hotelpromenadeabruzzo.it\/wp-content\/uploads\/2018\/10\/hotelpromenade-logo-4.png","width":700,"height":664,"caption":"Hotel Promenade"},"image":{"@id":"https:\/\/www.hotelpromenadeabruzzo.it\/fr\/#\/schema\/logo\/image\/"},"sameAs":["https:\/\/www.facebook.com\/HotelPromenadeAbruzzo","https:\/\/www.instagram.com\/hotelpromenademontesilvano\/"]}]}},"_links":{"self":[{"href":"https:\/\/www.hotelpromenadeabruzzo.it\/fr\/wp-json\/wp\/v2\/pages\/14638","targetHints":{"allow":["GET"]}}],"collection":[{"href":"https:\/\/www.hotelpromenadeabruzzo.it\/fr\/wp-json\/wp\/v2\/pages"}],"about":[{"href":"https:\/\/www.hotelpromenadeabruzzo.it\/fr\/wp-json\/wp\/v2\/types\/page"}],"author":[{"embeddable":true,"href":"https:\/\/www.hotelpromenadeabruzzo.it\/fr\/wp-json\/wp\/v2\/users\/1"}],"replies":[{"embeddable":true,"href":"https:\/\/www.hotelpromenadeabruzzo.it\/fr\/wp-json\/wp\/v2\/comments?post=14638"}],"version-history":[{"count":5,"href":"https:\/\/www.hotelpromenadeabruzzo.it\/fr\/wp-json\/wp\/v2\/pages\/14638\/revisions"}],"predecessor-version":[{"id":15416,"href":"https:\/\/www.hotelpromenadeabruzzo.it\/fr\/wp-json\/wp\/v2\/pages\/14638\/revisions\/15416"}],"wp:attachment":[{"href":"https:\/\/www.hotelpromenadeabruzzo.it\/fr\/wp-json\/wp\/v2\/media?parent=14638"}],"curies":[{"name":"wp","href":"https:\/\/api.w.org\/{rel}","templated":true}]}}