{"id":14634,"date":"2025-03-11T12:11:24","date_gmt":"2025-03-11T12:11:24","guid":{"rendered":"https:\/\/www.hotelpromenadeabruzzo.it\/hotel-pescara-all-inclusive-4-stelle\/"},"modified":"2026-02-16T16:28:20","modified_gmt":"2026-02-16T16:28:20","slug":"hotel-pescara-all-inclusive-4-etoiles","status":"publish","type":"page","link":"https:\/\/www.hotelpromenadeabruzzo.it\/fr\/hotel-pescara-all-inclusive-4-etoiles\/","title":{"rendered":"H\u00f4tel"},"content":{"rendered":"<div class=\"wpb-content-wrapper\"><p>[vc_row full_width=&#8221;stretch_row&#8221; content_placement=&#8221;middle&#8221; css=&#8221;.vc_custom_1744617851534{background-color: #E6E6E6 !important;}&#8221;][vc_column width=&#8221;1\/2&#8243; el_class=&#8221;milenia-color&#8211;black&#8221;]<!--================ Section Heading ================-->\n<script>\n    (function($){\n        'use strict';\n\n        if(!$) return;\n\n        $(function(){\n            if(window.appear) {\n                appear({\n                    elements: function(){\n                        return document.querySelectorAll('#vc-milenia-section-heading-9e5df6ccac5b7670ea7c279c1de79591-17786744191860043568');\n                    },\n                    appear: function(element) {\n                        var $el = $(element);\n                        $el.addClass('milenia-visible').addClass($el.data('animation'));\n                    },\n                    reappear: false,\n                    bounds: -200\n                });\n            }\n        });\n    })(window.jQuery);\n<\/script>\n<div id=\"vc-milenia-section-heading-9e5df6ccac5b7670ea7c279c1de79591-17786744191860043568\" class=\"milenia-section-heading text-left vc_custom_1771259283183 milenia-visible\" data-animation=\"none\">\n    \n    <h2 class=\"milenia-section-title milenia-font--first-accented\" style=\"font-size: 50px;line-height: 43px;text-transform: none;font-style: normal;font-weight: 400;\">H\u00f4tel 4 \u00e9toiles en bord de mer<\/h2>\n\n    \n<\/div>\n<!--================ End of Section Heading ================-->\n[vc_custom_heading text=&#8221;BIENVENUE \u00c0 L&#8217;H\u00d4TEL PROMENADE ! PR\u00caTS \u00c0 \u00c9MERVEILLER?&#8221; font_container=&#8221;tag:div|font_size:18px|text_align:left|color:%2333879F|line_height:30px&#8221; google_fonts=&#8221;font_family:Open%20Sans%3A300%2C300italic%2Cregular%2Citalic%2C600%2C600italic%2C700%2C700italic%2C800%2C800italic|font_style:700%20bold%20regular%3A700%3Anormal&#8221; css=&#8221;.vc_custom_1771259296396{margin-bottom: 20px !important;}&#8221;][vc_column_text css=&#8221;&#8221;]Situ\u00e9 \u00e0 Montesilvano, l\u2019un des joyaux du littoral des Abruzzes, l\u2019H\u00f4tel Promenade vous accueille avec une vue imprenable et une atmosph\u00e8re de d\u00e9tente in\u00e9gal\u00e9e. Directement en bord de mer, cet h\u00f4tel quatre \u00e9toiles offre tout le confort n\u00e9cessaire pour rendre votre s\u00e9jour inoubliable : plage priv\u00e9e sans routes \u00e0 traverser, piscine, restaurant panoramique en bord de mer, salles de r\u00e9union pour s\u00e9minaires et congr\u00e8s, ainsi qu\u2019une connexion Wi-Fi gratuite par fibre optique.<\/p>\n<p>Laissez-vous choyer et \u00e9mouvoir par notre personnel, qui vous accompagnera avec discr\u00e9tion et courtoisie tout au long d\u2019une exp\u00e9rience plac\u00e9e sous le signe du plaisir. Votre s\u00e9jour sera unique et inoubliable![\/vc_column_text][vc_column_text css=&#8221;&#8221;]L\u2019H\u00f4tel Promenade vous accueille avec deux \u00e2mes distinctes : en \u00e9t\u00e9, c\u2019est un v\u00e9ritable paradis pour les familles, gr\u00e2ce \u00e0 la formule tout compris qui propose animations et divertissements pour petits et grands ; en hiver, il se transforme en un refuge id\u00e9al pour les s\u00e9jours d\u2019affaires, les \u00e9v\u00e9nements sportifs ou les salons professionnels, avec une restauration toujours d\u2019excellence.[\/vc_column_text][\/vc_column][vc_column width=&#8221;1\/2&#8243;][vc_single_image image=&#8221;13532&#8243; img_size=&#8221;900X1200&#8243; css=&#8221;&#8221;][\/vc_column][\/vc_row][vc_row css=&#8221;.vc_custom_1744617931108{padding-top: 0px !important;padding-bottom: 30px !important;}&#8221;][vc_column][vc_empty_space height=&#8221;70px&#8221;]<!--================ Section Heading ================-->\n<script>\n    (function($){\n        'use strict';\n\n        if(!$) return;\n\n        $(function(){\n            if(window.appear) {\n                appear({\n                    elements: function(){\n                        return document.querySelectorAll('#vc-milenia-section-heading-0a12ed353a7f0758f03a11119ed36ac7-1778674419240793109');\n                    },\n                    appear: function(element) {\n                        var $el = $(element);\n                        $el.addClass('milenia-visible').addClass($el.data('animation'));\n                    },\n                    reappear: false,\n                    bounds: -200\n                });\n            }\n        });\n    })(window.jQuery);\n<\/script>\n<div id=\"vc-milenia-section-heading-0a12ed353a7f0758f03a11119ed36ac7-1778674419240793109\" class=\"milenia-section-heading text-center vc_custom_1770725085855 milenia-visible\" data-animation=\"none\">\n    \n    <h2 class=\"milenia-section-title milenia-font--first-accented\" style=\"font-size: 50px;line-height: 43px;text-transform: none;font-style: normal;font-weight: 400;\">Des avantages uniques<\/h2>\n\n    \n<\/div>\n<!--================ End of Section Heading ================-->\n[vc_empty_space height=&#8221;20px&#8221;]<!--================ Info Boxes ================-->\n<script>\n    (function($){\n        'use strict';\n\n        if(!$) return;\n\n        $(function(){\n            var $container = $('#vc-milenia-info-boxes-c4612e288be0238ed9a0aa4acbec2af7-1778674419562631809'),\n                $dynamicBgElements,\n                $carousels;\n\n            if(!$container.length) return;\n\n            if(window.appear) {\n                appear({\n                    elements: function(){\n                        return document.querySelectorAll('#vc-milenia-info-boxes-c4612e288be0238ed9a0aa4acbec2af7-1778674419562631809');\n                    },\n                    appear: function(element) {\n                        var $el = $(element);\n                        $el.addClass('milenia-visible').addClass($el.data('animation'));\n                    },\n                    reappear: false,\n                    bounds: -200\n                });\n            }\n\n            if(window.Milenia && window.Milenia.LinkUnderliner) {\n                window.Milenia.LinkUnderliner.init($container.find('a'));\n            }\n\n            if(window.Milenia && window.Milenia.helpers &&  window.Milenia.helpers.dynamicBgImage) {\n                $dynamicBgElements = $container.find('[data-bg-image-src]');\n                if($dynamicBgElements.length) window.Milenia.helpers.dynamicBgImage($dynamicBgElements);\n            }\n\n            if($.fn.owlCarousel) {\n                $carousels = $container.find('.milenia-simple-slideshow--shortcode');\n\n                if($carousels.length) {\n                    if(window.Milenia && window.Milenia.helpers && window.Milenia.helpers.owlSettings) {\n\n                        $carousels.jQueryImagesLoaded().then(function(){\n                                $carousels.each(function(i,e) {\n                                    $(e).owlCarousel(window.Milenia.helpers.owlSettings({\n                                        margin: 1,\n                                        loop: true,\n                                        autoplay: $(e).hasClass('milenia-simple-slideshow--autoplay')\n                                    }));\n                                });\n                        });\n\n                    }\n                    else {\n                        $carousels.owlCarousel({\n                            items: 1\n                        });\n                    }\n                }\n            }\n        });\n    })(window.jQuery);\n<\/script>\n\n<div id=\"vc-milenia-info-boxes-c4612e288be0238ed9a0aa4acbec2af7-1778674419562631809\" class=\"milenia-entities milenia-entities--style-2 milenia-entities--unreverse  milenia-entities--title-reduced milenia-visible\" data-animation=\"none\">\n    <div class=\"milenia-grid milenia-grid--cols-3 milenia-grid--gutters\">\n        <!--================ Info Boxes Item ================-->\n<div class=\"milenia-grid-item\">\n    <article class=\"milenia-entity milenia-entity--scheme-primary\">\n        <div data-bg-image-src=\"https:\/\/www.hotelpromenadeabruzzo.it\/wp-content\/uploads\/2018\/10\/hotel-montesilvano-pet-friendly.png\" style=\"background-image: url(https:\/\/www.hotelpromenadeabruzzo.it\/wp-content\/uploads\/2018\/10\/hotel-montesilvano-pet-friendly.png)\" class=\"milenia-entity-media\"><\/div>\n\n\n        <div class=\"milenia-entity-content milenia-aligner\">\n            <div class=\"milenia-aligner-outer\">\n                <div class=\"milenia-aligner-inner\">\n                    <header class=\"milenia-entity-header\">\n                        \n                        <h2 class=\"milenia-entity-title\">Dog Friendly<\/h2>\n\n                    <\/header>\n                    <div class=\"milenia-entity-body\"><p>Notre H\u00f4tel est joyeusement dog-friendly ! Vos amis \u00e0 quatre pattes trouveront un environnement accueillant et festif. Contactez-nous pour plus d'informations.<\/p>\n<\/div>\n\n                    \n                <\/div>\n            <\/div>\n        <\/div>\n    <\/article>\n<\/div>\n<!--================ End of Info Boxes Item ================-->\n\r\n<!--================ Info Boxes Item ================-->\n<div class=\"milenia-grid-item\">\n    <article class=\"milenia-entity milenia-entity--scheme-primary\">\n        <div data-bg-image-src=\"https:\/\/www.hotelpromenadeabruzzo.it\/wp-content\/uploads\/2018\/10\/cucina-hotel-promenade.png\" style=\"background-image: url(https:\/\/www.hotelpromenadeabruzzo.it\/wp-content\/uploads\/2018\/10\/cucina-hotel-promenade.png)\" class=\"milenia-entity-media\"><\/div>\n\n\n        <div class=\"milenia-entity-content milenia-aligner\">\n            <div class=\"milenia-aligner-outer\">\n                <div class=\"milenia-aligner-inner\">\n                    <header class=\"milenia-entity-header\">\n                        \n                        <h2 class=\"milenia-entity-title\">Excellente Restauration<\/h2>\n\n                    <\/header>\n                    <div class=\"milenia-entity-body\"><p>Chaque repas est un voyage dans la tradition culinaire des Abruzzes. D\u00e9gustez des plats authentiques, pr\u00e9par\u00e9s avec des ingr\u00e9dients frais et locaux, tandis que la mer vous offre une vue imprenable.<\/p>\n<\/div>\n\n                    \n                <\/div>\n            <\/div>\n        <\/div>\n    <\/article>\n<\/div>\n<!--================ End of Info Boxes Item ================-->\n\r\n<!--================ Info Boxes Item ================-->\n<div class=\"milenia-grid-item\">\n    <article class=\"milenia-entity milenia-entity--scheme-primary\">\n        <div data-bg-image-src=\"https:\/\/www.hotelpromenadeabruzzo.it\/wp-content\/uploads\/2018\/10\/abruzzo-da-scoprire.png\" style=\"background-image: url(https:\/\/www.hotelpromenadeabruzzo.it\/wp-content\/uploads\/2018\/10\/abruzzo-da-scoprire.png)\" class=\"milenia-entity-media\"><\/div>\n\n\n        <div class=\"milenia-entity-content milenia-aligner\">\n            <div class=\"milenia-aligner-outer\">\n                <div class=\"milenia-aligner-inner\">\n                    <header class=\"milenia-entity-header\">\n                        \n                        <h2 class=\"milenia-entity-title\">Un Territoire \u00e0 D\u00e9couvrir<\/h2>\n\n                    <\/header>\n                    <div class=\"milenia-entity-body\"><p>Les Abruzzes sont une terre de merveilles cach\u00e9es, o\u00f9 la nature pr\u00e9serv\u00e9e se m\u00eale \u00e0 l'histoire et \u00e0 la culture. Des montagnes majestueuses du Gran Sasso aux plages enchanteresses de l'Adriatique, chaque recoin de cette r\u00e9gion raconte une histoire de beaut\u00e9 et de tradition.<\/p>\n<\/div>\n\n                    \n                <\/div>\n            <\/div>\n        <\/div>\n    <\/article>\n<\/div>\n<!--================ End of Info Boxes Item ================-->\n\n    <\/div>\n<\/div>\n<!--================ End of Info Boxes ================-->\n[vc_empty_space height=&#8221;20px&#8221;][\/vc_column][\/vc_row][vc_row full_width=&#8221;stretch_row&#8221; full_height=&#8221;yes&#8221; equal_height=&#8221;yes&#8221; content_placement=&#8221;middle&#8221; css=&#8221;.vc_custom_1744617955521{background-color: #E6E6E6 !important;}&#8221;][vc_column]<!--================ Section Heading ================-->\n<script>\n    (function($){\n        'use strict';\n\n        if(!$) return;\n\n        $(function(){\n            if(window.appear) {\n                appear({\n                    elements: function(){\n                        return document.querySelectorAll('#vc-milenia-section-heading-d096e2e871ff13b312314dde1850d9b1-17786744191310556296');\n                    },\n                    appear: function(element) {\n                        var $el = $(element);\n                        $el.addClass('milenia-visible').addClass($el.data('animation'));\n                    },\n                    reappear: false,\n                    bounds: -200\n                });\n            }\n        });\n    })(window.jQuery);\n<\/script>\n<div id=\"vc-milenia-section-heading-d096e2e871ff13b312314dde1850d9b1-17786744191310556296\" class=\"milenia-section-heading text-center vc_custom_1744205494514 milenia-visible\" data-animation=\"none\">\n    \n    <h2 class=\"milenia-section-title milenia-font--first-accented\" style=\"font-size: 50px;line-height: 43px;text-transform: none;font-style: normal;font-weight: 400;\">Highlights<\/h2>\n\n    \n<\/div>\n<!--================ End of Section Heading ================-->\n[vc_empty_space height=&#8221;20px&#8221;][vc_masonry_media_grid css=&#8221;&#8221; grid_id=&#8221;vc_gid:1771259276008-c087136e-91ae-3&#8243; include=&#8221;13992,13528,13816,13916,13508,13876,13632,13884,13872,13868,13820&#8243;][\/vc_column][\/vc_row]<\/p>\n<\/div>","protected":false},"excerpt":{"rendered":"<p>[vc_row full_width=&#8221;stretch_row&#8221; content_placement=&#8221;middle&#8221; css=&#8221;.vc_custom_1744617851534{background-color: #E6E6E6 !important;}&#8221;][vc_column width=&#8221;1\/2&#8243; el_class=&#8221;milenia-color&#8211;black&#8221;][vc_custom_heading text=&#8221;BIENVENUE \u00c0 L&#8217;H\u00d4TEL PROMENADE ! PR\u00caTS \u00c0 \u00c9MERVEILLER?&#8221; font_container=&#8221;tag:div|font_size:18px|text_align:left|color:%2333879F|line_height:30px&#8221; google_fonts=&#8221;font_family:Open%20Sans%3A300%2C300italic%2Cregular%2Citalic%2C600%2C600italic%2C700%2C700italic%2C800%2C800italic|font_style:700%20bold%20regular%3A700%3Anormal&#8221;&#8230;<\/p>\n","protected":false},"author":2,"featured_media":0,"parent":0,"menu_order":0,"comment_status":"closed","ping_status":"closed","template":"","meta":{"footnotes":""},"class_list":["post-14634","page","type-page","status-publish","hentry"],"yoast_head":"<!-- This site is optimized with the Yoast SEO plugin v27.6 - https:\/\/yoast.com\/product\/yoast-seo-wordpress\/ -->\n<title>H\u00f4tel Pescara All Inclusive 4 \u00e9toiles sup\u00e9rieur Montesilvano<\/title>\n<meta name=\"description\" content=\"H\u00f4tel Pescara All Inclusive 4 \u00e9toiles: H\u00f4tel quatre \u00e9toiles sup\u00e9rieur situ\u00e9 \u00e0 Montesilvano, l&#039;une des plus belles c\u00f4tes de centres Abruzzes..\" \/>\n<meta name=\"robots\" content=\"index, follow, max-snippet:-1, max-image-preview:large, max-video-preview:-1\" \/>\n<link rel=\"canonical\" href=\"https:\/\/www.hotelpromenadeabruzzo.it\/fr\/hotel-pescara-all-inclusive-4-etoiles\/\" \/>\n<meta property=\"og:locale\" content=\"fr_FR\" \/>\n<meta property=\"og:type\" content=\"article\" \/>\n<meta property=\"og:title\" content=\"H\u00f4tel Pescara All Inclusive 4 \u00e9toiles sup\u00e9rieur Montesilvano\" \/>\n<meta property=\"og:description\" content=\"H\u00f4tel Pescara All Inclusive 4 \u00e9toiles: H\u00f4tel quatre \u00e9toiles sup\u00e9rieur situ\u00e9 \u00e0 Montesilvano, l&#039;une des plus belles c\u00f4tes de centres Abruzzes..\" \/>\n<meta property=\"og:url\" content=\"https:\/\/www.hotelpromenadeabruzzo.it\/fr\/hotel-pescara-all-inclusive-4-etoiles\/\" \/>\n<meta property=\"og:site_name\" content=\"Hotel Promenade\" \/>\n<meta property=\"article:publisher\" content=\"https:\/\/www.facebook.com\/HotelPromenadeAbruzzo\" \/>\n<meta property=\"article:modified_time\" content=\"2026-02-16T16:28:20+00:00\" \/>\n<meta name=\"twitter:card\" content=\"summary_large_image\" \/>\n<meta name=\"twitter:label1\" content=\"Dur\u00e9e de lecture estim\u00e9e\" \/>\n\t<meta name=\"twitter:data1\" content=\"4 minutes\" \/>\n<script type=\"application\/ld+json\" class=\"yoast-schema-graph\">{\"@context\":\"https:\\\/\\\/schema.org\",\"@graph\":[{\"@type\":\"WebPage\",\"@id\":\"https:\\\/\\\/www.hotelpromenadeabruzzo.it\\\/fr\\\/hotel-pescara-all-inclusive-4-etoiles\\\/\",\"url\":\"https:\\\/\\\/www.hotelpromenadeabruzzo.it\\\/fr\\\/hotel-pescara-all-inclusive-4-etoiles\\\/\",\"name\":\"H\u00f4tel Pescara All Inclusive 4 \u00e9toiles sup\u00e9rieur Montesilvano\",\"isPartOf\":{\"@id\":\"https:\\\/\\\/www.hotelpromenadeabruzzo.it\\\/fr\\\/#website\"},\"datePublished\":\"2025-03-11T12:11:24+00:00\",\"dateModified\":\"2026-02-16T16:28:20+00:00\",\"description\":\"H\u00f4tel Pescara All Inclusive 4 \u00e9toiles: H\u00f4tel quatre \u00e9toiles sup\u00e9rieur situ\u00e9 \u00e0 Montesilvano, l'une des plus belles c\u00f4tes de centres Abruzzes..\",\"breadcrumb\":{\"@id\":\"https:\\\/\\\/www.hotelpromenadeabruzzo.it\\\/fr\\\/hotel-pescara-all-inclusive-4-etoiles\\\/#breadcrumb\"},\"inLanguage\":\"fr-FR\",\"potentialAction\":[{\"@type\":\"ReadAction\",\"target\":[\"https:\\\/\\\/www.hotelpromenadeabruzzo.it\\\/fr\\\/hotel-pescara-all-inclusive-4-etoiles\\\/\"]}]},{\"@type\":\"BreadcrumbList\",\"@id\":\"https:\\\/\\\/www.hotelpromenadeabruzzo.it\\\/fr\\\/hotel-pescara-all-inclusive-4-etoiles\\\/#breadcrumb\",\"itemListElement\":[{\"@type\":\"ListItem\",\"position\":1,\"name\":\"Home\",\"item\":\"https:\\\/\\\/www.hotelpromenadeabruzzo.it\\\/fr\\\/\"},{\"@type\":\"ListItem\",\"position\":2,\"name\":\"H\u00f4tel\"}]},{\"@type\":\"WebSite\",\"@id\":\"https:\\\/\\\/www.hotelpromenadeabruzzo.it\\\/fr\\\/#website\",\"url\":\"https:\\\/\\\/www.hotelpromenadeabruzzo.it\\\/fr\\\/\",\"name\":\"Hotel Promenade\",\"description\":\"La Tua Vacanza in Abruzzo\",\"publisher\":{\"@id\":\"https:\\\/\\\/www.hotelpromenadeabruzzo.it\\\/fr\\\/#organization\"},\"potentialAction\":[{\"@type\":\"SearchAction\",\"target\":{\"@type\":\"EntryPoint\",\"urlTemplate\":\"https:\\\/\\\/www.hotelpromenadeabruzzo.it\\\/fr\\\/?s={search_term_string}\"},\"query-input\":{\"@type\":\"PropertyValueSpecification\",\"valueRequired\":true,\"valueName\":\"search_term_string\"}}],\"inLanguage\":\"fr-FR\"},{\"@type\":\"Organization\",\"@id\":\"https:\\\/\\\/www.hotelpromenadeabruzzo.it\\\/fr\\\/#organization\",\"name\":\"Hotel Promenade\",\"url\":\"https:\\\/\\\/www.hotelpromenadeabruzzo.it\\\/fr\\\/\",\"logo\":{\"@type\":\"ImageObject\",\"inLanguage\":\"fr-FR\",\"@id\":\"https:\\\/\\\/www.hotelpromenadeabruzzo.it\\\/fr\\\/#\\\/schema\\\/logo\\\/image\\\/\",\"url\":\"https:\\\/\\\/www.hotelpromenadeabruzzo.it\\\/wp-content\\\/uploads\\\/2018\\\/10\\\/hotelpromenade-logo-4.png\",\"contentUrl\":\"https:\\\/\\\/www.hotelpromenadeabruzzo.it\\\/wp-content\\\/uploads\\\/2018\\\/10\\\/hotelpromenade-logo-4.png\",\"width\":700,\"height\":664,\"caption\":\"Hotel Promenade\"},\"image\":{\"@id\":\"https:\\\/\\\/www.hotelpromenadeabruzzo.it\\\/fr\\\/#\\\/schema\\\/logo\\\/image\\\/\"},\"sameAs\":[\"https:\\\/\\\/www.facebook.com\\\/HotelPromenadeAbruzzo\",\"https:\\\/\\\/www.instagram.com\\\/hotelpromenademontesilvano\\\/\"]}]}<\/script>\n<!-- \/ Yoast SEO plugin. -->","yoast_head_json":{"title":"H\u00f4tel Pescara All Inclusive 4 \u00e9toiles sup\u00e9rieur Montesilvano","description":"H\u00f4tel Pescara All Inclusive 4 \u00e9toiles: H\u00f4tel quatre \u00e9toiles sup\u00e9rieur situ\u00e9 \u00e0 Montesilvano, l'une des plus belles c\u00f4tes de centres Abruzzes..","robots":{"index":"index","follow":"follow","max-snippet":"max-snippet:-1","max-image-preview":"max-image-preview:large","max-video-preview":"max-video-preview:-1"},"canonical":"https:\/\/www.hotelpromenadeabruzzo.it\/fr\/hotel-pescara-all-inclusive-4-etoiles\/","og_locale":"fr_FR","og_type":"article","og_title":"H\u00f4tel Pescara All Inclusive 4 \u00e9toiles sup\u00e9rieur Montesilvano","og_description":"H\u00f4tel Pescara All Inclusive 4 \u00e9toiles: H\u00f4tel quatre \u00e9toiles sup\u00e9rieur situ\u00e9 \u00e0 Montesilvano, l'une des plus belles c\u00f4tes de centres Abruzzes..","og_url":"https:\/\/www.hotelpromenadeabruzzo.it\/fr\/hotel-pescara-all-inclusive-4-etoiles\/","og_site_name":"Hotel Promenade","article_publisher":"https:\/\/www.facebook.com\/HotelPromenadeAbruzzo","article_modified_time":"2026-02-16T16:28:20+00:00","twitter_card":"summary_large_image","twitter_misc":{"Dur\u00e9e de lecture estim\u00e9e":"4 minutes"},"schema":{"@context":"https:\/\/schema.org","@graph":[{"@type":"WebPage","@id":"https:\/\/www.hotelpromenadeabruzzo.it\/fr\/hotel-pescara-all-inclusive-4-etoiles\/","url":"https:\/\/www.hotelpromenadeabruzzo.it\/fr\/hotel-pescara-all-inclusive-4-etoiles\/","name":"H\u00f4tel Pescara All Inclusive 4 \u00e9toiles sup\u00e9rieur Montesilvano","isPartOf":{"@id":"https:\/\/www.hotelpromenadeabruzzo.it\/fr\/#website"},"datePublished":"2025-03-11T12:11:24+00:00","dateModified":"2026-02-16T16:28:20+00:00","description":"H\u00f4tel Pescara All Inclusive 4 \u00e9toiles: H\u00f4tel quatre \u00e9toiles sup\u00e9rieur situ\u00e9 \u00e0 Montesilvano, l'une des plus belles c\u00f4tes de centres Abruzzes..","breadcrumb":{"@id":"https:\/\/www.hotelpromenadeabruzzo.it\/fr\/hotel-pescara-all-inclusive-4-etoiles\/#breadcrumb"},"inLanguage":"fr-FR","potentialAction":[{"@type":"ReadAction","target":["https:\/\/www.hotelpromenadeabruzzo.it\/fr\/hotel-pescara-all-inclusive-4-etoiles\/"]}]},{"@type":"BreadcrumbList","@id":"https:\/\/www.hotelpromenadeabruzzo.it\/fr\/hotel-pescara-all-inclusive-4-etoiles\/#breadcrumb","itemListElement":[{"@type":"ListItem","position":1,"name":"Home","item":"https:\/\/www.hotelpromenadeabruzzo.it\/fr\/"},{"@type":"ListItem","position":2,"name":"H\u00f4tel"}]},{"@type":"WebSite","@id":"https:\/\/www.hotelpromenadeabruzzo.it\/fr\/#website","url":"https:\/\/www.hotelpromenadeabruzzo.it\/fr\/","name":"Hotel Promenade","description":"La Tua Vacanza in Abruzzo","publisher":{"@id":"https:\/\/www.hotelpromenadeabruzzo.it\/fr\/#organization"},"potentialAction":[{"@type":"SearchAction","target":{"@type":"EntryPoint","urlTemplate":"https:\/\/www.hotelpromenadeabruzzo.it\/fr\/?s={search_term_string}"},"query-input":{"@type":"PropertyValueSpecification","valueRequired":true,"valueName":"search_term_string"}}],"inLanguage":"fr-FR"},{"@type":"Organization","@id":"https:\/\/www.hotelpromenadeabruzzo.it\/fr\/#organization","name":"Hotel Promenade","url":"https:\/\/www.hotelpromenadeabruzzo.it\/fr\/","logo":{"@type":"ImageObject","inLanguage":"fr-FR","@id":"https:\/\/www.hotelpromenadeabruzzo.it\/fr\/#\/schema\/logo\/image\/","url":"https:\/\/www.hotelpromenadeabruzzo.it\/wp-content\/uploads\/2018\/10\/hotelpromenade-logo-4.png","contentUrl":"https:\/\/www.hotelpromenadeabruzzo.it\/wp-content\/uploads\/2018\/10\/hotelpromenade-logo-4.png","width":700,"height":664,"caption":"Hotel Promenade"},"image":{"@id":"https:\/\/www.hotelpromenadeabruzzo.it\/fr\/#\/schema\/logo\/image\/"},"sameAs":["https:\/\/www.facebook.com\/HotelPromenadeAbruzzo","https:\/\/www.instagram.com\/hotelpromenademontesilvano\/"]}]}},"_links":{"self":[{"href":"https:\/\/www.hotelpromenadeabruzzo.it\/fr\/wp-json\/wp\/v2\/pages\/14634","targetHints":{"allow":["GET"]}}],"collection":[{"href":"https:\/\/www.hotelpromenadeabruzzo.it\/fr\/wp-json\/wp\/v2\/pages"}],"about":[{"href":"https:\/\/www.hotelpromenadeabruzzo.it\/fr\/wp-json\/wp\/v2\/types\/page"}],"author":[{"embeddable":true,"href":"https:\/\/www.hotelpromenadeabruzzo.it\/fr\/wp-json\/wp\/v2\/users\/2"}],"replies":[{"embeddable":true,"href":"https:\/\/www.hotelpromenadeabruzzo.it\/fr\/wp-json\/wp\/v2\/comments?post=14634"}],"version-history":[{"count":5,"href":"https:\/\/www.hotelpromenadeabruzzo.it\/fr\/wp-json\/wp\/v2\/pages\/14634\/revisions"}],"predecessor-version":[{"id":15326,"href":"https:\/\/www.hotelpromenadeabruzzo.it\/fr\/wp-json\/wp\/v2\/pages\/14634\/revisions\/15326"}],"wp:attachment":[{"href":"https:\/\/www.hotelpromenadeabruzzo.it\/fr\/wp-json\/wp\/v2\/media?parent=14634"}],"curies":[{"name":"wp","href":"https:\/\/api.w.org\/{rel}","templated":true}]}}