{"id":14630,"date":"2025-04-07T11:49:13","date_gmt":"2025-04-07T11:49:13","guid":{"rendered":"https:\/\/www.hotelpromenadeabruzzo.it\/galleria-fotografica-hotel-promenade-4-stelle-montesilvano-abruzzo\/"},"modified":"2026-02-16T11:31:30","modified_gmt":"2026-02-16T11:31:30","slug":"photo-galerie-hotel-promenade-4-etoiles-montesilvano-abruzzo","status":"publish","type":"page","link":"https:\/\/www.hotelpromenadeabruzzo.it\/fr\/photo-galerie-hotel-promenade-4-etoiles-montesilvano-abruzzo\/","title":{"rendered":"Gallery"},"content":{"rendered":"<div class=\"wpb-content-wrapper\"><p>[vc_row full_width=&#8221;stretch_row&#8221; content_placement=&#8221;middle&#8221; css=&#8221;.vc_custom_1538744986156{margin-bottom: 30px !important;background-color: #f8f8f8 !important;}&#8221;][vc_column el_class=&#8221;milenia-color&#8211;black&#8221;]<!--================ Section Heading ================-->\n<script>\n    (function($){\n        'use strict';\n\n        if(!$) return;\n\n        $(function(){\n            if(window.appear) {\n                appear({\n                    elements: function(){\n                        return document.querySelectorAll('#vc-milenia-section-heading-783f77374a103671f7f848cf39e2cd0f-17786748691719614435');\n                    },\n                    appear: function(element) {\n                        var $el = $(element);\n                        $el.addClass('milenia-visible').addClass($el.data('animation'));\n                    },\n                    reappear: false,\n                    bounds: -200\n                });\n            }\n        });\n    })(window.jQuery);\n<\/script>\n<div id=\"vc-milenia-section-heading-783f77374a103671f7f848cf39e2cd0f-17786748691719614435\" class=\"milenia-section-heading text-left vc_custom_1744032689745 milenia-visible\" data-animation=\"none\">\n    \n    <h2 class=\"milenia-section-title milenia-font--first-accented\" style=\"font-size: 50px;line-height: 43px;text-transform: none;font-style: normal;font-weight: 400;\">Gallery<\/h2>\n\n    \n<\/div>\n<!--================ End of Section Heading ================-->\n[vc_column_text css=&#8221;&#8221;]<\/p>\n<p style=\"text-align: center;\">D\u00e9couvrez l&#8217;<strong>H\u00f4tel Promenade Montesilvano<\/strong> \u00e0 travers une s\u00e9lection d&#8217;images qui capturent la beaut\u00e9 et l&#8217;\u00e9l\u00e9gance de nos installations. Des chambres confortables aux espaces communs raffin\u00e9s, chaque photo raconte notre engagement \u00e0 vous offrir un s\u00e9jour inoubliable. Impr\u00e9gnez-vous de notre atmosph\u00e8re unique et laissez-vous inspirer pour vos prochaines vacances.<\/p>\n<p>[\/vc_column_text][\/vc_column][\/vc_row][vc_row][vc_column][vc_masonry_media_grid css=&#8221;&#8221; grid_id=&#8221;vc_gid:1770724224650-eaa501dd-c6ef-7&#8243; include=&#8221;14104,14096,14068,14028,14040,14048,14004,13992,13988,13932,13928,13888,13872,13876,13800,13820,13692,13660,13624,13632,13588,13644,13600,13536,13512,13480,13428,13468,13520,13524,13540,13572,13532&#8243;][\/vc_column][\/vc_row]<\/p>\n<\/div>","protected":false},"excerpt":{"rendered":"<p>[vc_row full_width=&#8221;stretch_row&#8221; content_placement=&#8221;middle&#8221; css=&#8221;.vc_custom_1538744986156{margin-bottom: 30px !important;background-color: #f8f8f8 !important;}&#8221;][vc_column el_class=&#8221;milenia-color&#8211;black&#8221;][vc_column_text css=&#8221;&#8221;] D\u00e9couvrez l&#8217;H\u00f4tel Promenade Montesilvano \u00e0 travers une s\u00e9lection&#8230;<\/p>\n","protected":false},"author":2,"featured_media":0,"parent":0,"menu_order":0,"comment_status":"closed","ping_status":"closed","template":"","meta":{"footnotes":""},"class_list":["post-14630","page","type-page","status-publish","hentry"],"yoast_head":"<!-- This site is optimized with the Yoast SEO plugin v27.6 - https:\/\/yoast.com\/product\/yoast-seo-wordpress\/ -->\n<title>Galerie Photos Hotel Promenade 4 \u00e9toiles Montesilvano Abruzzo<\/title>\n<meta name=\"description\" content=\"Galerie Photos Hotel Promenade 4 \u00e9toiles Montesilvano Abruzzo\" \/>\n<meta name=\"robots\" content=\"index, follow, max-snippet:-1, max-image-preview:large, max-video-preview:-1\" \/>\n<link rel=\"canonical\" href=\"https:\/\/www.hotelpromenadeabruzzo.it\/fr\/photo-galerie-hotel-promenade-4-etoiles-montesilvano-abruzzo\/\" \/>\n<meta property=\"og:locale\" content=\"fr_FR\" \/>\n<meta property=\"og:type\" content=\"article\" \/>\n<meta property=\"og:title\" content=\"Galerie Photos Hotel Promenade 4 \u00e9toiles Montesilvano Abruzzo\" \/>\n<meta property=\"og:description\" content=\"Galerie Photos Hotel Promenade 4 \u00e9toiles Montesilvano Abruzzo\" \/>\n<meta property=\"og:url\" content=\"https:\/\/www.hotelpromenadeabruzzo.it\/fr\/photo-galerie-hotel-promenade-4-etoiles-montesilvano-abruzzo\/\" \/>\n<meta property=\"og:site_name\" content=\"Hotel Promenade\" \/>\n<meta property=\"article:publisher\" content=\"https:\/\/www.facebook.com\/HotelPromenadeAbruzzo\" \/>\n<meta property=\"article:modified_time\" content=\"2026-02-16T11:31:30+00:00\" \/>\n<meta name=\"twitter:card\" content=\"summary_large_image\" \/>\n<meta name=\"twitter:label1\" content=\"Dur\u00e9e de lecture estim\u00e9e\" \/>\n\t<meta name=\"twitter:data1\" content=\"1 minute\" \/>\n<script type=\"application\/ld+json\" class=\"yoast-schema-graph\">{\"@context\":\"https:\\\/\\\/schema.org\",\"@graph\":[{\"@type\":\"WebPage\",\"@id\":\"https:\\\/\\\/www.hotelpromenadeabruzzo.it\\\/fr\\\/photo-galerie-hotel-promenade-4-etoiles-montesilvano-abruzzo\\\/\",\"url\":\"https:\\\/\\\/www.hotelpromenadeabruzzo.it\\\/fr\\\/photo-galerie-hotel-promenade-4-etoiles-montesilvano-abruzzo\\\/\",\"name\":\"Galerie Photos Hotel Promenade 4 \u00e9toiles Montesilvano Abruzzo\",\"isPartOf\":{\"@id\":\"https:\\\/\\\/www.hotelpromenadeabruzzo.it\\\/fr\\\/#website\"},\"datePublished\":\"2025-04-07T11:49:13+00:00\",\"dateModified\":\"2026-02-16T11:31:30+00:00\",\"description\":\"Galerie Photos Hotel Promenade 4 \u00e9toiles Montesilvano Abruzzo\",\"breadcrumb\":{\"@id\":\"https:\\\/\\\/www.hotelpromenadeabruzzo.it\\\/fr\\\/photo-galerie-hotel-promenade-4-etoiles-montesilvano-abruzzo\\\/#breadcrumb\"},\"inLanguage\":\"fr-FR\",\"potentialAction\":[{\"@type\":\"ReadAction\",\"target\":[\"https:\\\/\\\/www.hotelpromenadeabruzzo.it\\\/fr\\\/photo-galerie-hotel-promenade-4-etoiles-montesilvano-abruzzo\\\/\"]}]},{\"@type\":\"BreadcrumbList\",\"@id\":\"https:\\\/\\\/www.hotelpromenadeabruzzo.it\\\/fr\\\/photo-galerie-hotel-promenade-4-etoiles-montesilvano-abruzzo\\\/#breadcrumb\",\"itemListElement\":[{\"@type\":\"ListItem\",\"position\":1,\"name\":\"Home\",\"item\":\"https:\\\/\\\/www.hotelpromenadeabruzzo.it\\\/fr\\\/\"},{\"@type\":\"ListItem\",\"position\":2,\"name\":\"Gallery\"}]},{\"@type\":\"WebSite\",\"@id\":\"https:\\\/\\\/www.hotelpromenadeabruzzo.it\\\/fr\\\/#website\",\"url\":\"https:\\\/\\\/www.hotelpromenadeabruzzo.it\\\/fr\\\/\",\"name\":\"Hotel Promenade\",\"description\":\"La Tua Vacanza in Abruzzo\",\"publisher\":{\"@id\":\"https:\\\/\\\/www.hotelpromenadeabruzzo.it\\\/fr\\\/#organization\"},\"potentialAction\":[{\"@type\":\"SearchAction\",\"target\":{\"@type\":\"EntryPoint\",\"urlTemplate\":\"https:\\\/\\\/www.hotelpromenadeabruzzo.it\\\/fr\\\/?s={search_term_string}\"},\"query-input\":{\"@type\":\"PropertyValueSpecification\",\"valueRequired\":true,\"valueName\":\"search_term_string\"}}],\"inLanguage\":\"fr-FR\"},{\"@type\":\"Organization\",\"@id\":\"https:\\\/\\\/www.hotelpromenadeabruzzo.it\\\/fr\\\/#organization\",\"name\":\"Hotel Promenade\",\"url\":\"https:\\\/\\\/www.hotelpromenadeabruzzo.it\\\/fr\\\/\",\"logo\":{\"@type\":\"ImageObject\",\"inLanguage\":\"fr-FR\",\"@id\":\"https:\\\/\\\/www.hotelpromenadeabruzzo.it\\\/fr\\\/#\\\/schema\\\/logo\\\/image\\\/\",\"url\":\"https:\\\/\\\/www.hotelpromenadeabruzzo.it\\\/wp-content\\\/uploads\\\/2018\\\/10\\\/hotelpromenade-logo-4.png\",\"contentUrl\":\"https:\\\/\\\/www.hotelpromenadeabruzzo.it\\\/wp-content\\\/uploads\\\/2018\\\/10\\\/hotelpromenade-logo-4.png\",\"width\":700,\"height\":664,\"caption\":\"Hotel Promenade\"},\"image\":{\"@id\":\"https:\\\/\\\/www.hotelpromenadeabruzzo.it\\\/fr\\\/#\\\/schema\\\/logo\\\/image\\\/\"},\"sameAs\":[\"https:\\\/\\\/www.facebook.com\\\/HotelPromenadeAbruzzo\",\"https:\\\/\\\/www.instagram.com\\\/hotelpromenademontesilvano\\\/\"]}]}<\/script>\n<!-- \/ Yoast SEO plugin. -->","yoast_head_json":{"title":"Galerie Photos Hotel Promenade 4 \u00e9toiles Montesilvano Abruzzo","description":"Galerie Photos Hotel Promenade 4 \u00e9toiles Montesilvano Abruzzo","robots":{"index":"index","follow":"follow","max-snippet":"max-snippet:-1","max-image-preview":"max-image-preview:large","max-video-preview":"max-video-preview:-1"},"canonical":"https:\/\/www.hotelpromenadeabruzzo.it\/fr\/photo-galerie-hotel-promenade-4-etoiles-montesilvano-abruzzo\/","og_locale":"fr_FR","og_type":"article","og_title":"Galerie Photos Hotel Promenade 4 \u00e9toiles Montesilvano Abruzzo","og_description":"Galerie Photos Hotel Promenade 4 \u00e9toiles Montesilvano Abruzzo","og_url":"https:\/\/www.hotelpromenadeabruzzo.it\/fr\/photo-galerie-hotel-promenade-4-etoiles-montesilvano-abruzzo\/","og_site_name":"Hotel Promenade","article_publisher":"https:\/\/www.facebook.com\/HotelPromenadeAbruzzo","article_modified_time":"2026-02-16T11:31:30+00:00","twitter_card":"summary_large_image","twitter_misc":{"Dur\u00e9e de lecture estim\u00e9e":"1 minute"},"schema":{"@context":"https:\/\/schema.org","@graph":[{"@type":"WebPage","@id":"https:\/\/www.hotelpromenadeabruzzo.it\/fr\/photo-galerie-hotel-promenade-4-etoiles-montesilvano-abruzzo\/","url":"https:\/\/www.hotelpromenadeabruzzo.it\/fr\/photo-galerie-hotel-promenade-4-etoiles-montesilvano-abruzzo\/","name":"Galerie Photos Hotel Promenade 4 \u00e9toiles Montesilvano Abruzzo","isPartOf":{"@id":"https:\/\/www.hotelpromenadeabruzzo.it\/fr\/#website"},"datePublished":"2025-04-07T11:49:13+00:00","dateModified":"2026-02-16T11:31:30+00:00","description":"Galerie Photos Hotel Promenade 4 \u00e9toiles Montesilvano Abruzzo","breadcrumb":{"@id":"https:\/\/www.hotelpromenadeabruzzo.it\/fr\/photo-galerie-hotel-promenade-4-etoiles-montesilvano-abruzzo\/#breadcrumb"},"inLanguage":"fr-FR","potentialAction":[{"@type":"ReadAction","target":["https:\/\/www.hotelpromenadeabruzzo.it\/fr\/photo-galerie-hotel-promenade-4-etoiles-montesilvano-abruzzo\/"]}]},{"@type":"BreadcrumbList","@id":"https:\/\/www.hotelpromenadeabruzzo.it\/fr\/photo-galerie-hotel-promenade-4-etoiles-montesilvano-abruzzo\/#breadcrumb","itemListElement":[{"@type":"ListItem","position":1,"name":"Home","item":"https:\/\/www.hotelpromenadeabruzzo.it\/fr\/"},{"@type":"ListItem","position":2,"name":"Gallery"}]},{"@type":"WebSite","@id":"https:\/\/www.hotelpromenadeabruzzo.it\/fr\/#website","url":"https:\/\/www.hotelpromenadeabruzzo.it\/fr\/","name":"Hotel Promenade","description":"La Tua Vacanza in Abruzzo","publisher":{"@id":"https:\/\/www.hotelpromenadeabruzzo.it\/fr\/#organization"},"potentialAction":[{"@type":"SearchAction","target":{"@type":"EntryPoint","urlTemplate":"https:\/\/www.hotelpromenadeabruzzo.it\/fr\/?s={search_term_string}"},"query-input":{"@type":"PropertyValueSpecification","valueRequired":true,"valueName":"search_term_string"}}],"inLanguage":"fr-FR"},{"@type":"Organization","@id":"https:\/\/www.hotelpromenadeabruzzo.it\/fr\/#organization","name":"Hotel Promenade","url":"https:\/\/www.hotelpromenadeabruzzo.it\/fr\/","logo":{"@type":"ImageObject","inLanguage":"fr-FR","@id":"https:\/\/www.hotelpromenadeabruzzo.it\/fr\/#\/schema\/logo\/image\/","url":"https:\/\/www.hotelpromenadeabruzzo.it\/wp-content\/uploads\/2018\/10\/hotelpromenade-logo-4.png","contentUrl":"https:\/\/www.hotelpromenadeabruzzo.it\/wp-content\/uploads\/2018\/10\/hotelpromenade-logo-4.png","width":700,"height":664,"caption":"Hotel Promenade"},"image":{"@id":"https:\/\/www.hotelpromenadeabruzzo.it\/fr\/#\/schema\/logo\/image\/"},"sameAs":["https:\/\/www.facebook.com\/HotelPromenadeAbruzzo","https:\/\/www.instagram.com\/hotelpromenademontesilvano\/"]}]}},"_links":{"self":[{"href":"https:\/\/www.hotelpromenadeabruzzo.it\/fr\/wp-json\/wp\/v2\/pages\/14630","targetHints":{"allow":["GET"]}}],"collection":[{"href":"https:\/\/www.hotelpromenadeabruzzo.it\/fr\/wp-json\/wp\/v2\/pages"}],"about":[{"href":"https:\/\/www.hotelpromenadeabruzzo.it\/fr\/wp-json\/wp\/v2\/types\/page"}],"author":[{"embeddable":true,"href":"https:\/\/www.hotelpromenadeabruzzo.it\/fr\/wp-json\/wp\/v2\/users\/2"}],"replies":[{"embeddable":true,"href":"https:\/\/www.hotelpromenadeabruzzo.it\/fr\/wp-json\/wp\/v2\/comments?post=14630"}],"version-history":[{"count":5,"href":"https:\/\/www.hotelpromenadeabruzzo.it\/fr\/wp-json\/wp\/v2\/pages\/14630\/revisions"}],"predecessor-version":[{"id":15014,"href":"https:\/\/www.hotelpromenadeabruzzo.it\/fr\/wp-json\/wp\/v2\/pages\/14630\/revisions\/15014"}],"wp:attachment":[{"href":"https:\/\/www.hotelpromenadeabruzzo.it\/fr\/wp-json\/wp\/v2\/media?parent=14630"}],"curies":[{"name":"wp","href":"https:\/\/api.w.org\/{rel}","templated":true}]}}