{"id":14619,"date":"2025-04-07T12:00:34","date_gmt":"2025-04-07T12:00:34","guid":{"rendered":"https:\/\/www.hotelpromenadeabruzzo.it\/abruzzo-hotel-4-stelle-sul-mare\/"},"modified":"2026-02-19T08:32:59","modified_gmt":"2026-02-19T08:32:59","slug":"abruzzo-hotel-4-etoiles-sur-la-mer-avec-parking","status":"publish","type":"page","link":"https:\/\/www.hotelpromenadeabruzzo.it\/fr\/abruzzo-hotel-4-etoiles-sur-la-mer-avec-parking\/","title":{"rendered":"Contacts"},"content":{"rendered":"<div class=\"wpb-content-wrapper\"><p>[vc_row full_width=&#8221;stretch_row_content_no_spaces&#8221; css=&#8221;.vc_custom_1744621592618{margin-top: 0px !important;margin-right: 0px !important;margin-bottom: 0px !important;margin-left: 0px !important;padding-top: 0px !important;padding-right: 0px !important;padding-bottom: 0px !important;padding-left: 0px !important;}&#8221;][vc_column][vc_goo_maps location=&#8221;hotel promenade montesilvano&#8221; height=&#8221;500px&#8221; zoom=&#8221;17&#8243; css=&#8221;&#8221;][\/vc_column][\/vc_row][vc_row full_width=&#8221;stretch_row&#8221; content_placement=&#8221;middle&#8221; css=&#8221;.vc_custom_1744621908148{margin-top: 0px !important;margin-bottom: 0px !important;padding-top: 0px !important;padding-bottom: 0px !important;}&#8221;][vc_column el_class=&#8221;milenia-color&#8211;black&#8221; css=&#8221;.vc_custom_1744621895539{margin-top: 0px !important;margin-bottom: 0px !important;padding-top: 0px !important;padding-bottom: 0px !important;}&#8221;][vc_empty_space height=&#8221;50px&#8221;]<!--================ Icon Boxes ================-->\n<script>\n    (function($){\n        'use strict';\n\n        if(!$) return;\n\n        $(function(){\n            var $container = $('#vc-milenia-info-boxes-e1321dcc87357cdf407761ea3271aa67-177867418031872658');\n\n            if(!$container.length) return;\n\n            if(window.appear) {\n                appear({\n                    elements: function(){\n                        return document.querySelectorAll('#vc-milenia-info-boxes-e1321dcc87357cdf407761ea3271aa67-177867418031872658');\n                    },\n                    appear: function(element) {\n                        var $el = $(element);\n                        $el.addClass('milenia-visible').addClass($el.data('animation'));\n                    },\n                    reappear: false,\n                    bounds: -200\n                });\n            }\n\n            if(window.Milenia && window.Milenia.LinkUnderliner) {\n                window.Milenia.LinkUnderliner.init($container.find('a'));\n            }\n        });\n    })(window.jQuery);\n<\/script>\n\n<div id=\"vc-milenia-info-boxes-e1321dcc87357cdf407761ea3271aa67-177867418031872658\" class=\"milenia-icon-boxes milenia-icon-boxes--style-3 milenia-visible\" data-animation=\"none\">\n    <div class=\"milenia-grid milenia-grid--cols-4\">\n        <!--================ Icon Box ================-->\n<div class=\"milenia-grid-item\">\n    <article class=\"milenia-icon-box milenia-aligner\" style=\"color: #858585;\">\n        <div class=\"milenia-aligner-outer\">\n            <div class=\"milenia-aligner-inner\">\n                <span class=\"milenia-icon-box-icon milenia-font-icon-location\"><\/span>\n\n                <div class=\"milenia-icon-box-content\">\n                    <h2 class=\"milenia-icon-box-title\" style=\"color: #1c1c1c;\">Adresse<\/h2>\n                    <p>Via A. Moro, 63<br \/>\n65015 Montesilvano (PE)<\/p>\n\n                <\/div>\n            <\/div>\n        <\/div>\n\n        \n    <\/article>\n<\/div>\n<!--================ Icon Box ================-->\n\r\n<!--================ Icon Box ================-->\n<div class=\"milenia-grid-item\">\n    <article class=\"milenia-icon-box milenia-aligner\" style=\"color: #858585;\">\n        <div class=\"milenia-aligner-outer\">\n            <div class=\"milenia-aligner-inner\">\n                <span class=\"milenia-icon-box-icon milenia-font-icon-phone\"><\/span>\n\n                <div class=\"milenia-icon-box-content\">\n                    <h2 class=\"milenia-icon-box-title\" style=\"color: #33879E;\">Contacts<\/h2>\n                    <p>Tel. 085 4452221<br \/>\nMobile: +39 335 770 3461\ufeff<\/p>\n\n                <\/div>\n            <\/div>\n        <\/div>\n\n        \n    <\/article>\n<\/div>\n<!--================ Icon Box ================-->\n\r\n<!--================ Icon Box ================-->\n<div class=\"milenia-grid-item\">\n    <article class=\"milenia-icon-box milenia-aligner\" style=\"color: #858585;\">\n        <div class=\"milenia-aligner-outer\">\n            <div class=\"milenia-aligner-inner\">\n                <span class=\"milenia-icon-box-icon milenia-font-icon-cards\"><\/span>\n\n                <div class=\"milenia-icon-box-content\">\n                    <h2 class=\"milenia-icon-box-title\" style=\"color: #1c1c1c;\">Mail<\/h2>\n                    <p>info@hotelpromenadeabruzzo.it<\/p>\n\n                <\/div>\n            <\/div>\n        <\/div>\n\n        \n    <\/article>\n<\/div>\n<!--================ Icon Box ================-->\n\r\n<!--================ Icon Box ================-->\n<div class=\"milenia-grid-item\">\n    <article class=\"milenia-icon-box milenia-aligner\" style=\"color: #858585;\">\n        <div class=\"milenia-aligner-outer\">\n            <div class=\"milenia-aligner-inner\">\n                <span class=\"milenia-icon-box-icon milenia-font-icon-paper-pencil\"><\/span>\n\n                <div class=\"milenia-icon-box-content\">\n                    <h2 class=\"milenia-icon-box-title\" style=\"color: #1c1c1c;\"><a href=\"https:\/\/www.hotelpromenadeabruzzo.it\/fr\/demander-un-devis\/\" title=\"Demander un devis\" target=\"_blank\">Demander un devis<\/a><\/h2>\n                    \n                <\/div>\n            <\/div>\n        <\/div>\n\n        \n    <\/article>\n<\/div>\n<!--================ Icon Box ================-->\n\n    <\/div>\n<\/div>\n<!--================ Icon Boxes ================-->\n[vc_empty_space height=&#8221;50px&#8221;][\/vc_column][\/vc_row][vc_row full_width=&#8221;stretch_row&#8221; content_placement=&#8221;middle&#8221; css=&#8221;.vc_custom_1744621828572{margin-bottom: 30px !important;background-color: #E6E6E6 !important;}&#8221;][vc_column el_class=&#8221;milenia-color&#8211;black&#8221;]<!--================ Section Heading ================-->\n<script>\n    (function($){\n        'use strict';\n\n        if(!$) return;\n\n        $(function(){\n            if(window.appear) {\n                appear({\n                    elements: function(){\n                        return document.querySelectorAll('#vc-milenia-section-heading-8b92bf826222bd8ce49450b22ee6413c-17786741801987131506');\n                    },\n                    appear: function(element) {\n                        var $el = $(element);\n                        $el.addClass('milenia-visible').addClass($el.data('animation'));\n                    },\n                    reappear: false,\n                    bounds: -200\n                });\n            }\n        });\n    })(window.jQuery);\n<\/script>\n<div id=\"vc-milenia-section-heading-8b92bf826222bd8ce49450b22ee6413c-17786741801987131506\" class=\"milenia-section-heading text-left vc_custom_1744108759192 milenia-visible\" data-animation=\"none\">\n    \n    <h2 class=\"milenia-section-title milenia-font--first-accented\" style=\"font-size: 50px;line-height: 43px;text-transform: none;font-style: normal;font-weight: 400;\">Come arrivare<\/h2>\n\n    \n<\/div>\n<!--================ End of Section Heading ================-->\n[vc_empty_space height=&#8221;50px&#8221;][vc_row_inner][vc_column_inner width=&#8221;1\/4&#8243;][vc_column_text css=&#8221;&#8221;]<strong>\u2022 En voiture (4 min. 2,3 km)<\/strong><br \/>\nSortir \u00e0 la sortie d&#8217;autoroute Pescara Nord Citt\u00e0 S.Angelo, continuer vers le sud-ouest de la Via XXII Maggio 1944 vers Via Leonardo Petruzzi (140 m), au rond-point, prendre la 4e sortie et continuer sur Via XXII Maggio 1944 (700 m), au rond-point prendre la 1\u00e8re sortie et prendre Via Saline \/ SS16. Continuez \u00e0 suivre la SS16, traversez le rond-point (600 m), tournez \u00e0 gauche et prenez la Via Aldo Moro. Votre destination est \u00e0 gauche.[\/vc_column_text][\/vc_column_inner][vc_column_inner width=&#8221;1\/4&#8243;][vc_column_text css=&#8221;&#8221;]<strong>\u2022 En train (3 min. 1,3 Km)<\/strong><br \/>\nDepuis la gare de Montesilvano, continuez vers l&#8217;ouest en direction de Corso Strasburgo (22 m), sortez au rond-point (30 m). Au rond-point, prendre la 1re sortie et prendre Corso Umberto 1 \/ SS16 (29 m). Au rond-point, prendre la 1re sortie et continuer sur Corso Umberto 1 \/ SS16 (400 m), tourner \u00e0 droite et prendre Via Aldo Moro. Votre destination est \u00e0 gauche[\/vc_column_text][\/vc_column_inner][vc_column_inner width=&#8221;1\/4&#8243;][vc_column_text css=&#8221;&#8221;]<strong>\u2022 En bus (13 min. 7,8 km)<\/strong><br \/>\nDe la gare centrale de Pescara: bus ligne 2 \/ du Gtm de Pescara depuis la gare routi\u00e8re. Le bus traverse la promenade et monte \u00e0 Montesilvano, dans le quartier de la gare, avant de retourner \u00e0 la promenade dans le quartier Grandi Alberghi. <strong>Les courses commencent toutes les 30 minutes.<\/strong>[\/vc_column_text][\/vc_column_inner][vc_column_inner width=&#8221;1\/4&#8243;][vc_column_text css=&#8221;&#8221;]<strong>\u2022 A\u00e9roport de Pescara (19 min. 13,5 km)<\/strong><br \/>\nDe l&#8217;a\u00e9roport de Pescara continuer en direction de Via Amendola \/ SR5 (270 m), continuer sur SR5. Prendre SS16 \/ SS714 en direction de Via Adige jusqu&#8217;\u00e0 Montesilvano (9,6 km). Roulez en direction de Via Aldo Moro (3,6 km). Votre destination est \u00e0 gauche[\/vc_column_text][\/vc_column_inner][\/vc_row_inner][\/vc_column][\/vc_row]<\/p>\n<\/div>","protected":false},"excerpt":{"rendered":"<p>[vc_row full_width=&#8221;stretch_row_content_no_spaces&#8221; css=&#8221;.vc_custom_1744621592618{margin-top: 0px !important;margin-right: 0px !important;margin-bottom: 0px !important;margin-left: 0px !important;padding-top: 0px !important;padding-right: 0px !important;padding-bottom: 0px !important;padding-left: 0px&#8230;<\/p>\n","protected":false},"author":2,"featured_media":0,"parent":0,"menu_order":0,"comment_status":"closed","ping_status":"closed","template":"","meta":{"footnotes":""},"class_list":["post-14619","page","type-page","status-publish","hentry"],"yoast_head":"<!-- This site is optimized with the Yoast SEO plugin v27.6 - https:\/\/yoast.com\/product\/yoast-seo-wordpress\/ -->\n<title>Abruzzo h\u00f4tel 4 \u00e9toiles sur la mer avec parking Montesilvano<\/title>\n<meta name=\"description\" content=\"Abruzzo h\u00f4tel 4 \u00e9toiles sur la mer avec parking Montesilovano: savoir comment nous rejoindre en voiture, train et avion.\" \/>\n<meta name=\"robots\" content=\"index, follow, max-snippet:-1, max-image-preview:large, max-video-preview:-1\" \/>\n<link rel=\"canonical\" href=\"https:\/\/www.hotelpromenadeabruzzo.it\/fr\/abruzzo-hotel-4-etoiles-sur-la-mer-avec-parking\/\" \/>\n<meta property=\"og:locale\" content=\"fr_FR\" \/>\n<meta property=\"og:type\" content=\"article\" \/>\n<meta property=\"og:title\" content=\"Abruzzo h\u00f4tel 4 \u00e9toiles sur la mer avec parking Montesilvano\" \/>\n<meta property=\"og:description\" content=\"Abruzzo h\u00f4tel 4 \u00e9toiles sur la mer avec parking Montesilovano: savoir comment nous rejoindre en voiture, train et avion.\" \/>\n<meta property=\"og:url\" content=\"https:\/\/www.hotelpromenadeabruzzo.it\/fr\/abruzzo-hotel-4-etoiles-sur-la-mer-avec-parking\/\" \/>\n<meta property=\"og:site_name\" content=\"Hotel Promenade\" \/>\n<meta property=\"article:publisher\" content=\"https:\/\/www.facebook.com\/HotelPromenadeAbruzzo\" \/>\n<meta property=\"article:modified_time\" content=\"2026-02-19T08:32:59+00:00\" \/>\n<meta name=\"twitter:card\" content=\"summary_large_image\" \/>\n<meta name=\"twitter:label1\" content=\"Dur\u00e9e de lecture estim\u00e9e\" \/>\n\t<meta name=\"twitter:data1\" content=\"2 minutes\" \/>\n<script type=\"application\/ld+json\" class=\"yoast-schema-graph\">{\"@context\":\"https:\\\/\\\/schema.org\",\"@graph\":[{\"@type\":\"WebPage\",\"@id\":\"https:\\\/\\\/www.hotelpromenadeabruzzo.it\\\/fr\\\/abruzzo-hotel-4-etoiles-sur-la-mer-avec-parking\\\/\",\"url\":\"https:\\\/\\\/www.hotelpromenadeabruzzo.it\\\/fr\\\/abruzzo-hotel-4-etoiles-sur-la-mer-avec-parking\\\/\",\"name\":\"Abruzzo h\u00f4tel 4 \u00e9toiles sur la mer avec parking Montesilvano\",\"isPartOf\":{\"@id\":\"https:\\\/\\\/www.hotelpromenadeabruzzo.it\\\/fr\\\/#website\"},\"datePublished\":\"2025-04-07T12:00:34+00:00\",\"dateModified\":\"2026-02-19T08:32:59+00:00\",\"description\":\"Abruzzo h\u00f4tel 4 \u00e9toiles sur la mer avec parking Montesilovano: savoir comment nous rejoindre en voiture, train et avion.\",\"breadcrumb\":{\"@id\":\"https:\\\/\\\/www.hotelpromenadeabruzzo.it\\\/fr\\\/abruzzo-hotel-4-etoiles-sur-la-mer-avec-parking\\\/#breadcrumb\"},\"inLanguage\":\"fr-FR\",\"potentialAction\":[{\"@type\":\"ReadAction\",\"target\":[\"https:\\\/\\\/www.hotelpromenadeabruzzo.it\\\/fr\\\/abruzzo-hotel-4-etoiles-sur-la-mer-avec-parking\\\/\"]}]},{\"@type\":\"BreadcrumbList\",\"@id\":\"https:\\\/\\\/www.hotelpromenadeabruzzo.it\\\/fr\\\/abruzzo-hotel-4-etoiles-sur-la-mer-avec-parking\\\/#breadcrumb\",\"itemListElement\":[{\"@type\":\"ListItem\",\"position\":1,\"name\":\"Home\",\"item\":\"https:\\\/\\\/www.hotelpromenadeabruzzo.it\\\/fr\\\/\"},{\"@type\":\"ListItem\",\"position\":2,\"name\":\"Contacts\"}]},{\"@type\":\"WebSite\",\"@id\":\"https:\\\/\\\/www.hotelpromenadeabruzzo.it\\\/fr\\\/#website\",\"url\":\"https:\\\/\\\/www.hotelpromenadeabruzzo.it\\\/fr\\\/\",\"name\":\"Hotel Promenade\",\"description\":\"La Tua Vacanza in Abruzzo\",\"publisher\":{\"@id\":\"https:\\\/\\\/www.hotelpromenadeabruzzo.it\\\/fr\\\/#organization\"},\"potentialAction\":[{\"@type\":\"SearchAction\",\"target\":{\"@type\":\"EntryPoint\",\"urlTemplate\":\"https:\\\/\\\/www.hotelpromenadeabruzzo.it\\\/fr\\\/?s={search_term_string}\"},\"query-input\":{\"@type\":\"PropertyValueSpecification\",\"valueRequired\":true,\"valueName\":\"search_term_string\"}}],\"inLanguage\":\"fr-FR\"},{\"@type\":\"Organization\",\"@id\":\"https:\\\/\\\/www.hotelpromenadeabruzzo.it\\\/fr\\\/#organization\",\"name\":\"Hotel Promenade\",\"url\":\"https:\\\/\\\/www.hotelpromenadeabruzzo.it\\\/fr\\\/\",\"logo\":{\"@type\":\"ImageObject\",\"inLanguage\":\"fr-FR\",\"@id\":\"https:\\\/\\\/www.hotelpromenadeabruzzo.it\\\/fr\\\/#\\\/schema\\\/logo\\\/image\\\/\",\"url\":\"https:\\\/\\\/www.hotelpromenadeabruzzo.it\\\/wp-content\\\/uploads\\\/2018\\\/10\\\/hotelpromenade-logo-4.png\",\"contentUrl\":\"https:\\\/\\\/www.hotelpromenadeabruzzo.it\\\/wp-content\\\/uploads\\\/2018\\\/10\\\/hotelpromenade-logo-4.png\",\"width\":700,\"height\":664,\"caption\":\"Hotel Promenade\"},\"image\":{\"@id\":\"https:\\\/\\\/www.hotelpromenadeabruzzo.it\\\/fr\\\/#\\\/schema\\\/logo\\\/image\\\/\"},\"sameAs\":[\"https:\\\/\\\/www.facebook.com\\\/HotelPromenadeAbruzzo\",\"https:\\\/\\\/www.instagram.com\\\/hotelpromenademontesilvano\\\/\"]}]}<\/script>\n<!-- \/ Yoast SEO plugin. -->","yoast_head_json":{"title":"Abruzzo h\u00f4tel 4 \u00e9toiles sur la mer avec parking Montesilvano","description":"Abruzzo h\u00f4tel 4 \u00e9toiles sur la mer avec parking Montesilovano: savoir comment nous rejoindre en voiture, train et avion.","robots":{"index":"index","follow":"follow","max-snippet":"max-snippet:-1","max-image-preview":"max-image-preview:large","max-video-preview":"max-video-preview:-1"},"canonical":"https:\/\/www.hotelpromenadeabruzzo.it\/fr\/abruzzo-hotel-4-etoiles-sur-la-mer-avec-parking\/","og_locale":"fr_FR","og_type":"article","og_title":"Abruzzo h\u00f4tel 4 \u00e9toiles sur la mer avec parking Montesilvano","og_description":"Abruzzo h\u00f4tel 4 \u00e9toiles sur la mer avec parking Montesilovano: savoir comment nous rejoindre en voiture, train et avion.","og_url":"https:\/\/www.hotelpromenadeabruzzo.it\/fr\/abruzzo-hotel-4-etoiles-sur-la-mer-avec-parking\/","og_site_name":"Hotel Promenade","article_publisher":"https:\/\/www.facebook.com\/HotelPromenadeAbruzzo","article_modified_time":"2026-02-19T08:32:59+00:00","twitter_card":"summary_large_image","twitter_misc":{"Dur\u00e9e de lecture estim\u00e9e":"2 minutes"},"schema":{"@context":"https:\/\/schema.org","@graph":[{"@type":"WebPage","@id":"https:\/\/www.hotelpromenadeabruzzo.it\/fr\/abruzzo-hotel-4-etoiles-sur-la-mer-avec-parking\/","url":"https:\/\/www.hotelpromenadeabruzzo.it\/fr\/abruzzo-hotel-4-etoiles-sur-la-mer-avec-parking\/","name":"Abruzzo h\u00f4tel 4 \u00e9toiles sur la mer avec parking Montesilvano","isPartOf":{"@id":"https:\/\/www.hotelpromenadeabruzzo.it\/fr\/#website"},"datePublished":"2025-04-07T12:00:34+00:00","dateModified":"2026-02-19T08:32:59+00:00","description":"Abruzzo h\u00f4tel 4 \u00e9toiles sur la mer avec parking Montesilovano: savoir comment nous rejoindre en voiture, train et avion.","breadcrumb":{"@id":"https:\/\/www.hotelpromenadeabruzzo.it\/fr\/abruzzo-hotel-4-etoiles-sur-la-mer-avec-parking\/#breadcrumb"},"inLanguage":"fr-FR","potentialAction":[{"@type":"ReadAction","target":["https:\/\/www.hotelpromenadeabruzzo.it\/fr\/abruzzo-hotel-4-etoiles-sur-la-mer-avec-parking\/"]}]},{"@type":"BreadcrumbList","@id":"https:\/\/www.hotelpromenadeabruzzo.it\/fr\/abruzzo-hotel-4-etoiles-sur-la-mer-avec-parking\/#breadcrumb","itemListElement":[{"@type":"ListItem","position":1,"name":"Home","item":"https:\/\/www.hotelpromenadeabruzzo.it\/fr\/"},{"@type":"ListItem","position":2,"name":"Contacts"}]},{"@type":"WebSite","@id":"https:\/\/www.hotelpromenadeabruzzo.it\/fr\/#website","url":"https:\/\/www.hotelpromenadeabruzzo.it\/fr\/","name":"Hotel Promenade","description":"La Tua Vacanza in Abruzzo","publisher":{"@id":"https:\/\/www.hotelpromenadeabruzzo.it\/fr\/#organization"},"potentialAction":[{"@type":"SearchAction","target":{"@type":"EntryPoint","urlTemplate":"https:\/\/www.hotelpromenadeabruzzo.it\/fr\/?s={search_term_string}"},"query-input":{"@type":"PropertyValueSpecification","valueRequired":true,"valueName":"search_term_string"}}],"inLanguage":"fr-FR"},{"@type":"Organization","@id":"https:\/\/www.hotelpromenadeabruzzo.it\/fr\/#organization","name":"Hotel Promenade","url":"https:\/\/www.hotelpromenadeabruzzo.it\/fr\/","logo":{"@type":"ImageObject","inLanguage":"fr-FR","@id":"https:\/\/www.hotelpromenadeabruzzo.it\/fr\/#\/schema\/logo\/image\/","url":"https:\/\/www.hotelpromenadeabruzzo.it\/wp-content\/uploads\/2018\/10\/hotelpromenade-logo-4.png","contentUrl":"https:\/\/www.hotelpromenadeabruzzo.it\/wp-content\/uploads\/2018\/10\/hotelpromenade-logo-4.png","width":700,"height":664,"caption":"Hotel Promenade"},"image":{"@id":"https:\/\/www.hotelpromenadeabruzzo.it\/fr\/#\/schema\/logo\/image\/"},"sameAs":["https:\/\/www.facebook.com\/HotelPromenadeAbruzzo","https:\/\/www.instagram.com\/hotelpromenademontesilvano\/"]}]}},"_links":{"self":[{"href":"https:\/\/www.hotelpromenadeabruzzo.it\/fr\/wp-json\/wp\/v2\/pages\/14619","targetHints":{"allow":["GET"]}}],"collection":[{"href":"https:\/\/www.hotelpromenadeabruzzo.it\/fr\/wp-json\/wp\/v2\/pages"}],"about":[{"href":"https:\/\/www.hotelpromenadeabruzzo.it\/fr\/wp-json\/wp\/v2\/types\/page"}],"author":[{"embeddable":true,"href":"https:\/\/www.hotelpromenadeabruzzo.it\/fr\/wp-json\/wp\/v2\/users\/2"}],"replies":[{"embeddable":true,"href":"https:\/\/www.hotelpromenadeabruzzo.it\/fr\/wp-json\/wp\/v2\/comments?post=14619"}],"version-history":[{"count":5,"href":"https:\/\/www.hotelpromenadeabruzzo.it\/fr\/wp-json\/wp\/v2\/pages\/14619\/revisions"}],"predecessor-version":[{"id":15361,"href":"https:\/\/www.hotelpromenadeabruzzo.it\/fr\/wp-json\/wp\/v2\/pages\/14619\/revisions\/15361"}],"wp:attachment":[{"href":"https:\/\/www.hotelpromenadeabruzzo.it\/fr\/wp-json\/wp\/v2\/media?parent=14619"}],"curies":[{"name":"wp","href":"https:\/\/api.w.org\/{rel}","templated":true}]}}