{"id":15130,"date":"2025-04-07T12:01:20","date_gmt":"2025-04-07T12:01:20","guid":{"rendered":"https:\/\/www.hotelpromenadeabruzzo.it\/offerte-di-lavoro-hotel-4-stelle-montesilvano\/"},"modified":"2026-02-18T14:42:25","modified_gmt":"2026-02-18T14:42:25","slug":"hotel-stellenangebote-in-montesilvano","status":"publish","type":"page","link":"https:\/\/www.hotelpromenadeabruzzo.it\/de\/hotel-stellenangebote-in-montesilvano\/","title":{"rendered":"Werden Sie Teil unseres Teams!"},"content":{"rendered":"<div class=\"wpb-content-wrapper\"><p>[vc_row full_width=&#8221;stretch_row&#8221; content_placement=&#8221;middle&#8221; css=&#8221;.vc_custom_1744624783389{margin-bottom: 30px !important;background-color: #E6E6E6 !important;}&#8221;][vc_column el_class=&#8221;milenia-color&#8211;black&#8221;]<!--================ Section Heading ================-->\n<script>\n    (function($){\n        'use strict';\n\n        if(!$) return;\n\n        $(function(){\n            if(window.appear) {\n                appear({\n                    elements: function(){\n                        return document.querySelectorAll('#vc-milenia-section-heading-b3fcb0b2f2bcff2329f1b2a1a1e2a53f-1778674395903349992');\n                    },\n                    appear: function(element) {\n                        var $el = $(element);\n                        $el.addClass('milenia-visible').addClass($el.data('animation'));\n                    },\n                    reappear: false,\n                    bounds: -200\n                });\n            }\n        });\n    })(window.jQuery);\n<\/script>\n<div id=\"vc-milenia-section-heading-b3fcb0b2f2bcff2329f1b2a1a1e2a53f-1778674395903349992\" class=\"milenia-section-heading text-left vc_custom_1770912548309 milenia-visible\" data-animation=\"none\">\n    \n    <h2 class=\"milenia-section-title milenia-font--first-accented\" style=\"font-size: 50px;line-height: 43px;text-transform: none;font-style: normal;font-weight: 400;\">Werden Sie Teil unseres Teams!<\/h2>\n\n    \n<\/div>\n<!--================ End of Section Heading ================-->\n[vc_custom_heading text=&#8221;GEMEINSAM K\u00d6NNEN WIR UNVERGESSLICHE ERLEBNISSE F\u00dcR UNSERE G\u00c4STE SCHAFFEN.&#8221; font_container=&#8221;tag:div|font_size:18px|text_align:left|color:%2333879F|line_height:30px&#8221; google_fonts=&#8221;font_family:Open%20Sans%3A300%2C300italic%2Cregular%2Citalic%2C600%2C600italic%2C700%2C700italic%2C800%2C800italic|font_style:700%20bold%20regular%3A700%3Anormal&#8221; css=&#8221;.vc_custom_1770912557958{margin-bottom: 20px !important;}&#8221;][vc_column_text css=&#8221;&#8221;]<\/p>\n<div class=\"Y3BBE\" data-sfc-cp=\"\" data-hveid=\"CAEIDRAA\" data-processed=\"true\">Wir sind st\u00e4ndig auf der Suche nach leidenschaftlichen und talentierten Menschen, die unser Team bereichern. Entdecken Sie die Karrierem\u00f6glichkeiten im Hotel Promenade Montesilvano und werden Sie Teil eines dynamischen und inspirierenden Umfelds.<\/div>\n<p>[\/vc_column_text][\/vc_column][\/vc_row][vc_row css=&#8221;.vc_custom_1744624792333{margin-top: 0px !important;margin-bottom: 0px !important;padding-top: 0px !important;padding-bottom: 0px !important;}&#8221;][vc_column css=&#8221;.vc_custom_1744624799797{margin-top: 0px !important;margin-bottom: 0px !important;padding-top: 0px !important;padding-bottom: 0px !important;}&#8221;][vc_empty_space height=&#8221;50px&#8221;][vc_row_inner][vc_column_inner width=&#8221;1\/12&#8243;][\/vc_column_inner][vc_column_inner width=&#8221;5\/6&#8243; css=&#8221;.vc_custom_1744624732252{background-color: #E6E6E6 !important;}&#8221;][vc_column_text css=&#8221;&#8221;]<\/p>\n<h3 style=\"text-align: center;\">F\u00fcllen Sie das Formular mit Ihren Daten aus und senden Sie uns Ihren Lebenslauf!<\/h3>\n<p>[\/vc_column_text][vc_empty_space height=&#8221;50px&#8221;]<div class=\"cf7sg-container\"><div id=\"cf7sg-form-ricerca-personale\" class=\"cf7-smart-grid has-grid key_ricerca-personale\">\n<div class=\"wpcf7 no-js\" id=\"wpcf7-f14377-o1\" lang=\"it-IT\" dir=\"ltr\" data-wpcf7-id=\"14377\">\n<div class=\"screen-reader-response\"><p role=\"status\" aria-live=\"polite\" aria-atomic=\"true\"><\/p> <ul><\/ul><\/div>\n<form action=\"\/de\/wp-json\/wp\/v2\/pages\/15130#wpcf7-f14377-o1\" method=\"post\" class=\"wpcf7-form init\" aria-label=\"Modulo di contatto\" enctype=\"multipart\/form-data\" novalidate=\"novalidate\" data-status=\"init\">\n<fieldset class=\"hidden-fields-container\"><input type=\"hidden\" name=\"_wpcf7\" value=\"14377\" \/><input type=\"hidden\" name=\"_wpcf7_version\" value=\"6.1.5\" \/><input type=\"hidden\" name=\"_wpcf7_locale\" value=\"it_IT\" \/><input type=\"hidden\" name=\"_wpcf7_unit_tag\" value=\"wpcf7-f14377-o1\" \/><input type=\"hidden\" name=\"_wpcf7_container_post\" value=\"0\" \/><input type=\"hidden\" name=\"_wpcf7_posted_data_hash\" value=\"\" \/><input type=\"hidden\" name=\"_wpcf7_key\" value=\"ricerca-personale\" \/><input type=\"hidden\" name=\"_cf7sg_toggles\" value=\"\" \/><input type=\"hidden\" name=\"_cf7sg_version\" value=\"4.16.0\" \/><input type=\"hidden\" name=\"_wpnonce\" value=\"2a33e3f2fc\" \/><input type=\"hidden\" name=\"_wpcf7_recaptcha_response\" value=\"\" \/>\n<\/fieldset>\n<div class=\"container\">\n  <div class=\"row\">\n    <div class=\"columns full\">\n      <div class=\"container\">\n        <div class=\"row\">\n          <div class=\"columns one-half\">\n            <div class=\"field text required\"><label>Nome<em>*<\/em><\/label><span class=\"wpcf7-form-control-wrap\" data-name=\"nome\"><input size=\"40\" maxlength=\"400\" class=\"wpcf7-form-control wpcf7-text wpcf7-validates-as-required\" aria-required=\"true\" aria-invalid=\"false\" value=\"\" type=\"text\" name=\"nome\" \/><\/span>\n              <p class=\"info-tip\"><\/p>\n            <\/div>\n          <\/div>\n          <div class=\"columns one-half\">\n            <div class=\"field text required\"><label>Cognome<em>*<\/em><\/label><span class=\"wpcf7-form-control-wrap\" data-name=\"Cognome\"><input size=\"40\" maxlength=\"400\" class=\"wpcf7-form-control wpcf7-text wpcf7-validates-as-required\" aria-required=\"true\" aria-invalid=\"false\" value=\"\" type=\"text\" name=\"Cognome\" \/><\/span>\n              <p class=\"info-tip\"><\/p>\n            <\/div>\n          <\/div>\n        <\/div>\n      <\/div><br><br>\n      <div class=\"container\">\n        <div class=\"row\">\n          <div class=\"columns one-half\">\n            <div class=\"field email required\"><label>Email<em>*<\/em><\/label><span class=\"wpcf7-form-control-wrap\" data-name=\"your-email\"><input size=\"40\" maxlength=\"400\" class=\"wpcf7-form-control wpcf7-email wpcf7-validates-as-required wpcf7-text wpcf7-validates-as-email\" aria-required=\"true\" aria-invalid=\"false\" value=\"\" type=\"email\" name=\"your-email\" \/><\/span>\n              <p class=\"info-tip\"><\/p>\n            <\/div>\n          <\/div>\n          <div class=\"columns one-half\">\n            <div class=\"field number required\"><label>Telefono<em>*<\/em><\/label><span class=\"wpcf7-form-control-wrap\" data-name=\"Telefono\"><input class=\"wpcf7-form-control wpcf7-number wpcf7-validates-as-required wpcf7-validates-as-number\" aria-required=\"true\" aria-invalid=\"false\" value=\"\" type=\"number\" name=\"Telefono\" \/><\/span>\n              <p class=\"info-tip\"><\/p>\n            <\/div>\n          <\/div>\n        <\/div>\n      <\/div><br><br>\n      <div class=\"container\">\n        <div class=\"row\">\n          <div class=\"columns full\">\n            <div class=\"field textarea\"><label>Messaggio<\/label><span class=\"wpcf7-form-control-wrap\" data-name=\"your-message\"><textarea cols=\"40\" rows=\"5\" maxlength=\"2000\" class=\"wpcf7-form-control wpcf7-textarea\" aria-invalid=\"false\" name=\"your-message\"><\/textarea><\/span>\n              <p class=\"info-tip\"><\/p>\n            <\/div>\n          <\/div>\n        <\/div>\n      <\/div><br><br>\n      <div class=\"container\">\n        <div class=\"row\">\n          <div class=\"columns one-half\">\n            <div class=\"field file\"><label>Carica il tuo Curriculum Vitae   <\/label><span class=\"wpcf7-form-control-wrap\" data-name=\"curriculum\"><input size=\"40\" class=\"wpcf7-form-control wpcf7-file\" accept=\"audio\/*,video\/*,image\/*\" aria-invalid=\"false\" type=\"file\" name=\"curriculum\" \/><\/span>\n              <p class=\"info-tip\"><\/p>\n            <\/div>\n          <\/div>\n          <div class=\"columns one-half\">\n            <div class=\"field acceptance\"><label>Accettazione <a href=\"https:\/\/www.iubenda.com\/privacy-policy\/28047306\" target=\"_blank\" class=\"iubenda-nostyle no-brand iubenda-noiframe iubenda-embed iubenda-noiframe \" title=\"Privacy Policy \"><span class=\"privacyacc\">Privacy Policy - Leggi qui<\/span><\/a><\/label><span class=\"wpcf7-form-control-wrap\" data-name=\"acceptance-884\"><span class=\"wpcf7-form-control wpcf7-acceptance\"><span class=\"wpcf7-list-item\"><input type=\"checkbox\" name=\"acceptance-884\" value=\"1\" aria-invalid=\"false\" \/><\/span><\/span><\/span>\n              <p class=\"info-tip\"><\/p>\n            <\/div>\n          <\/div>\n        <\/div>\n      <\/div><br><br>\n      <div class=\"container\">\n        <div class=\"row\">\n          <div class=\"columns full\">\n            <div class=\"field\"><label><\/label><input class=\"wpcf7-form-control wpcf7-submit has-spinner\" type=\"submit\" value=\"INVIA\" \/>\n              <p class=\"info-tip\"><\/p>\n            <\/div>\n          <\/div>\n        <\/div>\n      <\/div>\n    <\/div>\n  <\/div>\n<\/div><input type='hidden' class='wpcf7-pum' value='{\"closepopup\":false,\"closedelay\":0,\"openpopup\":false,\"openpopup_id\":0}' \/><div class=\"wpcf7-response-output\" aria-hidden=\"true\"><\/div>\n<\/form>\n<\/div>\n<\/div><\/div>[vc_empty_space height=&#8221;50px&#8221;][\/vc_column_inner][vc_column_inner width=&#8221;1\/12&#8243;][\/vc_column_inner][\/vc_row_inner][\/vc_column][\/vc_row]<\/p>\n<\/div>","protected":false},"excerpt":{"rendered":"<p>[vc_row full_width=&#8221;stretch_row&#8221; content_placement=&#8221;middle&#8221; css=&#8221;.vc_custom_1744624783389{margin-bottom: 30px !important;background-color: #E6E6E6 !important;}&#8221;][vc_column el_class=&#8221;milenia-color&#8211;black&#8221;][vc_custom_heading text=&#8221;GEMEINSAM K\u00d6NNEN WIR UNVERGESSLICHE ERLEBNISSE F\u00dcR UNSERE G\u00c4STE SCHAFFEN.&#8221;&#8230;<\/p>\n","protected":false},"author":2,"featured_media":0,"parent":0,"menu_order":0,"comment_status":"closed","ping_status":"closed","template":"","meta":{"footnotes":""},"class_list":["post-15130","page","type-page","status-publish","hentry"],"yoast_head":"<!-- This site is optimized with the Yoast SEO plugin v27.6 - https:\/\/yoast.com\/product\/yoast-seo-wordpress\/ -->\n<title>Stellenangebote in 4-Sterne-Hotels in Montesilvano<\/title>\n<meta name=\"description\" content=\"Stellenangebote in einem 4-Sterne-Hotel in Montesilvano: Das Hotel Promenade sucht Festangestellte\" \/>\n<meta name=\"robots\" content=\"index, follow, max-snippet:-1, max-image-preview:large, max-video-preview:-1\" \/>\n<link rel=\"canonical\" href=\"https:\/\/www.hotelpromenadeabruzzo.it\/de\/hotel-stellenangebote-in-montesilvano\/\" \/>\n<meta property=\"og:locale\" content=\"de_DE\" \/>\n<meta property=\"og:type\" content=\"article\" \/>\n<meta property=\"og:title\" content=\"Stellenangebote in 4-Sterne-Hotels in Montesilvano\" \/>\n<meta property=\"og:description\" content=\"Stellenangebote in einem 4-Sterne-Hotel in Montesilvano: Das Hotel Promenade sucht Festangestellte\" \/>\n<meta property=\"og:url\" content=\"https:\/\/www.hotelpromenadeabruzzo.it\/de\/hotel-stellenangebote-in-montesilvano\/\" \/>\n<meta property=\"og:site_name\" content=\"Hotel Promenade\" \/>\n<meta property=\"article:publisher\" content=\"https:\/\/www.facebook.com\/HotelPromenadeAbruzzo\" \/>\n<meta property=\"article:modified_time\" content=\"2026-02-18T14:42:25+00:00\" \/>\n<meta name=\"twitter:card\" content=\"summary_large_image\" \/>\n<meta name=\"twitter:label1\" content=\"Gesch\u00e4tzte Lesezeit\" \/>\n\t<meta name=\"twitter:data1\" content=\"1\u00a0Minute\" \/>\n<script type=\"application\/ld+json\" class=\"yoast-schema-graph\">{\"@context\":\"https:\\\/\\\/schema.org\",\"@graph\":[{\"@type\":\"WebPage\",\"@id\":\"https:\\\/\\\/www.hotelpromenadeabruzzo.it\\\/de\\\/hotel-stellenangebote-in-montesilvano\\\/\",\"url\":\"https:\\\/\\\/www.hotelpromenadeabruzzo.it\\\/de\\\/hotel-stellenangebote-in-montesilvano\\\/\",\"name\":\"Stellenangebote in 4-Sterne-Hotels in Montesilvano\",\"isPartOf\":{\"@id\":\"https:\\\/\\\/www.hotelpromenadeabruzzo.it\\\/de\\\/#website\"},\"datePublished\":\"2025-04-07T12:01:20+00:00\",\"dateModified\":\"2026-02-18T14:42:25+00:00\",\"description\":\"Stellenangebote in einem 4-Sterne-Hotel in Montesilvano: Das Hotel Promenade sucht Festangestellte\",\"breadcrumb\":{\"@id\":\"https:\\\/\\\/www.hotelpromenadeabruzzo.it\\\/de\\\/hotel-stellenangebote-in-montesilvano\\\/#breadcrumb\"},\"inLanguage\":\"de\",\"potentialAction\":[{\"@type\":\"ReadAction\",\"target\":[\"https:\\\/\\\/www.hotelpromenadeabruzzo.it\\\/de\\\/hotel-stellenangebote-in-montesilvano\\\/\"]}]},{\"@type\":\"BreadcrumbList\",\"@id\":\"https:\\\/\\\/www.hotelpromenadeabruzzo.it\\\/de\\\/hotel-stellenangebote-in-montesilvano\\\/#breadcrumb\",\"itemListElement\":[{\"@type\":\"ListItem\",\"position\":1,\"name\":\"Home\",\"item\":\"https:\\\/\\\/www.hotelpromenadeabruzzo.it\\\/de\\\/\"},{\"@type\":\"ListItem\",\"position\":2,\"name\":\"Werden Sie Teil unseres Teams!\"}]},{\"@type\":\"WebSite\",\"@id\":\"https:\\\/\\\/www.hotelpromenadeabruzzo.it\\\/de\\\/#website\",\"url\":\"https:\\\/\\\/www.hotelpromenadeabruzzo.it\\\/de\\\/\",\"name\":\"Hotel Promenade\",\"description\":\"La Tua Vacanza in Abruzzo\",\"publisher\":{\"@id\":\"https:\\\/\\\/www.hotelpromenadeabruzzo.it\\\/de\\\/#organization\"},\"potentialAction\":[{\"@type\":\"SearchAction\",\"target\":{\"@type\":\"EntryPoint\",\"urlTemplate\":\"https:\\\/\\\/www.hotelpromenadeabruzzo.it\\\/de\\\/?s={search_term_string}\"},\"query-input\":{\"@type\":\"PropertyValueSpecification\",\"valueRequired\":true,\"valueName\":\"search_term_string\"}}],\"inLanguage\":\"de\"},{\"@type\":\"Organization\",\"@id\":\"https:\\\/\\\/www.hotelpromenadeabruzzo.it\\\/de\\\/#organization\",\"name\":\"Hotel Promenade\",\"url\":\"https:\\\/\\\/www.hotelpromenadeabruzzo.it\\\/de\\\/\",\"logo\":{\"@type\":\"ImageObject\",\"inLanguage\":\"de\",\"@id\":\"https:\\\/\\\/www.hotelpromenadeabruzzo.it\\\/de\\\/#\\\/schema\\\/logo\\\/image\\\/\",\"url\":\"https:\\\/\\\/www.hotelpromenadeabruzzo.it\\\/wp-content\\\/uploads\\\/2018\\\/10\\\/hotelpromenade-logo-4.png\",\"contentUrl\":\"https:\\\/\\\/www.hotelpromenadeabruzzo.it\\\/wp-content\\\/uploads\\\/2018\\\/10\\\/hotelpromenade-logo-4.png\",\"width\":700,\"height\":664,\"caption\":\"Hotel Promenade\"},\"image\":{\"@id\":\"https:\\\/\\\/www.hotelpromenadeabruzzo.it\\\/de\\\/#\\\/schema\\\/logo\\\/image\\\/\"},\"sameAs\":[\"https:\\\/\\\/www.facebook.com\\\/HotelPromenadeAbruzzo\",\"https:\\\/\\\/www.instagram.com\\\/hotelpromenademontesilvano\\\/\"]}]}<\/script>\n<!-- \/ Yoast SEO plugin. -->","yoast_head_json":{"title":"Stellenangebote in 4-Sterne-Hotels in Montesilvano","description":"Stellenangebote in einem 4-Sterne-Hotel in Montesilvano: Das Hotel Promenade sucht Festangestellte","robots":{"index":"index","follow":"follow","max-snippet":"max-snippet:-1","max-image-preview":"max-image-preview:large","max-video-preview":"max-video-preview:-1"},"canonical":"https:\/\/www.hotelpromenadeabruzzo.it\/de\/hotel-stellenangebote-in-montesilvano\/","og_locale":"de_DE","og_type":"article","og_title":"Stellenangebote in 4-Sterne-Hotels in Montesilvano","og_description":"Stellenangebote in einem 4-Sterne-Hotel in Montesilvano: Das Hotel Promenade sucht Festangestellte","og_url":"https:\/\/www.hotelpromenadeabruzzo.it\/de\/hotel-stellenangebote-in-montesilvano\/","og_site_name":"Hotel Promenade","article_publisher":"https:\/\/www.facebook.com\/HotelPromenadeAbruzzo","article_modified_time":"2026-02-18T14:42:25+00:00","twitter_card":"summary_large_image","twitter_misc":{"Gesch\u00e4tzte Lesezeit":"1\u00a0Minute"},"schema":{"@context":"https:\/\/schema.org","@graph":[{"@type":"WebPage","@id":"https:\/\/www.hotelpromenadeabruzzo.it\/de\/hotel-stellenangebote-in-montesilvano\/","url":"https:\/\/www.hotelpromenadeabruzzo.it\/de\/hotel-stellenangebote-in-montesilvano\/","name":"Stellenangebote in 4-Sterne-Hotels in Montesilvano","isPartOf":{"@id":"https:\/\/www.hotelpromenadeabruzzo.it\/de\/#website"},"datePublished":"2025-04-07T12:01:20+00:00","dateModified":"2026-02-18T14:42:25+00:00","description":"Stellenangebote in einem 4-Sterne-Hotel in Montesilvano: Das Hotel Promenade sucht Festangestellte","breadcrumb":{"@id":"https:\/\/www.hotelpromenadeabruzzo.it\/de\/hotel-stellenangebote-in-montesilvano\/#breadcrumb"},"inLanguage":"de","potentialAction":[{"@type":"ReadAction","target":["https:\/\/www.hotelpromenadeabruzzo.it\/de\/hotel-stellenangebote-in-montesilvano\/"]}]},{"@type":"BreadcrumbList","@id":"https:\/\/www.hotelpromenadeabruzzo.it\/de\/hotel-stellenangebote-in-montesilvano\/#breadcrumb","itemListElement":[{"@type":"ListItem","position":1,"name":"Home","item":"https:\/\/www.hotelpromenadeabruzzo.it\/de\/"},{"@type":"ListItem","position":2,"name":"Werden Sie Teil unseres Teams!"}]},{"@type":"WebSite","@id":"https:\/\/www.hotelpromenadeabruzzo.it\/de\/#website","url":"https:\/\/www.hotelpromenadeabruzzo.it\/de\/","name":"Hotel Promenade","description":"La Tua Vacanza in Abruzzo","publisher":{"@id":"https:\/\/www.hotelpromenadeabruzzo.it\/de\/#organization"},"potentialAction":[{"@type":"SearchAction","target":{"@type":"EntryPoint","urlTemplate":"https:\/\/www.hotelpromenadeabruzzo.it\/de\/?s={search_term_string}"},"query-input":{"@type":"PropertyValueSpecification","valueRequired":true,"valueName":"search_term_string"}}],"inLanguage":"de"},{"@type":"Organization","@id":"https:\/\/www.hotelpromenadeabruzzo.it\/de\/#organization","name":"Hotel Promenade","url":"https:\/\/www.hotelpromenadeabruzzo.it\/de\/","logo":{"@type":"ImageObject","inLanguage":"de","@id":"https:\/\/www.hotelpromenadeabruzzo.it\/de\/#\/schema\/logo\/image\/","url":"https:\/\/www.hotelpromenadeabruzzo.it\/wp-content\/uploads\/2018\/10\/hotelpromenade-logo-4.png","contentUrl":"https:\/\/www.hotelpromenadeabruzzo.it\/wp-content\/uploads\/2018\/10\/hotelpromenade-logo-4.png","width":700,"height":664,"caption":"Hotel Promenade"},"image":{"@id":"https:\/\/www.hotelpromenadeabruzzo.it\/de\/#\/schema\/logo\/image\/"},"sameAs":["https:\/\/www.facebook.com\/HotelPromenadeAbruzzo","https:\/\/www.instagram.com\/hotelpromenademontesilvano\/"]}]}},"_links":{"self":[{"href":"https:\/\/www.hotelpromenadeabruzzo.it\/de\/wp-json\/wp\/v2\/pages\/15130","targetHints":{"allow":["GET"]}}],"collection":[{"href":"https:\/\/www.hotelpromenadeabruzzo.it\/de\/wp-json\/wp\/v2\/pages"}],"about":[{"href":"https:\/\/www.hotelpromenadeabruzzo.it\/de\/wp-json\/wp\/v2\/types\/page"}],"author":[{"embeddable":true,"href":"https:\/\/www.hotelpromenadeabruzzo.it\/de\/wp-json\/wp\/v2\/users\/2"}],"replies":[{"embeddable":true,"href":"https:\/\/www.hotelpromenadeabruzzo.it\/de\/wp-json\/wp\/v2\/comments?post=15130"}],"version-history":[{"count":2,"href":"https:\/\/www.hotelpromenadeabruzzo.it\/de\/wp-json\/wp\/v2\/pages\/15130\/revisions"}],"predecessor-version":[{"id":15138,"href":"https:\/\/www.hotelpromenadeabruzzo.it\/de\/wp-json\/wp\/v2\/pages\/15130\/revisions\/15138"}],"wp:attachment":[{"href":"https:\/\/www.hotelpromenadeabruzzo.it\/de\/wp-json\/wp\/v2\/media?parent=15130"}],"curies":[{"name":"wp","href":"https:\/\/api.w.org\/{rel}","templated":true}]}}