{"id":14743,"date":"2025-04-07T11:49:13","date_gmt":"2025-04-07T11:49:13","guid":{"rendered":"https:\/\/www.hotelpromenadeabruzzo.it\/?page_id=14743"},"modified":"2026-02-16T11:32:13","modified_gmt":"2026-02-16T11:32:13","slug":"foto-galerie-hotel-promenade-4-sterne-silvano-abruzzo","status":"publish","type":"page","link":"https:\/\/www.hotelpromenadeabruzzo.it\/de\/foto-galerie-hotel-promenade-4-sterne-silvano-abruzzo\/","title":{"rendered":"Gallery"},"content":{"rendered":"<div class=\"wpb-content-wrapper\"><p>[vc_row full_width=&#8221;stretch_row&#8221; content_placement=&#8221;middle&#8221; css=&#8221;.vc_custom_1538744986156{margin-bottom: 30px !important;background-color: #f8f8f8 !important;}&#8221;][vc_column el_class=&#8221;milenia-color&#8211;black&#8221;]<!--================ Section Heading ================-->\n<script>\n    (function($){\n        'use strict';\n\n        if(!$) return;\n\n        $(function(){\n            if(window.appear) {\n                appear({\n                    elements: function(){\n                        return document.querySelectorAll('#vc-milenia-section-heading-7854fb8a3b9ebdae27776333c8f4465f-177867464141907536');\n                    },\n                    appear: function(element) {\n                        var $el = $(element);\n                        $el.addClass('milenia-visible').addClass($el.data('animation'));\n                    },\n                    reappear: false,\n                    bounds: -200\n                });\n            }\n        });\n    })(window.jQuery);\n<\/script>\n<div id=\"vc-milenia-section-heading-7854fb8a3b9ebdae27776333c8f4465f-177867464141907536\" class=\"milenia-section-heading text-left vc_custom_1744032689745 milenia-visible\" data-animation=\"none\">\n    \n    <h2 class=\"milenia-section-title milenia-font--first-accented\" style=\"font-size: 50px;line-height: 43px;text-transform: none;font-style: normal;font-weight: 400;\">Gallery<\/h2>\n\n    \n<\/div>\n<!--================ End of Section Heading ================-->\n[vc_column_text css=&#8221;&#8221;]<\/p>\n<p style=\"text-align: center;\">Entdecken Sie das <strong>Hotel Promenade Montesilvano<\/strong> durch eine Auswahl an Bildern, die die Sch\u00f6nheit und Eleganz unserer Anlage einfangen. Von den komfortablen Zimmern bis zu den stilvollen Gemeinschaftsbereichen erz\u00e4hlt jedes Foto von unserem Engagement, Ihnen einen unvergesslichen Aufenthalt zu bieten. Tauchen Sie ein in unsere besondere Atmosph\u00e4re und lassen Sie sich f\u00fcr Ihren n\u00e4chsten Urlaub inspirieren.<\/p>\n<p>[\/vc_column_text][\/vc_column][\/vc_row][vc_row][vc_column][vc_masonry_media_grid css=&#8221;&#8221; grid_id=&#8221;vc_gid:1771241522846-8d0e3676-6a73-10&#8243; include=&#8221;14105,14097,14069,14029,14041,14049,14005,13993,13989,13933,13929,13889,13873,13877,13801,13821,13693,13661,13625,13633,13589,13645,13601,13537,13513,13481,13429,13469,13521,13525,13541,13573,13533&#8243;][\/vc_column][\/vc_row]<\/p>\n<\/div>","protected":false},"excerpt":{"rendered":"<p>[vc_row full_width=&#8221;stretch_row&#8221; content_placement=&#8221;middle&#8221; css=&#8221;.vc_custom_1538744986156{margin-bottom: 30px !important;background-color: #f8f8f8 !important;}&#8221;][vc_column el_class=&#8221;milenia-color&#8211;black&#8221;][vc_column_text css=&#8221;&#8221;] Entdecken Sie das Hotel Promenade Montesilvano durch eine&#8230;<\/p>\n","protected":false},"author":2,"featured_media":0,"parent":0,"menu_order":0,"comment_status":"closed","ping_status":"closed","template":"","meta":{"footnotes":""},"class_list":["post-14743","page","type-page","status-publish","hentry"],"yoast_head":"<!-- This site is optimized with the Yoast SEO plugin v27.6 - https:\/\/yoast.com\/product\/yoast-seo-wordpress\/ -->\n<title>Fotogallerie Hotel Promenade 4 Sterne Montesilvano Abruzzen<\/title>\n<meta name=\"description\" content=\"Fotogallerie Hotel Promenade 4 Sterne Montesilvano Abruzzen\" \/>\n<meta name=\"robots\" content=\"index, follow, max-snippet:-1, max-image-preview:large, max-video-preview:-1\" \/>\n<link rel=\"canonical\" href=\"https:\/\/www.hotelpromenadeabruzzo.it\/de\/foto-galerie-hotel-promenade-4-sterne-silvano-abruzzo\/\" \/>\n<meta property=\"og:locale\" content=\"de_DE\" \/>\n<meta property=\"og:type\" content=\"article\" \/>\n<meta property=\"og:title\" content=\"Fotogallerie Hotel Promenade 4 Sterne Montesilvano Abruzzen\" \/>\n<meta property=\"og:description\" content=\"Fotogallerie Hotel Promenade 4 Sterne Montesilvano Abruzzen\" \/>\n<meta property=\"og:url\" content=\"https:\/\/www.hotelpromenadeabruzzo.it\/de\/foto-galerie-hotel-promenade-4-sterne-silvano-abruzzo\/\" \/>\n<meta property=\"og:site_name\" content=\"Hotel Promenade\" \/>\n<meta property=\"article:publisher\" content=\"https:\/\/www.facebook.com\/HotelPromenadeAbruzzo\" \/>\n<meta property=\"article:modified_time\" content=\"2026-02-16T11:32:13+00:00\" \/>\n<meta name=\"twitter:card\" content=\"summary_large_image\" \/>\n<meta name=\"twitter:label1\" content=\"Gesch\u00e4tzte Lesezeit\" \/>\n\t<meta name=\"twitter:data1\" content=\"1\u00a0Minute\" \/>\n<script type=\"application\/ld+json\" class=\"yoast-schema-graph\">{\"@context\":\"https:\\\/\\\/schema.org\",\"@graph\":[{\"@type\":\"WebPage\",\"@id\":\"https:\\\/\\\/www.hotelpromenadeabruzzo.it\\\/de\\\/foto-galerie-hotel-promenade-4-sterne-silvano-abruzzo\\\/\",\"url\":\"https:\\\/\\\/www.hotelpromenadeabruzzo.it\\\/de\\\/foto-galerie-hotel-promenade-4-sterne-silvano-abruzzo\\\/\",\"name\":\"Fotogallerie Hotel Promenade 4 Sterne Montesilvano Abruzzen\",\"isPartOf\":{\"@id\":\"https:\\\/\\\/www.hotelpromenadeabruzzo.it\\\/de\\\/#website\"},\"datePublished\":\"2025-04-07T11:49:13+00:00\",\"dateModified\":\"2026-02-16T11:32:13+00:00\",\"description\":\"Fotogallerie Hotel Promenade 4 Sterne Montesilvano Abruzzen\",\"breadcrumb\":{\"@id\":\"https:\\\/\\\/www.hotelpromenadeabruzzo.it\\\/de\\\/foto-galerie-hotel-promenade-4-sterne-silvano-abruzzo\\\/#breadcrumb\"},\"inLanguage\":\"de\",\"potentialAction\":[{\"@type\":\"ReadAction\",\"target\":[\"https:\\\/\\\/www.hotelpromenadeabruzzo.it\\\/de\\\/foto-galerie-hotel-promenade-4-sterne-silvano-abruzzo\\\/\"]}]},{\"@type\":\"BreadcrumbList\",\"@id\":\"https:\\\/\\\/www.hotelpromenadeabruzzo.it\\\/de\\\/foto-galerie-hotel-promenade-4-sterne-silvano-abruzzo\\\/#breadcrumb\",\"itemListElement\":[{\"@type\":\"ListItem\",\"position\":1,\"name\":\"Home\",\"item\":\"https:\\\/\\\/www.hotelpromenadeabruzzo.it\\\/de\\\/\"},{\"@type\":\"ListItem\",\"position\":2,\"name\":\"Gallery\"}]},{\"@type\":\"WebSite\",\"@id\":\"https:\\\/\\\/www.hotelpromenadeabruzzo.it\\\/de\\\/#website\",\"url\":\"https:\\\/\\\/www.hotelpromenadeabruzzo.it\\\/de\\\/\",\"name\":\"Hotel Promenade\",\"description\":\"La Tua Vacanza in Abruzzo\",\"publisher\":{\"@id\":\"https:\\\/\\\/www.hotelpromenadeabruzzo.it\\\/de\\\/#organization\"},\"potentialAction\":[{\"@type\":\"SearchAction\",\"target\":{\"@type\":\"EntryPoint\",\"urlTemplate\":\"https:\\\/\\\/www.hotelpromenadeabruzzo.it\\\/de\\\/?s={search_term_string}\"},\"query-input\":{\"@type\":\"PropertyValueSpecification\",\"valueRequired\":true,\"valueName\":\"search_term_string\"}}],\"inLanguage\":\"de\"},{\"@type\":\"Organization\",\"@id\":\"https:\\\/\\\/www.hotelpromenadeabruzzo.it\\\/de\\\/#organization\",\"name\":\"Hotel Promenade\",\"url\":\"https:\\\/\\\/www.hotelpromenadeabruzzo.it\\\/de\\\/\",\"logo\":{\"@type\":\"ImageObject\",\"inLanguage\":\"de\",\"@id\":\"https:\\\/\\\/www.hotelpromenadeabruzzo.it\\\/de\\\/#\\\/schema\\\/logo\\\/image\\\/\",\"url\":\"https:\\\/\\\/www.hotelpromenadeabruzzo.it\\\/wp-content\\\/uploads\\\/2018\\\/10\\\/hotelpromenade-logo-4.png\",\"contentUrl\":\"https:\\\/\\\/www.hotelpromenadeabruzzo.it\\\/wp-content\\\/uploads\\\/2018\\\/10\\\/hotelpromenade-logo-4.png\",\"width\":700,\"height\":664,\"caption\":\"Hotel Promenade\"},\"image\":{\"@id\":\"https:\\\/\\\/www.hotelpromenadeabruzzo.it\\\/de\\\/#\\\/schema\\\/logo\\\/image\\\/\"},\"sameAs\":[\"https:\\\/\\\/www.facebook.com\\\/HotelPromenadeAbruzzo\",\"https:\\\/\\\/www.instagram.com\\\/hotelpromenademontesilvano\\\/\"]}]}<\/script>\n<!-- \/ Yoast SEO plugin. -->","yoast_head_json":{"title":"Fotogallerie Hotel Promenade 4 Sterne Montesilvano Abruzzen","description":"Fotogallerie Hotel Promenade 4 Sterne Montesilvano Abruzzen","robots":{"index":"index","follow":"follow","max-snippet":"max-snippet:-1","max-image-preview":"max-image-preview:large","max-video-preview":"max-video-preview:-1"},"canonical":"https:\/\/www.hotelpromenadeabruzzo.it\/de\/foto-galerie-hotel-promenade-4-sterne-silvano-abruzzo\/","og_locale":"de_DE","og_type":"article","og_title":"Fotogallerie Hotel Promenade 4 Sterne Montesilvano Abruzzen","og_description":"Fotogallerie Hotel Promenade 4 Sterne Montesilvano Abruzzen","og_url":"https:\/\/www.hotelpromenadeabruzzo.it\/de\/foto-galerie-hotel-promenade-4-sterne-silvano-abruzzo\/","og_site_name":"Hotel Promenade","article_publisher":"https:\/\/www.facebook.com\/HotelPromenadeAbruzzo","article_modified_time":"2026-02-16T11:32:13+00:00","twitter_card":"summary_large_image","twitter_misc":{"Gesch\u00e4tzte Lesezeit":"1\u00a0Minute"},"schema":{"@context":"https:\/\/schema.org","@graph":[{"@type":"WebPage","@id":"https:\/\/www.hotelpromenadeabruzzo.it\/de\/foto-galerie-hotel-promenade-4-sterne-silvano-abruzzo\/","url":"https:\/\/www.hotelpromenadeabruzzo.it\/de\/foto-galerie-hotel-promenade-4-sterne-silvano-abruzzo\/","name":"Fotogallerie Hotel Promenade 4 Sterne Montesilvano Abruzzen","isPartOf":{"@id":"https:\/\/www.hotelpromenadeabruzzo.it\/de\/#website"},"datePublished":"2025-04-07T11:49:13+00:00","dateModified":"2026-02-16T11:32:13+00:00","description":"Fotogallerie Hotel Promenade 4 Sterne Montesilvano Abruzzen","breadcrumb":{"@id":"https:\/\/www.hotelpromenadeabruzzo.it\/de\/foto-galerie-hotel-promenade-4-sterne-silvano-abruzzo\/#breadcrumb"},"inLanguage":"de","potentialAction":[{"@type":"ReadAction","target":["https:\/\/www.hotelpromenadeabruzzo.it\/de\/foto-galerie-hotel-promenade-4-sterne-silvano-abruzzo\/"]}]},{"@type":"BreadcrumbList","@id":"https:\/\/www.hotelpromenadeabruzzo.it\/de\/foto-galerie-hotel-promenade-4-sterne-silvano-abruzzo\/#breadcrumb","itemListElement":[{"@type":"ListItem","position":1,"name":"Home","item":"https:\/\/www.hotelpromenadeabruzzo.it\/de\/"},{"@type":"ListItem","position":2,"name":"Gallery"}]},{"@type":"WebSite","@id":"https:\/\/www.hotelpromenadeabruzzo.it\/de\/#website","url":"https:\/\/www.hotelpromenadeabruzzo.it\/de\/","name":"Hotel Promenade","description":"La Tua Vacanza in Abruzzo","publisher":{"@id":"https:\/\/www.hotelpromenadeabruzzo.it\/de\/#organization"},"potentialAction":[{"@type":"SearchAction","target":{"@type":"EntryPoint","urlTemplate":"https:\/\/www.hotelpromenadeabruzzo.it\/de\/?s={search_term_string}"},"query-input":{"@type":"PropertyValueSpecification","valueRequired":true,"valueName":"search_term_string"}}],"inLanguage":"de"},{"@type":"Organization","@id":"https:\/\/www.hotelpromenadeabruzzo.it\/de\/#organization","name":"Hotel Promenade","url":"https:\/\/www.hotelpromenadeabruzzo.it\/de\/","logo":{"@type":"ImageObject","inLanguage":"de","@id":"https:\/\/www.hotelpromenadeabruzzo.it\/de\/#\/schema\/logo\/image\/","url":"https:\/\/www.hotelpromenadeabruzzo.it\/wp-content\/uploads\/2018\/10\/hotelpromenade-logo-4.png","contentUrl":"https:\/\/www.hotelpromenadeabruzzo.it\/wp-content\/uploads\/2018\/10\/hotelpromenade-logo-4.png","width":700,"height":664,"caption":"Hotel Promenade"},"image":{"@id":"https:\/\/www.hotelpromenadeabruzzo.it\/de\/#\/schema\/logo\/image\/"},"sameAs":["https:\/\/www.facebook.com\/HotelPromenadeAbruzzo","https:\/\/www.instagram.com\/hotelpromenademontesilvano\/"]}]}},"_links":{"self":[{"href":"https:\/\/www.hotelpromenadeabruzzo.it\/de\/wp-json\/wp\/v2\/pages\/14743","targetHints":{"allow":["GET"]}}],"collection":[{"href":"https:\/\/www.hotelpromenadeabruzzo.it\/de\/wp-json\/wp\/v2\/pages"}],"about":[{"href":"https:\/\/www.hotelpromenadeabruzzo.it\/de\/wp-json\/wp\/v2\/types\/page"}],"author":[{"embeddable":true,"href":"https:\/\/www.hotelpromenadeabruzzo.it\/de\/wp-json\/wp\/v2\/users\/2"}],"replies":[{"embeddable":true,"href":"https:\/\/www.hotelpromenadeabruzzo.it\/de\/wp-json\/wp\/v2\/comments?post=14743"}],"version-history":[{"count":5,"href":"https:\/\/www.hotelpromenadeabruzzo.it\/de\/wp-json\/wp\/v2\/pages\/14743\/revisions"}],"predecessor-version":[{"id":15311,"href":"https:\/\/www.hotelpromenadeabruzzo.it\/de\/wp-json\/wp\/v2\/pages\/14743\/revisions\/15311"}],"wp:attachment":[{"href":"https:\/\/www.hotelpromenadeabruzzo.it\/de\/wp-json\/wp\/v2\/media?parent=14743"}],"curies":[{"name":"wp","href":"https:\/\/api.w.org\/{rel}","templated":true}]}}