{"id":14699,"date":"2025-04-07T11:46:14","date_gmt":"2025-04-07T11:46:14","guid":{"rendered":"https:\/\/www.hotelpromenadeabruzzo.it\/hotel-pescara-abruzzo-4-stelle-sulla-spiaggia\/"},"modified":"2026-02-12T15:48:28","modified_gmt":"2026-02-12T15:48:28","slug":"abruzzen-pescara-4-sterne-hotel-strand-langde","status":"publish","type":"page","link":"https:\/\/www.hotelpromenadeabruzzo.it\/de\/abruzzen-pescara-4-sterne-hotel-strand-langde\/","title":{"rendered":"Strand"},"content":{"rendered":"<div class=\"wpb-content-wrapper\"><p>[vc_row full_width=&#8221;stretch_row&#8221; content_placement=&#8221;middle&#8221; css=&#8221;.vc_custom_1744619180694{margin-bottom: 30px !important;background-color: #E6E6E6 !important;}&#8221;][vc_column width=&#8221;1\/2&#8243; el_class=&#8221;milenia-color&#8211;black&#8221;]<!--================ Section Heading ================-->\n<script>\n    (function($){\n        'use strict';\n\n        if(!$) return;\n\n        $(function(){\n            if(window.appear) {\n                appear({\n                    elements: function(){\n                        return document.querySelectorAll('#vc-milenia-section-heading-cc1692a86b144c442baef872fbc57011-17755702361849750790');\n                    },\n                    appear: function(element) {\n                        var $el = $(element);\n                        $el.addClass('milenia-visible').addClass($el.data('animation'));\n                    },\n                    reappear: false,\n                    bounds: -200\n                });\n            }\n        });\n    })(window.jQuery);\n<\/script>\n<div id=\"vc-milenia-section-heading-cc1692a86b144c442baef872fbc57011-17755702361849750790\" class=\"milenia-section-heading text-left vc_custom_1770911202765 milenia-visible\" data-animation=\"none\">\n    \n    <h2 class=\"milenia-section-title milenia-font--first-accented\" style=\"font-size: 50px;line-height: 43px;text-transform: none;font-style: normal;font-weight: 400;\">Das Maximum f\u00fcr Ihren Urlaub direkt am Meer<\/h2>\n\n    \n<\/div>\n<!--================ End of Section Heading ================-->\n[vc_custom_heading text=&#8221;ZWISCHEN MEER UND ENTSPANNUNG: IHRE KOMFORT-OASE IM HOTEL PROMENADE&#8221; font_container=&#8221;tag:div|font_size:18px|text_align:left|color:%2333879F|line_height:30px&#8221; google_fonts=&#8221;font_family:Open%20Sans%3A300%2C300italic%2Cregular%2Citalic%2C600%2C600italic%2C700%2C700italic%2C800%2C800italic|font_style:700%20bold%20regular%3A700%3Anormal&#8221; css=&#8221;.vc_custom_1770911211900{margin-bottom: 20px !important;}&#8221;][vc_column_text css=&#8221;&#8221;]Das Hotel Promenade in Montesilvano ist das perfekte Ziel f\u00fcr alle, die eine Kombination aus Meer, Komfort und exklusiven Dienstleistungen suchen. Unser <strong>privater Strand<\/strong> ist das Herzst\u00fcck des Sommers: Sonnenschirme, Liegest\u00fchle und Liegen stehen jedem Gast zur Verf\u00fcgung, in einer paradiesischen Ecke, in der das kristallklare Meer und der feine Sand eine einzigartige Atmosph\u00e4re der Ruhe schaffen.<\/p>\n<p>Der <strong>Strand von Montesilvano<\/strong>, mit der Gr\u00fcnen Flagge ausgezeichnet, ist besonders ideal f\u00fcr Familien mit Kindern, dank des flachen Wassers nahe dem Ufer und der vielen Annehmlichkeiten in der N\u00e4he, darunter Restaurants und Eisdielen.<\/p>\n<p>Au\u00dferdem bereichert unser <strong>Animationsprogramm<\/strong>, das f\u00fcr alle Altersgruppen gedacht ist, Ihren Urlaub mit Momenten voller Spa\u00df und Unbeschwertheit, w\u00e4hrend die bezaubernde Atmosph\u00e4re des Strandes immer im Hintergrund bleibt.[\/vc_column_text][vc_column_text css=&#8221;&#8221;]Das Hotel Promenade empf\u00e4ngt Sie mit zwei verschiedenen Facetten: Im Sommer ist es das Paradies f\u00fcr Familien, mit dem All-Inclusive-Angebot, das Unterhaltung und Spa\u00df f\u00fcr Gro\u00df und Klein bietet; im Winter verwandelt es sich in ein ideales Refugium f\u00fcr Gesch\u00e4ftsaufenthalte, Sportveranstaltungen oder Messen, mit stets exzellenter Gastronomie.[\/vc_column_text][\/vc_column][vc_column width=&#8221;1\/2&#8243;][vc_single_image image=&#8221;13661&#8243; img_size=&#8221;900X1200&#8243; css=&#8221;&#8221;][\/vc_column][\/vc_row][vc_row css=&#8221;.vc_custom_1742470212259{padding-top: 0px !important;padding-bottom: 30px !important;}&#8221;][vc_column][vc_empty_space height=&#8221;70px&#8221;]<!--================ Section Heading ================-->\n<script>\n    (function($){\n        'use strict';\n\n        if(!$) return;\n\n        $(function(){\n            if(window.appear) {\n                appear({\n                    elements: function(){\n                        return document.querySelectorAll('#vc-milenia-section-heading-bd7bca94175f1b92a6c53f7175037f0d-1775570236326451994');\n                    },\n                    appear: function(element) {\n                        var $el = $(element);\n                        $el.addClass('milenia-visible').addClass($el.data('animation'));\n                    },\n                    reappear: false,\n                    bounds: -200\n                });\n            }\n        });\n    })(window.jQuery);\n<\/script>\n<div id=\"vc-milenia-section-heading-bd7bca94175f1b92a6c53f7175037f0d-1775570236326451994\" class=\"milenia-section-heading text-center vc_custom_1770911225180 milenia-visible\" data-animation=\"none\">\n    \n    <h2 class=\"milenia-section-title milenia-font--first-accented\" style=\"font-size: 50px;line-height: 43px;text-transform: none;font-style: normal;font-weight: 400;\">Einzigartige Vorteile<\/h2>\n\n    \n<\/div>\n<!--================ End of Section Heading ================-->\n[vc_empty_space height=&#8221;20px&#8221;]<!--================ Info Boxes ================-->\n<script>\n    (function($){\n        'use strict';\n\n        if(!$) return;\n\n        $(function(){\n            var $container = $('#vc-milenia-info-boxes-836887558912c44871719720ecb44a42-17755702361330489073'),\n                $dynamicBgElements,\n                $carousels;\n\n            if(!$container.length) return;\n\n            if(window.appear) {\n                appear({\n                    elements: function(){\n                        return document.querySelectorAll('#vc-milenia-info-boxes-836887558912c44871719720ecb44a42-17755702361330489073');\n                    },\n                    appear: function(element) {\n                        var $el = $(element);\n                        $el.addClass('milenia-visible').addClass($el.data('animation'));\n                    },\n                    reappear: false,\n                    bounds: -200\n                });\n            }\n\n            if(window.Milenia && window.Milenia.LinkUnderliner) {\n                window.Milenia.LinkUnderliner.init($container.find('a'));\n            }\n\n            if(window.Milenia && window.Milenia.helpers &&  window.Milenia.helpers.dynamicBgImage) {\n                $dynamicBgElements = $container.find('[data-bg-image-src]');\n                if($dynamicBgElements.length) window.Milenia.helpers.dynamicBgImage($dynamicBgElements);\n            }\n\n            if($.fn.owlCarousel) {\n                $carousels = $container.find('.milenia-simple-slideshow--shortcode');\n\n                if($carousels.length) {\n                    if(window.Milenia && window.Milenia.helpers && window.Milenia.helpers.owlSettings) {\n\n                        $carousels.jQueryImagesLoaded().then(function(){\n                                $carousels.each(function(i,e) {\n                                    $(e).owlCarousel(window.Milenia.helpers.owlSettings({\n                                        margin: 1,\n                                        loop: true,\n                                        autoplay: $(e).hasClass('milenia-simple-slideshow--autoplay')\n                                    }));\n                                });\n                        });\n\n                    }\n                    else {\n                        $carousels.owlCarousel({\n                            items: 1\n                        });\n                    }\n                }\n            }\n        });\n    })(window.jQuery);\n<\/script>\n\n<div id=\"vc-milenia-info-boxes-836887558912c44871719720ecb44a42-17755702361330489073\" class=\"milenia-entities milenia-entities--style-2 milenia-entities--unreverse  milenia-entities--title-reduced milenia-visible\" data-animation=\"none\">\n    <div class=\"milenia-grid milenia-grid--cols-3 milenia-grid--gutters\">\n        <!--================ Info Boxes Item ================-->\n<div class=\"milenia-grid-item\">\n    <article class=\"milenia-entity milenia-entity--scheme-primary\">\n        <div data-bg-image-src=\"https:\/\/www.hotelpromenadeabruzzo.it\/wp-content\/uploads\/2018\/10\/hotel-4-stelle-con-piscina-sul-mare.png\" style=\"background-image: url(https:\/\/www.hotelpromenadeabruzzo.it\/wp-content\/uploads\/2018\/10\/hotel-4-stelle-con-piscina-sul-mare.png)\" class=\"milenia-entity-media\"><\/div>\n\n\n        <div class=\"milenia-entity-content milenia-aligner\">\n            <div class=\"milenia-aligner-outer\">\n                <div class=\"milenia-aligner-inner\">\n                    <header class=\"milenia-entity-header\">\n                        \n                        <h2 class=\"milenia-entity-title\">Pool<\/h2>\n\n                    <\/header>\n                    <div class=\"milenia-entity-body\"><p>Ein Pool mit Blick auf das Meer, in dem jeder Sprung ins Wasser pure Entspannung bedeutet. Umgeben von Liegen und Sonnenschirmen ist er der ideale Ort, um sich abzuk\u00fchlen und die Ruhe fernab des Trubels mit einer atemberaubenden Aussicht zu genie\u00dfen.<\/p>\n<\/div>\n\n                    \n                <\/div>\n            <\/div>\n        <\/div>\n    <\/article>\n<\/div>\n<!--================ End of Info Boxes Item ================-->\n\r\n<!--================ Info Boxes Item ================-->\n<div class=\"milenia-grid-item\">\n    <article class=\"milenia-entity milenia-entity--scheme-primary\">\n        <div data-bg-image-src=\"https:\/\/www.hotelpromenadeabruzzo.it\/wp-content\/uploads\/2018\/10\/hotel-con-piscina-montesilvano-7.png\" style=\"background-image: url(https:\/\/www.hotelpromenadeabruzzo.it\/wp-content\/uploads\/2018\/10\/hotel-con-piscina-montesilvano-7.png)\" class=\"milenia-entity-media\"><\/div>\n\n\n        <div class=\"milenia-entity-content milenia-aligner\">\n            <div class=\"milenia-aligner-outer\">\n                <div class=\"milenia-aligner-inner\">\n                    <header class=\"milenia-entity-header\">\n                        \n                        <h2 class=\"milenia-entity-title\">Privatstrand<\/h2>\n\n                    <\/header>\n                    <div class=\"milenia-entity-body\"><p>Unser Privatstrand ist ein Paradieswinkel mit direktem Zugang vom Hotel aus, wo Komfort und Gelassenheit garantiert sind. Sonnenschirme, Liegen und Kabinen stehen jedem Gast zur Verf\u00fcgung, um das Meer in v\u00f6lliger Privatsph\u00e4re und Ruhe zu genie\u00dfen.<\/p>\n<\/div>\n\n                    \n                <\/div>\n            <\/div>\n        <\/div>\n    <\/article>\n<\/div>\n<!--================ End of Info Boxes Item ================-->\n\r\n<!--================ Info Boxes Item ================-->\n<div class=\"milenia-grid-item\">\n    <article class=\"milenia-entity milenia-entity--scheme-primary\">\n        <div data-bg-image-src=\"https:\/\/www.hotelpromenadeabruzzo.it\/wp-content\/uploads\/2018\/10\/all-inclusive-hotel-montesilvanbo-pescara.png\" style=\"background-image: url(https:\/\/www.hotelpromenadeabruzzo.it\/wp-content\/uploads\/2018\/10\/all-inclusive-hotel-montesilvanbo-pescara.png)\" class=\"milenia-entity-media\"><\/div>\n\n\n        <div class=\"milenia-entity-content milenia-aligner\">\n            <div class=\"milenia-aligner-outer\">\n                <div class=\"milenia-aligner-inner\">\n                    <header class=\"milenia-entity-header\">\n                        \n                        <h2 class=\"milenia-entity-title\">24h Open Bar<\/h2>\n\n                    <\/header>\n                    <div class=\"milenia-entity-body\"><p>Genie\u00dfen Sie jederzeit ein erfrischendes Getr\u00e4nk dank unserer 24h Open Bar. Ein exklusiver Service, der Sie den ganzen Tag \u00fcber begleitet \u2013 f\u00fcr einen grenzenlosen Genussmoment von morgens bis abends.<\/p>\n<\/div>\n\n                    \n                <\/div>\n            <\/div>\n        <\/div>\n    <\/article>\n<\/div>\n<!--================ End of Info Boxes Item ================-->\n\n    <\/div>\n<\/div>\n<!--================ End of Info Boxes ================-->\n[vc_empty_space height=&#8221;20px&#8221;][\/vc_column][\/vc_row][vc_row full_width=&#8221;stretch_row&#8221; full_height=&#8221;yes&#8221; equal_height=&#8221;yes&#8221; content_placement=&#8221;middle&#8221; css=&#8221;.vc_custom_1744619213370{background-color: #E6E6E6 !important;}&#8221;][vc_column]<!--================ Section Heading ================-->\n<script>\n    (function($){\n        'use strict';\n\n        if(!$) return;\n\n        $(function(){\n            if(window.appear) {\n                appear({\n                    elements: function(){\n                        return document.querySelectorAll('#vc-milenia-section-heading-d078a80432e4b4d5184b756ffaf251b2-1775570236761218371');\n                    },\n                    appear: function(element) {\n                        var $el = $(element);\n                        $el.addClass('milenia-visible').addClass($el.data('animation'));\n                    },\n                    reappear: false,\n                    bounds: -200\n                });\n            }\n        });\n    })(window.jQuery);\n<\/script>\n<div id=\"vc-milenia-section-heading-d078a80432e4b4d5184b756ffaf251b2-1775570236761218371\" class=\"milenia-section-heading text-center vc_custom_1770911306765 milenia-visible\" data-animation=\"none\">\n    \n    <h2 class=\"milenia-section-title milenia-font--first-accented\" style=\"font-size: 50px;line-height: 43px;text-transform: none;font-style: normal;font-weight: 400;\">Visuelles Erlebnis<\/h2>\n\n    \n<\/div>\n<!--================ End of Section Heading ================-->\n[vc_empty_space height=&#8221;20px&#8221;][vc_masonry_media_grid css=&#8221;&#8221; grid_id=&#8221;vc_gid:1770911188217-981b0c92-cbba-4&#8243; include=&#8221;13254,4124,14097,14101,14005,13961,13965,13957,13693,13681,13609,13649,13601,13673,13669&#8243;][vc_empty_space height=&#8221;20px&#8221;][\/vc_column][\/vc_row]<\/p>\n<\/div>","protected":false},"excerpt":{"rendered":"<p>[vc_row full_width=&#8221;stretch_row&#8221; content_placement=&#8221;middle&#8221; css=&#8221;.vc_custom_1744619180694{margin-bottom: 30px !important;background-color: #E6E6E6 !important;}&#8221;][vc_column width=&#8221;1\/2&#8243; el_class=&#8221;milenia-color&#8211;black&#8221;][vc_custom_heading text=&#8221;ZWISCHEN MEER UND ENTSPANNUNG: IHRE KOMFORT-OASE IM HOTEL&#8230;<\/p>\n","protected":false},"author":2,"featured_media":0,"parent":0,"menu_order":0,"comment_status":"closed","ping_status":"closed","template":"","meta":{"footnotes":""},"class_list":["post-14699","page","type-page","status-publish","hentry"],"yoast_head":"<!-- This site is optimized with the Yoast SEO plugin v27.2 - https:\/\/yoast.com\/product\/yoast-seo-wordpress\/ -->\n<title>abruzzen-pescara-4-sterne-hotel-strand-langde<\/title>\n<meta name=\"description\" content=\"Abruzzen Pescara 4 Sterne Hotel Strand Langde: Hotel Promenade ist in Monte Silvano Abruzzen, direkt am Meer\u00a0gelegen und verf\u00fcgt \u00fcber einen\u00a0Privatstrand f\u00fcr Kunden reserviert.\" \/>\n<meta name=\"robots\" content=\"index, follow, max-snippet:-1, max-image-preview:large, max-video-preview:-1\" \/>\n<link rel=\"canonical\" href=\"https:\/\/www.hotelpromenadeabruzzo.it\/de\/abruzzen-pescara-4-sterne-hotel-strand-langde\/\" \/>\n<meta property=\"og:locale\" content=\"de_DE\" \/>\n<meta property=\"og:type\" content=\"article\" \/>\n<meta property=\"og:title\" content=\"abruzzen-pescara-4-sterne-hotel-strand-langde\" \/>\n<meta property=\"og:description\" content=\"Abruzzen Pescara 4 Sterne Hotel Strand Langde: Hotel Promenade ist in Monte Silvano Abruzzen, direkt am Meer\u00a0gelegen und verf\u00fcgt \u00fcber einen\u00a0Privatstrand f\u00fcr Kunden reserviert.\" \/>\n<meta property=\"og:url\" content=\"https:\/\/www.hotelpromenadeabruzzo.it\/de\/abruzzen-pescara-4-sterne-hotel-strand-langde\/\" \/>\n<meta property=\"og:site_name\" content=\"Hotel Promenade\" \/>\n<meta property=\"article:publisher\" content=\"https:\/\/www.facebook.com\/HotelPromenadeAbruzzo\" \/>\n<meta property=\"article:modified_time\" content=\"2026-02-12T15:48:28+00:00\" \/>\n<meta name=\"twitter:card\" content=\"summary_large_image\" \/>\n<meta name=\"twitter:label1\" content=\"Gesch\u00e4tzte Lesezeit\" \/>\n\t<meta name=\"twitter:data1\" content=\"5\u00a0Minuten\" \/>\n<script type=\"application\/ld+json\" class=\"yoast-schema-graph\">{\"@context\":\"https:\/\/schema.org\",\"@graph\":[{\"@type\":\"WebPage\",\"@id\":\"https:\/\/www.hotelpromenadeabruzzo.it\/de\/abruzzen-pescara-4-sterne-hotel-strand-langde\/\",\"url\":\"https:\/\/www.hotelpromenadeabruzzo.it\/de\/abruzzen-pescara-4-sterne-hotel-strand-langde\/\",\"name\":\"abruzzen-pescara-4-sterne-hotel-strand-langde\",\"isPartOf\":{\"@id\":\"https:\/\/www.hotelpromenadeabruzzo.it\/de\/#website\"},\"datePublished\":\"2025-04-07T11:46:14+00:00\",\"dateModified\":\"2026-02-12T15:48:28+00:00\",\"description\":\"Abruzzen Pescara 4 Sterne Hotel Strand Langde: Hotel Promenade ist in Monte Silvano Abruzzen, direkt am Meer\u00a0gelegen und verf\u00fcgt \u00fcber einen\u00a0Privatstrand f\u00fcr Kunden reserviert.\",\"breadcrumb\":{\"@id\":\"https:\/\/www.hotelpromenadeabruzzo.it\/de\/abruzzen-pescara-4-sterne-hotel-strand-langde\/#breadcrumb\"},\"inLanguage\":\"de\",\"potentialAction\":[{\"@type\":\"ReadAction\",\"target\":[\"https:\/\/www.hotelpromenadeabruzzo.it\/de\/abruzzen-pescara-4-sterne-hotel-strand-langde\/\"]}]},{\"@type\":\"BreadcrumbList\",\"@id\":\"https:\/\/www.hotelpromenadeabruzzo.it\/de\/abruzzen-pescara-4-sterne-hotel-strand-langde\/#breadcrumb\",\"itemListElement\":[{\"@type\":\"ListItem\",\"position\":1,\"name\":\"Home\",\"item\":\"https:\/\/www.hotelpromenadeabruzzo.it\/de\/\"},{\"@type\":\"ListItem\",\"position\":2,\"name\":\"Strand\"}]},{\"@type\":\"WebSite\",\"@id\":\"https:\/\/www.hotelpromenadeabruzzo.it\/de\/#website\",\"url\":\"https:\/\/www.hotelpromenadeabruzzo.it\/de\/\",\"name\":\"Hotel Promenade\",\"description\":\"La Tua Vacanza in Abruzzo\",\"publisher\":{\"@id\":\"https:\/\/www.hotelpromenadeabruzzo.it\/de\/#organization\"},\"potentialAction\":[{\"@type\":\"SearchAction\",\"target\":{\"@type\":\"EntryPoint\",\"urlTemplate\":\"https:\/\/www.hotelpromenadeabruzzo.it\/de\/?s={search_term_string}\"},\"query-input\":{\"@type\":\"PropertyValueSpecification\",\"valueRequired\":true,\"valueName\":\"search_term_string\"}}],\"inLanguage\":\"de\"},{\"@type\":\"Organization\",\"@id\":\"https:\/\/www.hotelpromenadeabruzzo.it\/de\/#organization\",\"name\":\"Hotel Promenade\",\"url\":\"https:\/\/www.hotelpromenadeabruzzo.it\/de\/\",\"logo\":{\"@type\":\"ImageObject\",\"inLanguage\":\"de\",\"@id\":\"https:\/\/www.hotelpromenadeabruzzo.it\/de\/#\/schema\/logo\/image\/\",\"url\":\"https:\/\/www.hotelpromenadeabruzzo.it\/wp-content\/uploads\/2018\/10\/hotelpromenade-logo-4.png\",\"contentUrl\":\"https:\/\/www.hotelpromenadeabruzzo.it\/wp-content\/uploads\/2018\/10\/hotelpromenade-logo-4.png\",\"width\":700,\"height\":664,\"caption\":\"Hotel Promenade\"},\"image\":{\"@id\":\"https:\/\/www.hotelpromenadeabruzzo.it\/de\/#\/schema\/logo\/image\/\"},\"sameAs\":[\"https:\/\/www.facebook.com\/HotelPromenadeAbruzzo\",\"https:\/\/www.instagram.com\/hotelpromenademontesilvano\/\"]}]}<\/script>\n<!-- \/ Yoast SEO plugin. -->","yoast_head_json":{"title":"abruzzen-pescara-4-sterne-hotel-strand-langde","description":"Abruzzen Pescara 4 Sterne Hotel Strand Langde: Hotel Promenade ist in Monte Silvano Abruzzen, direkt am Meer\u00a0gelegen und verf\u00fcgt \u00fcber einen\u00a0Privatstrand f\u00fcr Kunden reserviert.","robots":{"index":"index","follow":"follow","max-snippet":"max-snippet:-1","max-image-preview":"max-image-preview:large","max-video-preview":"max-video-preview:-1"},"canonical":"https:\/\/www.hotelpromenadeabruzzo.it\/de\/abruzzen-pescara-4-sterne-hotel-strand-langde\/","og_locale":"de_DE","og_type":"article","og_title":"abruzzen-pescara-4-sterne-hotel-strand-langde","og_description":"Abruzzen Pescara 4 Sterne Hotel Strand Langde: Hotel Promenade ist in Monte Silvano Abruzzen, direkt am Meer\u00a0gelegen und verf\u00fcgt \u00fcber einen\u00a0Privatstrand f\u00fcr Kunden reserviert.","og_url":"https:\/\/www.hotelpromenadeabruzzo.it\/de\/abruzzen-pescara-4-sterne-hotel-strand-langde\/","og_site_name":"Hotel Promenade","article_publisher":"https:\/\/www.facebook.com\/HotelPromenadeAbruzzo","article_modified_time":"2026-02-12T15:48:28+00:00","twitter_card":"summary_large_image","twitter_misc":{"Gesch\u00e4tzte Lesezeit":"5\u00a0Minuten"},"schema":{"@context":"https:\/\/schema.org","@graph":[{"@type":"WebPage","@id":"https:\/\/www.hotelpromenadeabruzzo.it\/de\/abruzzen-pescara-4-sterne-hotel-strand-langde\/","url":"https:\/\/www.hotelpromenadeabruzzo.it\/de\/abruzzen-pescara-4-sterne-hotel-strand-langde\/","name":"abruzzen-pescara-4-sterne-hotel-strand-langde","isPartOf":{"@id":"https:\/\/www.hotelpromenadeabruzzo.it\/de\/#website"},"datePublished":"2025-04-07T11:46:14+00:00","dateModified":"2026-02-12T15:48:28+00:00","description":"Abruzzen Pescara 4 Sterne Hotel Strand Langde: Hotel Promenade ist in Monte Silvano Abruzzen, direkt am Meer\u00a0gelegen und verf\u00fcgt \u00fcber einen\u00a0Privatstrand f\u00fcr Kunden reserviert.","breadcrumb":{"@id":"https:\/\/www.hotelpromenadeabruzzo.it\/de\/abruzzen-pescara-4-sterne-hotel-strand-langde\/#breadcrumb"},"inLanguage":"de","potentialAction":[{"@type":"ReadAction","target":["https:\/\/www.hotelpromenadeabruzzo.it\/de\/abruzzen-pescara-4-sterne-hotel-strand-langde\/"]}]},{"@type":"BreadcrumbList","@id":"https:\/\/www.hotelpromenadeabruzzo.it\/de\/abruzzen-pescara-4-sterne-hotel-strand-langde\/#breadcrumb","itemListElement":[{"@type":"ListItem","position":1,"name":"Home","item":"https:\/\/www.hotelpromenadeabruzzo.it\/de\/"},{"@type":"ListItem","position":2,"name":"Strand"}]},{"@type":"WebSite","@id":"https:\/\/www.hotelpromenadeabruzzo.it\/de\/#website","url":"https:\/\/www.hotelpromenadeabruzzo.it\/de\/","name":"Hotel Promenade","description":"La Tua Vacanza in Abruzzo","publisher":{"@id":"https:\/\/www.hotelpromenadeabruzzo.it\/de\/#organization"},"potentialAction":[{"@type":"SearchAction","target":{"@type":"EntryPoint","urlTemplate":"https:\/\/www.hotelpromenadeabruzzo.it\/de\/?s={search_term_string}"},"query-input":{"@type":"PropertyValueSpecification","valueRequired":true,"valueName":"search_term_string"}}],"inLanguage":"de"},{"@type":"Organization","@id":"https:\/\/www.hotelpromenadeabruzzo.it\/de\/#organization","name":"Hotel Promenade","url":"https:\/\/www.hotelpromenadeabruzzo.it\/de\/","logo":{"@type":"ImageObject","inLanguage":"de","@id":"https:\/\/www.hotelpromenadeabruzzo.it\/de\/#\/schema\/logo\/image\/","url":"https:\/\/www.hotelpromenadeabruzzo.it\/wp-content\/uploads\/2018\/10\/hotelpromenade-logo-4.png","contentUrl":"https:\/\/www.hotelpromenadeabruzzo.it\/wp-content\/uploads\/2018\/10\/hotelpromenade-logo-4.png","width":700,"height":664,"caption":"Hotel Promenade"},"image":{"@id":"https:\/\/www.hotelpromenadeabruzzo.it\/de\/#\/schema\/logo\/image\/"},"sameAs":["https:\/\/www.facebook.com\/HotelPromenadeAbruzzo","https:\/\/www.instagram.com\/hotelpromenademontesilvano\/"]}]}},"_links":{"self":[{"href":"https:\/\/www.hotelpromenadeabruzzo.it\/de\/wp-json\/wp\/v2\/pages\/14699","targetHints":{"allow":["GET"]}}],"collection":[{"href":"https:\/\/www.hotelpromenadeabruzzo.it\/de\/wp-json\/wp\/v2\/pages"}],"about":[{"href":"https:\/\/www.hotelpromenadeabruzzo.it\/de\/wp-json\/wp\/v2\/types\/page"}],"author":[{"embeddable":true,"href":"https:\/\/www.hotelpromenadeabruzzo.it\/de\/wp-json\/wp\/v2\/users\/2"}],"replies":[{"embeddable":true,"href":"https:\/\/www.hotelpromenadeabruzzo.it\/de\/wp-json\/wp\/v2\/comments?post=14699"}],"version-history":[{"count":5,"href":"https:\/\/www.hotelpromenadeabruzzo.it\/de\/wp-json\/wp\/v2\/pages\/14699\/revisions"}],"predecessor-version":[{"id":15116,"href":"https:\/\/www.hotelpromenadeabruzzo.it\/de\/wp-json\/wp\/v2\/pages\/14699\/revisions\/15116"}],"wp:attachment":[{"href":"https:\/\/www.hotelpromenadeabruzzo.it\/de\/wp-json\/wp\/v2\/media?parent=14699"}],"curies":[{"name":"wp","href":"https:\/\/api.w.org\/{rel}","templated":true}]}}