{"id":14695,"date":"2025-04-07T11:36:57","date_gmt":"2025-04-07T11:36:57","guid":{"rendered":"https:\/\/www.hotelpromenadeabruzzo.it\/hotel-cucina-tipica-ristorante-panoramico-pescara\/"},"modified":"2026-02-12T15:35:32","modified_gmt":"2026-02-12T15:35:32","slug":"hotel-typische-kueche-panorama-restaurant-pescara-langde","status":"publish","type":"page","link":"https:\/\/www.hotelpromenadeabruzzo.it\/de\/hotel-typische-kueche-panorama-restaurant-pescara-langde\/","title":{"rendered":"Restaurant"},"content":{"rendered":"<div class=\"wpb-content-wrapper\"><p>[vc_row full_width=&#8221;stretch_row&#8221; content_placement=&#8221;middle&#8221; css=&#8221;.vc_custom_1744618221663{margin-bottom: 30px !important;background-color: #E6E6E6 !important;}&#8221;][vc_column width=&#8221;1\/2&#8243; el_class=&#8221;milenia-color&#8211;black&#8221;]<!--================ Section Heading ================-->\n<script>\n    (function($){\n        'use strict';\n\n        if(!$) return;\n\n        $(function(){\n            if(window.appear) {\n                appear({\n                    elements: function(){\n                        return document.querySelectorAll('#vc-milenia-section-heading-57acc65021a37ee0cdb80343233625d5-17755698601456822975');\n                    },\n                    appear: function(element) {\n                        var $el = $(element);\n                        $el.addClass('milenia-visible').addClass($el.data('animation'));\n                    },\n                    reappear: false,\n                    bounds: -200\n                });\n            }\n        });\n    })(window.jQuery);\n<\/script>\n<div id=\"vc-milenia-section-heading-57acc65021a37ee0cdb80343233625d5-17755698601456822975\" class=\"milenia-section-heading text-left vc_custom_1770910398909 milenia-visible\" data-animation=\"none\">\n    \n    <h2 class=\"milenia-section-title milenia-font--first-accented\" style=\"font-size: 50px;line-height: 43px;text-transform: none;font-style: normal;font-weight: 400;\">Restaurant Le Tamerici<\/h2>\n\n    \n<\/div>\n<!--================ End of Section Heading ================-->\n[vc_custom_heading text=&#8221;EIN GENUSSERLEBNIS MIT BLICK AUF DAS MEER DER ABRUZZEN&#8221; font_container=&#8221;tag:div|font_size:18px|text_align:left|color:%2333879F|line_height:30px&#8221; google_fonts=&#8221;font_family:Open%20Sans%3A300%2C300italic%2Cregular%2Citalic%2C600%2C600italic%2C700%2C700italic%2C800%2C800italic|font_style:700%20bold%20regular%3A700%3Anormal&#8221; css=&#8221;.vc_custom_1770910407250{margin-bottom: 20px !important;}&#8221;][vc_column_text css=&#8221;&#8221;]Jeder Tag im <strong>Restaurant Le Tamerici<\/strong> beginnt mit einem atemberaubenden Ausblick: das Blau des Adriatischen Meeres, das mit dem Himmel verschmilzt, w\u00e4hrend das Morgenlicht unseren eleganten Panoramasaal umschmeichelt. Innerhalb des Hotels ist dieser Ort der G\u00fcte und Sch\u00f6nheit der perfekte Platz, um sich schon am Morgen verw\u00f6hnen zu lassen.<\/p>\n<p>Das Fr\u00fchst\u00fcck ist eine Hymne an die K\u00f6stlichkeit: t\u00e4glich frisch zubereitete handwerkliche Geb\u00e4ckst\u00fccke, warme Croissants, duftende Marmeladen, frisches Obst, Donuts und authentische Kuchen. F\u00fcr Liebhaber herzhaftem Fr\u00fchst\u00fccks gibt es Eier, Speck und frisch zubereitete Pancakes, die den ersten Mahlzeit des Tages zu etwas Besonderem machen.<\/p>\n<p>Zum Mittag- und Abendessen entf\u00fchren die erfahrenen H\u00e4nde unseres K\u00fcchenchefs die Seele von Abruzzen auf den Teller, mit frischesten Fischgerichten und regionalen Rezepten, die beim ersten Bissen verzaubern.<\/p>\n<p>Unser Weinkeller ist ein kleines Paradies f\u00fcr Weinliebhaber: Sorgf\u00e4ltig ausgew\u00e4hlte Etiketten aus den besten regionalen und nationalen Produktionen, perfekt, um jedes Gericht mit Eleganz und Charakter zu begleiten.<\/p>\n<p>Das freundliche und kompetente Team hei\u00dft Sie stets mit einem L\u00e4cheln willkommen und begleitet Sie auf einer ma\u00dfgeschneiderten gastronomischen Reise, bei der jedes Detail darauf bedacht ist, Ihnen ein besonderes Erlebnis zu bieten.<\/p>\n<p>Auch f\u00fcr G\u00e4ste, die sich glutenfrei ern\u00e4hren, bieten wir eine Vielzahl an k\u00f6stlichen und abwechslungsreichen Gerichten. Kontaktieren Sie uns einfach: Gemeinsam erstellen wir ein ma\u00dfgeschneidertes kulinarisches Erlebnis, das auf alle Bed\u00fcrfnisse eingeht.[\/vc_column_text][\/vc_column][vc_column width=&#8221;1\/2&#8243;][vc_single_image image=&#8221;13246&#8243; img_size=&#8221;900X1200&#8243; css=&#8221;&#8221;][\/vc_column][\/vc_row][vc_row css=&#8221;.vc_custom_1742470212259{padding-top: 0px !important;padding-bottom: 30px !important;}&#8221;][vc_column][vc_empty_space height=&#8221;70px&#8221;]<!--================ Section Heading ================-->\n<script>\n    (function($){\n        'use strict';\n\n        if(!$) return;\n\n        $(function(){\n            if(window.appear) {\n                appear({\n                    elements: function(){\n                        return document.querySelectorAll('#vc-milenia-section-heading-ad1622472fefc7d5fff9501df24c4d95-177556986073407346');\n                    },\n                    appear: function(element) {\n                        var $el = $(element);\n                        $el.addClass('milenia-visible').addClass($el.data('animation'));\n                    },\n                    reappear: false,\n                    bounds: -200\n                });\n            }\n        });\n    })(window.jQuery);\n<\/script>\n<div id=\"vc-milenia-section-heading-ad1622472fefc7d5fff9501df24c4d95-177556986073407346\" class=\"milenia-section-heading text-center vc_custom_1770910425605 milenia-visible\" data-animation=\"none\">\n    \n    <h2 class=\"milenia-section-title milenia-font--first-accented\" style=\"font-size: 50px;line-height: 43px;text-transform: none;font-style: normal;font-weight: 400;\">Einzigartige Highlights<\/h2>\n\n    \n<\/div>\n<!--================ End of Section Heading ================-->\n[vc_empty_space height=&#8221;20px&#8221;]<!--================ Info Boxes ================-->\n<script>\n    (function($){\n        'use strict';\n\n        if(!$) return;\n\n        $(function(){\n            var $container = $('#vc-milenia-info-boxes-ddb370f4cbf1be9c35ec5d69539fe7c3-17755698601029816596'),\n                $dynamicBgElements,\n                $carousels;\n\n            if(!$container.length) return;\n\n            if(window.appear) {\n                appear({\n                    elements: function(){\n                        return document.querySelectorAll('#vc-milenia-info-boxes-ddb370f4cbf1be9c35ec5d69539fe7c3-17755698601029816596');\n                    },\n                    appear: function(element) {\n                        var $el = $(element);\n                        $el.addClass('milenia-visible').addClass($el.data('animation'));\n                    },\n                    reappear: false,\n                    bounds: -200\n                });\n            }\n\n            if(window.Milenia && window.Milenia.LinkUnderliner) {\n                window.Milenia.LinkUnderliner.init($container.find('a'));\n            }\n\n            if(window.Milenia && window.Milenia.helpers &&  window.Milenia.helpers.dynamicBgImage) {\n                $dynamicBgElements = $container.find('[data-bg-image-src]');\n                if($dynamicBgElements.length) window.Milenia.helpers.dynamicBgImage($dynamicBgElements);\n            }\n\n            if($.fn.owlCarousel) {\n                $carousels = $container.find('.milenia-simple-slideshow--shortcode');\n\n                if($carousels.length) {\n                    if(window.Milenia && window.Milenia.helpers && window.Milenia.helpers.owlSettings) {\n\n                        $carousels.jQueryImagesLoaded().then(function(){\n                                $carousels.each(function(i,e) {\n                                    $(e).owlCarousel(window.Milenia.helpers.owlSettings({\n                                        margin: 1,\n                                        loop: true,\n                                        autoplay: $(e).hasClass('milenia-simple-slideshow--autoplay')\n                                    }));\n                                });\n                        });\n\n                    }\n                    else {\n                        $carousels.owlCarousel({\n                            items: 1\n                        });\n                    }\n                }\n            }\n        });\n    })(window.jQuery);\n<\/script>\n\n<div id=\"vc-milenia-info-boxes-ddb370f4cbf1be9c35ec5d69539fe7c3-17755698601029816596\" class=\"milenia-entities milenia-entities--style-2 milenia-entities--unreverse  milenia-entities--title-reduced milenia-visible\" data-animation=\"none\">\n    <div class=\"milenia-grid milenia-grid--cols-3 milenia-grid--gutters\">\n        <!--================ Info Boxes Item ================-->\n<div class=\"milenia-grid-item\">\n    <article class=\"milenia-entity milenia-entity--scheme-primary\">\n        <div data-bg-image-src=\"https:\/\/www.hotelpromenadeabruzzo.it\/wp-content\/uploads\/2018\/10\/cucina-hotel-promenade.png\" style=\"background-image: url(https:\/\/www.hotelpromenadeabruzzo.it\/wp-content\/uploads\/2018\/10\/cucina-hotel-promenade.png)\" class=\"milenia-entity-media\"><\/div>\n\n\n        <div class=\"milenia-entity-content milenia-aligner\">\n            <div class=\"milenia-aligner-outer\">\n                <div class=\"milenia-aligner-inner\">\n                    <header class=\"milenia-entity-header\">\n                        \n                        <h2 class=\"milenia-entity-title\">Tradition mit Geschmack<\/h2>\n\n                    <\/header>\n                    <div class=\"milenia-entity-body\"><p>Eine detailverliebte K\u00fcche mit authentischen Traditionsgerichten, die Ihnen im Hotel Promenade unverf\u00e4lschte Aromen schenkt.<\/p>\n<\/div>\n\n                    \n                <\/div>\n            <\/div>\n        <\/div>\n    <\/article>\n<\/div>\n<!--================ End of Info Boxes Item ================-->\n\r\n<!--================ Info Boxes Item ================-->\n<div class=\"milenia-grid-item\">\n    <article class=\"milenia-entity milenia-entity--scheme-primary\">\n        <div data-bg-image-src=\"https:\/\/www.hotelpromenadeabruzzo.it\/wp-content\/uploads\/2018\/10\/veduta-panoramica-hotel-sul-mare-montesilvano.png\" style=\"background-image: url(https:\/\/www.hotelpromenadeabruzzo.it\/wp-content\/uploads\/2018\/10\/veduta-panoramica-hotel-sul-mare-montesilvano.png)\" class=\"milenia-entity-media\"><\/div>\n\n\n        <div class=\"milenia-entity-content milenia-aligner\">\n            <div class=\"milenia-aligner-outer\">\n                <div class=\"milenia-aligner-inner\">\n                    <header class=\"milenia-entity-header\">\n                        \n                        <h2 class=\"milenia-entity-title\">Atemberaubender Meerblick<\/h2>\n\n                    <\/header>\n                    <div class=\"milenia-entity-body\"><p>Ein lichtdurchfluteter Panoramasaal mit Blick auf die Adria, in dem jede Mahlzeit zu einem Erlebnis f\u00fcr Augen und Herz wird.<\/p>\n<\/div>\n\n                    \n                <\/div>\n            <\/div>\n        <\/div>\n    <\/article>\n<\/div>\n<!--================ End of Info Boxes Item ================-->\n\r\n<!--================ Info Boxes Item ================-->\n<div class=\"milenia-grid-item\">\n    <article class=\"milenia-entity milenia-entity--scheme-primary\">\n        <div data-bg-image-src=\"https:\/\/www.hotelpromenadeabruzzo.it\/wp-content\/uploads\/2018\/10\/servizio-eccellente-hotel-promenade.png\" style=\"background-image: url(https:\/\/www.hotelpromenadeabruzzo.it\/wp-content\/uploads\/2018\/10\/servizio-eccellente-hotel-promenade.png)\" class=\"milenia-entity-media\"><\/div>\n\n\n        <div class=\"milenia-entity-content milenia-aligner\">\n            <div class=\"milenia-aligner-outer\">\n                <div class=\"milenia-aligner-inner\">\n                    <header class=\"milenia-entity-header\">\n                        \n                        <h2 class=\"milenia-entity-title\">Gastfreundschaft, die den Unterschied macht<\/h2>\n\n                    <\/header>\n                    <div class=\"milenia-entity-body\"><p>Ein stets herzlicher und aufmerksamer Service, ob am Tisch oder am Buffet, damit Sie sich in jedem Moment besonders f\u00fchlen.<\/p>\n<\/div>\n\n                    \n                <\/div>\n            <\/div>\n        <\/div>\n    <\/article>\n<\/div>\n<!--================ End of Info Boxes Item ================-->\n\n    <\/div>\n<\/div>\n<!--================ End of Info Boxes ================-->\n[vc_empty_space height=&#8221;20px&#8221;][\/vc_column][\/vc_row][vc_row full_width=&#8221;stretch_row&#8221; full_height=&#8221;yes&#8221; equal_height=&#8221;yes&#8221; content_placement=&#8221;middle&#8221; css=&#8221;.vc_custom_1744618885765{background-color: #E6E6E6 !important;}&#8221;][vc_column]<!--================ Section Heading ================-->\n<script>\n    (function($){\n        'use strict';\n\n        if(!$) return;\n\n        $(function(){\n            if(window.appear) {\n                appear({\n                    elements: function(){\n                        return document.querySelectorAll('#vc-milenia-section-heading-7cbc5711ed9694ea7c7c5c2515c2ccd9-17755698601800883603');\n                    },\n                    appear: function(element) {\n                        var $el = $(element);\n                        $el.addClass('milenia-visible').addClass($el.data('animation'));\n                    },\n                    reappear: false,\n                    bounds: -200\n                });\n            }\n        });\n    })(window.jQuery);\n<\/script>\n<div id=\"vc-milenia-section-heading-7cbc5711ed9694ea7c7c5c2515c2ccd9-17755698601800883603\" class=\"milenia-section-heading text-center vc_custom_1770910508333 milenia-visible\" data-animation=\"none\">\n    \n    <h2 class=\"milenia-section-title milenia-font--first-accented\" style=\"font-size: 50px;line-height: 43px;text-transform: none;font-style: normal;font-weight: 400;\">Ein wahres Augenweide<\/h2>\n\n    \n<\/div>\n<!--================ End of Section Heading ================-->\n[vc_empty_space height=&#8221;20px&#8221;][vc_masonry_media_grid css=&#8221;&#8221; grid_id=&#8221;vc_gid:1770910358405-efeea43d-c728-3&#8243; include=&#8221;14045,14049,14069,14041,13945,13953,13909,13893,13521,13777,13781,13785,13717,13713&#8243;][\/vc_column][\/vc_row]<\/p>\n<\/div>","protected":false},"excerpt":{"rendered":"<p>[vc_row full_width=&#8221;stretch_row&#8221; content_placement=&#8221;middle&#8221; css=&#8221;.vc_custom_1744618221663{margin-bottom: 30px !important;background-color: #E6E6E6 !important;}&#8221;][vc_column width=&#8221;1\/2&#8243; el_class=&#8221;milenia-color&#8211;black&#8221;][vc_custom_heading text=&#8221;EIN GENUSSERLEBNIS MIT BLICK AUF DAS MEER DER&#8230;<\/p>\n","protected":false},"author":2,"featured_media":0,"parent":0,"menu_order":0,"comment_status":"closed","ping_status":"closed","template":"","meta":{"footnotes":""},"class_list":["post-14695","page","type-page","status-publish","hentry"],"yoast_head":"<!-- This site is optimized with the Yoast SEO plugin v27.2 - https:\/\/yoast.com\/product\/yoast-seo-wordpress\/ -->\n<title>Hotel typische K\u00fcche Panorama-Restaurant Pescara<\/title>\n<meta name=\"description\" content=\"Hotel typische K\u00fcche Panorama-Restaurant Pescara:Das Restaurant &quot;Le Tamerici&quot;im Inneren des Hotels,bietet einen spektakul\u00e4ren Blick auf das Meer der Abruzze\" \/>\n<meta name=\"robots\" content=\"index, follow, max-snippet:-1, max-image-preview:large, max-video-preview:-1\" \/>\n<link rel=\"canonical\" href=\"https:\/\/www.hotelpromenadeabruzzo.it\/de\/hotel-typische-kueche-panorama-restaurant-pescara-langde\/\" \/>\n<meta property=\"og:locale\" content=\"de_DE\" \/>\n<meta property=\"og:type\" content=\"article\" \/>\n<meta property=\"og:title\" content=\"Hotel typische K\u00fcche Panorama-Restaurant Pescara\" \/>\n<meta property=\"og:description\" content=\"Hotel typische K\u00fcche Panorama-Restaurant Pescara:Das Restaurant &quot;Le Tamerici&quot;im Inneren des Hotels,bietet einen spektakul\u00e4ren Blick auf das Meer der Abruzze\" \/>\n<meta property=\"og:url\" content=\"https:\/\/www.hotelpromenadeabruzzo.it\/de\/hotel-typische-kueche-panorama-restaurant-pescara-langde\/\" \/>\n<meta property=\"og:site_name\" content=\"Hotel Promenade\" \/>\n<meta property=\"article:publisher\" content=\"https:\/\/www.facebook.com\/HotelPromenadeAbruzzo\" \/>\n<meta property=\"article:modified_time\" content=\"2026-02-12T15:35:32+00:00\" \/>\n<meta name=\"twitter:card\" content=\"summary_large_image\" \/>\n<meta name=\"twitter:label1\" content=\"Gesch\u00e4tzte Lesezeit\" \/>\n\t<meta name=\"twitter:data1\" content=\"3\u00a0Minuten\" \/>\n<script type=\"application\/ld+json\" class=\"yoast-schema-graph\">{\"@context\":\"https:\/\/schema.org\",\"@graph\":[{\"@type\":\"WebPage\",\"@id\":\"https:\/\/www.hotelpromenadeabruzzo.it\/de\/hotel-typische-kueche-panorama-restaurant-pescara-langde\/\",\"url\":\"https:\/\/www.hotelpromenadeabruzzo.it\/de\/hotel-typische-kueche-panorama-restaurant-pescara-langde\/\",\"name\":\"Hotel typische K\u00fcche Panorama-Restaurant Pescara\",\"isPartOf\":{\"@id\":\"https:\/\/www.hotelpromenadeabruzzo.it\/de\/#website\"},\"datePublished\":\"2025-04-07T11:36:57+00:00\",\"dateModified\":\"2026-02-12T15:35:32+00:00\",\"description\":\"Hotel typische K\u00fcche Panorama-Restaurant Pescara:Das Restaurant \\\"Le Tamerici\\\"im Inneren des Hotels,bietet einen spektakul\u00e4ren Blick auf das Meer der Abruzze\",\"breadcrumb\":{\"@id\":\"https:\/\/www.hotelpromenadeabruzzo.it\/de\/hotel-typische-kueche-panorama-restaurant-pescara-langde\/#breadcrumb\"},\"inLanguage\":\"de\",\"potentialAction\":[{\"@type\":\"ReadAction\",\"target\":[\"https:\/\/www.hotelpromenadeabruzzo.it\/de\/hotel-typische-kueche-panorama-restaurant-pescara-langde\/\"]}]},{\"@type\":\"BreadcrumbList\",\"@id\":\"https:\/\/www.hotelpromenadeabruzzo.it\/de\/hotel-typische-kueche-panorama-restaurant-pescara-langde\/#breadcrumb\",\"itemListElement\":[{\"@type\":\"ListItem\",\"position\":1,\"name\":\"Home\",\"item\":\"https:\/\/www.hotelpromenadeabruzzo.it\/de\/\"},{\"@type\":\"ListItem\",\"position\":2,\"name\":\"Restaurant\"}]},{\"@type\":\"WebSite\",\"@id\":\"https:\/\/www.hotelpromenadeabruzzo.it\/de\/#website\",\"url\":\"https:\/\/www.hotelpromenadeabruzzo.it\/de\/\",\"name\":\"Hotel Promenade\",\"description\":\"La Tua Vacanza in Abruzzo\",\"publisher\":{\"@id\":\"https:\/\/www.hotelpromenadeabruzzo.it\/de\/#organization\"},\"potentialAction\":[{\"@type\":\"SearchAction\",\"target\":{\"@type\":\"EntryPoint\",\"urlTemplate\":\"https:\/\/www.hotelpromenadeabruzzo.it\/de\/?s={search_term_string}\"},\"query-input\":{\"@type\":\"PropertyValueSpecification\",\"valueRequired\":true,\"valueName\":\"search_term_string\"}}],\"inLanguage\":\"de\"},{\"@type\":\"Organization\",\"@id\":\"https:\/\/www.hotelpromenadeabruzzo.it\/de\/#organization\",\"name\":\"Hotel Promenade\",\"url\":\"https:\/\/www.hotelpromenadeabruzzo.it\/de\/\",\"logo\":{\"@type\":\"ImageObject\",\"inLanguage\":\"de\",\"@id\":\"https:\/\/www.hotelpromenadeabruzzo.it\/de\/#\/schema\/logo\/image\/\",\"url\":\"https:\/\/www.hotelpromenadeabruzzo.it\/wp-content\/uploads\/2018\/10\/hotelpromenade-logo-4.png\",\"contentUrl\":\"https:\/\/www.hotelpromenadeabruzzo.it\/wp-content\/uploads\/2018\/10\/hotelpromenade-logo-4.png\",\"width\":700,\"height\":664,\"caption\":\"Hotel Promenade\"},\"image\":{\"@id\":\"https:\/\/www.hotelpromenadeabruzzo.it\/de\/#\/schema\/logo\/image\/\"},\"sameAs\":[\"https:\/\/www.facebook.com\/HotelPromenadeAbruzzo\",\"https:\/\/www.instagram.com\/hotelpromenademontesilvano\/\"]}]}<\/script>\n<!-- \/ Yoast SEO plugin. -->","yoast_head_json":{"title":"Hotel typische K\u00fcche Panorama-Restaurant Pescara","description":"Hotel typische K\u00fcche Panorama-Restaurant Pescara:Das Restaurant \"Le Tamerici\"im Inneren des Hotels,bietet einen spektakul\u00e4ren Blick auf das Meer der Abruzze","robots":{"index":"index","follow":"follow","max-snippet":"max-snippet:-1","max-image-preview":"max-image-preview:large","max-video-preview":"max-video-preview:-1"},"canonical":"https:\/\/www.hotelpromenadeabruzzo.it\/de\/hotel-typische-kueche-panorama-restaurant-pescara-langde\/","og_locale":"de_DE","og_type":"article","og_title":"Hotel typische K\u00fcche Panorama-Restaurant Pescara","og_description":"Hotel typische K\u00fcche Panorama-Restaurant Pescara:Das Restaurant \"Le Tamerici\"im Inneren des Hotels,bietet einen spektakul\u00e4ren Blick auf das Meer der Abruzze","og_url":"https:\/\/www.hotelpromenadeabruzzo.it\/de\/hotel-typische-kueche-panorama-restaurant-pescara-langde\/","og_site_name":"Hotel Promenade","article_publisher":"https:\/\/www.facebook.com\/HotelPromenadeAbruzzo","article_modified_time":"2026-02-12T15:35:32+00:00","twitter_card":"summary_large_image","twitter_misc":{"Gesch\u00e4tzte Lesezeit":"3\u00a0Minuten"},"schema":{"@context":"https:\/\/schema.org","@graph":[{"@type":"WebPage","@id":"https:\/\/www.hotelpromenadeabruzzo.it\/de\/hotel-typische-kueche-panorama-restaurant-pescara-langde\/","url":"https:\/\/www.hotelpromenadeabruzzo.it\/de\/hotel-typische-kueche-panorama-restaurant-pescara-langde\/","name":"Hotel typische K\u00fcche Panorama-Restaurant Pescara","isPartOf":{"@id":"https:\/\/www.hotelpromenadeabruzzo.it\/de\/#website"},"datePublished":"2025-04-07T11:36:57+00:00","dateModified":"2026-02-12T15:35:32+00:00","description":"Hotel typische K\u00fcche Panorama-Restaurant Pescara:Das Restaurant \"Le Tamerici\"im Inneren des Hotels,bietet einen spektakul\u00e4ren Blick auf das Meer der Abruzze","breadcrumb":{"@id":"https:\/\/www.hotelpromenadeabruzzo.it\/de\/hotel-typische-kueche-panorama-restaurant-pescara-langde\/#breadcrumb"},"inLanguage":"de","potentialAction":[{"@type":"ReadAction","target":["https:\/\/www.hotelpromenadeabruzzo.it\/de\/hotel-typische-kueche-panorama-restaurant-pescara-langde\/"]}]},{"@type":"BreadcrumbList","@id":"https:\/\/www.hotelpromenadeabruzzo.it\/de\/hotel-typische-kueche-panorama-restaurant-pescara-langde\/#breadcrumb","itemListElement":[{"@type":"ListItem","position":1,"name":"Home","item":"https:\/\/www.hotelpromenadeabruzzo.it\/de\/"},{"@type":"ListItem","position":2,"name":"Restaurant"}]},{"@type":"WebSite","@id":"https:\/\/www.hotelpromenadeabruzzo.it\/de\/#website","url":"https:\/\/www.hotelpromenadeabruzzo.it\/de\/","name":"Hotel Promenade","description":"La Tua Vacanza in Abruzzo","publisher":{"@id":"https:\/\/www.hotelpromenadeabruzzo.it\/de\/#organization"},"potentialAction":[{"@type":"SearchAction","target":{"@type":"EntryPoint","urlTemplate":"https:\/\/www.hotelpromenadeabruzzo.it\/de\/?s={search_term_string}"},"query-input":{"@type":"PropertyValueSpecification","valueRequired":true,"valueName":"search_term_string"}}],"inLanguage":"de"},{"@type":"Organization","@id":"https:\/\/www.hotelpromenadeabruzzo.it\/de\/#organization","name":"Hotel Promenade","url":"https:\/\/www.hotelpromenadeabruzzo.it\/de\/","logo":{"@type":"ImageObject","inLanguage":"de","@id":"https:\/\/www.hotelpromenadeabruzzo.it\/de\/#\/schema\/logo\/image\/","url":"https:\/\/www.hotelpromenadeabruzzo.it\/wp-content\/uploads\/2018\/10\/hotelpromenade-logo-4.png","contentUrl":"https:\/\/www.hotelpromenadeabruzzo.it\/wp-content\/uploads\/2018\/10\/hotelpromenade-logo-4.png","width":700,"height":664,"caption":"Hotel Promenade"},"image":{"@id":"https:\/\/www.hotelpromenadeabruzzo.it\/de\/#\/schema\/logo\/image\/"},"sameAs":["https:\/\/www.facebook.com\/HotelPromenadeAbruzzo","https:\/\/www.instagram.com\/hotelpromenademontesilvano\/"]}]}},"_links":{"self":[{"href":"https:\/\/www.hotelpromenadeabruzzo.it\/de\/wp-json\/wp\/v2\/pages\/14695","targetHints":{"allow":["GET"]}}],"collection":[{"href":"https:\/\/www.hotelpromenadeabruzzo.it\/de\/wp-json\/wp\/v2\/pages"}],"about":[{"href":"https:\/\/www.hotelpromenadeabruzzo.it\/de\/wp-json\/wp\/v2\/types\/page"}],"author":[{"embeddable":true,"href":"https:\/\/www.hotelpromenadeabruzzo.it\/de\/wp-json\/wp\/v2\/users\/2"}],"replies":[{"embeddable":true,"href":"https:\/\/www.hotelpromenadeabruzzo.it\/de\/wp-json\/wp\/v2\/comments?post=14695"}],"version-history":[{"count":5,"href":"https:\/\/www.hotelpromenadeabruzzo.it\/de\/wp-json\/wp\/v2\/pages\/14695\/revisions"}],"predecessor-version":[{"id":15101,"href":"https:\/\/www.hotelpromenadeabruzzo.it\/de\/wp-json\/wp\/v2\/pages\/14695\/revisions\/15101"}],"wp:attachment":[{"href":"https:\/\/www.hotelpromenadeabruzzo.it\/de\/wp-json\/wp\/v2\/media?parent=14695"}],"curies":[{"name":"wp","href":"https:\/\/api.w.org\/{rel}","templated":true}]}}