{"id":14691,"date":"2025-04-09T09:45:41","date_gmt":"2025-04-09T09:45:41","guid":{"rendered":"https:\/\/www.hotelpromenadeabruzzo.it\/pescara-hotel-4-stelle-con-piscina\/"},"modified":"2026-02-11T13:01:58","modified_gmt":"2026-02-11T13:01:58","slug":"pescara-4-sterne-hotel-mit-schwimmbad-langde","status":"publish","type":"page","link":"https:\/\/www.hotelpromenadeabruzzo.it\/de\/pescara-4-sterne-hotel-mit-schwimmbad-langde\/","title":{"rendered":"Schwimmbad"},"content":{"rendered":"<div class=\"wpb-content-wrapper\"><p>[vc_row full_width=&#8221;stretch_row&#8221; content_placement=&#8221;middle&#8221; css=&#8221;.vc_custom_1744619001692{margin-bottom: 30px !important;background-color: #E6E6E6 !important;}&#8221;][vc_column width=&#8221;1\/2&#8243; el_class=&#8221;milenia-color&#8211;black&#8221;]<!--================ Section Heading ================-->\n<script>\n    (function($){\n        'use strict';\n\n        if(!$) return;\n\n        $(function(){\n            if(window.appear) {\n                appear({\n                    elements: function(){\n                        return document.querySelectorAll('#vc-milenia-section-heading-806dcdc08c79c7a2c56cfa4267a01987-1775563779505570362');\n                    },\n                    appear: function(element) {\n                        var $el = $(element);\n                        $el.addClass('milenia-visible').addClass($el.data('animation'));\n                    },\n                    reappear: false,\n                    bounds: -200\n                });\n            }\n        });\n    })(window.jQuery);\n<\/script>\n<div id=\"vc-milenia-section-heading-806dcdc08c79c7a2c56cfa4267a01987-1775563779505570362\" class=\"milenia-section-heading text-left vc_custom_1770814536043 milenia-visible\" data-animation=\"none\">\n    \n    <h2 class=\"milenia-section-title milenia-font--first-accented\" style=\"font-size: 50px;line-height: 43px;text-transform: none;font-style: normal;font-weight: 400;\">Das Maximum f\u00fcr einen Urlaub direkt am Meer<\/h2>\n\n    \n<\/div>\n<!--================ End of Section Heading ================-->\n[vc_custom_heading text=&#8221;ZWISCHEN MEER UND ENTSPANNUNG: IHRE OASIS DES KOMFORTS IM HOTEL PROMENADE&#8221; font_container=&#8221;tag:div|font_size:18px|text_align:left|color:%2333879F|line_height:30px&#8221; google_fonts=&#8221;font_family:Open%20Sans%3A300%2C300italic%2Cregular%2Citalic%2C600%2C600italic%2C700%2C700italic%2C800%2C800italic|font_style:700%20bold%20regular%3A700%3Anormal&#8221; css=&#8221;.vc_custom_1770814546459{margin-bottom: 20px !important;}&#8221;][vc_column_text css=&#8221;&#8221;]<\/p>\n<p class=\"\" data-start=\"779\" data-end=\"1220\">Zus\u00e4tzlich zum Privatstrand bietet das <strong>Hotel Promenade<\/strong> einen herrlichen <strong>Swimmingpool<\/strong> nur wenige Schritte vom Strand entfernt, umgeben von Sonnenschirmen und Liegen \u2013 der perfekte Ort, um ein St\u00fcck Ruhe in totalem Komfort zu genie\u00dfen. Der Pool ist eine echte Alternative zum Strand, aber auch der ideale Rahmen f\u00fcr unvergessliche Events wie Hochzeiten und Feste, mit dem Meer als nat\u00fcrlicher Kulisse.<\/p>\n<p>[\/vc_column_text][\/vc_column][vc_column width=&#8221;1\/2&#8243;][vc_single_image image=&#8221;14029&#8243; img_size=&#8221;1920&#215;1080&#8243; css=&#8221;&#8221;][\/vc_column][\/vc_row][vc_row css=&#8221;.vc_custom_1742470212259{padding-top: 0px !important;padding-bottom: 30px !important;}&#8221;][vc_column][vc_empty_space height=&#8221;70px&#8221;]<!--================ Section Heading ================-->\n<script>\n    (function($){\n        'use strict';\n\n        if(!$) return;\n\n        $(function(){\n            if(window.appear) {\n                appear({\n                    elements: function(){\n                        return document.querySelectorAll('#vc-milenia-section-heading-d06629592109fc3a1580847018b72576-17755637791994611847');\n                    },\n                    appear: function(element) {\n                        var $el = $(element);\n                        $el.addClass('milenia-visible').addClass($el.data('animation'));\n                    },\n                    reappear: false,\n                    bounds: -200\n                });\n            }\n        });\n    })(window.jQuery);\n<\/script>\n<div id=\"vc-milenia-section-heading-d06629592109fc3a1580847018b72576-17755637791994611847\" class=\"milenia-section-heading text-center vc_custom_1770814587706 milenia-visible\" data-animation=\"none\">\n    \n    <h2 class=\"milenia-section-title milenia-font--first-accented\" style=\"font-size: 50px;line-height: 43px;text-transform: none;font-style: normal;font-weight: 400;\">Einzigartige Vorteile<\/h2>\n\n    \n<\/div>\n<!--================ End of Section Heading ================-->\n[vc_empty_space height=&#8221;20px&#8221;]<!--================ Info Boxes ================-->\n<script>\n    (function($){\n        'use strict';\n\n        if(!$) return;\n\n        $(function(){\n            var $container = $('#vc-milenia-info-boxes-b78a571eb989df0b5e798c05d80f9719-17755637791459052209'),\n                $dynamicBgElements,\n                $carousels;\n\n            if(!$container.length) return;\n\n            if(window.appear) {\n                appear({\n                    elements: function(){\n                        return document.querySelectorAll('#vc-milenia-info-boxes-b78a571eb989df0b5e798c05d80f9719-17755637791459052209');\n                    },\n                    appear: function(element) {\n                        var $el = $(element);\n                        $el.addClass('milenia-visible').addClass($el.data('animation'));\n                    },\n                    reappear: false,\n                    bounds: -200\n                });\n            }\n\n            if(window.Milenia && window.Milenia.LinkUnderliner) {\n                window.Milenia.LinkUnderliner.init($container.find('a'));\n            }\n\n            if(window.Milenia && window.Milenia.helpers &&  window.Milenia.helpers.dynamicBgImage) {\n                $dynamicBgElements = $container.find('[data-bg-image-src]');\n                if($dynamicBgElements.length) window.Milenia.helpers.dynamicBgImage($dynamicBgElements);\n            }\n\n            if($.fn.owlCarousel) {\n                $carousels = $container.find('.milenia-simple-slideshow--shortcode');\n\n                if($carousels.length) {\n                    if(window.Milenia && window.Milenia.helpers && window.Milenia.helpers.owlSettings) {\n\n                        $carousels.jQueryImagesLoaded().then(function(){\n                                $carousels.each(function(i,e) {\n                                    $(e).owlCarousel(window.Milenia.helpers.owlSettings({\n                                        margin: 1,\n                                        loop: true,\n                                        autoplay: $(e).hasClass('milenia-simple-slideshow--autoplay')\n                                    }));\n                                });\n                        });\n\n                    }\n                    else {\n                        $carousels.owlCarousel({\n                            items: 1\n                        });\n                    }\n                }\n            }\n        });\n    })(window.jQuery);\n<\/script>\n\n<div id=\"vc-milenia-info-boxes-b78a571eb989df0b5e798c05d80f9719-17755637791459052209\" class=\"milenia-entities milenia-entities--style-2 milenia-entities--unreverse  milenia-entities--title-reduced milenia-visible\" data-animation=\"none\">\n    <div class=\"milenia-grid milenia-grid--cols-3 milenia-grid--gutters\">\n        <!--================ Info Boxes Item ================-->\n<div class=\"milenia-grid-item\">\n    <article class=\"milenia-entity milenia-entity--scheme-primary\">\n        <div data-bg-image-src=\"https:\/\/www.hotelpromenadeabruzzo.it\/wp-content\/uploads\/2018\/10\/piscina-hotel-4-stelle-montesilvano.png\" style=\"background-image: url(https:\/\/www.hotelpromenadeabruzzo.it\/wp-content\/uploads\/2018\/10\/piscina-hotel-4-stelle-montesilvano.png)\" class=\"milenia-entity-media\"><\/div>\n\n\n        <div class=\"milenia-entity-content milenia-aligner\">\n            <div class=\"milenia-aligner-outer\">\n                <div class=\"milenia-aligner-inner\">\n                    <header class=\"milenia-entity-header\">\n                        \n                        <h2 class=\"milenia-entity-title\">Swimmingpool<\/h2>\n\n                    <\/header>\n                    <div class=\"milenia-entity-body\"><p>Ein Pool mit Blick auf das Meer, in dem jeder Sprung ins Wasser ein Erlebnis purer Entspannung ist. Umgeben von Liegen und Sonnenschirmen ist er der ideale Ort, um sich abzuk\u00fchlen und die Ruhe fernab der Hektik bei einer atemberaubenden Aussicht zu genie\u00dfen.<\/p>\n<\/div>\n\n                    \n                <\/div>\n            <\/div>\n        <\/div>\n    <\/article>\n<\/div>\n<!--================ End of Info Boxes Item ================-->\n\r\n<!--================ Info Boxes Item ================-->\n<div class=\"milenia-grid-item\">\n    <article class=\"milenia-entity milenia-entity--scheme-primary\">\n        <div data-bg-image-src=\"https:\/\/www.hotelpromenadeabruzzo.it\/wp-content\/uploads\/2018\/10\/hotel-4-stelle-montesilvano-abruzzo-4.png\" style=\"background-image: url(https:\/\/www.hotelpromenadeabruzzo.it\/wp-content\/uploads\/2018\/10\/hotel-4-stelle-montesilvano-abruzzo-4.png)\" class=\"milenia-entity-media\"><\/div>\n\n\n        <div class=\"milenia-entity-content milenia-aligner\">\n            <div class=\"milenia-aligner-outer\">\n                <div class=\"milenia-aligner-inner\">\n                    <header class=\"milenia-entity-header\">\n                        \n                        <h2 class=\"milenia-entity-title\">Privatstrand<\/h2>\n\n                    <\/header>\n                    <div class=\"milenia-entity-body\"><p>Unser Privatstrand ist ein St\u00fcck Paradies mit direktem Zugang vom Hotel aus, wo Komfort und Gelassenheit garantiert sind. Sonnenschirme, Liegen und Kabinen stehen jedem Gast zur Verf\u00fcgung, um das Meer in absoluter Privatsph\u00e4re und Ruhe zu erleben.<\/p>\n<\/div>\n\n                    \n                <\/div>\n            <\/div>\n        <\/div>\n    <\/article>\n<\/div>\n<!--================ End of Info Boxes Item ================-->\n\r\n<!--================ Info Boxes Item ================-->\n<div class=\"milenia-grid-item\">\n    <article class=\"milenia-entity milenia-entity--scheme-primary\">\n        <div data-bg-image-src=\"https:\/\/www.hotelpromenadeabruzzo.it\/wp-content\/uploads\/2018\/10\/all-inclusive-con-open-bar-promenade-montesilvano.png\" style=\"background-image: url(https:\/\/www.hotelpromenadeabruzzo.it\/wp-content\/uploads\/2018\/10\/all-inclusive-con-open-bar-promenade-montesilvano.png)\" class=\"milenia-entity-media\"><\/div>\n\n\n        <div class=\"milenia-entity-content milenia-aligner\">\n            <div class=\"milenia-aligner-outer\">\n                <div class=\"milenia-aligner-inner\">\n                    <header class=\"milenia-entity-header\">\n                        \n                        <h2 class=\"milenia-entity-title\">Open Bar<\/h2>\n\n                    <\/header>\n                    <div class=\"milenia-entity-body\"><p>Genie\u00dfen Sie jederzeit ein erfrischendes Getr\u00e4nk dank unserer Open Bar. Ein exklusiver Service, der Ihnen den ganzen Tag (von 10:00 bis 24:00 Uhr!!!) zur Verf\u00fcgung steht \u2013 f\u00fcr grenzenlosen Genuss von morgens bis abends.<\/p>\n<\/div>\n\n                    \n                <\/div>\n            <\/div>\n        <\/div>\n    <\/article>\n<\/div>\n<!--================ End of Info Boxes Item ================-->\n\n    <\/div>\n<\/div>\n<!--================ End of Info Boxes ================-->\n[vc_empty_space height=&#8221;20px&#8221;][\/vc_column][\/vc_row][vc_row full_width=&#8221;stretch_row&#8221; full_height=&#8221;yes&#8221; equal_height=&#8221;yes&#8221; content_placement=&#8221;middle&#8221; css=&#8221;.vc_custom_1744618993489{background-color: #E6E6E6 !important;}&#8221;][vc_column]<!--================ Section Heading ================-->\n<script>\n    (function($){\n        'use strict';\n\n        if(!$) return;\n\n        $(function(){\n            if(window.appear) {\n                appear({\n                    elements: function(){\n                        return document.querySelectorAll('#vc-milenia-section-heading-a750136e54e6cce2f843274b62b9741b-17755637792133779866');\n                    },\n                    appear: function(element) {\n                        var $el = $(element);\n                        $el.addClass('milenia-visible').addClass($el.data('animation'));\n                    },\n                    reappear: false,\n                    bounds: -200\n                });\n            }\n        });\n    })(window.jQuery);\n<\/script>\n<div id=\"vc-milenia-section-heading-a750136e54e6cce2f843274b62b9741b-17755637792133779866\" class=\"milenia-section-heading text-center vc_custom_1744033065145 milenia-visible\" data-animation=\"none\">\n    \n    <h2 class=\"milenia-section-title milenia-font--first-accented\" style=\"font-size: 50px;line-height: 43px;text-transform: none;font-style: normal;font-weight: 400;\">Visual Experience<\/h2>\n\n    \n<\/div>\n<!--================ End of Section Heading ================-->\n[vc_empty_space height=&#8221;20px&#8221;][vc_masonry_media_grid css=&#8221;&#8221; grid_id=&#8221;vc_gid:1770812916020-469c9224-2612-3&#8243; include=&#8221;14037,14029,13969,13849,13841,13801,13789,13797,13589,13793,13573,13545,13509&#8243;][\/vc_column][\/vc_row]<\/p>\n<\/div>","protected":false},"excerpt":{"rendered":"<p>[vc_row full_width=&#8221;stretch_row&#8221; content_placement=&#8221;middle&#8221; css=&#8221;.vc_custom_1744619001692{margin-bottom: 30px !important;background-color: #E6E6E6 !important;}&#8221;][vc_column width=&#8221;1\/2&#8243; el_class=&#8221;milenia-color&#8211;black&#8221;][vc_custom_heading text=&#8221;ZWISCHEN MEER UND ENTSPANNUNG: IHRE OASIS DES KOMFORTS&#8230;<\/p>\n","protected":false},"author":2,"featured_media":0,"parent":0,"menu_order":0,"comment_status":"closed","ping_status":"closed","template":"","meta":{"footnotes":""},"class_list":["post-14691","page","type-page","status-publish","hentry"],"yoast_head":"<!-- This site is optimized with the Yoast SEO plugin v27.2 - https:\/\/yoast.com\/product\/yoast-seo-wordpress\/ -->\n<title>Pescara 4-Sterne-Hotel mit Schwimmbad Montesilvano Abruzzo<\/title>\n<meta name=\"description\" content=\"Pescara 4-Sterne-Hotel mit Schwimmbad: Neben dem Privatstrand bietet das Hotel einen sch\u00f6nen Swimmingpool,vor kurzem restauriert,auch f\u00fcr Veranstaltungen Lage\" \/>\n<meta name=\"robots\" content=\"index, follow, max-snippet:-1, max-image-preview:large, max-video-preview:-1\" \/>\n<link rel=\"canonical\" href=\"https:\/\/www.hotelpromenadeabruzzo.it\/de\/pescara-4-sterne-hotel-mit-schwimmbad-langde\/\" \/>\n<meta property=\"og:locale\" content=\"de_DE\" \/>\n<meta property=\"og:type\" content=\"article\" \/>\n<meta property=\"og:title\" content=\"Pescara 4-Sterne-Hotel mit Schwimmbad Montesilvano Abruzzo\" \/>\n<meta property=\"og:description\" content=\"Pescara 4-Sterne-Hotel mit Schwimmbad: Neben dem Privatstrand bietet das Hotel einen sch\u00f6nen Swimmingpool,vor kurzem restauriert,auch f\u00fcr Veranstaltungen Lage\" \/>\n<meta property=\"og:url\" content=\"https:\/\/www.hotelpromenadeabruzzo.it\/de\/pescara-4-sterne-hotel-mit-schwimmbad-langde\/\" \/>\n<meta property=\"og:site_name\" content=\"Hotel Promenade\" \/>\n<meta property=\"article:publisher\" content=\"https:\/\/www.facebook.com\/HotelPromenadeAbruzzo\" \/>\n<meta property=\"article:modified_time\" content=\"2026-02-11T13:01:58+00:00\" \/>\n<meta name=\"twitter:card\" content=\"summary_large_image\" \/>\n<meta name=\"twitter:label1\" content=\"Gesch\u00e4tzte Lesezeit\" \/>\n\t<meta name=\"twitter:data1\" content=\"4\u00a0Minuten\" \/>\n<script type=\"application\/ld+json\" class=\"yoast-schema-graph\">{\"@context\":\"https:\/\/schema.org\",\"@graph\":[{\"@type\":\"WebPage\",\"@id\":\"https:\/\/www.hotelpromenadeabruzzo.it\/de\/pescara-4-sterne-hotel-mit-schwimmbad-langde\/\",\"url\":\"https:\/\/www.hotelpromenadeabruzzo.it\/de\/pescara-4-sterne-hotel-mit-schwimmbad-langde\/\",\"name\":\"Pescara 4-Sterne-Hotel mit Schwimmbad Montesilvano Abruzzo\",\"isPartOf\":{\"@id\":\"https:\/\/www.hotelpromenadeabruzzo.it\/de\/#website\"},\"datePublished\":\"2025-04-09T09:45:41+00:00\",\"dateModified\":\"2026-02-11T13:01:58+00:00\",\"description\":\"Pescara 4-Sterne-Hotel mit Schwimmbad: Neben dem Privatstrand bietet das Hotel einen sch\u00f6nen Swimmingpool,vor kurzem restauriert,auch f\u00fcr Veranstaltungen Lage\",\"breadcrumb\":{\"@id\":\"https:\/\/www.hotelpromenadeabruzzo.it\/de\/pescara-4-sterne-hotel-mit-schwimmbad-langde\/#breadcrumb\"},\"inLanguage\":\"de\",\"potentialAction\":[{\"@type\":\"ReadAction\",\"target\":[\"https:\/\/www.hotelpromenadeabruzzo.it\/de\/pescara-4-sterne-hotel-mit-schwimmbad-langde\/\"]}]},{\"@type\":\"BreadcrumbList\",\"@id\":\"https:\/\/www.hotelpromenadeabruzzo.it\/de\/pescara-4-sterne-hotel-mit-schwimmbad-langde\/#breadcrumb\",\"itemListElement\":[{\"@type\":\"ListItem\",\"position\":1,\"name\":\"Home\",\"item\":\"https:\/\/www.hotelpromenadeabruzzo.it\/de\/\"},{\"@type\":\"ListItem\",\"position\":2,\"name\":\"Schwimmbad\"}]},{\"@type\":\"WebSite\",\"@id\":\"https:\/\/www.hotelpromenadeabruzzo.it\/de\/#website\",\"url\":\"https:\/\/www.hotelpromenadeabruzzo.it\/de\/\",\"name\":\"Hotel Promenade\",\"description\":\"La Tua Vacanza in Abruzzo\",\"publisher\":{\"@id\":\"https:\/\/www.hotelpromenadeabruzzo.it\/de\/#organization\"},\"potentialAction\":[{\"@type\":\"SearchAction\",\"target\":{\"@type\":\"EntryPoint\",\"urlTemplate\":\"https:\/\/www.hotelpromenadeabruzzo.it\/de\/?s={search_term_string}\"},\"query-input\":{\"@type\":\"PropertyValueSpecification\",\"valueRequired\":true,\"valueName\":\"search_term_string\"}}],\"inLanguage\":\"de\"},{\"@type\":\"Organization\",\"@id\":\"https:\/\/www.hotelpromenadeabruzzo.it\/de\/#organization\",\"name\":\"Hotel Promenade\",\"url\":\"https:\/\/www.hotelpromenadeabruzzo.it\/de\/\",\"logo\":{\"@type\":\"ImageObject\",\"inLanguage\":\"de\",\"@id\":\"https:\/\/www.hotelpromenadeabruzzo.it\/de\/#\/schema\/logo\/image\/\",\"url\":\"https:\/\/www.hotelpromenadeabruzzo.it\/wp-content\/uploads\/2018\/10\/hotelpromenade-logo-4.png\",\"contentUrl\":\"https:\/\/www.hotelpromenadeabruzzo.it\/wp-content\/uploads\/2018\/10\/hotelpromenade-logo-4.png\",\"width\":700,\"height\":664,\"caption\":\"Hotel Promenade\"},\"image\":{\"@id\":\"https:\/\/www.hotelpromenadeabruzzo.it\/de\/#\/schema\/logo\/image\/\"},\"sameAs\":[\"https:\/\/www.facebook.com\/HotelPromenadeAbruzzo\",\"https:\/\/www.instagram.com\/hotelpromenademontesilvano\/\"]}]}<\/script>\n<!-- \/ Yoast SEO plugin. -->","yoast_head_json":{"title":"Pescara 4-Sterne-Hotel mit Schwimmbad Montesilvano Abruzzo","description":"Pescara 4-Sterne-Hotel mit Schwimmbad: Neben dem Privatstrand bietet das Hotel einen sch\u00f6nen Swimmingpool,vor kurzem restauriert,auch f\u00fcr Veranstaltungen Lage","robots":{"index":"index","follow":"follow","max-snippet":"max-snippet:-1","max-image-preview":"max-image-preview:large","max-video-preview":"max-video-preview:-1"},"canonical":"https:\/\/www.hotelpromenadeabruzzo.it\/de\/pescara-4-sterne-hotel-mit-schwimmbad-langde\/","og_locale":"de_DE","og_type":"article","og_title":"Pescara 4-Sterne-Hotel mit Schwimmbad Montesilvano Abruzzo","og_description":"Pescara 4-Sterne-Hotel mit Schwimmbad: Neben dem Privatstrand bietet das Hotel einen sch\u00f6nen Swimmingpool,vor kurzem restauriert,auch f\u00fcr Veranstaltungen Lage","og_url":"https:\/\/www.hotelpromenadeabruzzo.it\/de\/pescara-4-sterne-hotel-mit-schwimmbad-langde\/","og_site_name":"Hotel Promenade","article_publisher":"https:\/\/www.facebook.com\/HotelPromenadeAbruzzo","article_modified_time":"2026-02-11T13:01:58+00:00","twitter_card":"summary_large_image","twitter_misc":{"Gesch\u00e4tzte Lesezeit":"4\u00a0Minuten"},"schema":{"@context":"https:\/\/schema.org","@graph":[{"@type":"WebPage","@id":"https:\/\/www.hotelpromenadeabruzzo.it\/de\/pescara-4-sterne-hotel-mit-schwimmbad-langde\/","url":"https:\/\/www.hotelpromenadeabruzzo.it\/de\/pescara-4-sterne-hotel-mit-schwimmbad-langde\/","name":"Pescara 4-Sterne-Hotel mit Schwimmbad Montesilvano Abruzzo","isPartOf":{"@id":"https:\/\/www.hotelpromenadeabruzzo.it\/de\/#website"},"datePublished":"2025-04-09T09:45:41+00:00","dateModified":"2026-02-11T13:01:58+00:00","description":"Pescara 4-Sterne-Hotel mit Schwimmbad: Neben dem Privatstrand bietet das Hotel einen sch\u00f6nen Swimmingpool,vor kurzem restauriert,auch f\u00fcr Veranstaltungen Lage","breadcrumb":{"@id":"https:\/\/www.hotelpromenadeabruzzo.it\/de\/pescara-4-sterne-hotel-mit-schwimmbad-langde\/#breadcrumb"},"inLanguage":"de","potentialAction":[{"@type":"ReadAction","target":["https:\/\/www.hotelpromenadeabruzzo.it\/de\/pescara-4-sterne-hotel-mit-schwimmbad-langde\/"]}]},{"@type":"BreadcrumbList","@id":"https:\/\/www.hotelpromenadeabruzzo.it\/de\/pescara-4-sterne-hotel-mit-schwimmbad-langde\/#breadcrumb","itemListElement":[{"@type":"ListItem","position":1,"name":"Home","item":"https:\/\/www.hotelpromenadeabruzzo.it\/de\/"},{"@type":"ListItem","position":2,"name":"Schwimmbad"}]},{"@type":"WebSite","@id":"https:\/\/www.hotelpromenadeabruzzo.it\/de\/#website","url":"https:\/\/www.hotelpromenadeabruzzo.it\/de\/","name":"Hotel Promenade","description":"La Tua Vacanza in Abruzzo","publisher":{"@id":"https:\/\/www.hotelpromenadeabruzzo.it\/de\/#organization"},"potentialAction":[{"@type":"SearchAction","target":{"@type":"EntryPoint","urlTemplate":"https:\/\/www.hotelpromenadeabruzzo.it\/de\/?s={search_term_string}"},"query-input":{"@type":"PropertyValueSpecification","valueRequired":true,"valueName":"search_term_string"}}],"inLanguage":"de"},{"@type":"Organization","@id":"https:\/\/www.hotelpromenadeabruzzo.it\/de\/#organization","name":"Hotel Promenade","url":"https:\/\/www.hotelpromenadeabruzzo.it\/de\/","logo":{"@type":"ImageObject","inLanguage":"de","@id":"https:\/\/www.hotelpromenadeabruzzo.it\/de\/#\/schema\/logo\/image\/","url":"https:\/\/www.hotelpromenadeabruzzo.it\/wp-content\/uploads\/2018\/10\/hotelpromenade-logo-4.png","contentUrl":"https:\/\/www.hotelpromenadeabruzzo.it\/wp-content\/uploads\/2018\/10\/hotelpromenade-logo-4.png","width":700,"height":664,"caption":"Hotel Promenade"},"image":{"@id":"https:\/\/www.hotelpromenadeabruzzo.it\/de\/#\/schema\/logo\/image\/"},"sameAs":["https:\/\/www.facebook.com\/HotelPromenadeAbruzzo","https:\/\/www.instagram.com\/hotelpromenademontesilvano\/"]}]}},"_links":{"self":[{"href":"https:\/\/www.hotelpromenadeabruzzo.it\/de\/wp-json\/wp\/v2\/pages\/14691","targetHints":{"allow":["GET"]}}],"collection":[{"href":"https:\/\/www.hotelpromenadeabruzzo.it\/de\/wp-json\/wp\/v2\/pages"}],"about":[{"href":"https:\/\/www.hotelpromenadeabruzzo.it\/de\/wp-json\/wp\/v2\/types\/page"}],"author":[{"embeddable":true,"href":"https:\/\/www.hotelpromenadeabruzzo.it\/de\/wp-json\/wp\/v2\/users\/2"}],"replies":[{"embeddable":true,"href":"https:\/\/www.hotelpromenadeabruzzo.it\/de\/wp-json\/wp\/v2\/comments?post=14691"}],"version-history":[{"count":5,"href":"https:\/\/www.hotelpromenadeabruzzo.it\/de\/wp-json\/wp\/v2\/pages\/14691\/revisions"}],"predecessor-version":[{"id":15082,"href":"https:\/\/www.hotelpromenadeabruzzo.it\/de\/wp-json\/wp\/v2\/pages\/14691\/revisions\/15082"}],"wp:attachment":[{"href":"https:\/\/www.hotelpromenadeabruzzo.it\/de\/wp-json\/wp\/v2\/media?parent=14691"}],"curies":[{"name":"wp","href":"https:\/\/api.w.org\/{rel}","templated":true}]}}