{"id":14683,"date":"2025-03-11T12:11:24","date_gmt":"2025-03-11T12:11:24","guid":{"rendered":"https:\/\/www.hotelpromenadeabruzzo.it\/hotel-pescara-all-inclusive-4-stelle\/"},"modified":"2026-02-16T16:29:29","modified_gmt":"2026-02-16T16:29:29","slug":"hotel-pescara-4-sterne-all-inclusive-langde","status":"publish","type":"page","link":"https:\/\/www.hotelpromenadeabruzzo.it\/de\/hotel-pescara-4-sterne-all-inclusive-langde\/","title":{"rendered":"Hotel"},"content":{"rendered":"<div class=\"wpb-content-wrapper\"><p>[vc_row full_width=&#8221;stretch_row&#8221; content_placement=&#8221;middle&#8221; css=&#8221;.vc_custom_1744617851534{background-color: #E6E6E6 !important;}&#8221;][vc_column width=&#8221;1\/2&#8243; el_class=&#8221;milenia-color&#8211;black&#8221;]<!--================ Section Heading ================-->\n<script>\n    (function($){\n        'use strict';\n\n        if(!$) return;\n\n        $(function(){\n            if(window.appear) {\n                appear({\n                    elements: function(){\n                        return document.querySelectorAll('#vc-milenia-section-heading-b3329904d4e2f7c2ad8c83f954ee25bd-17786741791434686687');\n                    },\n                    appear: function(element) {\n                        var $el = $(element);\n                        $el.addClass('milenia-visible').addClass($el.data('animation'));\n                    },\n                    reappear: false,\n                    bounds: -200\n                });\n            }\n        });\n    })(window.jQuery);\n<\/script>\n<div id=\"vc-milenia-section-heading-b3329904d4e2f7c2ad8c83f954ee25bd-17786741791434686687\" class=\"milenia-section-heading text-left vc_custom_1771259355671 milenia-visible\" data-animation=\"none\">\n    \n    <h2 class=\"milenia-section-title milenia-font--first-accented\" style=\"font-size: 50px;line-height: 43px;text-transform: none;font-style: normal;font-weight: 400;\">4-Sterne-Hotel am Meer<\/h2>\n\n    \n<\/div>\n<!--================ End of Section Heading ================-->\n[vc_custom_heading text=&#8221;WILLKOMMEN IM PROMENADE HOTEL! BEREIT F\u00dcR EIN SPANNENDES ERLEBNIS?&#8221; font_container=&#8221;tag:div|font_size:18px|text_align:left|color:%2333879F|line_height:30px&#8221; google_fonts=&#8221;font_family:Open%20Sans%3A300%2C300italic%2Cregular%2Citalic%2C600%2C600italic%2C700%2C700italic%2C800%2C800italic|font_style:700%20bold%20regular%3A700%3Anormal&#8221; css=&#8221;.vc_custom_1771259365892{margin-bottom: 20px !important;}&#8221;][vc_column_text css=&#8221;&#8221;]Gelegen in Montesilvano, einem der Juwelen der abruzzesischen K\u00fcste, empf\u00e4ngt Sie das <strong>Hotel Promenade<\/strong> mit einem atemberaubenden Panorama und einzigartiger Entspannung. Direkt am Meer gelegen, bietet dieses Vier-Sterne-Hotel alle Annehmlichkeiten, die Ihren Aufenthalt unvergesslich machen: ein privater Strand ohne Stra\u00dfen\u00fcberquerung, ein Swimmingpool, ein Panorama-Restaurant mit Meerblick, Konferenzr\u00e4ume f\u00fcr Meetings und Tagungen sowie kostenloses WLAN mit Glasfaseranschluss.<\/p>\n<p>Lassen Sie sich von unserem Team verw\u00f6hnen und begeistern \u2013 mit Diskretion und Herzlichkeit begleiten wir Sie durch ein Erlebnis echten Wohlbefindens. Ihr Aufenthalt wird einzigartig und unvergesslich sein![\/vc_column_text][vc_column_text css=&#8221;&#8221;]Das <strong>Hotel Promenade<\/strong> empf\u00e4ngt Sie mit zwei unterschiedlichen Seelen: Im Sommer ist es ein Paradies f\u00fcr Familien mit der All-Inclusive-Formel, die Animation und Unterhaltung f\u00fcr Gro\u00df und Klein bietet; im Winter verwandelt es sich in einen idealen R\u00fcckzugsort f\u00fcr Gesch\u00e4ftsreisen, Sportveranstaltungen oder Messebesuche \u2013 stets begleitet von einer exzellenten Gastronomie.[\/vc_column_text][\/vc_column][vc_column width=&#8221;1\/2&#8243;][vc_single_image image=&#8221;13533&#8243; img_size=&#8221;900X1200&#8243; css=&#8221;&#8221;][\/vc_column][\/vc_row][vc_row css=&#8221;.vc_custom_1744617931108{padding-top: 0px !important;padding-bottom: 30px !important;}&#8221;][vc_column][vc_empty_space height=&#8221;70px&#8221;]<!--================ Section Heading ================-->\n<script>\n    (function($){\n        'use strict';\n\n        if(!$) return;\n\n        $(function(){\n            if(window.appear) {\n                appear({\n                    elements: function(){\n                        return document.querySelectorAll('#vc-milenia-section-heading-d828abe52b0123b491b88f0e0e3ebd98-1778674179141070554');\n                    },\n                    appear: function(element) {\n                        var $el = $(element);\n                        $el.addClass('milenia-visible').addClass($el.data('animation'));\n                    },\n                    reappear: false,\n                    bounds: -200\n                });\n            }\n        });\n    })(window.jQuery);\n<\/script>\n<div id=\"vc-milenia-section-heading-d828abe52b0123b491b88f0e0e3ebd98-1778674179141070554\" class=\"milenia-section-heading text-center vc_custom_1770725242423 milenia-visible\" data-animation=\"none\">\n    \n    <h2 class=\"milenia-section-title milenia-font--first-accented\" style=\"font-size: 50px;line-height: 43px;text-transform: none;font-style: normal;font-weight: 400;\">Einzigartige Vorteile<\/h2>\n\n    \n<\/div>\n<!--================ End of Section Heading ================-->\n[vc_empty_space height=&#8221;20px&#8221;]<!--================ Info Boxes ================-->\n<script>\n    (function($){\n        'use strict';\n\n        if(!$) return;\n\n        $(function(){\n            var $container = $('#vc-milenia-info-boxes-ca44ff7e78d0629082390e67e4a9fd59-17786741791710924477'),\n                $dynamicBgElements,\n                $carousels;\n\n            if(!$container.length) return;\n\n            if(window.appear) {\n                appear({\n                    elements: function(){\n                        return document.querySelectorAll('#vc-milenia-info-boxes-ca44ff7e78d0629082390e67e4a9fd59-17786741791710924477');\n                    },\n                    appear: function(element) {\n                        var $el = $(element);\n                        $el.addClass('milenia-visible').addClass($el.data('animation'));\n                    },\n                    reappear: false,\n                    bounds: -200\n                });\n            }\n\n            if(window.Milenia && window.Milenia.LinkUnderliner) {\n                window.Milenia.LinkUnderliner.init($container.find('a'));\n            }\n\n            if(window.Milenia && window.Milenia.helpers &&  window.Milenia.helpers.dynamicBgImage) {\n                $dynamicBgElements = $container.find('[data-bg-image-src]');\n                if($dynamicBgElements.length) window.Milenia.helpers.dynamicBgImage($dynamicBgElements);\n            }\n\n            if($.fn.owlCarousel) {\n                $carousels = $container.find('.milenia-simple-slideshow--shortcode');\n\n                if($carousels.length) {\n                    if(window.Milenia && window.Milenia.helpers && window.Milenia.helpers.owlSettings) {\n\n                        $carousels.jQueryImagesLoaded().then(function(){\n                                $carousels.each(function(i,e) {\n                                    $(e).owlCarousel(window.Milenia.helpers.owlSettings({\n                                        margin: 1,\n                                        loop: true,\n                                        autoplay: $(e).hasClass('milenia-simple-slideshow--autoplay')\n                                    }));\n                                });\n                        });\n\n                    }\n                    else {\n                        $carousels.owlCarousel({\n                            items: 1\n                        });\n                    }\n                }\n            }\n        });\n    })(window.jQuery);\n<\/script>\n\n<div id=\"vc-milenia-info-boxes-ca44ff7e78d0629082390e67e4a9fd59-17786741791710924477\" class=\"milenia-entities milenia-entities--style-2 milenia-entities--unreverse  milenia-entities--title-reduced milenia-visible\" data-animation=\"none\">\n    <div class=\"milenia-grid milenia-grid--cols-3 milenia-grid--gutters\">\n        <!--================ Info Boxes Item ================-->\n<div class=\"milenia-grid-item\">\n    <article class=\"milenia-entity milenia-entity--scheme-primary\">\n        <div data-bg-image-src=\"https:\/\/www.hotelpromenadeabruzzo.it\/wp-content\/uploads\/2018\/10\/hotel-montesilvano-pet-friendly.png\" style=\"background-image: url(https:\/\/www.hotelpromenadeabruzzo.it\/wp-content\/uploads\/2018\/10\/hotel-montesilvano-pet-friendly.png)\" class=\"milenia-entity-media\"><\/div>\n\n\n        <div class=\"milenia-entity-content milenia-aligner\">\n            <div class=\"milenia-aligner-outer\">\n                <div class=\"milenia-aligner-inner\">\n                    <header class=\"milenia-entity-header\">\n                        \n                        <h2 class=\"milenia-entity-title\">Dog Friendly<\/h2>\n\n                    <\/header>\n                    <div class=\"milenia-entity-body\"><p>Unser Hotel ist mit Freude hundefreundlich! Ihre vierbeinigen Freunde erwartet eine herzliche und fr\u00f6hliche Atmosph\u00e4re. Kontaktieren Sie uns f\u00fcr weitere Informationen.<\/p>\n<\/div>\n\n                    \n                <\/div>\n            <\/div>\n        <\/div>\n    <\/article>\n<\/div>\n<!--================ End of Info Boxes Item ================-->\n\r\n<!--================ Info Boxes Item ================-->\n<div class=\"milenia-grid-item\">\n    <article class=\"milenia-entity milenia-entity--scheme-primary\">\n        <div data-bg-image-src=\"https:\/\/www.hotelpromenadeabruzzo.it\/wp-content\/uploads\/2018\/10\/cucina-hotel-promenade.png\" style=\"background-image: url(https:\/\/www.hotelpromenadeabruzzo.it\/wp-content\/uploads\/2018\/10\/cucina-hotel-promenade.png)\" class=\"milenia-entity-media\"><\/div>\n\n\n        <div class=\"milenia-entity-content milenia-aligner\">\n            <div class=\"milenia-aligner-outer\">\n                <div class=\"milenia-aligner-inner\">\n                    <header class=\"milenia-entity-header\">\n                        \n                        <h2 class=\"milenia-entity-title\">Hervorragende Gastronomie<\/h2>\n\n                    <\/header>\n                    <div class=\"milenia-entity-body\"><p>Jede Mahlzeit ist eine Reise in die kulinarische Tradition der Abruzzen. Genie\u00dfen Sie authentische Gerichte, zubereitet mit frischen und regionalen Zutaten, w\u00e4hrend das Meer Ihnen eine atemberaubende Aussicht schenkt.<\/p>\n<\/div>\n\n                    \n                <\/div>\n            <\/div>\n        <\/div>\n    <\/article>\n<\/div>\n<!--================ End of Info Boxes Item ================-->\n\r\n<!--================ Info Boxes Item ================-->\n<div class=\"milenia-grid-item\">\n    <article class=\"milenia-entity milenia-entity--scheme-primary\">\n        <div data-bg-image-src=\"https:\/\/www.hotelpromenadeabruzzo.it\/wp-content\/uploads\/2018\/10\/abruzzo-da-scoprire.png\" style=\"background-image: url(https:\/\/www.hotelpromenadeabruzzo.it\/wp-content\/uploads\/2018\/10\/abruzzo-da-scoprire.png)\" class=\"milenia-entity-media\"><\/div>\n\n\n        <div class=\"milenia-entity-content milenia-aligner\">\n            <div class=\"milenia-aligner-outer\">\n                <div class=\"milenia-aligner-inner\">\n                    <header class=\"milenia-entity-header\">\n                        \n                        <h2 class=\"milenia-entity-title\">Ein Land voller Entdeckungen<\/h2>\n\n                    <\/header>\n                    <div class=\"milenia-entity-body\"><p>Die Abruzzen sind ein Land voller verborgener Wunder, in dem unber\u00fchrte Natur mit Geschichte und Kultur verschmilzt. Von den majest\u00e4tischen Bergen des Gran Sasso bis zu den bezaubernden Str\u00e4nden der Adria erz\u00e4hlt jeder Winkel dieser Region eine Geschichte von Sch\u00f6nheit und Tradition.<\/p>\n<\/div>\n\n                    \n                <\/div>\n            <\/div>\n        <\/div>\n    <\/article>\n<\/div>\n<!--================ End of Info Boxes Item ================-->\n\n    <\/div>\n<\/div>\n<!--================ End of Info Boxes ================-->\n[vc_empty_space height=&#8221;20px&#8221;][\/vc_column][\/vc_row][vc_row full_width=&#8221;stretch_row&#8221; full_height=&#8221;yes&#8221; equal_height=&#8221;yes&#8221; content_placement=&#8221;middle&#8221; css=&#8221;.vc_custom_1744617955521{background-color: #E6E6E6 !important;}&#8221;][vc_column]<!--================ Section Heading ================-->\n<script>\n    (function($){\n        'use strict';\n\n        if(!$) return;\n\n        $(function(){\n            if(window.appear) {\n                appear({\n                    elements: function(){\n                        return document.querySelectorAll('#vc-milenia-section-heading-58bfb89e3b4635496cd75a538d90d55c-1778674179356889441');\n                    },\n                    appear: function(element) {\n                        var $el = $(element);\n                        $el.addClass('milenia-visible').addClass($el.data('animation'));\n                    },\n                    reappear: false,\n                    bounds: -200\n                });\n            }\n        });\n    })(window.jQuery);\n<\/script>\n<div id=\"vc-milenia-section-heading-58bfb89e3b4635496cd75a538d90d55c-1778674179356889441\" class=\"milenia-section-heading text-center vc_custom_1744205494514 milenia-visible\" data-animation=\"none\">\n    \n    <h2 class=\"milenia-section-title milenia-font--first-accented\" style=\"font-size: 50px;line-height: 43px;text-transform: none;font-style: normal;font-weight: 400;\">Highlights<\/h2>\n\n    \n<\/div>\n<!--================ End of Section Heading ================-->\n[vc_empty_space height=&#8221;20px&#8221;][vc_masonry_media_grid css=&#8221;&#8221; grid_id=&#8221;vc_gid:1771259337540-ada9bb2d-0aab-5&#8243; include=&#8221;13993,13529,13817,13917,13509,13877,13633,13885,13873,13869,13821&#8243;][\/vc_column][\/vc_row]<\/p>\n<\/div>","protected":false},"excerpt":{"rendered":"<p>[vc_row full_width=&#8221;stretch_row&#8221; content_placement=&#8221;middle&#8221; css=&#8221;.vc_custom_1744617851534{background-color: #E6E6E6 !important;}&#8221;][vc_column width=&#8221;1\/2&#8243; el_class=&#8221;milenia-color&#8211;black&#8221;][vc_custom_heading text=&#8221;WILLKOMMEN IM PROMENADE HOTEL! BEREIT F\u00dcR EIN SPANNENDES ERLEBNIS?&#8221; font_container=&#8221;tag:div|font_size:18px|text_align:left|color:%2333879F|line_height:30px&#8221;&#8230;<\/p>\n","protected":false},"author":2,"featured_media":0,"parent":0,"menu_order":0,"comment_status":"closed","ping_status":"closed","template":"","meta":{"footnotes":""},"class_list":["post-14683","page","type-page","status-publish","hentry"],"yoast_head":"<!-- This site is optimized with the Yoast SEO plugin v27.6 - https:\/\/yoast.com\/product\/yoast-seo-wordpress\/ -->\n<title>Hotel Pescara 4-Sterne All Inclusive Superiopr Montesilvano<\/title>\n<meta name=\"description\" content=\"Hotel Pescara 4-Sterne All Inclusive: Vier-Sterne-Superior-Hotel liegt in Silvano, einer der sch\u00f6nsten K\u00fcste der Abruzzen-Zentren. WILLKOMMEN IM HOTEL!!!\" \/>\n<meta name=\"robots\" content=\"index, follow, max-snippet:-1, max-image-preview:large, max-video-preview:-1\" \/>\n<link rel=\"canonical\" href=\"https:\/\/www.hotelpromenadeabruzzo.it\/de\/hotel-pescara-4-sterne-all-inclusive-langde\/\" \/>\n<meta property=\"og:locale\" content=\"de_DE\" \/>\n<meta property=\"og:type\" content=\"article\" \/>\n<meta property=\"og:title\" content=\"Hotel Pescara 4-Sterne All Inclusive Superiopr Montesilvano\" \/>\n<meta property=\"og:description\" content=\"Hotel Pescara 4-Sterne All Inclusive: Vier-Sterne-Superior-Hotel liegt in Silvano, einer der sch\u00f6nsten K\u00fcste der Abruzzen-Zentren. WILLKOMMEN IM HOTEL!!!\" \/>\n<meta property=\"og:url\" content=\"https:\/\/www.hotelpromenadeabruzzo.it\/de\/hotel-pescara-4-sterne-all-inclusive-langde\/\" \/>\n<meta property=\"og:site_name\" content=\"Hotel Promenade\" \/>\n<meta property=\"article:publisher\" content=\"https:\/\/www.facebook.com\/HotelPromenadeAbruzzo\" \/>\n<meta property=\"article:modified_time\" content=\"2026-02-16T16:29:29+00:00\" \/>\n<meta name=\"twitter:card\" content=\"summary_large_image\" \/>\n<meta name=\"twitter:label1\" content=\"Gesch\u00e4tzte Lesezeit\" \/>\n\t<meta name=\"twitter:data1\" content=\"4\u00a0Minuten\" \/>\n<script type=\"application\/ld+json\" class=\"yoast-schema-graph\">{\"@context\":\"https:\\\/\\\/schema.org\",\"@graph\":[{\"@type\":\"WebPage\",\"@id\":\"https:\\\/\\\/www.hotelpromenadeabruzzo.it\\\/de\\\/hotel-pescara-4-sterne-all-inclusive-langde\\\/\",\"url\":\"https:\\\/\\\/www.hotelpromenadeabruzzo.it\\\/de\\\/hotel-pescara-4-sterne-all-inclusive-langde\\\/\",\"name\":\"Hotel Pescara 4-Sterne All Inclusive Superiopr Montesilvano\",\"isPartOf\":{\"@id\":\"https:\\\/\\\/www.hotelpromenadeabruzzo.it\\\/de\\\/#website\"},\"datePublished\":\"2025-03-11T12:11:24+00:00\",\"dateModified\":\"2026-02-16T16:29:29+00:00\",\"description\":\"Hotel Pescara 4-Sterne All Inclusive: Vier-Sterne-Superior-Hotel liegt in Silvano, einer der sch\u00f6nsten K\u00fcste der Abruzzen-Zentren. WILLKOMMEN IM HOTEL!!!\",\"breadcrumb\":{\"@id\":\"https:\\\/\\\/www.hotelpromenadeabruzzo.it\\\/de\\\/hotel-pescara-4-sterne-all-inclusive-langde\\\/#breadcrumb\"},\"inLanguage\":\"de\",\"potentialAction\":[{\"@type\":\"ReadAction\",\"target\":[\"https:\\\/\\\/www.hotelpromenadeabruzzo.it\\\/de\\\/hotel-pescara-4-sterne-all-inclusive-langde\\\/\"]}]},{\"@type\":\"BreadcrumbList\",\"@id\":\"https:\\\/\\\/www.hotelpromenadeabruzzo.it\\\/de\\\/hotel-pescara-4-sterne-all-inclusive-langde\\\/#breadcrumb\",\"itemListElement\":[{\"@type\":\"ListItem\",\"position\":1,\"name\":\"Home\",\"item\":\"https:\\\/\\\/www.hotelpromenadeabruzzo.it\\\/de\\\/\"},{\"@type\":\"ListItem\",\"position\":2,\"name\":\"Hotel\"}]},{\"@type\":\"WebSite\",\"@id\":\"https:\\\/\\\/www.hotelpromenadeabruzzo.it\\\/de\\\/#website\",\"url\":\"https:\\\/\\\/www.hotelpromenadeabruzzo.it\\\/de\\\/\",\"name\":\"Hotel Promenade\",\"description\":\"La Tua Vacanza in Abruzzo\",\"publisher\":{\"@id\":\"https:\\\/\\\/www.hotelpromenadeabruzzo.it\\\/de\\\/#organization\"},\"potentialAction\":[{\"@type\":\"SearchAction\",\"target\":{\"@type\":\"EntryPoint\",\"urlTemplate\":\"https:\\\/\\\/www.hotelpromenadeabruzzo.it\\\/de\\\/?s={search_term_string}\"},\"query-input\":{\"@type\":\"PropertyValueSpecification\",\"valueRequired\":true,\"valueName\":\"search_term_string\"}}],\"inLanguage\":\"de\"},{\"@type\":\"Organization\",\"@id\":\"https:\\\/\\\/www.hotelpromenadeabruzzo.it\\\/de\\\/#organization\",\"name\":\"Hotel Promenade\",\"url\":\"https:\\\/\\\/www.hotelpromenadeabruzzo.it\\\/de\\\/\",\"logo\":{\"@type\":\"ImageObject\",\"inLanguage\":\"de\",\"@id\":\"https:\\\/\\\/www.hotelpromenadeabruzzo.it\\\/de\\\/#\\\/schema\\\/logo\\\/image\\\/\",\"url\":\"https:\\\/\\\/www.hotelpromenadeabruzzo.it\\\/wp-content\\\/uploads\\\/2018\\\/10\\\/hotelpromenade-logo-4.png\",\"contentUrl\":\"https:\\\/\\\/www.hotelpromenadeabruzzo.it\\\/wp-content\\\/uploads\\\/2018\\\/10\\\/hotelpromenade-logo-4.png\",\"width\":700,\"height\":664,\"caption\":\"Hotel Promenade\"},\"image\":{\"@id\":\"https:\\\/\\\/www.hotelpromenadeabruzzo.it\\\/de\\\/#\\\/schema\\\/logo\\\/image\\\/\"},\"sameAs\":[\"https:\\\/\\\/www.facebook.com\\\/HotelPromenadeAbruzzo\",\"https:\\\/\\\/www.instagram.com\\\/hotelpromenademontesilvano\\\/\"]}]}<\/script>\n<!-- \/ Yoast SEO plugin. -->","yoast_head_json":{"title":"Hotel Pescara 4-Sterne All Inclusive Superiopr Montesilvano","description":"Hotel Pescara 4-Sterne All Inclusive: Vier-Sterne-Superior-Hotel liegt in Silvano, einer der sch\u00f6nsten K\u00fcste der Abruzzen-Zentren. WILLKOMMEN IM HOTEL!!!","robots":{"index":"index","follow":"follow","max-snippet":"max-snippet:-1","max-image-preview":"max-image-preview:large","max-video-preview":"max-video-preview:-1"},"canonical":"https:\/\/www.hotelpromenadeabruzzo.it\/de\/hotel-pescara-4-sterne-all-inclusive-langde\/","og_locale":"de_DE","og_type":"article","og_title":"Hotel Pescara 4-Sterne All Inclusive Superiopr Montesilvano","og_description":"Hotel Pescara 4-Sterne All Inclusive: Vier-Sterne-Superior-Hotel liegt in Silvano, einer der sch\u00f6nsten K\u00fcste der Abruzzen-Zentren. WILLKOMMEN IM HOTEL!!!","og_url":"https:\/\/www.hotelpromenadeabruzzo.it\/de\/hotel-pescara-4-sterne-all-inclusive-langde\/","og_site_name":"Hotel Promenade","article_publisher":"https:\/\/www.facebook.com\/HotelPromenadeAbruzzo","article_modified_time":"2026-02-16T16:29:29+00:00","twitter_card":"summary_large_image","twitter_misc":{"Gesch\u00e4tzte Lesezeit":"4\u00a0Minuten"},"schema":{"@context":"https:\/\/schema.org","@graph":[{"@type":"WebPage","@id":"https:\/\/www.hotelpromenadeabruzzo.it\/de\/hotel-pescara-4-sterne-all-inclusive-langde\/","url":"https:\/\/www.hotelpromenadeabruzzo.it\/de\/hotel-pescara-4-sterne-all-inclusive-langde\/","name":"Hotel Pescara 4-Sterne All Inclusive Superiopr Montesilvano","isPartOf":{"@id":"https:\/\/www.hotelpromenadeabruzzo.it\/de\/#website"},"datePublished":"2025-03-11T12:11:24+00:00","dateModified":"2026-02-16T16:29:29+00:00","description":"Hotel Pescara 4-Sterne All Inclusive: Vier-Sterne-Superior-Hotel liegt in Silvano, einer der sch\u00f6nsten K\u00fcste der Abruzzen-Zentren. WILLKOMMEN IM HOTEL!!!","breadcrumb":{"@id":"https:\/\/www.hotelpromenadeabruzzo.it\/de\/hotel-pescara-4-sterne-all-inclusive-langde\/#breadcrumb"},"inLanguage":"de","potentialAction":[{"@type":"ReadAction","target":["https:\/\/www.hotelpromenadeabruzzo.it\/de\/hotel-pescara-4-sterne-all-inclusive-langde\/"]}]},{"@type":"BreadcrumbList","@id":"https:\/\/www.hotelpromenadeabruzzo.it\/de\/hotel-pescara-4-sterne-all-inclusive-langde\/#breadcrumb","itemListElement":[{"@type":"ListItem","position":1,"name":"Home","item":"https:\/\/www.hotelpromenadeabruzzo.it\/de\/"},{"@type":"ListItem","position":2,"name":"Hotel"}]},{"@type":"WebSite","@id":"https:\/\/www.hotelpromenadeabruzzo.it\/de\/#website","url":"https:\/\/www.hotelpromenadeabruzzo.it\/de\/","name":"Hotel Promenade","description":"La Tua Vacanza in Abruzzo","publisher":{"@id":"https:\/\/www.hotelpromenadeabruzzo.it\/de\/#organization"},"potentialAction":[{"@type":"SearchAction","target":{"@type":"EntryPoint","urlTemplate":"https:\/\/www.hotelpromenadeabruzzo.it\/de\/?s={search_term_string}"},"query-input":{"@type":"PropertyValueSpecification","valueRequired":true,"valueName":"search_term_string"}}],"inLanguage":"de"},{"@type":"Organization","@id":"https:\/\/www.hotelpromenadeabruzzo.it\/de\/#organization","name":"Hotel Promenade","url":"https:\/\/www.hotelpromenadeabruzzo.it\/de\/","logo":{"@type":"ImageObject","inLanguage":"de","@id":"https:\/\/www.hotelpromenadeabruzzo.it\/de\/#\/schema\/logo\/image\/","url":"https:\/\/www.hotelpromenadeabruzzo.it\/wp-content\/uploads\/2018\/10\/hotelpromenade-logo-4.png","contentUrl":"https:\/\/www.hotelpromenadeabruzzo.it\/wp-content\/uploads\/2018\/10\/hotelpromenade-logo-4.png","width":700,"height":664,"caption":"Hotel Promenade"},"image":{"@id":"https:\/\/www.hotelpromenadeabruzzo.it\/de\/#\/schema\/logo\/image\/"},"sameAs":["https:\/\/www.facebook.com\/HotelPromenadeAbruzzo","https:\/\/www.instagram.com\/hotelpromenademontesilvano\/"]}]}},"_links":{"self":[{"href":"https:\/\/www.hotelpromenadeabruzzo.it\/de\/wp-json\/wp\/v2\/pages\/14683","targetHints":{"allow":["GET"]}}],"collection":[{"href":"https:\/\/www.hotelpromenadeabruzzo.it\/de\/wp-json\/wp\/v2\/pages"}],"about":[{"href":"https:\/\/www.hotelpromenadeabruzzo.it\/de\/wp-json\/wp\/v2\/types\/page"}],"author":[{"embeddable":true,"href":"https:\/\/www.hotelpromenadeabruzzo.it\/de\/wp-json\/wp\/v2\/users\/2"}],"replies":[{"embeddable":true,"href":"https:\/\/www.hotelpromenadeabruzzo.it\/de\/wp-json\/wp\/v2\/comments?post=14683"}],"version-history":[{"count":5,"href":"https:\/\/www.hotelpromenadeabruzzo.it\/de\/wp-json\/wp\/v2\/pages\/14683\/revisions"}],"predecessor-version":[{"id":15327,"href":"https:\/\/www.hotelpromenadeabruzzo.it\/de\/wp-json\/wp\/v2\/pages\/14683\/revisions\/15327"}],"wp:attachment":[{"href":"https:\/\/www.hotelpromenadeabruzzo.it\/de\/wp-json\/wp\/v2\/media?parent=14683"}],"curies":[{"name":"wp","href":"https:\/\/api.w.org\/{rel}","templated":true}]}}