{"id":14677,"date":"2025-04-07T11:59:53","date_gmt":"2025-04-07T11:59:53","guid":{"rendered":"https:\/\/www.hotelpromenadeabruzzo.it\/itinerari-escursioni-hotel-4-stelle-promenade-montesilvano\/"},"modified":"2026-02-16T11:27:13","modified_gmt":"2026-02-16T11:27:13","slug":"gebiet","status":"publish","type":"page","link":"https:\/\/www.hotelpromenadeabruzzo.it\/de\/gebiet\/","title":{"rendered":"Gebiet"},"content":{"rendered":"<div class=\"wpb-content-wrapper\"><p>[vc_row full_width=&#8221;stretch_row&#8221; content_placement=&#8221;middle&#8221; css=&#8221;.vc_custom_1744621490194{margin-bottom: 30px !important;background-color: #E6E6E6 !important;}&#8221;][vc_column width=&#8221;1\/2&#8243; el_class=&#8221;milenia-color&#8211;black&#8221;]<!--================ Section Heading ================-->\n<script>\n    (function($){\n        'use strict';\n\n        if(!$) return;\n\n        $(function(){\n            if(window.appear) {\n                appear({\n                    elements: function(){\n                        return document.querySelectorAll('#vc-milenia-section-heading-8abdddaae3efd071233b1d11b1acd812-17755627761165791596');\n                    },\n                    appear: function(element) {\n                        var $el = $(element);\n                        $el.addClass('milenia-visible').addClass($el.data('animation'));\n                    },\n                    reappear: false,\n                    bounds: -200\n                });\n            }\n        });\n    })(window.jQuery);\n<\/script>\n<div id=\"vc-milenia-section-heading-8abdddaae3efd071233b1d11b1acd812-17755627761165791596\" class=\"milenia-section-heading text-left vc_custom_1771241230067 milenia-visible\" data-animation=\"none\">\n    \n    <h2 class=\"milenia-section-title milenia-font--first-accented\" style=\"font-size: 50px;line-height: 43px;text-transform: none;font-style: normal;font-weight: 400;\">Abruzzen: Eine Entdeckungsreise zum Urspr\u00fcnglichen<\/h2>\n\n    \n<\/div>\n<!--================ End of Section Heading ================-->\n[vc_custom_heading text=&#8221;&#8220;Zwischen Meer, Natur und Kultur: Erleben Sie einen Aufenthalt, der weit \u00fcber einen einfachen Urlaub hinausgeht.&#8220;&#8221; font_container=&#8221;tag:div|font_size:18px|text_align:left|color:%2333879F|line_height:30px&#8221; google_fonts=&#8221;font_family:Open%20Sans%3A300%2C300italic%2Cregular%2Citalic%2C600%2C600italic%2C700%2C700italic%2C800%2C800italic|font_style:700%20bold%20regular%3A700%3Anormal&#8221; css=&#8221;.vc_custom_1771240996570{margin-bottom: 20px !important;}&#8221;][vc_column_text css=&#8221;&#8221;]Ein Aufenthalt im <strong>Hotel Promenade<\/strong> ist die perfekte Wahl f\u00fcr alle, die die Entspannung eines Urlaubs am Meer mit der Aufregung verbinden m\u00f6chten, ein Gebiet zu erkunden, das reich an Geschichte, Kultur und atemberaubenden Landschaften ist.<\/p>\n<p>Die strategische Lage des Hotels, nur wenige Minuten vom Autobahnanschluss entfernt, erm\u00f6glicht es Ihnen, die faszinierendsten Orte in Abruzzen bequem zu erreichen und dabei den Verkehr im Zentrum von Pescara zu vermeiden. Ein Komfort, der es Ihnen erm\u00f6glicht, alle Wunder der Region in vollen Z\u00fcgen zu genie\u00dfen.<\/p>\n<p>Von den beeindruckenden Landschaften der National- und Regionalparks, die ideal f\u00fcr Ausfl\u00fcge und Spazierg\u00e4nge in der Natur sind, bis hin zu den Panoramarouten, die perfekt f\u00fcr Fahrradliebhaber geeignet sind \u2013 die M\u00f6glichkeiten, unser Gebiet zu entdecken, sind wirklich unendlich.<\/p>\n<p>F\u00fcr weitere Informationen stehen wir Ihnen gerne zur Verf\u00fcgung: Unser Team wird Ihnen gerne helfen und Ihre Erfahrung unvergesslich machen.[\/vc_column_text][\/vc_column][vc_column width=&#8221;1\/2&#8243;][vc_single_image image=&#8221;14249&#8243; img_size=&#8221;900X1200&#8243; css=&#8221;&#8221;][\/vc_column][\/vc_row][vc_row][vc_column width=&#8221;1\/3&#8243;][vc_single_image image=&#8221;14224&#8243; img_size=&#8221;full&#8221; css=&#8221;&#8221;][vc_tta_accordion active_section=&#8221;10&#8243;][vc_tta_section title=&#8221;Pescara: zwischen Moderne, Geschichte und authentischen Aromen&#8221; tab_id=&#8221;1744271323758-00eb1070-4a46&#8243;][vc_column_text css=&#8221;&#8221;]Pescara ist eine lebendige und moderne Stadt, die in jeder Saison von der weitl\u00e4ufigen und gut ausgestatteten K\u00fcste belebt wird \u2013 das ideale Ziel f\u00fcr alle, die Entspannung, Spa\u00df und Sch\u00f6nheit nur wenige Schritte vom Meer entfernt suchen.<\/p>\n<p>Aber Pescara ist nicht nur Meer: Es ist auch ein Ort voller Geschichte und Kultur. Ihre Wurzeln reichen bis in die Jungsteinzeit zur\u00fcck, mit dem Dorf Colle Orlando, das etwa 6.000 Jahre alt ist. In der r\u00f6mischen Zeit war die Stadt als Ostia Aterni bekannt, ein wichtiger Handelsst\u00fctzpunkt an der Adriak\u00fcste.<\/p>\n<p>Das historische und k\u00fcnstlerische Erbe der Stadt ist umfangreich und vielf\u00e4ltig, mit zahlreichen Sehensw\u00fcrdigkeiten:<\/p>\n<p><strong>Die Ponte del Mare<\/strong>, das Wahrzeichen der Stadt und die gr\u00f6\u00dfte Fu\u00dfg\u00e4nger- und Radfahrerbr\u00fccke Italiens, bietet einen spektakul\u00e4ren Blick auf die K\u00fcste.<\/p>\n<p><strong>Die Ponte Ennio Flaiano<\/strong>, benannt nach dem ber\u00fchmten Schriftsteller und Journalisten aus Pescara, verbindet die beiden Ufer des Flusses und vereint Funktionalit\u00e4t und Design.<\/p>\n<p><strong>La Nave<\/strong>, ein beeindruckender Brunnen aus Carrara-Marmor, geschaffen vom Bildhauer Pietro Cascella.<\/p>\n<p><strong>Die Kathedrale von San Cetteo<\/strong>, in der das Grab von Gabriele D\u2019Annunzios Mutter Luisa aufbewahrt wird, sowie ein wertvolles Gem\u00e4lde des Guercino, das vom Dichter selbst gestiftet wurde.<\/p>\n<p><strong>Das Museum Villa Urania<\/strong>, eine elegante Villa im Liberty-Stil des 19. Jahrhunderts, beherbergt eine raffinierte Kunstsammlung.<\/p>\n<p><strong>Das Museum der V\u00f6lker von Abruzzen<\/strong>, das sich in den \u00dcberresten einer Festung aus dem 16. Jahrhundert befindet und die Geschichte und Traditionen der Region erz\u00e4hlt.<\/p>\n<p><strong>Das Museo Civico Basilio Cascella<\/strong>, das den Werken der ber\u00fchmten Familie von abruzzesischen K\u00fcnstlern gewidmet ist.<\/p>\n<p>Und schlie\u00dflich begeistert Pescara auch kulinarisch. Die lokale K\u00fcche ist ein Fest der authentischen Aromen: vom Brodetto alla pescarese \u00fcber<em> Spaghetti alla chitarra<\/em>, von <em>Gnocchi mit Scampi<\/em> bis hin zu <em>Porchetta<\/em> und den ber\u00fchmten <em>Arrosticini<\/em>. Ein wahres Fest f\u00fcr den Gaumen![\/vc_column_text][\/vc_tta_section][\/vc_tta_accordion][\/vc_column][vc_column width=&#8221;1\/3&#8243;][vc_single_image image=&#8221;14236&#8243; img_size=&#8221;full&#8221; css=&#8221;&#8221;][vc_tta_accordion active_section=&#8221;10&#8243;][vc_tta_section title=&#8221;Geburtshaus von Gabriele D\u2019Annunzio und der Pinienwald \u201ePineta Dannunziana\u201c&#8221; tab_id=&#8221;1744271323758-00eb1070-4a46&#8243;][vc_column_text css=&#8221;&#8221;]Im Herzen der historischen Altstadt von Pescara befindet sich das Haus, in dem <strong>Gabriele D\u2019Annunzio<\/strong> geboren wurde, das heute in ein Museum umgewandelt wurde. Die originalen R\u00e4ume, die antiken M\u00f6bel und die ausgestellten Dokumente erz\u00e4hlen das Leben und Werk des ber\u00fchmten Dichters und bieten eine faszinierende Reise in die Welt des D\u2019Annunzio.<\/p>\n<hr class=\"\" data-start=\"434\" data-end=\"437\" \/>\n<h3 class=\"\" data-start=\"439\" data-end=\"467\"><strong data-start=\"443\" data-end=\"465\">Pinewald &#8220;Pineta Dannunziana&#8221;<\/strong><\/h3>\n<p>Eine gr\u00fcne Oase nur einen Katzensprung vom Meer entfernt, ist die <strong>Pineta Dannunziana<\/strong> eine nat\u00fcrliche Lunge im Zentrum von Pescara. Mit ihren schattigen Wegen, Teichen, mediterraner Flora und eingerichteten Bereichen ist sie der ideale Ort, um sich zu entspannen, spazieren zu gehen oder Sport inmitten der Natur zu treiben.[\/vc_column_text][\/vc_tta_section][\/vc_tta_accordion][\/vc_column][vc_column width=&#8221;1\/3&#8243;][vc_single_image image=&#8221;14228&#8243; img_size=&#8221;full&#8221; css=&#8221;&#8221;][vc_tta_accordion active_section=&#8221;10&#8243;][vc_tta_section title=&#8221;Abbateggio: das \u201eKrippendorf\u201c zwischen Stein, Natur und Traditionen&#8221; tab_id=&#8221;1744271323758-00eb1070-4a46&#8243;][vc_column_text css=&#8221;&#8221;]Bekannt als das \u201eWeihnachtsdorf\u201c aufgrund seines zeitlosen Charmes, bewahrt <strong>Abbateggio<\/strong> sein antikes Aussehen, eingebettet in die Ruhe und die gr\u00fcnen Landschaften der Majella.<\/p>\n<p>Ein Spaziergang im Herzen des Dorfes ist wie eine Reise in die Vergangenheit: Die H\u00e4user, gebaut aus dem charakteristischen wei\u00dfen Stein der Majella, bieten eindrucksvolle und authentische Ausblicke. Der Besuch beginnt am besten im \u00e4ltesten Teil des Dorfes, wo die spektakul\u00e4ren Felsen der Majella den Rahmen f\u00fcr diesen zauberhaften Ort bilden.<\/p>\n<p>Zu den Sehensw\u00fcrdigkeiten, die man nicht verpassen sollte, geh\u00f6ren die <strong>Kirche San Lorenzo Martire<\/strong>, das <strong>Santuario della Madonna dell\u2019Elcina<\/strong> und die <strong>Kirche der Madonna del Carmine<\/strong>, alles Orte, die die Geschichte, den Glauben und die Kunst dieser kleinen abruzzesischen Gemeinde erz\u00e4hlen.<\/p>\n<p>F\u00fcr Naturliebhaber bieten Wanderungen im <strong>Valle dell\u2019Orfento<\/strong>, im wilden Herzen des Nationalparks der Majella, die M\u00f6glichkeit, die umwelt-, geschichts- und kulturreichen Sch\u00e4tze eines der faszinierendsten Gebiete der gesamten Region zu entdecken.<\/p>\n<p>Nur wenige Kilometer vom Dorf entfernt befindet sich das <strong>Valle Giumentina<\/strong>, wo man die <strong>Tholos<\/strong> bewundern kann \u2013 antike Steinh\u00fctten, die bis in die Altsteinzeit zur\u00fcckreichen und au\u00dfergew\u00f6hnliche Zeugnisse pr\u00e4historischer Architektur darstellen.<\/p>\n<p>Ein weiteres Highlight ist das <strong>Ecomuseo della Valle del Lejo<\/strong>, eine faszinierende Struktur, die in einer einzigartigen Naturlandschaft liegt und die bergbaugeschichtliche Geschichte der Region durch industrielle Arch\u00e4ologie aufbereitet.<\/p>\n<p>Und zum Abschluss des Besuchs sollte man sich nicht die typischen Gerichte auf <strong>Farro-Basis<\/strong> entgehen lassen, das heimische Getreide dieser Erde. Im Sommer ist der <strong>Farrosalat<\/strong> das Highlight auf dem Tisch, w\u00e4hrend in den k\u00e4lteren Monaten die warme, herzhafte <strong>Farrosuppe<\/strong> zum Star wird. Zwei K\u00f6stlichkeiten, die je nach Saison und Neugierde probiert werden sollten![\/vc_column_text][\/vc_tta_section][\/vc_tta_accordion][\/vc_column][\/vc_row][vc_row][vc_column width=&#8221;1\/3&#8243;][vc_single_image image=&#8221;14244&#8243; img_size=&#8221;full&#8221; css=&#8221;&#8221;][vc_tta_accordion active_section=&#8221;10&#8243;][vc_tta_section title=&#8221;Loreto Aprutino: Kunst, \u00d6l und Tradition&#8221; tab_id=&#8221;1744276011538-99dff7f4-fb32&#8243;][vc_column_text css=&#8221;&#8221;]Hoch oben auf den sanften H\u00fcgeln, die das Tal des Tavo \u00fcberblicken, liegt <strong>Loreto Aprutino<\/strong>, eines der faszinierendsten D\u00f6rfer im Landesinneren von Pescara, wo Kunst, Geschichte und l\u00e4ndliche Traditionen harmonisch miteinander verflochten sind.<\/p>\n<p>Ein Spaziergang durch die steinernen Gassen versetzt einen in eine vergangene Zeit, zwischen historischen Pal\u00e4sten, antiken Kirchen und atemberaubenden Panoramablicken. Das historische Zentrum beherbergt wahre Juwelen, wie die <strong>Kirche San Pietro Apostolo<\/strong>, das <strong>Castello Chiola<\/strong> und zahlreiche adelige Residenzen.<\/p>\n<p>Loreto Aprutino ist auch ber\u00fchmt f\u00fcr die Produktion von <strong>extra nativem Oliven\u00f6l<\/strong>, das zu den besten in Italien z\u00e4hlt. Eine Exzellenz, die man im <strong>Museo dell\u2019Olio<\/strong> entdecken kann, das in einer perfekt erhaltenen, alten \u00d6lm\u00fchle untergebracht ist.<\/p>\n<p>Die Kunst findet auch ihren Platz im <strong>Museo Acerbo delle Ceramiche di Castelli<\/strong>, das eine der wichtigsten Sammlungen abruzzesischer Majoliken beherbergt \u2013 wahre Kunstwerke der lokalen Tradition.<\/p>\n<p>Zwischen den H\u00fcgeln und den Geschmacksrichtungen bietet Loreto Aprutino ein authentisches Erlebnis, das perfekt f\u00fcr diejenigen ist, die die wahre Sch\u00f6nheit der abruzzesischen D\u00f6rfer und das Vergn\u00fcgen einer langsamen Entdeckung voller Emotionen suchen.[\/vc_column_text][\/vc_tta_section][\/vc_tta_accordion][\/vc_column][vc_column width=&#8221;1\/3&#8243;][vc_single_image image=&#8221;14240&#8243; img_size=&#8221;full&#8221; css=&#8221;&#8221;][vc_tta_accordion active_section=&#8221;10&#8243;][vc_tta_section title=&#8221;Ein Abenteuer in der Natur f\u00fcr die ganze Familie&#8221; tab_id=&#8221;1744276011604-e02038bf-4eaa&#8221;][vc_column_text css=&#8221;&#8221;]Diese Route stellt eine originelle und unterhaltsame Alternative f\u00fcr Gro\u00df und Klein dar, die sich w\u00e4hrend ihres Urlaubs in der Natur vertiefen m\u00f6chten. Der Weg beginnt in <strong>Villavallelonga<\/strong>, einem faszinierenden Dorf im Herzen des <strong>Nationalparks Abruzzen, Latium und Molise<\/strong>.<\/p>\n<p>Das Highlight des Ausflugs ist das <strong>Museo dell\u2019Orso<\/strong>, das dem Symbol des Parks gewidmet ist: dem <strong>Marsicanischen Braunb\u00e4ren<\/strong>. Innerhalb des Museums erz\u00e4hlen Informationspanels, Ausstellungsr\u00e4ume und Videos von den Lebensgewohnheiten, der Lebensweise und dem Lebensraum dieses faszinierenden S\u00e4ugetiers.<\/p>\n<p>Die Kleinsten k\u00f6nnen eine fesselnde Erfahrung machen, dank spezieller Filme und eines interaktiven Bereichs, der speziell f\u00fcr sie gestaltet wurde. Hier lernen sie spielerisch und entdecken die Natur mit neuen Augen.<\/p>\n<p>Der Besuch des Museums wird von erfahrenen Umweltp\u00e4dagogen begleitet, die stets bereit sind, Fragen zu beantworten und das Erlebnis noch interessanter und lehrreicher zu gestalten.<\/p>\n<p>Der Weg setzt sich drau\u00dfen fort, entlang des <strong>Sentiero Natura<\/strong>, wo in einem eingez\u00e4unten Areal in halbfreier Wildbahn die Gelegenheit besteht, <strong>Yoga<\/strong> und <strong>Sandrino<\/strong>, zwei prachtvolle Marsicanische Braunb\u00e4ren, zu beobachten, sowie einige Hirsche, die in einem angrenzenden Naturschutzgebiet leben.<\/p>\n<p>Nach dem Museumsbesuch beginnt das wahre Abenteuer in der Natur \u2013 auf Wegen, mit Panoramen und spannenden Begegnungen![\/vc_column_text][\/vc_tta_section][\/vc_tta_accordion][\/vc_column][vc_column width=&#8221;1\/3&#8243;][vc_single_image image=&#8221;14232&#8243; img_size=&#8221;full&#8221; css=&#8221;&#8221;][vc_tta_accordion active_section=&#8221;10&#8243;][vc_tta_section title=&#8221;Nationalpark Gran Sasso und Monti della Laga&#8221; tab_id=&#8221;1744276011652-0d550a32-5ed1&#8243;][vc_column_text css=&#8221;&#8221;]<\/p>\n<p class=\"\" data-start=\"291\" data-end=\"734\">Un\u2019escursione nel <strong data-start=\"309\" data-end=\"362\">Parco Nazionale del Gran Sasso e Monti della Laga<\/strong> \u00e8 un\u2019esperienza imperdibile per chi ama la natura selvaggia e i grandi spazi aperti. Tra vette maestose, borghi incantati, altipiani sconfinati come il <strong data-start=\"515\" data-end=\"535\">Campo Imperatore<\/strong> e sentieri panoramici, il Parco regala scenari mozzafiato in ogni stagione. Ideale per trekking, escursioni, fotografia naturalistica e per scoprire la biodiversit\u00e0 unica dell\u2019Abruzzo pi\u00f9 autentico.<\/p>\n<p>[\/vc_column_text][\/vc_tta_section][\/vc_tta_accordion][\/vc_column][\/vc_row][vc_row][vc_column][vc_empty_space][\/vc_column][\/vc_row]<\/p>\n<\/div>","protected":false},"excerpt":{"rendered":"<p>[vc_row full_width=&#8221;stretch_row&#8221; content_placement=&#8221;middle&#8221; css=&#8221;.vc_custom_1744621490194{margin-bottom: 30px !important;background-color: #E6E6E6 !important;}&#8221;][vc_column width=&#8221;1\/2&#8243; el_class=&#8221;milenia-color&#8211;black&#8221;][vc_custom_heading text=&#8221;&#8220;Zwischen Meer, Natur und Kultur: Erleben Sie einen&#8230;<\/p>\n","protected":false},"author":2,"featured_media":0,"parent":0,"menu_order":0,"comment_status":"closed","ping_status":"closed","template":"","meta":{"footnotes":""},"class_list":["post-14677","page","type-page","status-publish","hentry"],"yoast_head":"<!-- This site is optimized with the Yoast SEO plugin v27.2 - https:\/\/yoast.com\/product\/yoast-seo-wordpress\/ -->\n<title>Gebiet Montesilvano Excursions | Hotel Promende Abruzzo<\/title>\n<meta name=\"description\" content=\"Gebiet Montesilvano Excursions; Unsere Position, sehr nah an der Mautstelle, garantiert die Erreichbarkeit der besten Standorte\" \/>\n<meta name=\"robots\" content=\"index, follow, max-snippet:-1, max-image-preview:large, max-video-preview:-1\" \/>\n<link rel=\"canonical\" href=\"https:\/\/www.hotelpromenadeabruzzo.it\/de\/gebiet\/\" \/>\n<meta property=\"og:locale\" content=\"de_DE\" \/>\n<meta property=\"og:type\" content=\"article\" \/>\n<meta property=\"og:title\" content=\"Gebiet Montesilvano Excursions | Hotel Promende Abruzzo\" \/>\n<meta property=\"og:description\" content=\"Gebiet Montesilvano Excursions; Unsere Position, sehr nah an der Mautstelle, garantiert die Erreichbarkeit der besten Standorte\" \/>\n<meta property=\"og:url\" content=\"https:\/\/www.hotelpromenadeabruzzo.it\/de\/gebiet\/\" \/>\n<meta property=\"og:site_name\" content=\"Hotel Promenade\" \/>\n<meta property=\"article:publisher\" content=\"https:\/\/www.facebook.com\/HotelPromenadeAbruzzo\" \/>\n<meta property=\"article:modified_time\" content=\"2026-02-16T11:27:13+00:00\" \/>\n<meta name=\"twitter:card\" content=\"summary_large_image\" \/>\n<meta name=\"twitter:label1\" content=\"Gesch\u00e4tzte Lesezeit\" \/>\n\t<meta name=\"twitter:data1\" content=\"8\u00a0Minuten\" \/>\n<script type=\"application\/ld+json\" class=\"yoast-schema-graph\">{\"@context\":\"https:\/\/schema.org\",\"@graph\":[{\"@type\":\"WebPage\",\"@id\":\"https:\/\/www.hotelpromenadeabruzzo.it\/de\/gebiet\/\",\"url\":\"https:\/\/www.hotelpromenadeabruzzo.it\/de\/gebiet\/\",\"name\":\"Gebiet Montesilvano Excursions | Hotel Promende Abruzzo\",\"isPartOf\":{\"@id\":\"https:\/\/www.hotelpromenadeabruzzo.it\/de\/#website\"},\"datePublished\":\"2025-04-07T11:59:53+00:00\",\"dateModified\":\"2026-02-16T11:27:13+00:00\",\"description\":\"Gebiet Montesilvano Excursions; Unsere Position, sehr nah an der Mautstelle, garantiert die Erreichbarkeit der besten Standorte\",\"breadcrumb\":{\"@id\":\"https:\/\/www.hotelpromenadeabruzzo.it\/de\/gebiet\/#breadcrumb\"},\"inLanguage\":\"de\",\"potentialAction\":[{\"@type\":\"ReadAction\",\"target\":[\"https:\/\/www.hotelpromenadeabruzzo.it\/de\/gebiet\/\"]}]},{\"@type\":\"BreadcrumbList\",\"@id\":\"https:\/\/www.hotelpromenadeabruzzo.it\/de\/gebiet\/#breadcrumb\",\"itemListElement\":[{\"@type\":\"ListItem\",\"position\":1,\"name\":\"Home\",\"item\":\"https:\/\/www.hotelpromenadeabruzzo.it\/de\/\"},{\"@type\":\"ListItem\",\"position\":2,\"name\":\"Gebiet\"}]},{\"@type\":\"WebSite\",\"@id\":\"https:\/\/www.hotelpromenadeabruzzo.it\/de\/#website\",\"url\":\"https:\/\/www.hotelpromenadeabruzzo.it\/de\/\",\"name\":\"Hotel Promenade\",\"description\":\"La Tua Vacanza in Abruzzo\",\"publisher\":{\"@id\":\"https:\/\/www.hotelpromenadeabruzzo.it\/de\/#organization\"},\"potentialAction\":[{\"@type\":\"SearchAction\",\"target\":{\"@type\":\"EntryPoint\",\"urlTemplate\":\"https:\/\/www.hotelpromenadeabruzzo.it\/de\/?s={search_term_string}\"},\"query-input\":{\"@type\":\"PropertyValueSpecification\",\"valueRequired\":true,\"valueName\":\"search_term_string\"}}],\"inLanguage\":\"de\"},{\"@type\":\"Organization\",\"@id\":\"https:\/\/www.hotelpromenadeabruzzo.it\/de\/#organization\",\"name\":\"Hotel Promenade\",\"url\":\"https:\/\/www.hotelpromenadeabruzzo.it\/de\/\",\"logo\":{\"@type\":\"ImageObject\",\"inLanguage\":\"de\",\"@id\":\"https:\/\/www.hotelpromenadeabruzzo.it\/de\/#\/schema\/logo\/image\/\",\"url\":\"https:\/\/www.hotelpromenadeabruzzo.it\/wp-content\/uploads\/2018\/10\/hotelpromenade-logo-4.png\",\"contentUrl\":\"https:\/\/www.hotelpromenadeabruzzo.it\/wp-content\/uploads\/2018\/10\/hotelpromenade-logo-4.png\",\"width\":700,\"height\":664,\"caption\":\"Hotel Promenade\"},\"image\":{\"@id\":\"https:\/\/www.hotelpromenadeabruzzo.it\/de\/#\/schema\/logo\/image\/\"},\"sameAs\":[\"https:\/\/www.facebook.com\/HotelPromenadeAbruzzo\",\"https:\/\/www.instagram.com\/hotelpromenademontesilvano\/\"]}]}<\/script>\n<!-- \/ Yoast SEO plugin. -->","yoast_head_json":{"title":"Gebiet Montesilvano Excursions | Hotel Promende Abruzzo","description":"Gebiet Montesilvano Excursions; Unsere Position, sehr nah an der Mautstelle, garantiert die Erreichbarkeit der besten Standorte","robots":{"index":"index","follow":"follow","max-snippet":"max-snippet:-1","max-image-preview":"max-image-preview:large","max-video-preview":"max-video-preview:-1"},"canonical":"https:\/\/www.hotelpromenadeabruzzo.it\/de\/gebiet\/","og_locale":"de_DE","og_type":"article","og_title":"Gebiet Montesilvano Excursions | Hotel Promende Abruzzo","og_description":"Gebiet Montesilvano Excursions; Unsere Position, sehr nah an der Mautstelle, garantiert die Erreichbarkeit der besten Standorte","og_url":"https:\/\/www.hotelpromenadeabruzzo.it\/de\/gebiet\/","og_site_name":"Hotel Promenade","article_publisher":"https:\/\/www.facebook.com\/HotelPromenadeAbruzzo","article_modified_time":"2026-02-16T11:27:13+00:00","twitter_card":"summary_large_image","twitter_misc":{"Gesch\u00e4tzte Lesezeit":"8\u00a0Minuten"},"schema":{"@context":"https:\/\/schema.org","@graph":[{"@type":"WebPage","@id":"https:\/\/www.hotelpromenadeabruzzo.it\/de\/gebiet\/","url":"https:\/\/www.hotelpromenadeabruzzo.it\/de\/gebiet\/","name":"Gebiet Montesilvano Excursions | Hotel Promende Abruzzo","isPartOf":{"@id":"https:\/\/www.hotelpromenadeabruzzo.it\/de\/#website"},"datePublished":"2025-04-07T11:59:53+00:00","dateModified":"2026-02-16T11:27:13+00:00","description":"Gebiet Montesilvano Excursions; Unsere Position, sehr nah an der Mautstelle, garantiert die Erreichbarkeit der besten Standorte","breadcrumb":{"@id":"https:\/\/www.hotelpromenadeabruzzo.it\/de\/gebiet\/#breadcrumb"},"inLanguage":"de","potentialAction":[{"@type":"ReadAction","target":["https:\/\/www.hotelpromenadeabruzzo.it\/de\/gebiet\/"]}]},{"@type":"BreadcrumbList","@id":"https:\/\/www.hotelpromenadeabruzzo.it\/de\/gebiet\/#breadcrumb","itemListElement":[{"@type":"ListItem","position":1,"name":"Home","item":"https:\/\/www.hotelpromenadeabruzzo.it\/de\/"},{"@type":"ListItem","position":2,"name":"Gebiet"}]},{"@type":"WebSite","@id":"https:\/\/www.hotelpromenadeabruzzo.it\/de\/#website","url":"https:\/\/www.hotelpromenadeabruzzo.it\/de\/","name":"Hotel Promenade","description":"La Tua Vacanza in Abruzzo","publisher":{"@id":"https:\/\/www.hotelpromenadeabruzzo.it\/de\/#organization"},"potentialAction":[{"@type":"SearchAction","target":{"@type":"EntryPoint","urlTemplate":"https:\/\/www.hotelpromenadeabruzzo.it\/de\/?s={search_term_string}"},"query-input":{"@type":"PropertyValueSpecification","valueRequired":true,"valueName":"search_term_string"}}],"inLanguage":"de"},{"@type":"Organization","@id":"https:\/\/www.hotelpromenadeabruzzo.it\/de\/#organization","name":"Hotel Promenade","url":"https:\/\/www.hotelpromenadeabruzzo.it\/de\/","logo":{"@type":"ImageObject","inLanguage":"de","@id":"https:\/\/www.hotelpromenadeabruzzo.it\/de\/#\/schema\/logo\/image\/","url":"https:\/\/www.hotelpromenadeabruzzo.it\/wp-content\/uploads\/2018\/10\/hotelpromenade-logo-4.png","contentUrl":"https:\/\/www.hotelpromenadeabruzzo.it\/wp-content\/uploads\/2018\/10\/hotelpromenade-logo-4.png","width":700,"height":664,"caption":"Hotel Promenade"},"image":{"@id":"https:\/\/www.hotelpromenadeabruzzo.it\/de\/#\/schema\/logo\/image\/"},"sameAs":["https:\/\/www.facebook.com\/HotelPromenadeAbruzzo","https:\/\/www.instagram.com\/hotelpromenademontesilvano\/"]}]}},"_links":{"self":[{"href":"https:\/\/www.hotelpromenadeabruzzo.it\/de\/wp-json\/wp\/v2\/pages\/14677","targetHints":{"allow":["GET"]}}],"collection":[{"href":"https:\/\/www.hotelpromenadeabruzzo.it\/de\/wp-json\/wp\/v2\/pages"}],"about":[{"href":"https:\/\/www.hotelpromenadeabruzzo.it\/de\/wp-json\/wp\/v2\/types\/page"}],"author":[{"embeddable":true,"href":"https:\/\/www.hotelpromenadeabruzzo.it\/de\/wp-json\/wp\/v2\/users\/2"}],"replies":[{"embeddable":true,"href":"https:\/\/www.hotelpromenadeabruzzo.it\/de\/wp-json\/wp\/v2\/comments?post=14677"}],"version-history":[{"count":5,"href":"https:\/\/www.hotelpromenadeabruzzo.it\/de\/wp-json\/wp\/v2\/pages\/14677\/revisions"}],"predecessor-version":[{"id":15310,"href":"https:\/\/www.hotelpromenadeabruzzo.it\/de\/wp-json\/wp\/v2\/pages\/14677\/revisions\/15310"}],"wp:attachment":[{"href":"https:\/\/www.hotelpromenadeabruzzo.it\/de\/wp-json\/wp\/v2\/media?parent=14677"}],"curies":[{"name":"wp","href":"https:\/\/api.w.org\/{rel}","templated":true}]}}