{"id":14673,"date":"2025-04-07T12:00:34","date_gmt":"2025-04-07T12:00:34","guid":{"rendered":"https:\/\/www.hotelpromenadeabruzzo.it\/abruzzo-hotel-4-stelle-sul-mare\/"},"modified":"2026-02-19T08:33:30","modified_gmt":"2026-02-19T08:33:30","slug":"abruzzen-4-sterne-hotel-direkt-am-meer","status":"publish","type":"page","link":"https:\/\/www.hotelpromenadeabruzzo.it\/de\/abruzzen-4-sterne-hotel-direkt-am-meer\/","title":{"rendered":"Kontakt"},"content":{"rendered":"<div class=\"wpb-content-wrapper\"><p>[vc_row full_width=&#8221;stretch_row_content_no_spaces&#8221; css=&#8221;.vc_custom_1744621592618{margin-top: 0px !important;margin-right: 0px !important;margin-bottom: 0px !important;margin-left: 0px !important;padding-top: 0px !important;padding-right: 0px !important;padding-bottom: 0px !important;padding-left: 0px !important;}&#8221;][vc_column][vc_goo_maps location=&#8221;hotel promenade montesilvano&#8221; height=&#8221;500px&#8221; zoom=&#8221;17&#8243; css=&#8221;&#8221;][\/vc_column][\/vc_row][vc_row full_width=&#8221;stretch_row&#8221; content_placement=&#8221;middle&#8221; css=&#8221;.vc_custom_1744621908148{margin-top: 0px !important;margin-bottom: 0px !important;padding-top: 0px !important;padding-bottom: 0px !important;}&#8221;][vc_column el_class=&#8221;milenia-color&#8211;black&#8221; css=&#8221;.vc_custom_1744621895539{margin-top: 0px !important;margin-bottom: 0px !important;padding-top: 0px !important;padding-bottom: 0px !important;}&#8221;][vc_empty_space height=&#8221;50px&#8221;]<!--================ Icon Boxes ================-->\n<script>\n    (function($){\n        'use strict';\n\n        if(!$) return;\n\n        $(function(){\n            var $container = $('#vc-milenia-info-boxes-57b136ed80234602cbbce43947ab6c26-17786745482110732016');\n\n            if(!$container.length) return;\n\n            if(window.appear) {\n                appear({\n                    elements: function(){\n                        return document.querySelectorAll('#vc-milenia-info-boxes-57b136ed80234602cbbce43947ab6c26-17786745482110732016');\n                    },\n                    appear: function(element) {\n                        var $el = $(element);\n                        $el.addClass('milenia-visible').addClass($el.data('animation'));\n                    },\n                    reappear: false,\n                    bounds: -200\n                });\n            }\n\n            if(window.Milenia && window.Milenia.LinkUnderliner) {\n                window.Milenia.LinkUnderliner.init($container.find('a'));\n            }\n        });\n    })(window.jQuery);\n<\/script>\n\n<div id=\"vc-milenia-info-boxes-57b136ed80234602cbbce43947ab6c26-17786745482110732016\" class=\"milenia-icon-boxes milenia-icon-boxes--style-3 milenia-visible\" data-animation=\"none\">\n    <div class=\"milenia-grid milenia-grid--cols-4\">\n        <!--================ Icon Box ================-->\n<div class=\"milenia-grid-item\">\n    <article class=\"milenia-icon-box milenia-aligner\" style=\"color: #858585;\">\n        <div class=\"milenia-aligner-outer\">\n            <div class=\"milenia-aligner-inner\">\n                <span class=\"milenia-icon-box-icon milenia-font-icon-location\"><\/span>\n\n                <div class=\"milenia-icon-box-content\">\n                    <h2 class=\"milenia-icon-box-title\" style=\"color: #1c1c1c;\">Adresse<\/h2>\n                    <p>Via A. Moro, 63<br \/>\n65015 Montesilvano (PE)<\/p>\n\n                <\/div>\n            <\/div>\n        <\/div>\n\n        \n    <\/article>\n<\/div>\n<!--================ Icon Box ================-->\n\r\n<!--================ Icon Box ================-->\n<div class=\"milenia-grid-item\">\n    <article class=\"milenia-icon-box milenia-aligner\" style=\"color: #858585;\">\n        <div class=\"milenia-aligner-outer\">\n            <div class=\"milenia-aligner-inner\">\n                <span class=\"milenia-icon-box-icon milenia-font-icon-phone\"><\/span>\n\n                <div class=\"milenia-icon-box-content\">\n                    <h2 class=\"milenia-icon-box-title\" style=\"color: #33879E;\">Kontakte<\/h2>\n                    <p>Tel. 085 4452221<br \/>\nMobile: +39 335 770 3461\ufeff<\/p>\n\n                <\/div>\n            <\/div>\n        <\/div>\n\n        \n    <\/article>\n<\/div>\n<!--================ Icon Box ================-->\n\r\n<!--================ Icon Box ================-->\n<div class=\"milenia-grid-item\">\n    <article class=\"milenia-icon-box milenia-aligner\" style=\"color: #858585;\">\n        <div class=\"milenia-aligner-outer\">\n            <div class=\"milenia-aligner-inner\">\n                <span class=\"milenia-icon-box-icon milenia-font-icon-cards\"><\/span>\n\n                <div class=\"milenia-icon-box-content\">\n                    <h2 class=\"milenia-icon-box-title\" style=\"color: #1c1c1c;\">Mail<\/h2>\n                    <p>info@hotelpromenadeabruzzo.it<\/p>\n\n                <\/div>\n            <\/div>\n        <\/div>\n\n        \n    <\/article>\n<\/div>\n<!--================ Icon Box ================-->\n\r\n<!--================ Icon Box ================-->\n<div class=\"milenia-grid-item\">\n    <article class=\"milenia-icon-box milenia-aligner\" style=\"color: #858585;\">\n        <div class=\"milenia-aligner-outer\">\n            <div class=\"milenia-aligner-inner\">\n                <span class=\"milenia-icon-box-icon milenia-font-icon-paper-pencil\"><\/span>\n\n                <div class=\"milenia-icon-box-content\">\n                    <h2 class=\"milenia-icon-box-title\" style=\"color: #1c1c1c;\"><a href=\"https:\/\/www.hotelpromenadeabruzzo.it\/de\/fordern-sie-ein-angebot-an\/\" title=\"Angebot anforden\" target=\"_blank\">Angebot Anfordern<\/a><\/h2>\n                    \n                <\/div>\n            <\/div>\n        <\/div>\n\n        \n    <\/article>\n<\/div>\n<!--================ Icon Box ================-->\n\n    <\/div>\n<\/div>\n<!--================ Icon Boxes ================-->\n[vc_empty_space height=&#8221;50px&#8221;][\/vc_column][\/vc_row][vc_row full_width=&#8221;stretch_row&#8221; content_placement=&#8221;middle&#8221; css=&#8221;.vc_custom_1744621828572{margin-bottom: 30px !important;background-color: #E6E6E6 !important;}&#8221;][vc_column el_class=&#8221;milenia-color&#8211;black&#8221;]<!--================ Section Heading ================-->\n<script>\n    (function($){\n        'use strict';\n\n        if(!$) return;\n\n        $(function(){\n            if(window.appear) {\n                appear({\n                    elements: function(){\n                        return document.querySelectorAll('#vc-milenia-section-heading-8e3dd91b75419f9466a537f9eff596b6-1778674548101988510');\n                    },\n                    appear: function(element) {\n                        var $el = $(element);\n                        $el.addClass('milenia-visible').addClass($el.data('animation'));\n                    },\n                    reappear: false,\n                    bounds: -200\n                });\n            }\n        });\n    })(window.jQuery);\n<\/script>\n<div id=\"vc-milenia-section-heading-8e3dd91b75419f9466a537f9eff596b6-1778674548101988510\" class=\"milenia-section-heading text-left vc_custom_1744108759192 milenia-visible\" data-animation=\"none\">\n    \n    <h2 class=\"milenia-section-title milenia-font--first-accented\" style=\"font-size: 50px;line-height: 43px;text-transform: none;font-style: normal;font-weight: 400;\">Come arrivare<\/h2>\n\n    \n<\/div>\n<!--================ End of Section Heading ================-->\n[vc_empty_space height=&#8221;50px&#8221;][vc_row_inner][vc_column_inner width=&#8221;1\/4&#8243;][vc_column_text css=&#8221;&#8221;]<strong>\u2022 Mit dem Auto (4 Min. 2,3 km)<\/strong><br \/>\nAusfahrt Pescara Nord Citt\u00e0 S.Angelo Autobahnausfahrt, s\u00fcdwestlich von der Via XXII Maggio 1944 in Richtung Via Leonardo Petruzzi (140 m) fahren, am Kreisverkehr die 4. Ausfahrt nehmen und am Kreisverkehr auf der Via XXII Maggio 1944 (700 m) bleiben die 1. Ausfahrt und nehmen Sie die Via Saline \/ SS16. Folgen Sie weiter der SS16, \u00fcberqueren Sie den Kreisverkehr (600 m), biegen Sie links ab und nehmen Sie die Via Aldo Moro. Ihr Ziel befindet sich auf der linken Seite.[\/vc_column_text][\/vc_column_inner][vc_column_inner width=&#8221;1\/4&#8243;][vc_column_text css=&#8221;&#8221;]<strong>\u2022 Mit dem Zug (3 Min. 1,3 km)<\/strong><br \/>\nVom Bahnhof Montesilvano fahren Sie nach Westen in Richtung Corso Strasburgo (22 m) und verlassen den Kreisverkehr (30 m). Nehmen Sie am Kreisverkehr die 1. Ausfahrt und nehmen Sie den Corso Umberto 1 \/ SS16 (29 m). Nehmen Sie am Kreisverkehr die 1. Ausfahrt und bleiben Sie auf dem Corso Umberto 1 \/ SS16 (400 m). Biegen Sie rechts ab und nehmen Sie die Via Aldo Moro. Ihr Ziel befindet sich auf der linken Seite[\/vc_column_text][\/vc_column_inner][vc_column_inner width=&#8221;1\/4&#8243;][vc_column_text css=&#8221;&#8221;]<strong>\u2022 Mit dem Bus (13 Min. 7,8 km)<\/strong><br \/>\nVom Hauptbahnhof Pescara: Buslinie 2 \/ der Gtm von Pescara vom Busbahnhof. Der Bus \u00fcberquert die Promenade und f\u00e4hrt nach Montesilvano im Bahnhofsbereich, bevor er zur Promenade im Grandi Alberghi-Gebiet zur\u00fcckkehrt. <strong>Die Rennen beginnen alle 30 Minuten.<\/strong>[\/vc_column_text][\/vc_column_inner][vc_column_inner width=&#8221;1\/4&#8243;][vc_column_text css=&#8221;&#8221;]<strong>\u2022 Flughafen Pescara (19 Min. 13,5 km)<\/strong><br \/>\nVom Flughafen Pescara fahren Sie weiter in Richtung Via Amendola \/ SR5 (270 m) und weiter auf der SR5. Nehmen Sie die SS16 \/ SS714 in Richtung Via Adige nach Montesilvano (9,6 km). Fahren Sie in Richtung Via Aldo Moro (3,6 km). Ihr Ziel befindet sich auf der linken Seite[\/vc_column_text][\/vc_column_inner][\/vc_row_inner][\/vc_column][\/vc_row]<\/p>\n<\/div>","protected":false},"excerpt":{"rendered":"<p>[vc_row full_width=&#8221;stretch_row_content_no_spaces&#8221; css=&#8221;.vc_custom_1744621592618{margin-top: 0px !important;margin-right: 0px !important;margin-bottom: 0px !important;margin-left: 0px !important;padding-top: 0px !important;padding-right: 0px !important;padding-bottom: 0px !important;padding-left: 0px&#8230;<\/p>\n","protected":false},"author":2,"featured_media":0,"parent":0,"menu_order":0,"comment_status":"closed","ping_status":"closed","template":"","meta":{"footnotes":""},"class_list":["post-14673","page","type-page","status-publish","hentry"],"yoast_head":"<!-- This site is optimized with the Yoast SEO plugin v27.6 - https:\/\/yoast.com\/product\/yoast-seo-wordpress\/ -->\n<title>Abruzzen 4-Sterne-Hotel direkt am Meer Montesilvano<\/title>\n<meta name=\"description\" content=\"Abruzzen 4-Sterne-Hotel direkt am Meer Montesilvano: finden Sie heraus, wie Sie uns erreichen mit dem Auto, Zug und Flugzeug.\" \/>\n<meta name=\"robots\" content=\"index, follow, max-snippet:-1, max-image-preview:large, max-video-preview:-1\" \/>\n<link rel=\"canonical\" href=\"https:\/\/www.hotelpromenadeabruzzo.it\/de\/abruzzen-4-sterne-hotel-direkt-am-meer\/\" \/>\n<meta property=\"og:locale\" content=\"de_DE\" \/>\n<meta property=\"og:type\" content=\"article\" \/>\n<meta property=\"og:title\" content=\"Abruzzen 4-Sterne-Hotel direkt am Meer Montesilvano\" \/>\n<meta property=\"og:description\" content=\"Abruzzen 4-Sterne-Hotel direkt am Meer Montesilvano: finden Sie heraus, wie Sie uns erreichen mit dem Auto, Zug und Flugzeug.\" \/>\n<meta property=\"og:url\" content=\"https:\/\/www.hotelpromenadeabruzzo.it\/de\/abruzzen-4-sterne-hotel-direkt-am-meer\/\" \/>\n<meta property=\"og:site_name\" content=\"Hotel Promenade\" \/>\n<meta property=\"article:publisher\" content=\"https:\/\/www.facebook.com\/HotelPromenadeAbruzzo\" \/>\n<meta property=\"article:modified_time\" content=\"2026-02-19T08:33:30+00:00\" \/>\n<meta name=\"twitter:card\" content=\"summary_large_image\" \/>\n<meta name=\"twitter:label1\" content=\"Gesch\u00e4tzte Lesezeit\" \/>\n\t<meta name=\"twitter:data1\" content=\"2\u00a0Minuten\" \/>\n<script type=\"application\/ld+json\" class=\"yoast-schema-graph\">{\"@context\":\"https:\\\/\\\/schema.org\",\"@graph\":[{\"@type\":\"WebPage\",\"@id\":\"https:\\\/\\\/www.hotelpromenadeabruzzo.it\\\/de\\\/abruzzen-4-sterne-hotel-direkt-am-meer\\\/\",\"url\":\"https:\\\/\\\/www.hotelpromenadeabruzzo.it\\\/de\\\/abruzzen-4-sterne-hotel-direkt-am-meer\\\/\",\"name\":\"Abruzzen 4-Sterne-Hotel direkt am Meer Montesilvano\",\"isPartOf\":{\"@id\":\"https:\\\/\\\/www.hotelpromenadeabruzzo.it\\\/de\\\/#website\"},\"datePublished\":\"2025-04-07T12:00:34+00:00\",\"dateModified\":\"2026-02-19T08:33:30+00:00\",\"description\":\"Abruzzen 4-Sterne-Hotel direkt am Meer Montesilvano: finden Sie heraus, wie Sie uns erreichen mit dem Auto, Zug und Flugzeug.\",\"breadcrumb\":{\"@id\":\"https:\\\/\\\/www.hotelpromenadeabruzzo.it\\\/de\\\/abruzzen-4-sterne-hotel-direkt-am-meer\\\/#breadcrumb\"},\"inLanguage\":\"de\",\"potentialAction\":[{\"@type\":\"ReadAction\",\"target\":[\"https:\\\/\\\/www.hotelpromenadeabruzzo.it\\\/de\\\/abruzzen-4-sterne-hotel-direkt-am-meer\\\/\"]}]},{\"@type\":\"BreadcrumbList\",\"@id\":\"https:\\\/\\\/www.hotelpromenadeabruzzo.it\\\/de\\\/abruzzen-4-sterne-hotel-direkt-am-meer\\\/#breadcrumb\",\"itemListElement\":[{\"@type\":\"ListItem\",\"position\":1,\"name\":\"Home\",\"item\":\"https:\\\/\\\/www.hotelpromenadeabruzzo.it\\\/de\\\/\"},{\"@type\":\"ListItem\",\"position\":2,\"name\":\"Kontakt\"}]},{\"@type\":\"WebSite\",\"@id\":\"https:\\\/\\\/www.hotelpromenadeabruzzo.it\\\/de\\\/#website\",\"url\":\"https:\\\/\\\/www.hotelpromenadeabruzzo.it\\\/de\\\/\",\"name\":\"Hotel Promenade\",\"description\":\"La Tua Vacanza in Abruzzo\",\"publisher\":{\"@id\":\"https:\\\/\\\/www.hotelpromenadeabruzzo.it\\\/de\\\/#organization\"},\"potentialAction\":[{\"@type\":\"SearchAction\",\"target\":{\"@type\":\"EntryPoint\",\"urlTemplate\":\"https:\\\/\\\/www.hotelpromenadeabruzzo.it\\\/de\\\/?s={search_term_string}\"},\"query-input\":{\"@type\":\"PropertyValueSpecification\",\"valueRequired\":true,\"valueName\":\"search_term_string\"}}],\"inLanguage\":\"de\"},{\"@type\":\"Organization\",\"@id\":\"https:\\\/\\\/www.hotelpromenadeabruzzo.it\\\/de\\\/#organization\",\"name\":\"Hotel Promenade\",\"url\":\"https:\\\/\\\/www.hotelpromenadeabruzzo.it\\\/de\\\/\",\"logo\":{\"@type\":\"ImageObject\",\"inLanguage\":\"de\",\"@id\":\"https:\\\/\\\/www.hotelpromenadeabruzzo.it\\\/de\\\/#\\\/schema\\\/logo\\\/image\\\/\",\"url\":\"https:\\\/\\\/www.hotelpromenadeabruzzo.it\\\/wp-content\\\/uploads\\\/2018\\\/10\\\/hotelpromenade-logo-4.png\",\"contentUrl\":\"https:\\\/\\\/www.hotelpromenadeabruzzo.it\\\/wp-content\\\/uploads\\\/2018\\\/10\\\/hotelpromenade-logo-4.png\",\"width\":700,\"height\":664,\"caption\":\"Hotel Promenade\"},\"image\":{\"@id\":\"https:\\\/\\\/www.hotelpromenadeabruzzo.it\\\/de\\\/#\\\/schema\\\/logo\\\/image\\\/\"},\"sameAs\":[\"https:\\\/\\\/www.facebook.com\\\/HotelPromenadeAbruzzo\",\"https:\\\/\\\/www.instagram.com\\\/hotelpromenademontesilvano\\\/\"]}]}<\/script>\n<!-- \/ Yoast SEO plugin. -->","yoast_head_json":{"title":"Abruzzen 4-Sterne-Hotel direkt am Meer Montesilvano","description":"Abruzzen 4-Sterne-Hotel direkt am Meer Montesilvano: finden Sie heraus, wie Sie uns erreichen mit dem Auto, Zug und Flugzeug.","robots":{"index":"index","follow":"follow","max-snippet":"max-snippet:-1","max-image-preview":"max-image-preview:large","max-video-preview":"max-video-preview:-1"},"canonical":"https:\/\/www.hotelpromenadeabruzzo.it\/de\/abruzzen-4-sterne-hotel-direkt-am-meer\/","og_locale":"de_DE","og_type":"article","og_title":"Abruzzen 4-Sterne-Hotel direkt am Meer Montesilvano","og_description":"Abruzzen 4-Sterne-Hotel direkt am Meer Montesilvano: finden Sie heraus, wie Sie uns erreichen mit dem Auto, Zug und Flugzeug.","og_url":"https:\/\/www.hotelpromenadeabruzzo.it\/de\/abruzzen-4-sterne-hotel-direkt-am-meer\/","og_site_name":"Hotel Promenade","article_publisher":"https:\/\/www.facebook.com\/HotelPromenadeAbruzzo","article_modified_time":"2026-02-19T08:33:30+00:00","twitter_card":"summary_large_image","twitter_misc":{"Gesch\u00e4tzte Lesezeit":"2\u00a0Minuten"},"schema":{"@context":"https:\/\/schema.org","@graph":[{"@type":"WebPage","@id":"https:\/\/www.hotelpromenadeabruzzo.it\/de\/abruzzen-4-sterne-hotel-direkt-am-meer\/","url":"https:\/\/www.hotelpromenadeabruzzo.it\/de\/abruzzen-4-sterne-hotel-direkt-am-meer\/","name":"Abruzzen 4-Sterne-Hotel direkt am Meer Montesilvano","isPartOf":{"@id":"https:\/\/www.hotelpromenadeabruzzo.it\/de\/#website"},"datePublished":"2025-04-07T12:00:34+00:00","dateModified":"2026-02-19T08:33:30+00:00","description":"Abruzzen 4-Sterne-Hotel direkt am Meer Montesilvano: finden Sie heraus, wie Sie uns erreichen mit dem Auto, Zug und Flugzeug.","breadcrumb":{"@id":"https:\/\/www.hotelpromenadeabruzzo.it\/de\/abruzzen-4-sterne-hotel-direkt-am-meer\/#breadcrumb"},"inLanguage":"de","potentialAction":[{"@type":"ReadAction","target":["https:\/\/www.hotelpromenadeabruzzo.it\/de\/abruzzen-4-sterne-hotel-direkt-am-meer\/"]}]},{"@type":"BreadcrumbList","@id":"https:\/\/www.hotelpromenadeabruzzo.it\/de\/abruzzen-4-sterne-hotel-direkt-am-meer\/#breadcrumb","itemListElement":[{"@type":"ListItem","position":1,"name":"Home","item":"https:\/\/www.hotelpromenadeabruzzo.it\/de\/"},{"@type":"ListItem","position":2,"name":"Kontakt"}]},{"@type":"WebSite","@id":"https:\/\/www.hotelpromenadeabruzzo.it\/de\/#website","url":"https:\/\/www.hotelpromenadeabruzzo.it\/de\/","name":"Hotel Promenade","description":"La Tua Vacanza in Abruzzo","publisher":{"@id":"https:\/\/www.hotelpromenadeabruzzo.it\/de\/#organization"},"potentialAction":[{"@type":"SearchAction","target":{"@type":"EntryPoint","urlTemplate":"https:\/\/www.hotelpromenadeabruzzo.it\/de\/?s={search_term_string}"},"query-input":{"@type":"PropertyValueSpecification","valueRequired":true,"valueName":"search_term_string"}}],"inLanguage":"de"},{"@type":"Organization","@id":"https:\/\/www.hotelpromenadeabruzzo.it\/de\/#organization","name":"Hotel Promenade","url":"https:\/\/www.hotelpromenadeabruzzo.it\/de\/","logo":{"@type":"ImageObject","inLanguage":"de","@id":"https:\/\/www.hotelpromenadeabruzzo.it\/de\/#\/schema\/logo\/image\/","url":"https:\/\/www.hotelpromenadeabruzzo.it\/wp-content\/uploads\/2018\/10\/hotelpromenade-logo-4.png","contentUrl":"https:\/\/www.hotelpromenadeabruzzo.it\/wp-content\/uploads\/2018\/10\/hotelpromenade-logo-4.png","width":700,"height":664,"caption":"Hotel Promenade"},"image":{"@id":"https:\/\/www.hotelpromenadeabruzzo.it\/de\/#\/schema\/logo\/image\/"},"sameAs":["https:\/\/www.facebook.com\/HotelPromenadeAbruzzo","https:\/\/www.instagram.com\/hotelpromenademontesilvano\/"]}]}},"_links":{"self":[{"href":"https:\/\/www.hotelpromenadeabruzzo.it\/de\/wp-json\/wp\/v2\/pages\/14673","targetHints":{"allow":["GET"]}}],"collection":[{"href":"https:\/\/www.hotelpromenadeabruzzo.it\/de\/wp-json\/wp\/v2\/pages"}],"about":[{"href":"https:\/\/www.hotelpromenadeabruzzo.it\/de\/wp-json\/wp\/v2\/types\/page"}],"author":[{"embeddable":true,"href":"https:\/\/www.hotelpromenadeabruzzo.it\/de\/wp-json\/wp\/v2\/users\/2"}],"replies":[{"embeddable":true,"href":"https:\/\/www.hotelpromenadeabruzzo.it\/de\/wp-json\/wp\/v2\/comments?post=14673"}],"version-history":[{"count":5,"href":"https:\/\/www.hotelpromenadeabruzzo.it\/de\/wp-json\/wp\/v2\/pages\/14673\/revisions"}],"predecessor-version":[{"id":15362,"href":"https:\/\/www.hotelpromenadeabruzzo.it\/de\/wp-json\/wp\/v2\/pages\/14673\/revisions\/15362"}],"wp:attachment":[{"href":"https:\/\/www.hotelpromenadeabruzzo.it\/de\/wp-json\/wp\/v2\/media?parent=14673"}],"curies":[{"name":"wp","href":"https:\/\/api.w.org\/{rel}","templated":true}]}}